{"id":10876,"date":"2018-09-06T11:21:24","date_gmt":"2018-09-06T09:21:24","guid":{"rendered":"http:\/\/www.banneux-nd.be\/im-land-der-quellen\/"},"modified":"2024-01-22T18:01:35","modified_gmt":"2024-01-22T17:01:35","slug":"jahr-thema","status":"publish","type":"page","link":"https:\/\/test.banneux-nd.be\/de\/jahr-thema\/","title":{"rendered":"Jahrthema 2024"},"content":{"rendered":"<p><img loading=\"lazy\" decoding=\"async\" class=\"aligncenter wp-image-18230\" src=\"https:\/\/test.banneux-nd.be\/wp-content\/uploads\/2024\/01\/Theme_Annee_2024-1024x1024.png\" alt=\"\" width=\"301\" height=\"301\" srcset=\"https:\/\/test.banneux-nd.be\/wp-content\/uploads\/2024\/01\/Theme_Annee_2024-1024x1024.png 1024w, https:\/\/test.banneux-nd.be\/wp-content\/uploads\/2024\/01\/Theme_Annee_2024-300x300.png 300w, https:\/\/test.banneux-nd.be\/wp-content\/uploads\/2024\/01\/Theme_Annee_2024-150x150.png 150w, https:\/\/test.banneux-nd.be\/wp-content\/uploads\/2024\/01\/Theme_Annee_2024-768x768.png 768w, https:\/\/test.banneux-nd.be\/wp-content\/uploads\/2024\/01\/Theme_Annee_2024.png 1039w\" sizes=\"(max-width: 301px) 100vw, 301px\" \/><\/p>\n<h2 style=\"text-align: center;\"><span style=\"color: #0000ff; font-family: 'comic sans ms', sans-serif;\">Maria, breit den Mantel aus !<\/span><\/h2>\n<h3><strong>Willkommen daheim\u00a0! <\/strong><\/h3>\n<p>Ich schreibe diese Zeilen in meinem wohltemperierten B\u00fcro. Drau\u00dfen ist es bitterkalt. Die klirrende K\u00e4lte erinnert an den Winter 1933. Als die Muttergottes im Garten der Familie Beco erscheint, ist die ganze Landschaft unter Schnee und Eis erstarrt.<\/p>\n<p>Wenn kaltes Winterwetter im Anmarsch ist, dann denken wir an die Obdachlosen. \u201eEs m\u00fcssen weitere Auffangpl\u00e4tze in den Notunterk\u00fcnften geschaffen werden, damit niemand bei dieser Eisesk\u00e4lte drau\u00dfen schlafen muss,\u201c so einige B\u00fcrgermeister in unseren St\u00e4dten. Ich ziehe den Hut vor den Ehrenamtlichen, die in Obdachlosenheimen Dienst tun und die Menschen von der Stra\u00dfe holen. Da wird man sich der Wichtigkeit der diesj\u00e4hrigen Adventsaktion noch einmal bewusst, die das Recht auf Wohnung und menschenw\u00fcrdige Unterbringung in den Mittelpunkt gestellt hat.<\/p>\n<p>Am Abend des 15. Januar 1933 schaut Mariette aus dem K\u00fcchenfenster. Drau\u00dfen ist es stockdunkel und bitterkalt. Die gro\u00dfe Schwester h\u00e4lt nach ihrem Bruder Ausschau. Aber nicht Julien erscheint, sondern eine sch\u00f6ne in sanftes Licht geh\u00fcllte Dame. Sie klopft nicht an die T\u00fcr, damit man ihr Einlass gew\u00e4hrt. Sie winkt das M\u00e4dchen vielmehr nach drau\u00dfen. Mariette hat nur einen Wunsch: auf ihren Ruf zu antworten. Sie f\u00fcrchtet weder K\u00e4lte noch Dunkelheit. Die Jungfrau der Armen begegnet ihr mit so viel Zuneigung und Warmherzigkeit, dass sie so lange es geht bei ihr verweilen m\u00f6chte. Nach der siebten Erscheinung weint das Kind. Als man sie nach dem Grund der Tr\u00e4nen fragt, gibt sie zur Antwort: \u201eSie ist zu viel schnell weggegangen!\u201c<\/p>\n<p>\u201eIch w\u00fcnsche eine kleine Kapelle!\u201c Diesem Wunsch der Gottesmutter wurde in Windeseile entsprochen. Schon am 15. August des Erscheinungsjahres war die Kapelle im Garten der Familie errichtet. Familie Beco wohnte am Waldesrand und hatte keine direkten Nachbarn. Maria wird ihre erste Nachbarin. Die kleine Erscheinungskapelle wird aber auch zur Anlaufstelle f\u00fcr zahllose Pilger und Besucher. Pl\u00f6tzlich gibt es in dem kleinen Ardennendorf eine \u201egute Adresse\u201c, wo man mit seinen Freuden, seinem Leid oder auch ganz einfach so hinkann.<\/p>\n<p>Letztes Jahr begr\u00fc\u00dfte ich einen Pilger, der schon eine Zeitlang nicht mehr hier gewesen war, mit den Worten: \u201eWillkommen daheim!\u201c Mit einem strahlenden L\u00e4cheln sagte er: \u201eWie recht Sie haben! Als ich eben in der Erscheinungskapelle war, habe ich bei mir gedacht: \u201aEndlich daheim!\u2018\u201c<\/p>\n<p>Kardinal Joachim Meisner war Halbwaise. Der Vater war im Krieg gefallen und die Mutter arbeitete hart, um ihre drei S\u00f6hne gro\u00dfzuziehen. Nicht selten kam sie erst recht sp\u00e4t von der Arbeit. Der \u00e4lteste Sohn machte eine Lehre. Wenn er heimkam, fand er die kleineren Br\u00fcder meist bei den Hausaufgaben. Dann sagte er ganz oft: \u201eIst noch keiner da?\u201c Die Br\u00fcder waren in der Wohnung, aber es fehlte die Mutter. Sie war die gute Seele des Hauses und ohne sie schien alles leer.<\/p>\n<p>Verh\u00e4lt es sich nicht genauso mit der Muttergottes, die Jesus auch uns zur Mutter gegeben hat? Sie ist die gute Seele unseres Wallfahrtortes. Und sie ist immer da! Tag ein Tag aus, rund um die Uhr. Bei ihr steht man nie vor verschlossener T\u00fcr. Sie ist immer zu erreichen. Es ist ihr eine Freude, wenn wir bei ihr erscheinen. Ob wir allein, als Familie, in der Gruppe vorbeischauen, sie hei\u00dft uns immer herzlich willkommen. Ob von nah oder fern, ob gesund oder krank: bei ihr sind wir gut aufgehoben.<\/p>\n<p>\u201eO Mutter und Jungfrau aller Armen, du h\u00f6rst, wenn dein Kind ein Lied dir singt und \u00f6ffnest dein Herz ihm voll Erbarmen, wenn Sorgen und Not es zu dir bringt!\u201c<\/p>\n<p>Uns allen ein gesegnetes Pilgerjahr 2024!<\/p>\n<p>Rektor Leo Palm<\/p>\n<p>&nbsp;<\/p>\n<hr \/>\n<p>&nbsp;<\/p>\n","protected":false},"excerpt":{"rendered":"<p>Maria, breit den Mantel aus ! Willkommen daheim\u00a0! Ich schreibe diese Zeilen in meinem wohltemperierten B\u00fcro. Drau\u00dfen ist es bitterkalt. Die klirrende K\u00e4lte erinnert an den Winter 1933. Als die Muttergottes im Garten der Familie Beco erscheint, ist die ganze Landschaft unter Schnee und Eis erstarrt. Wenn kaltes Winterwetter im Anmarsch ist, dann denken wir an die Obdachlosen. \u201eEs m\u00fcssen weitere Auffangpl\u00e4tze in den Notunterk\u00fcnften geschaffen werden, damit niemand bei dieser Eisesk\u00e4lte drau\u00dfen schlafen muss,\u201c so einige B\u00fcrgermeister in unseren St\u00e4dten. Ich ziehe den Hut vor den Ehrenamtlichen, die in Obdachlosenheimen Dienst tun und die Menschen von der Stra\u00dfe holen. Da wird man sich der Wichtigkeit der diesj\u00e4hrigen Adventsaktion noch einmal bewusst, die das Recht auf Wohnung und menschenw\u00fcrdige Unterbringung&hellip;<\/p>\n","protected":false},"author":4,"featured_media":0,"parent":0,"menu_order":0,"comment_status":"closed","ping_status":"closed","template":"","meta":{"advgb_blocks_editor_width":"","advgb_blocks_columns_visual_guide":"","footnotes":""},"class_list":["post-10876","page","type-page","status-publish","hentry"],"yoast_head":"<!-- This site is optimized with the Yoast SEO plugin v25.6 - https:\/\/yoast.com\/wordpress\/plugins\/seo\/ -->\n<title>Jahrthema 2024 - Banneux Notre-Dame<\/title>\n<meta name=\"robots\" content=\"index, follow, max-snippet:-1, max-image-preview:large, max-video-preview:-1\" \/>\n<link rel=\"canonical\" href=\"https:\/\/test.banneux-nd.be\/de\/jahr-thema\/\" \/>\n<meta property=\"og:locale\" content=\"de_DE\" \/>\n<meta property=\"og:type\" content=\"article\" \/>\n<meta property=\"og:title\" content=\"Jahrthema 2024 - Banneux Notre-Dame\" \/>\n<meta property=\"og:description\" content=\"Maria, breit den Mantel aus ! Willkommen daheim\u00a0! Ich schreibe diese Zeilen in meinem wohltemperierten B\u00fcro. Drau\u00dfen ist es bitterkalt. Die klirrende K\u00e4lte erinnert an den Winter 1933. Als die Muttergottes im Garten der Familie Beco erscheint, ist die ganze Landschaft unter Schnee und Eis erstarrt. Wenn kaltes Winterwetter im Anmarsch ist, dann denken wir an die Obdachlosen. \u201eEs m\u00fcssen weitere Auffangpl\u00e4tze in den Notunterk\u00fcnften geschaffen werden, damit niemand bei dieser Eisesk\u00e4lte drau\u00dfen schlafen muss,\u201c so einige B\u00fcrgermeister in unseren St\u00e4dten. Ich ziehe den Hut vor den Ehrenamtlichen, die in Obdachlosenheimen Dienst tun und die Menschen von der Stra\u00dfe holen. Da wird man sich der Wichtigkeit der diesj\u00e4hrigen Adventsaktion noch einmal bewusst, die das Recht auf Wohnung und menschenw\u00fcrdige Unterbringung&hellip;\" \/>\n<meta property=\"og:url\" content=\"https:\/\/test.banneux-nd.be\/de\/jahr-thema\/\" \/>\n<meta property=\"og:site_name\" content=\"Banneux Notre-Dame\" \/>\n<meta property=\"article:publisher\" content=\"https:\/\/www.facebook.com\/NDBanneux\/\" \/>\n<meta property=\"article:modified_time\" content=\"2024-01-22T17:01:35+00:00\" \/>\n<meta property=\"og:image\" content=\"https:\/\/test.banneux-nd.be\/wp-content\/uploads\/2024\/01\/Theme_Annee_2024-1024x1024.png\" \/>\n<meta name=\"twitter:card\" content=\"summary_large_image\" \/>\n<meta name=\"twitter:label1\" content=\"Gesch\u00e4tzte Lesezeit\" \/>\n\t<meta name=\"twitter:data1\" content=\"4\u00a0Minuten\" \/>\n<script type=\"application\/ld+json\" class=\"yoast-schema-graph\">{\"@context\":\"https:\/\/schema.org\",\"@graph\":[{\"@type\":\"WebPage\",\"@id\":\"https:\/\/test.banneux-nd.be\/de\/jahr-thema\/\",\"url\":\"https:\/\/test.banneux-nd.be\/de\/jahr-thema\/\",\"name\":\"Jahrthema 2024 - Banneux Notre-Dame\",\"isPartOf\":{\"@id\":\"https:\/\/test.banneux-nd.be\/de\/#website\"},\"primaryImageOfPage\":{\"@id\":\"https:\/\/test.banneux-nd.be\/de\/jahr-thema\/#primaryimage\"},\"image\":{\"@id\":\"https:\/\/test.banneux-nd.be\/de\/jahr-thema\/#primaryimage\"},\"thumbnailUrl\":\"https:\/\/test.banneux-nd.be\/wp-content\/uploads\/2024\/01\/Theme_Annee_2024-1024x1024.png\",\"datePublished\":\"2018-09-06T09:21:24+00:00\",\"dateModified\":\"2024-01-22T17:01:35+00:00\",\"breadcrumb\":{\"@id\":\"https:\/\/test.banneux-nd.be\/de\/jahr-thema\/#breadcrumb\"},\"inLanguage\":\"de\",\"potentialAction\":[{\"@type\":\"ReadAction\",\"target\":[\"https:\/\/test.banneux-nd.be\/de\/jahr-thema\/\"]}]},{\"@type\":\"ImageObject\",\"inLanguage\":\"de\",\"@id\":\"https:\/\/test.banneux-nd.be\/de\/jahr-thema\/#primaryimage\",\"url\":\"https:\/\/test.banneux-nd.be\/wp-content\/uploads\/2024\/01\/Theme_Annee_2024-1024x1024.png\",\"contentUrl\":\"https:\/\/test.banneux-nd.be\/wp-content\/uploads\/2024\/01\/Theme_Annee_2024-1024x1024.png\"},{\"@type\":\"BreadcrumbList\",\"@id\":\"https:\/\/test.banneux-nd.be\/de\/jahr-thema\/#breadcrumb\",\"itemListElement\":[{\"@type\":\"ListItem\",\"position\":1,\"name\":\"Accueil\",\"item\":\"https:\/\/test.banneux-nd.be\/de\/\"},{\"@type\":\"ListItem\",\"position\":2,\"name\":\"Jahrthema 2024\"}]},{\"@type\":\"WebSite\",\"@id\":\"https:\/\/test.banneux-nd.be\/de\/#website\",\"url\":\"https:\/\/test.banneux-nd.be\/de\/\",\"name\":\"Banneux Notre-Dame\",\"description\":\"Sanctuaire de la Vierge des Pauvres (Belgique)\",\"potentialAction\":[{\"@type\":\"SearchAction\",\"target\":{\"@type\":\"EntryPoint\",\"urlTemplate\":\"https:\/\/test.banneux-nd.be\/de\/?s={search_term_string}\"},\"query-input\":{\"@type\":\"PropertyValueSpecification\",\"valueRequired\":true,\"valueName\":\"search_term_string\"}}],\"inLanguage\":\"de\"}]}<\/script>\n<!-- \/ Yoast SEO plugin. -->","yoast_head_json":{"title":"Jahrthema 2024 - Banneux Notre-Dame","robots":{"index":"index","follow":"follow","max-snippet":"max-snippet:-1","max-image-preview":"max-image-preview:large","max-video-preview":"max-video-preview:-1"},"canonical":"https:\/\/test.banneux-nd.be\/de\/jahr-thema\/","og_locale":"de_DE","og_type":"article","og_title":"Jahrthema 2024 - Banneux Notre-Dame","og_description":"Maria, breit den Mantel aus ! Willkommen daheim\u00a0! Ich schreibe diese Zeilen in meinem wohltemperierten B\u00fcro. Drau\u00dfen ist es bitterkalt. Die klirrende K\u00e4lte erinnert an den Winter 1933. Als die Muttergottes im Garten der Familie Beco erscheint, ist die ganze Landschaft unter Schnee und Eis erstarrt. Wenn kaltes Winterwetter im Anmarsch ist, dann denken wir an die Obdachlosen. \u201eEs m\u00fcssen weitere Auffangpl\u00e4tze in den Notunterk\u00fcnften geschaffen werden, damit niemand bei dieser Eisesk\u00e4lte drau\u00dfen schlafen muss,\u201c so einige B\u00fcrgermeister in unseren St\u00e4dten. Ich ziehe den Hut vor den Ehrenamtlichen, die in Obdachlosenheimen Dienst tun und die Menschen von der Stra\u00dfe holen. Da wird man sich der Wichtigkeit der diesj\u00e4hrigen Adventsaktion noch einmal bewusst, die das Recht auf Wohnung und menschenw\u00fcrdige Unterbringung&hellip;","og_url":"https:\/\/test.banneux-nd.be\/de\/jahr-thema\/","og_site_name":"Banneux Notre-Dame","article_publisher":"https:\/\/www.facebook.com\/NDBanneux\/","article_modified_time":"2024-01-22T17:01:35+00:00","og_image":[{"url":"https:\/\/test.banneux-nd.be\/wp-content\/uploads\/2024\/01\/Theme_Annee_2024-1024x1024.png","type":"","width":"","height":""}],"twitter_card":"summary_large_image","twitter_misc":{"Gesch\u00e4tzte Lesezeit":"4\u00a0Minuten"},"schema":{"@context":"https:\/\/schema.org","@graph":[{"@type":"WebPage","@id":"https:\/\/test.banneux-nd.be\/de\/jahr-thema\/","url":"https:\/\/test.banneux-nd.be\/de\/jahr-thema\/","name":"Jahrthema 2024 - Banneux Notre-Dame","isPartOf":{"@id":"https:\/\/test.banneux-nd.be\/de\/#website"},"primaryImageOfPage":{"@id":"https:\/\/test.banneux-nd.be\/de\/jahr-thema\/#primaryimage"},"image":{"@id":"https:\/\/test.banneux-nd.be\/de\/jahr-thema\/#primaryimage"},"thumbnailUrl":"https:\/\/test.banneux-nd.be\/wp-content\/uploads\/2024\/01\/Theme_Annee_2024-1024x1024.png","datePublished":"2018-09-06T09:21:24+00:00","dateModified":"2024-01-22T17:01:35+00:00","breadcrumb":{"@id":"https:\/\/test.banneux-nd.be\/de\/jahr-thema\/#breadcrumb"},"inLanguage":"de","potentialAction":[{"@type":"ReadAction","target":["https:\/\/test.banneux-nd.be\/de\/jahr-thema\/"]}]},{"@type":"ImageObject","inLanguage":"de","@id":"https:\/\/test.banneux-nd.be\/de\/jahr-thema\/#primaryimage","url":"https:\/\/test.banneux-nd.be\/wp-content\/uploads\/2024\/01\/Theme_Annee_2024-1024x1024.png","contentUrl":"https:\/\/test.banneux-nd.be\/wp-content\/uploads\/2024\/01\/Theme_Annee_2024-1024x1024.png"},{"@type":"BreadcrumbList","@id":"https:\/\/test.banneux-nd.be\/de\/jahr-thema\/#breadcrumb","itemListElement":[{"@type":"ListItem","position":1,"name":"Accueil","item":"https:\/\/test.banneux-nd.be\/de\/"},{"@type":"ListItem","position":2,"name":"Jahrthema 2024"}]},{"@type":"WebSite","@id":"https:\/\/test.banneux-nd.be\/de\/#website","url":"https:\/\/test.banneux-nd.be\/de\/","name":"Banneux Notre-Dame","description":"Sanctuaire de la Vierge des Pauvres (Belgique)","potentialAction":[{"@type":"SearchAction","target":{"@type":"EntryPoint","urlTemplate":"https:\/\/test.banneux-nd.be\/de\/?s={search_term_string}"},"query-input":{"@type":"PropertyValueSpecification","valueRequired":true,"valueName":"search_term_string"}}],"inLanguage":"de"}]}},"coauthors":[],"author_meta":{"author_link":"https:\/\/test.banneux-nd.be\/de\/author\/dreusdeille\/","display_name":"Anne-Elisabeth N\u00e8ve"},"relative_dates":{"created":"Ver\u00f6ffentlicht 8\u00a0Jahren vor","modified":"Aktualisiert 2\u00a0Jahren vor"},"absolute_dates":{"created":"Ver\u00f6ffentlicht am 6 September 2018","modified":"Aktualisiert am 22 Januar 2024"},"absolute_dates_time":{"created":"Ver\u00f6ffentlicht am 6 September 2018 11 h 21 min","modified":"Aktualisiert am 22 Januar 2024 18 h 01 min"},"featured_img_caption":"","featured_img":false,"series_order":"","_links":{"self":[{"href":"https:\/\/test.banneux-nd.be\/de\/wp-json\/wp\/v2\/pages\/10876"}],"collection":[{"href":"https:\/\/test.banneux-nd.be\/de\/wp-json\/wp\/v2\/pages"}],"about":[{"href":"https:\/\/test.banneux-nd.be\/de\/wp-json\/wp\/v2\/types\/page"}],"author":[{"embeddable":true,"href":"https:\/\/test.banneux-nd.be\/de\/wp-json\/wp\/v2\/users\/4"}],"replies":[{"embeddable":true,"href":"https:\/\/test.banneux-nd.be\/de\/wp-json\/wp\/v2\/comments?post=10876"}],"version-history":[{"count":18,"href":"https:\/\/test.banneux-nd.be\/de\/wp-json\/wp\/v2\/pages\/10876\/revisions"}],"predecessor-version":[{"id":18262,"href":"https:\/\/test.banneux-nd.be\/de\/wp-json\/wp\/v2\/pages\/10876\/revisions\/18262"}],"wp:attachment":[{"href":"https:\/\/test.banneux-nd.be\/de\/wp-json\/wp\/v2\/media?parent=10876"}],"curies":[{"name":"wp","href":"https:\/\/api.w.org\/{rel}","templated":true}]}}