{"id":10930,"date":"2018-09-12T17:21:43","date_gmt":"2018-09-12T15:21:43","guid":{"rendered":"http:\/\/www.banneux-nd.be\/?page_id=10930"},"modified":"2024-03-14T13:00:28","modified_gmt":"2024-03-14T12:00:28","slug":"chemins-de-priere","status":"publish","type":"page","link":"https:\/\/test.banneux-nd.be\/de\/chemins-de-priere\/","title":{"rendered":"Chemins de pri\u00e8re"},"content":{"rendered":"<h3 style=\"text-align: center;\"><strong>T\u00e9l\u00e9chargez les <em>Chemins de pri\u00e8re<\/em> des ann\u00e9es ant\u00e9rieures<br \/>\nen cliquant sur les liens ci-dessous :<\/strong><\/h3>\n<p>&nbsp;<\/p>\n<h3 style=\"text-align: center;\"><span style=\"color: #0000ff;\"><a style=\"color: #0000ff;\" href=\"https:\/\/test.banneux-nd.be\/wp-content\/uploads\/2018\/09\/FR-2012-Chemin-de-pri\u00e8re-Marie-lumi\u00e8re-dans-la-nuit.pdf%20\" target=\"_blank\" rel=\"noopener\">2012 : Marie, lumi\u00e8re dans la nuit<\/a><\/span><\/h3>\n<h3 style=\"text-align: center;\"><span style=\"color: #0000ff;\"><a style=\"color: #0000ff;\" href=\"https:\/\/test.banneux-nd.be\/wp-content\/uploads\/2018\/09\/FR-2013-Chemin-de-priere-Avec-Marie-sur-le-chemin-de-la-foi.pdf\" target=\"_blank\" rel=\"noopener\">2013 : Avec Marie, sur le chemin de la foi<\/a><\/span><\/h3>\n<h3 style=\"text-align: center;\"><span style=\"color: #0000ff;\"><a style=\"color: #0000ff;\" href=\"https:\/\/test.banneux-nd.be\/wp-content\/uploads\/2018\/09\/FR-2014-Chemin-de-pri\u00e8re-Elle-est-si-belle.pdf\" target=\"_blank\" rel=\"noopener\">2014 : Elle est si belle !<\/a><\/span><\/h3>\n<h3 style=\"text-align: center;\"><span style=\"color: #0000ff;\"><a style=\"color: #0000ff;\" href=\"https:\/\/test.banneux-nd.be\/wp-content\/uploads\/2018\/09\/FR-2016-Chemin-de-pri\u00e8re-Devenez-mis\u00e9ricordieux-comme-le-P\u00e8re.pdf\" target=\"_blank\" rel=\"noopener\">2016 : Devenez mis\u00e9ricordieux comme le P\u00e8re<\/a><\/span><\/h3>\n<h3 style=\"text-align: center;\"><span style=\"color: #0000ff;\"><a style=\"color: #0000ff;\" href=\"https:\/\/test.banneux-nd.be\/wp-content\/uploads\/2018\/09\/FR-2017-Chemin-de-pri\u00e8re-Vivre-dans-la-gratitude.pdf\" target=\"_blank\" rel=\"noopener\">2017 : Vivre dans la gratitude : Merci ! Merci !<\/a><\/span><\/h3>\n<h3 style=\"text-align: center;\"><span style=\"color: #0000ff;\"><a style=\"color: #0000ff;\" href=\"https:\/\/test.banneux-nd.be\/wp-content\/uploads\/2018\/05\/chemin-de-pri\u00e8re-Fr-2018.pdf\" target=\"_blank\" rel=\"noopener\">2018 : Riches avec Marie, la Vierge des Pauvres<\/a><\/span><\/h3>\n<h3 style=\"text-align: center;\"><span style=\"color: #0000ff;\"><a style=\"color: #0000ff;\" href=\"https:\/\/test.banneux-nd.be\/wp-content\/uploads\/2019\/03\/chemin-de-pri\u00e8re-Fr-2019.pdf\" target=\"_blank\" rel=\"noopener\">2019 : Venez, Nations!<\/a><\/span><\/h3>\n<h3 style=\"text-align: center;\"><span style=\"color: #0000ff;\"><a style=\"color: #0000ff;\" href=\"https:\/\/test.banneux-nd.be\/wp-content\/uploads\/2020\/05\/Chemin-de-pri\u00e8re-FR-2020-21.pdf\" target=\"_blank\" rel=\"noopener\">2020 : Je viens soulager la souffrance<\/a><\/span><\/h3>\n<h3 style=\"text-align: center;\"><span style=\"color: #0000ff;\"><a style=\"color: #0000ff;\" href=\"https:\/\/test.banneux-nd.be\/wp-content\/uploads\/2020\/05\/Chemin-de-pri\u00e8re-FR-2020-21.pdf\" target=\"_blank\" rel=\"noopener\">2021 : Je viens soulager la souffrance, Marie, M\u00e8re de l&#8217;Esp\u00e9rance<\/a><\/span><\/h3>\n<h3 style=\"text-align: center;\"><span style=\"color: #0000ff;\"><a style=\"color: #0000ff;\" title=\"2022 : Viens, Maria t'appelle!\" href=\"https:\/\/test.banneux-nd.be\/wp-content\/uploads\/2022\/05\/chemin-de-priere-2022-Fr.pdf\" target=\"_blank\" rel=\"noopener\">2022 : Viens, Marie t&#8217;appelle!<\/a><\/span><\/h3>\n<h3 style=\"text-align: center;\"><span style=\"color: #0000ff;\"><a style=\"color: #0000ff;\" title=\"2022 : Viens, Maria t'appelle!\" href=\"https:\/\/test.banneux-nd.be\/wp-content\/uploads\/2023\/06\/chemin-de-priere-2023-Fr.pdf\" target=\"_blank\" rel=\"noopener\">2023 : Conduis-nous \u00e0 J\u00e9sus!<\/a><\/span><\/h3>\n<p>&nbsp;<\/p>\n<p><img loading=\"lazy\" decoding=\"async\" class=\"aligncenter size-full wp-image-10969\" src=\"https:\/\/test.banneux-nd.be\/wp-content\/uploads\/2018\/09\/2017-01-20-Banneux-sous-la-neige-3-PF.jpg\" alt=\"\" width=\"1200\" height=\"800\" srcset=\"https:\/\/test.banneux-nd.be\/wp-content\/uploads\/2018\/09\/2017-01-20-Banneux-sous-la-neige-3-PF.jpg 1200w, https:\/\/test.banneux-nd.be\/wp-content\/uploads\/2018\/09\/2017-01-20-Banneux-sous-la-neige-3-PF-300x200.jpg 300w, https:\/\/test.banneux-nd.be\/wp-content\/uploads\/2018\/09\/2017-01-20-Banneux-sous-la-neige-3-PF-768x512.jpg 768w, https:\/\/test.banneux-nd.be\/wp-content\/uploads\/2018\/09\/2017-01-20-Banneux-sous-la-neige-3-PF-1024x683.jpg 1024w\" sizes=\"(max-width: 1200px) 100vw, 1200px\" \/><\/p>\n","protected":false},"excerpt":{"rendered":"<p>T\u00e9l\u00e9chargez les Chemins de pri\u00e8re des ann\u00e9es ant\u00e9rieures en cliquant sur les liens ci-dessous : &nbsp; 2012 : Marie, lumi\u00e8re dans la nuit 2013 : Avec Marie, sur le chemin de la foi 2014 : Elle est si belle ! 2016 : Devenez mis\u00e9ricordieux comme le P\u00e8re 2017 : Vivre dans la gratitude : Merci ! Merci ! 2018 : Riches avec Marie, la Vierge des Pauvres 2019 : Venez, Nations! 2020 : Je viens soulager la souffrance 2021 : Je viens soulager la souffrance, Marie, M\u00e8re de l&#8217;Esp\u00e9rance 2022 : Viens, Marie t&#8217;appelle! 2023 : Conduis-nous \u00e0 J\u00e9sus! &nbsp;<\/p>\n","protected":false},"author":4,"featured_media":0,"parent":0,"menu_order":0,"comment_status":"closed","ping_status":"closed","template":"","meta":{"advgb_blocks_editor_width":"","advgb_blocks_columns_visual_guide":"","footnotes":""},"class_list":["post-10930","page","type-page","status-publish","hentry"],"yoast_head":"<!-- This site is optimized with the Yoast SEO plugin v25.6 - https:\/\/yoast.com\/wordpress\/plugins\/seo\/ -->\n<title>Chemins de pri\u00e8re - Banneux Notre-Dame<\/title>\n<meta name=\"robots\" content=\"index, follow, max-snippet:-1, max-image-preview:large, max-video-preview:-1\" \/>\n<link rel=\"canonical\" href=\"https:\/\/test.banneux-nd.be\/de\/chemins-de-priere\/\" \/>\n<meta property=\"og:locale\" content=\"de_DE\" \/>\n<meta property=\"og:type\" content=\"article\" \/>\n<meta property=\"og:title\" content=\"Chemins de pri\u00e8re - Banneux Notre-Dame\" \/>\n<meta property=\"og:description\" content=\"T\u00e9l\u00e9chargez les Chemins de pri\u00e8re des ann\u00e9es ant\u00e9rieures en cliquant sur les liens ci-dessous : &nbsp; 2012 : Marie, lumi\u00e8re dans la nuit 2013 : Avec Marie, sur le chemin de la foi 2014 : Elle est si belle ! 2016 : Devenez mis\u00e9ricordieux comme le P\u00e8re 2017 : Vivre dans la gratitude : Merci ! Merci ! 2018 : Riches avec Marie, la Vierge des Pauvres 2019 : Venez, Nations! 2020 : Je viens soulager la souffrance 2021 : Je viens soulager la souffrance, Marie, M\u00e8re de l&#8217;Esp\u00e9rance 2022 : Viens, Marie t&#8217;appelle! 2023 : Conduis-nous \u00e0 J\u00e9sus! &nbsp;\" \/>\n<meta property=\"og:url\" content=\"https:\/\/test.banneux-nd.be\/de\/chemins-de-priere\/\" \/>\n<meta property=\"og:site_name\" content=\"Banneux Notre-Dame\" \/>\n<meta property=\"article:publisher\" content=\"https:\/\/www.facebook.com\/NDBanneux\/\" \/>\n<meta property=\"article:modified_time\" content=\"2024-03-14T12:00:28+00:00\" \/>\n<meta property=\"og:image\" content=\"https:\/\/test.banneux-nd.be\/wp-content\/uploads\/2018\/09\/2017-01-20-Banneux-sous-la-neige-3-PF.jpg\" \/>\n<meta name=\"twitter:card\" content=\"summary_large_image\" \/>\n<meta name=\"twitter:label1\" content=\"Gesch\u00e4tzte Lesezeit\" \/>\n\t<meta name=\"twitter:data1\" content=\"1\u00a0Minute\" \/>\n<script type=\"application\/ld+json\" class=\"yoast-schema-graph\">{\"@context\":\"https:\/\/schema.org\",\"@graph\":[{\"@type\":\"WebPage\",\"@id\":\"https:\/\/test.banneux-nd.be\/de\/chemins-de-priere\/\",\"url\":\"https:\/\/test.banneux-nd.be\/de\/chemins-de-priere\/\",\"name\":\"Chemins de pri\u00e8re - Banneux Notre-Dame\",\"isPartOf\":{\"@id\":\"https:\/\/test.banneux-nd.be\/de\/#website\"},\"primaryImageOfPage\":{\"@id\":\"https:\/\/test.banneux-nd.be\/de\/chemins-de-priere\/#primaryimage\"},\"image\":{\"@id\":\"https:\/\/test.banneux-nd.be\/de\/chemins-de-priere\/#primaryimage\"},\"thumbnailUrl\":\"https:\/\/test.banneux-nd.be\/wp-content\/uploads\/2018\/09\/2017-01-20-Banneux-sous-la-neige-3-PF.jpg\",\"datePublished\":\"2018-09-12T15:21:43+00:00\",\"dateModified\":\"2024-03-14T12:00:28+00:00\",\"breadcrumb\":{\"@id\":\"https:\/\/test.banneux-nd.be\/de\/chemins-de-priere\/#breadcrumb\"},\"inLanguage\":\"de\",\"potentialAction\":[{\"@type\":\"ReadAction\",\"target\":[\"https:\/\/test.banneux-nd.be\/de\/chemins-de-priere\/\"]}]},{\"@type\":\"ImageObject\",\"inLanguage\":\"de\",\"@id\":\"https:\/\/test.banneux-nd.be\/de\/chemins-de-priere\/#primaryimage\",\"url\":\"https:\/\/test.banneux-nd.be\/wp-content\/uploads\/2018\/09\/2017-01-20-Banneux-sous-la-neige-3-PF.jpg\",\"contentUrl\":\"https:\/\/test.banneux-nd.be\/wp-content\/uploads\/2018\/09\/2017-01-20-Banneux-sous-la-neige-3-PF.jpg\"},{\"@type\":\"BreadcrumbList\",\"@id\":\"https:\/\/test.banneux-nd.be\/de\/chemins-de-priere\/#breadcrumb\",\"itemListElement\":[{\"@type\":\"ListItem\",\"position\":1,\"name\":\"Accueil\",\"item\":\"https:\/\/test.banneux-nd.be\/de\/\"},{\"@type\":\"ListItem\",\"position\":2,\"name\":\"Chemins de pri\u00e8re\"}]},{\"@type\":\"WebSite\",\"@id\":\"https:\/\/test.banneux-nd.be\/de\/#website\",\"url\":\"https:\/\/test.banneux-nd.be\/de\/\",\"name\":\"Banneux Notre-Dame\",\"description\":\"Sanctuaire de la Vierge des Pauvres (Belgique)\",\"potentialAction\":[{\"@type\":\"SearchAction\",\"target\":{\"@type\":\"EntryPoint\",\"urlTemplate\":\"https:\/\/test.banneux-nd.be\/de\/?s={search_term_string}\"},\"query-input\":{\"@type\":\"PropertyValueSpecification\",\"valueRequired\":true,\"valueName\":\"search_term_string\"}}],\"inLanguage\":\"de\"}]}<\/script>\n<!-- \/ Yoast SEO plugin. -->","yoast_head_json":{"title":"Chemins de pri\u00e8re - Banneux Notre-Dame","robots":{"index":"index","follow":"follow","max-snippet":"max-snippet:-1","max-image-preview":"max-image-preview:large","max-video-preview":"max-video-preview:-1"},"canonical":"https:\/\/test.banneux-nd.be\/de\/chemins-de-priere\/","og_locale":"de_DE","og_type":"article","og_title":"Chemins de pri\u00e8re - Banneux Notre-Dame","og_description":"T\u00e9l\u00e9chargez les Chemins de pri\u00e8re des ann\u00e9es ant\u00e9rieures en cliquant sur les liens ci-dessous : &nbsp; 2012 : Marie, lumi\u00e8re dans la nuit 2013 : Avec Marie, sur le chemin de la foi 2014 : Elle est si belle ! 2016 : Devenez mis\u00e9ricordieux comme le P\u00e8re 2017 : Vivre dans la gratitude : Merci ! Merci ! 2018 : Riches avec Marie, la Vierge des Pauvres 2019 : Venez, Nations! 2020 : Je viens soulager la souffrance 2021 : Je viens soulager la souffrance, Marie, M\u00e8re de l&#8217;Esp\u00e9rance 2022 : Viens, Marie t&#8217;appelle! 2023 : Conduis-nous \u00e0 J\u00e9sus! &nbsp;","og_url":"https:\/\/test.banneux-nd.be\/de\/chemins-de-priere\/","og_site_name":"Banneux Notre-Dame","article_publisher":"https:\/\/www.facebook.com\/NDBanneux\/","article_modified_time":"2024-03-14T12:00:28+00:00","og_image":[{"url":"https:\/\/test.banneux-nd.be\/wp-content\/uploads\/2018\/09\/2017-01-20-Banneux-sous-la-neige-3-PF.jpg","type":"","width":"","height":""}],"twitter_card":"summary_large_image","twitter_misc":{"Gesch\u00e4tzte Lesezeit":"1\u00a0Minute"},"schema":{"@context":"https:\/\/schema.org","@graph":[{"@type":"WebPage","@id":"https:\/\/test.banneux-nd.be\/de\/chemins-de-priere\/","url":"https:\/\/test.banneux-nd.be\/de\/chemins-de-priere\/","name":"Chemins de pri\u00e8re - Banneux Notre-Dame","isPartOf":{"@id":"https:\/\/test.banneux-nd.be\/de\/#website"},"primaryImageOfPage":{"@id":"https:\/\/test.banneux-nd.be\/de\/chemins-de-priere\/#primaryimage"},"image":{"@id":"https:\/\/test.banneux-nd.be\/de\/chemins-de-priere\/#primaryimage"},"thumbnailUrl":"https:\/\/test.banneux-nd.be\/wp-content\/uploads\/2018\/09\/2017-01-20-Banneux-sous-la-neige-3-PF.jpg","datePublished":"2018-09-12T15:21:43+00:00","dateModified":"2024-03-14T12:00:28+00:00","breadcrumb":{"@id":"https:\/\/test.banneux-nd.be\/de\/chemins-de-priere\/#breadcrumb"},"inLanguage":"de","potentialAction":[{"@type":"ReadAction","target":["https:\/\/test.banneux-nd.be\/de\/chemins-de-priere\/"]}]},{"@type":"ImageObject","inLanguage":"de","@id":"https:\/\/test.banneux-nd.be\/de\/chemins-de-priere\/#primaryimage","url":"https:\/\/test.banneux-nd.be\/wp-content\/uploads\/2018\/09\/2017-01-20-Banneux-sous-la-neige-3-PF.jpg","contentUrl":"https:\/\/test.banneux-nd.be\/wp-content\/uploads\/2018\/09\/2017-01-20-Banneux-sous-la-neige-3-PF.jpg"},{"@type":"BreadcrumbList","@id":"https:\/\/test.banneux-nd.be\/de\/chemins-de-priere\/#breadcrumb","itemListElement":[{"@type":"ListItem","position":1,"name":"Accueil","item":"https:\/\/test.banneux-nd.be\/de\/"},{"@type":"ListItem","position":2,"name":"Chemins de pri\u00e8re"}]},{"@type":"WebSite","@id":"https:\/\/test.banneux-nd.be\/de\/#website","url":"https:\/\/test.banneux-nd.be\/de\/","name":"Banneux Notre-Dame","description":"Sanctuaire de la Vierge des Pauvres (Belgique)","potentialAction":[{"@type":"SearchAction","target":{"@type":"EntryPoint","urlTemplate":"https:\/\/test.banneux-nd.be\/de\/?s={search_term_string}"},"query-input":{"@type":"PropertyValueSpecification","valueRequired":true,"valueName":"search_term_string"}}],"inLanguage":"de"}]}},"coauthors":[],"author_meta":{"author_link":"https:\/\/test.banneux-nd.be\/de\/author\/dreusdeille\/","display_name":"Anne-Elisabeth N\u00e8ve"},"relative_dates":{"created":"Ver\u00f6ffentlicht 8\u00a0Jahren vor","modified":"Aktualisiert 2\u00a0Jahren vor"},"absolute_dates":{"created":"Ver\u00f6ffentlicht am 12 September 2018","modified":"Aktualisiert am 14 M\u00e4rz 2024"},"absolute_dates_time":{"created":"Ver\u00f6ffentlicht am 12 September 2018 17 h 21 min","modified":"Aktualisiert am 14 M\u00e4rz 2024 13 h 00 min"},"featured_img_caption":"","featured_img":false,"series_order":"","_links":{"self":[{"href":"https:\/\/test.banneux-nd.be\/de\/wp-json\/wp\/v2\/pages\/10930"}],"collection":[{"href":"https:\/\/test.banneux-nd.be\/de\/wp-json\/wp\/v2\/pages"}],"about":[{"href":"https:\/\/test.banneux-nd.be\/de\/wp-json\/wp\/v2\/types\/page"}],"author":[{"embeddable":true,"href":"https:\/\/test.banneux-nd.be\/de\/wp-json\/wp\/v2\/users\/4"}],"replies":[{"embeddable":true,"href":"https:\/\/test.banneux-nd.be\/de\/wp-json\/wp\/v2\/comments?post=10930"}],"version-history":[{"count":17,"href":"https:\/\/test.banneux-nd.be\/de\/wp-json\/wp\/v2\/pages\/10930\/revisions"}],"predecessor-version":[{"id":18348,"href":"https:\/\/test.banneux-nd.be\/de\/wp-json\/wp\/v2\/pages\/10930\/revisions\/18348"}],"wp:attachment":[{"href":"https:\/\/test.banneux-nd.be\/de\/wp-json\/wp\/v2\/media?parent=10930"}],"curies":[{"name":"wp","href":"https:\/\/api.w.org\/{rel}","templated":true}]}}