{"id":1589,"date":"2015-07-20T08:58:06","date_gmt":"2015-07-20T06:58:06","guid":{"rendered":"http:\/\/wwwwp2.banneux-nd.be\/wp\/die-erscheinungen\/"},"modified":"2018-04-28T18:45:51","modified_gmt":"2018-04-28T16:45:51","slug":"kontext-der-erscheinungen","status":"publish","type":"page","link":"https:\/\/test.banneux-nd.be\/de\/kontext-der-erscheinungen\/","title":{"rendered":"Kontext der Erscheinungen"},"content":{"rendered":"<p style=\"text-align: justify;\">Im Laufe der acht Erscheinungen (zwischen dem 15. Januar und dem 2. M\u00e4rz 1933), sagte Maria insgesamt nur achtzig W\u00f6rter. Den Rest ihrer Botschaft vermittelt sie ohne Worte: ein Handzeichen, ein L\u00e4cheln, ihre G\u00fcte und Demut, das stille Gebet, der direkte Blickkontakt, der r\u00fccklings beschrittene Weg zur Quelle, das Geheimnis, das Mariette anvertraut wurde, der Segen\u2026<\/p>\n<p style=\"text-align: justify;\"><img loading=\"lazy\" decoding=\"async\" style=\"padding: 5px; margin-right: 5px;\" src=\"https:\/\/test.banneux-nd.be\/wp-content\/uploads\/2017\/08\/Mariette \u00e0 la brouette.jpg\" alt=\"\" width=\"295\" height=\"431\" align=\"left\" \/><strong>Politischer Kontext<br \/>\n<\/strong><\/p>\n<p style=\"text-align: justify;\">Die Erscheinungen und die Botschaft der Jungfrau der Armen (das Heiligtum erinnert jedes Jahr an einen dieser Aspekte in Form seines Gebetswegs) haben sich in einem besonders d\u00fcsteren Augenblick der europ\u00e4ischen Geschichte zugetragen.<\/p>\n<p style=\"text-align: justify;\">Die zerst\u00f6rerische Ideologie des Nazitums bahnt sich im benachbarten Deutschland den Weg an die Macht. Maria erschien zum ersten Mal am 15. Januar 1933 in Banneux und genau zwei Wochen sp\u00e4ter, am 30. Januar, wurde Adolf Hitler zum Kanzler ernannt. Europa versank langsam aber sicher in eine d\u00fcsterste Zeit \u2026<\/p>\n<p style=\"text-align: justify;\"><strong>Wirtschaftliche Unsicherheit<\/strong><\/p>\n<p style=\"text-align: justify;\">Die Auswirkungen der Wirtschafts- und Finanzkrise\u00a0 von 1929 wurden schmerzlich sp\u00fcrbar, vor allem in bescheidenen Bev\u00f6lkerungsschichten und der Arbeiterwelt. So wie auch heute\u00a0 lastete die unsichere Zukunft schwer auf den Familien und den Alleinstehenden\u2026<\/p>\n<p style=\"text-align: justify;\"><strong>Geistlicher Notstand<br \/>\n<\/strong><\/p>\n<p style=\"text-align: justify;\">Kaplan Louis Jamin, ein junger Priester des Bistums L\u00fcttich, durchlebte eine Depression und wurde von gro\u00dfen Zweifeln an seinem Glauben und seiner Berufung geplagt. Damit er sich erholen konnte, war er in die Kaplanei von Banneux versetzt worden, einem kleinen unbedeutenden Dorf der Ardennen. Auch um ihn herum war es tiefe Nacht\u2026<\/p>\n<p style=\"text-align: justify;\">Auf einem Hintergrund von Wirtschaftskrise, Unsicherheit, Armut, ja sogar Elend, konnte dann eine todbringende Ideologie Einzug halten.<img loading=\"lazy\" decoding=\"async\" style=\"padding: 5px; margin-left: 5px;\" src=\"https:\/\/test.banneux-nd.be\/wp-content\/uploads\/2017\/08\/Vierge en automne2 - JMD.jpg\" alt=\"\" width=\"218\" height=\"217\" align=\"right\" \/><\/p>\n<p style=\"text-align: justify;\"><strong>Ein Licht in der Nacht!<\/strong><\/p>\n<p style=\"text-align: justify;\">In diesem Kontext \u00f6ffnet sich also der Himmel in Banneux, heute wie 1933, um allen Nationen neue Hoffnung zu geben und uns ins Bewusstsein zu rufen, dass es eine einzigartige Quelle gibt, von der alle trinken k\u00f6nnen: Wie eine Prophetin f\u00fchrt die \u201eJungfrau der Armen\u201c die Kranken, Armen und alle Nationen zur \u201eQuelle lebendigen Wassers\u201c, die Christus ist!<\/p>\n<p style=\"text-align: justify;\">Durch die dem\u00fctigste aller Frauen, die immer ganz Ohr ist, will Gott zu seinem Volk sprechen, um ihm neue Hoffnung zu schenken und es daran zu erinnern, dass er &#8222;bei [uns ist] alle Tage bis zur Vollendung der Welt&#8220;. (Mt 28, 20)<\/p>\n<p style=\"text-align: justify;\">Ja, Maria erscheint uns stets wie &#8222;ein Licht in der Nacht&#8220;.<\/p>\n","protected":false},"excerpt":{"rendered":"<p>Im Laufe der acht Erscheinungen (zwischen dem 15. Januar und dem 2. M\u00e4rz 1933), sagte Maria insgesamt nur achtzig W\u00f6rter. Den Rest ihrer Botschaft vermittelt sie ohne Worte: ein Handzeichen, ein L\u00e4cheln, ihre G\u00fcte und Demut, das stille Gebet, der direkte Blickkontakt, der r\u00fccklings beschrittene Weg zur Quelle, das Geheimnis, das Mariette anvertraut wurde, der Segen\u2026 Politischer Kontext Die Erscheinungen und die Botschaft der Jungfrau der Armen (das Heiligtum erinnert jedes Jahr an einen dieser Aspekte in Form seines Gebetswegs) haben sich in einem besonders d\u00fcsteren Augenblick der europ\u00e4ischen Geschichte zugetragen. Die zerst\u00f6rerische Ideologie des Nazitums bahnt sich im benachbarten Deutschland den Weg an die Macht. Maria erschien zum ersten Mal am 15. Januar 1933 in Banneux und genau zwei&hellip;<\/p>\n","protected":false},"author":2,"featured_media":0,"parent":0,"menu_order":0,"comment_status":"closed","ping_status":"closed","template":"","meta":{"advgb_blocks_editor_width":"","advgb_blocks_columns_visual_guide":"","footnotes":""},"class_list":["post-1589","page","type-page","status-publish","hentry"],"yoast_head":"<!-- This site is optimized with the Yoast SEO plugin v25.6 - https:\/\/yoast.com\/wordpress\/plugins\/seo\/ -->\n<title>Kontext der Erscheinungen - Banneux Notre-Dame<\/title>\n<meta name=\"robots\" content=\"index, follow, max-snippet:-1, max-image-preview:large, max-video-preview:-1\" \/>\n<link rel=\"canonical\" href=\"https:\/\/test.banneux-nd.be\/de\/kontext-der-erscheinungen\/\" \/>\n<meta property=\"og:locale\" content=\"de_DE\" \/>\n<meta property=\"og:type\" content=\"article\" \/>\n<meta property=\"og:title\" content=\"Kontext der Erscheinungen - Banneux Notre-Dame\" \/>\n<meta property=\"og:description\" content=\"Im Laufe der acht Erscheinungen (zwischen dem 15. Januar und dem 2. M\u00e4rz 1933), sagte Maria insgesamt nur achtzig W\u00f6rter. Den Rest ihrer Botschaft vermittelt sie ohne Worte: ein Handzeichen, ein L\u00e4cheln, ihre G\u00fcte und Demut, das stille Gebet, der direkte Blickkontakt, der r\u00fccklings beschrittene Weg zur Quelle, das Geheimnis, das Mariette anvertraut wurde, der Segen\u2026 Politischer Kontext Die Erscheinungen und die Botschaft der Jungfrau der Armen (das Heiligtum erinnert jedes Jahr an einen dieser Aspekte in Form seines Gebetswegs) haben sich in einem besonders d\u00fcsteren Augenblick der europ\u00e4ischen Geschichte zugetragen. Die zerst\u00f6rerische Ideologie des Nazitums bahnt sich im benachbarten Deutschland den Weg an die Macht. Maria erschien zum ersten Mal am 15. Januar 1933 in Banneux und genau zwei&hellip;\" \/>\n<meta property=\"og:url\" content=\"https:\/\/test.banneux-nd.be\/de\/kontext-der-erscheinungen\/\" \/>\n<meta property=\"og:site_name\" content=\"Banneux Notre-Dame\" \/>\n<meta property=\"article:publisher\" content=\"https:\/\/www.facebook.com\/NDBanneux\/\" \/>\n<meta property=\"article:modified_time\" content=\"2018-04-28T16:45:51+00:00\" \/>\n<meta name=\"twitter:card\" content=\"summary_large_image\" \/>\n<meta name=\"twitter:label1\" content=\"Gesch\u00e4tzte Lesezeit\" \/>\n\t<meta name=\"twitter:data1\" content=\"2\u00a0Minuten\" \/>\n<script type=\"application\/ld+json\" class=\"yoast-schema-graph\">{\"@context\":\"https:\/\/schema.org\",\"@graph\":[{\"@type\":\"WebPage\",\"@id\":\"https:\/\/test.banneux-nd.be\/de\/kontext-der-erscheinungen\/\",\"url\":\"https:\/\/test.banneux-nd.be\/de\/kontext-der-erscheinungen\/\",\"name\":\"Kontext der Erscheinungen - Banneux Notre-Dame\",\"isPartOf\":{\"@id\":\"https:\/\/test.banneux-nd.be\/de\/#website\"},\"datePublished\":\"2015-07-20T06:58:06+00:00\",\"dateModified\":\"2018-04-28T16:45:51+00:00\",\"breadcrumb\":{\"@id\":\"https:\/\/test.banneux-nd.be\/de\/kontext-der-erscheinungen\/#breadcrumb\"},\"inLanguage\":\"de\",\"potentialAction\":[{\"@type\":\"ReadAction\",\"target\":[\"https:\/\/test.banneux-nd.be\/de\/kontext-der-erscheinungen\/\"]}]},{\"@type\":\"BreadcrumbList\",\"@id\":\"https:\/\/test.banneux-nd.be\/de\/kontext-der-erscheinungen\/#breadcrumb\",\"itemListElement\":[{\"@type\":\"ListItem\",\"position\":1,\"name\":\"Accueil\",\"item\":\"https:\/\/test.banneux-nd.be\/de\/\"},{\"@type\":\"ListItem\",\"position\":2,\"name\":\"Kontext der Erscheinungen\"}]},{\"@type\":\"WebSite\",\"@id\":\"https:\/\/test.banneux-nd.be\/de\/#website\",\"url\":\"https:\/\/test.banneux-nd.be\/de\/\",\"name\":\"Banneux Notre-Dame\",\"description\":\"Sanctuaire de la Vierge des Pauvres (Belgique)\",\"potentialAction\":[{\"@type\":\"SearchAction\",\"target\":{\"@type\":\"EntryPoint\",\"urlTemplate\":\"https:\/\/test.banneux-nd.be\/de\/?s={search_term_string}\"},\"query-input\":{\"@type\":\"PropertyValueSpecification\",\"valueRequired\":true,\"valueName\":\"search_term_string\"}}],\"inLanguage\":\"de\"}]}<\/script>\n<!-- \/ Yoast SEO plugin. -->","yoast_head_json":{"title":"Kontext der Erscheinungen - Banneux Notre-Dame","robots":{"index":"index","follow":"follow","max-snippet":"max-snippet:-1","max-image-preview":"max-image-preview:large","max-video-preview":"max-video-preview:-1"},"canonical":"https:\/\/test.banneux-nd.be\/de\/kontext-der-erscheinungen\/","og_locale":"de_DE","og_type":"article","og_title":"Kontext der Erscheinungen - Banneux Notre-Dame","og_description":"Im Laufe der acht Erscheinungen (zwischen dem 15. Januar und dem 2. M\u00e4rz 1933), sagte Maria insgesamt nur achtzig W\u00f6rter. Den Rest ihrer Botschaft vermittelt sie ohne Worte: ein Handzeichen, ein L\u00e4cheln, ihre G\u00fcte und Demut, das stille Gebet, der direkte Blickkontakt, der r\u00fccklings beschrittene Weg zur Quelle, das Geheimnis, das Mariette anvertraut wurde, der Segen\u2026 Politischer Kontext Die Erscheinungen und die Botschaft der Jungfrau der Armen (das Heiligtum erinnert jedes Jahr an einen dieser Aspekte in Form seines Gebetswegs) haben sich in einem besonders d\u00fcsteren Augenblick der europ\u00e4ischen Geschichte zugetragen. Die zerst\u00f6rerische Ideologie des Nazitums bahnt sich im benachbarten Deutschland den Weg an die Macht. Maria erschien zum ersten Mal am 15. Januar 1933 in Banneux und genau zwei&hellip;","og_url":"https:\/\/test.banneux-nd.be\/de\/kontext-der-erscheinungen\/","og_site_name":"Banneux Notre-Dame","article_publisher":"https:\/\/www.facebook.com\/NDBanneux\/","article_modified_time":"2018-04-28T16:45:51+00:00","twitter_card":"summary_large_image","twitter_misc":{"Gesch\u00e4tzte Lesezeit":"2\u00a0Minuten"},"schema":{"@context":"https:\/\/schema.org","@graph":[{"@type":"WebPage","@id":"https:\/\/test.banneux-nd.be\/de\/kontext-der-erscheinungen\/","url":"https:\/\/test.banneux-nd.be\/de\/kontext-der-erscheinungen\/","name":"Kontext der Erscheinungen - Banneux Notre-Dame","isPartOf":{"@id":"https:\/\/test.banneux-nd.be\/de\/#website"},"datePublished":"2015-07-20T06:58:06+00:00","dateModified":"2018-04-28T16:45:51+00:00","breadcrumb":{"@id":"https:\/\/test.banneux-nd.be\/de\/kontext-der-erscheinungen\/#breadcrumb"},"inLanguage":"de","potentialAction":[{"@type":"ReadAction","target":["https:\/\/test.banneux-nd.be\/de\/kontext-der-erscheinungen\/"]}]},{"@type":"BreadcrumbList","@id":"https:\/\/test.banneux-nd.be\/de\/kontext-der-erscheinungen\/#breadcrumb","itemListElement":[{"@type":"ListItem","position":1,"name":"Accueil","item":"https:\/\/test.banneux-nd.be\/de\/"},{"@type":"ListItem","position":2,"name":"Kontext der Erscheinungen"}]},{"@type":"WebSite","@id":"https:\/\/test.banneux-nd.be\/de\/#website","url":"https:\/\/test.banneux-nd.be\/de\/","name":"Banneux Notre-Dame","description":"Sanctuaire de la Vierge des Pauvres (Belgique)","potentialAction":[{"@type":"SearchAction","target":{"@type":"EntryPoint","urlTemplate":"https:\/\/test.banneux-nd.be\/de\/?s={search_term_string}"},"query-input":{"@type":"PropertyValueSpecification","valueRequired":true,"valueName":"search_term_string"}}],"inLanguage":"de"}]}},"coauthors":[],"author_meta":{"author_link":"https:\/\/test.banneux-nd.be\/de\/author\/adminfr\/","display_name":"adminFR"},"relative_dates":{"created":"Ver\u00f6ffentlicht 11\u00a0Jahren vor","modified":"Aktualisiert 8\u00a0Jahren vor"},"absolute_dates":{"created":"Ver\u00f6ffentlicht am 20 Juli 2015","modified":"Aktualisiert am 28 April 2018"},"absolute_dates_time":{"created":"Ver\u00f6ffentlicht am 20 Juli 2015 8 h 58 min","modified":"Aktualisiert am 28 April 2018 18 h 45 min"},"featured_img_caption":"","featured_img":false,"series_order":"","_links":{"self":[{"href":"https:\/\/test.banneux-nd.be\/de\/wp-json\/wp\/v2\/pages\/1589"}],"collection":[{"href":"https:\/\/test.banneux-nd.be\/de\/wp-json\/wp\/v2\/pages"}],"about":[{"href":"https:\/\/test.banneux-nd.be\/de\/wp-json\/wp\/v2\/types\/page"}],"author":[{"embeddable":true,"href":"https:\/\/test.banneux-nd.be\/de\/wp-json\/wp\/v2\/users\/2"}],"replies":[{"embeddable":true,"href":"https:\/\/test.banneux-nd.be\/de\/wp-json\/wp\/v2\/comments?post=1589"}],"version-history":[{"count":0,"href":"https:\/\/test.banneux-nd.be\/de\/wp-json\/wp\/v2\/pages\/1589\/revisions"}],"wp:attachment":[{"href":"https:\/\/test.banneux-nd.be\/de\/wp-json\/wp\/v2\/media?parent=1589"}],"curies":[{"name":"wp","href":"https:\/\/api.w.org\/{rel}","templated":true}]}}