{"id":2226,"date":"2018-01-15T11:52:14","date_gmt":"2018-01-15T10:52:14","guid":{"rendered":"http:\/\/wwwwp2.banneux-nd.be\/willkommen-in-banneux-2\/"},"modified":"2018-07-05T11:45:09","modified_gmt":"2018-07-05T09:45:09","slug":"willkommen-in-banneux","status":"publish","type":"page","link":"https:\/\/test.banneux-nd.be\/de\/","title":{"rendered":"Willkommen in Banneux!"},"content":{"rendered":"<p style=\"font-weight: 400; text-align: justify;\">Vom 15. Januar bis zum 2. M\u00e4rz erschien die Jungfrau Maria achtmal der elfj\u00e4hrigen Mariette Beco.<\/p>\n<p style=\"font-weight: 400; text-align: justify;\">Die durch sie \u00fcbermittelte Botschaft\u00a0ist\u00a0immer noch von gro\u00dfer Aktualit\u00e4t.<\/p>\n<p style=\"font-weight: 400; text-align: justify;\">Jedes Jahr kommen Hunderttausende Pilger, allein oder in Gruppen, besonders auch w\u00e4hrend der Krankentriduen nach Banneux. Sie kommen zur Jungfrau der Armen mit ihrer Armut, ihrem Leid, ihrer Suche. Sie vertrauen sich der Mutter des Erl\u00f6sers an und setzen ihr Vertrauen und ihre Hoffnung in Christus. Er ist die Quelle aller Gnaden.<\/p>\n<p style=\"font-weight: 400; text-align: justify;\">Auch heute f\u00fchrt die Jungfrau der Armen &#8211; so wie sie es damals mit Mariette tat &#8211; jeden Pilger in Banneux auf seinem Lebensweg. Sie l\u00e4dt ihn ein, <em><strong>die H\u00e4nde in das Wasser zu tauchen<\/strong><\/em>, um in Jesus das wahre Leben zu sch\u00f6pfen.<\/p>\n<p class=\"entry-title bd-postheader-6\">Willkommen in Banneux!<\/p>\n<p><img loading=\"lazy\" decoding=\"async\" class=\"aligncenter wp-image-7760 size-full\" src=\"https:\/\/test.banneux-nd.be\/wp-content\/uploads\/2018\/05\/2018-05-01-Recteur-Leo-Palm.jpg\" alt=\"\" width=\"1200\" height=\"815\" srcset=\"https:\/\/test.banneux-nd.be\/wp-content\/uploads\/2018\/05\/2018-05-01-Recteur-Leo-Palm.jpg 1200w, https:\/\/test.banneux-nd.be\/wp-content\/uploads\/2018\/05\/2018-05-01-Recteur-Leo-Palm-300x204.jpg 300w, https:\/\/test.banneux-nd.be\/wp-content\/uploads\/2018\/05\/2018-05-01-Recteur-Leo-Palm-768x522.jpg 768w, https:\/\/test.banneux-nd.be\/wp-content\/uploads\/2018\/05\/2018-05-01-Recteur-Leo-Palm-1024x695.jpg 1024w\" sizes=\"(max-width: 1200px) 100vw, 1200px\" \/><\/p>\n<p style=\"text-align: right;\"><strong>Leo Palm,<\/strong><br \/>\n<strong>Rektor<\/strong><\/p>\n<hr \/>\n<h3 style=\"text-align: center;\">Banneux ist 25 Km s\u00fcdlich von L\u00fcttich gelegen<\/h3>\n<p><a title=\"Sanctuaire de Banneux Notre-Dame\" href=\"https:\/\/goo.gl\/maps\/E84ttdD4Fm72\" target=\"_blank\" rel=\"noopener\"><img loading=\"lazy\" decoding=\"async\" class=\"size-full wp-image-8859 aligncenter\" src=\"https:\/\/test.banneux-nd.be\/wp-content\/uploads\/Page_Accueil\/google-map-page-accueil.png\" alt=\"\" width=\"780\" height=\"502\" srcset=\"https:\/\/test.banneux-nd.be\/wp-content\/uploads\/Page_Accueil\/google-map-page-accueil.png 780w, https:\/\/test.banneux-nd.be\/wp-content\/uploads\/Page_Accueil\/google-map-page-accueil-300x193.png 300w, https:\/\/test.banneux-nd.be\/wp-content\/uploads\/Page_Accueil\/google-map-page-accueil-768x494.png 768w\" sizes=\"(max-width: 780px) 100vw, 780px\" \/><\/a><\/p>\n","protected":false},"excerpt":{"rendered":"<p>Vom 15. Januar bis zum 2. M\u00e4rz erschien die Jungfrau Maria achtmal der elfj\u00e4hrigen Mariette Beco. Die durch sie \u00fcbermittelte Botschaft\u00a0ist\u00a0immer noch von gro\u00dfer Aktualit\u00e4t. Jedes Jahr kommen Hunderttausende Pilger, allein oder in Gruppen, besonders auch w\u00e4hrend der Krankentriduen nach Banneux. Sie kommen zur Jungfrau der Armen mit ihrer Armut, ihrem Leid, ihrer Suche. Sie vertrauen sich der Mutter des Erl\u00f6sers an und setzen ihr Vertrauen und ihre Hoffnung in Christus. Er ist die Quelle aller Gnaden. Auch heute f\u00fchrt die Jungfrau der Armen &#8211; so wie sie es damals mit Mariette tat &#8211; jeden Pilger in Banneux auf seinem Lebensweg. Sie l\u00e4dt ihn ein, die H\u00e4nde in das Wasser zu tauchen, um in Jesus das wahre Leben zu sch\u00f6pfen.&hellip;<\/p>\n","protected":false},"author":4,"featured_media":0,"parent":0,"menu_order":0,"comment_status":"closed","ping_status":"closed","template":"","meta":{"advgb_blocks_editor_width":"","advgb_blocks_columns_visual_guide":"","footnotes":""},"class_list":["post-2226","page","type-page","status-publish","hentry"],"yoast_head":"<!-- This site is optimized with the Yoast SEO plugin v25.6 - https:\/\/yoast.com\/wordpress\/plugins\/seo\/ -->\n<title>Willkommen in Banneux! - Banneux Notre-Dame<\/title>\n<meta name=\"robots\" content=\"index, follow, max-snippet:-1, max-image-preview:large, max-video-preview:-1\" \/>\n<link rel=\"canonical\" href=\"https:\/\/test.banneux-nd.be\/de\/\" \/>\n<meta property=\"og:locale\" content=\"de_DE\" \/>\n<meta property=\"og:type\" content=\"article\" \/>\n<meta property=\"og:title\" content=\"Willkommen in Banneux! - Banneux Notre-Dame\" \/>\n<meta property=\"og:description\" content=\"Vom 15. Januar bis zum 2. M\u00e4rz erschien die Jungfrau Maria achtmal der elfj\u00e4hrigen Mariette Beco. Die durch sie \u00fcbermittelte Botschaft\u00a0ist\u00a0immer noch von gro\u00dfer Aktualit\u00e4t. Jedes Jahr kommen Hunderttausende Pilger, allein oder in Gruppen, besonders auch w\u00e4hrend der Krankentriduen nach Banneux. Sie kommen zur Jungfrau der Armen mit ihrer Armut, ihrem Leid, ihrer Suche. Sie vertrauen sich der Mutter des Erl\u00f6sers an und setzen ihr Vertrauen und ihre Hoffnung in Christus. Er ist die Quelle aller Gnaden. Auch heute f\u00fchrt die Jungfrau der Armen &#8211; so wie sie es damals mit Mariette tat &#8211; jeden Pilger in Banneux auf seinem Lebensweg. Sie l\u00e4dt ihn ein, die H\u00e4nde in das Wasser zu tauchen, um in Jesus das wahre Leben zu sch\u00f6pfen.&hellip;\" \/>\n<meta property=\"og:url\" content=\"https:\/\/test.banneux-nd.be\/de\/\" \/>\n<meta property=\"og:site_name\" content=\"Banneux Notre-Dame\" \/>\n<meta property=\"article:publisher\" content=\"https:\/\/www.facebook.com\/NDBanneux\/\" \/>\n<meta property=\"article:modified_time\" content=\"2018-07-05T09:45:09+00:00\" \/>\n<meta property=\"og:image\" content=\"https:\/\/test.banneux-nd.be\/wp-content\/uploads\/2018\/05\/2018-05-01-Recteur-Leo-Palm.jpg\" \/>\n<meta name=\"twitter:card\" content=\"summary_large_image\" \/>\n<meta name=\"twitter:label1\" content=\"Gesch\u00e4tzte Lesezeit\" \/>\n\t<meta name=\"twitter:data1\" content=\"1\u00a0Minute\" \/>\n<script type=\"application\/ld+json\" class=\"yoast-schema-graph\">{\"@context\":\"https:\/\/schema.org\",\"@graph\":[{\"@type\":\"WebPage\",\"@id\":\"https:\/\/test.banneux-nd.be\/de\/\",\"url\":\"https:\/\/test.banneux-nd.be\/de\/\",\"name\":\"Willkommen in Banneux! - Banneux Notre-Dame\",\"isPartOf\":{\"@id\":\"https:\/\/test.banneux-nd.be\/de\/#website\"},\"primaryImageOfPage\":{\"@id\":\"https:\/\/test.banneux-nd.be\/de\/#primaryimage\"},\"image\":{\"@id\":\"https:\/\/test.banneux-nd.be\/de\/#primaryimage\"},\"thumbnailUrl\":\"https:\/\/test.banneux-nd.be\/wp-content\/uploads\/2018\/05\/2018-05-01-Recteur-Leo-Palm.jpg\",\"datePublished\":\"2018-01-15T10:52:14+00:00\",\"dateModified\":\"2018-07-05T09:45:09+00:00\",\"breadcrumb\":{\"@id\":\"https:\/\/test.banneux-nd.be\/de\/#breadcrumb\"},\"inLanguage\":\"de\",\"potentialAction\":[{\"@type\":\"ReadAction\",\"target\":[\"https:\/\/test.banneux-nd.be\/de\/\"]}]},{\"@type\":\"ImageObject\",\"inLanguage\":\"de\",\"@id\":\"https:\/\/test.banneux-nd.be\/de\/#primaryimage\",\"url\":\"https:\/\/test.banneux-nd.be\/wp-content\/uploads\/2018\/05\/2018-05-01-Recteur-Leo-Palm.jpg\",\"contentUrl\":\"https:\/\/test.banneux-nd.be\/wp-content\/uploads\/2018\/05\/2018-05-01-Recteur-Leo-Palm.jpg\"},{\"@type\":\"BreadcrumbList\",\"@id\":\"https:\/\/test.banneux-nd.be\/de\/#breadcrumb\",\"itemListElement\":[{\"@type\":\"ListItem\",\"position\":1,\"name\":\"Accueil\",\"item\":\"https:\/\/test.banneux-nd.be\/de\/\"},{\"@type\":\"ListItem\",\"position\":2,\"name\":\"Willkommen in Banneux!\"}]},{\"@type\":\"WebSite\",\"@id\":\"https:\/\/test.banneux-nd.be\/de\/#website\",\"url\":\"https:\/\/test.banneux-nd.be\/de\/\",\"name\":\"Banneux Notre-Dame\",\"description\":\"Sanctuaire de la Vierge des Pauvres (Belgique)\",\"potentialAction\":[{\"@type\":\"SearchAction\",\"target\":{\"@type\":\"EntryPoint\",\"urlTemplate\":\"https:\/\/test.banneux-nd.be\/de\/?s={search_term_string}\"},\"query-input\":{\"@type\":\"PropertyValueSpecification\",\"valueRequired\":true,\"valueName\":\"search_term_string\"}}],\"inLanguage\":\"de\"}]}<\/script>\n<!-- \/ Yoast SEO plugin. -->","yoast_head_json":{"title":"Willkommen in Banneux! - Banneux Notre-Dame","robots":{"index":"index","follow":"follow","max-snippet":"max-snippet:-1","max-image-preview":"max-image-preview:large","max-video-preview":"max-video-preview:-1"},"canonical":"https:\/\/test.banneux-nd.be\/de\/","og_locale":"de_DE","og_type":"article","og_title":"Willkommen in Banneux! - Banneux Notre-Dame","og_description":"Vom 15. Januar bis zum 2. M\u00e4rz erschien die Jungfrau Maria achtmal der elfj\u00e4hrigen Mariette Beco. Die durch sie \u00fcbermittelte Botschaft\u00a0ist\u00a0immer noch von gro\u00dfer Aktualit\u00e4t. Jedes Jahr kommen Hunderttausende Pilger, allein oder in Gruppen, besonders auch w\u00e4hrend der Krankentriduen nach Banneux. Sie kommen zur Jungfrau der Armen mit ihrer Armut, ihrem Leid, ihrer Suche. Sie vertrauen sich der Mutter des Erl\u00f6sers an und setzen ihr Vertrauen und ihre Hoffnung in Christus. Er ist die Quelle aller Gnaden. Auch heute f\u00fchrt die Jungfrau der Armen &#8211; so wie sie es damals mit Mariette tat &#8211; jeden Pilger in Banneux auf seinem Lebensweg. Sie l\u00e4dt ihn ein, die H\u00e4nde in das Wasser zu tauchen, um in Jesus das wahre Leben zu sch\u00f6pfen.&hellip;","og_url":"https:\/\/test.banneux-nd.be\/de\/","og_site_name":"Banneux Notre-Dame","article_publisher":"https:\/\/www.facebook.com\/NDBanneux\/","article_modified_time":"2018-07-05T09:45:09+00:00","og_image":[{"url":"https:\/\/test.banneux-nd.be\/wp-content\/uploads\/2018\/05\/2018-05-01-Recteur-Leo-Palm.jpg","type":"","width":"","height":""}],"twitter_card":"summary_large_image","twitter_misc":{"Gesch\u00e4tzte Lesezeit":"1\u00a0Minute"},"schema":{"@context":"https:\/\/schema.org","@graph":[{"@type":"WebPage","@id":"https:\/\/test.banneux-nd.be\/de\/","url":"https:\/\/test.banneux-nd.be\/de\/","name":"Willkommen in Banneux! - Banneux Notre-Dame","isPartOf":{"@id":"https:\/\/test.banneux-nd.be\/de\/#website"},"primaryImageOfPage":{"@id":"https:\/\/test.banneux-nd.be\/de\/#primaryimage"},"image":{"@id":"https:\/\/test.banneux-nd.be\/de\/#primaryimage"},"thumbnailUrl":"https:\/\/test.banneux-nd.be\/wp-content\/uploads\/2018\/05\/2018-05-01-Recteur-Leo-Palm.jpg","datePublished":"2018-01-15T10:52:14+00:00","dateModified":"2018-07-05T09:45:09+00:00","breadcrumb":{"@id":"https:\/\/test.banneux-nd.be\/de\/#breadcrumb"},"inLanguage":"de","potentialAction":[{"@type":"ReadAction","target":["https:\/\/test.banneux-nd.be\/de\/"]}]},{"@type":"ImageObject","inLanguage":"de","@id":"https:\/\/test.banneux-nd.be\/de\/#primaryimage","url":"https:\/\/test.banneux-nd.be\/wp-content\/uploads\/2018\/05\/2018-05-01-Recteur-Leo-Palm.jpg","contentUrl":"https:\/\/test.banneux-nd.be\/wp-content\/uploads\/2018\/05\/2018-05-01-Recteur-Leo-Palm.jpg"},{"@type":"BreadcrumbList","@id":"https:\/\/test.banneux-nd.be\/de\/#breadcrumb","itemListElement":[{"@type":"ListItem","position":1,"name":"Accueil","item":"https:\/\/test.banneux-nd.be\/de\/"},{"@type":"ListItem","position":2,"name":"Willkommen in Banneux!"}]},{"@type":"WebSite","@id":"https:\/\/test.banneux-nd.be\/de\/#website","url":"https:\/\/test.banneux-nd.be\/de\/","name":"Banneux Notre-Dame","description":"Sanctuaire de la Vierge des Pauvres (Belgique)","potentialAction":[{"@type":"SearchAction","target":{"@type":"EntryPoint","urlTemplate":"https:\/\/test.banneux-nd.be\/de\/?s={search_term_string}"},"query-input":{"@type":"PropertyValueSpecification","valueRequired":true,"valueName":"search_term_string"}}],"inLanguage":"de"}]}},"coauthors":[],"author_meta":{"author_link":"https:\/\/test.banneux-nd.be\/de\/author\/dreusdeille\/","display_name":"Anne-Elisabeth N\u00e8ve"},"relative_dates":{"created":"Ver\u00f6ffentlicht 8\u00a0Jahren vor","modified":"Aktualisiert 8\u00a0Jahren vor"},"absolute_dates":{"created":"Ver\u00f6ffentlicht am 15 Januar 2018","modified":"Aktualisiert am 5 Juli 2018"},"absolute_dates_time":{"created":"Ver\u00f6ffentlicht am 15 Januar 2018 11 h 52 min","modified":"Aktualisiert am 5 Juli 2018 11 h 45 min"},"featured_img_caption":"","featured_img":false,"series_order":"","_links":{"self":[{"href":"https:\/\/test.banneux-nd.be\/de\/wp-json\/wp\/v2\/pages\/2226"}],"collection":[{"href":"https:\/\/test.banneux-nd.be\/de\/wp-json\/wp\/v2\/pages"}],"about":[{"href":"https:\/\/test.banneux-nd.be\/de\/wp-json\/wp\/v2\/types\/page"}],"author":[{"embeddable":true,"href":"https:\/\/test.banneux-nd.be\/de\/wp-json\/wp\/v2\/users\/4"}],"replies":[{"embeddable":true,"href":"https:\/\/test.banneux-nd.be\/de\/wp-json\/wp\/v2\/comments?post=2226"}],"version-history":[{"count":2,"href":"https:\/\/test.banneux-nd.be\/de\/wp-json\/wp\/v2\/pages\/2226\/revisions"}],"predecessor-version":[{"id":8973,"href":"https:\/\/test.banneux-nd.be\/de\/wp-json\/wp\/v2\/pages\/2226\/revisions\/8973"}],"wp:attachment":[{"href":"https:\/\/test.banneux-nd.be\/de\/wp-json\/wp\/v2\/media?parent=2226"}],"curies":[{"name":"wp","href":"https:\/\/api.w.org\/{rel}","templated":true}]}}