{"id":7220,"date":"2018-03-05T22:08:23","date_gmt":"2018-03-05T21:08:23","guid":{"rendered":"http:\/\/wwwwp2.banneux-nd.be\/formulaire-inscription-pelerinage\/"},"modified":"2021-06-14T15:50:46","modified_gmt":"2021-06-14T13:50:46","slug":"einschreibformular","status":"publish","type":"page","link":"https:\/\/test.banneux-nd.be\/de\/einschreibformular\/","title":{"rendered":"Formulaire Inscription p\u00e8lerinage"},"content":{"rendered":"<p><img decoding=\"async\" src=\"https:\/\/test.banneux-nd.be\/wp-content\/uploads\/elementor\/thumbs\/NOUVEAU_Banneux_RGB_Links_tekst-otk5p60c4ammx6jede941rqf5yqtga57ewey907hew.jpg\" title=\"NOUVEAU_Banneux_RGB_Links_tekst.jpg\" alt=\"NOUVEAU_Banneux_RGB_Links_tekst.jpg\" \/>\t\t\t\t\t\t\t\t\t\t\t<\/p>\n<h3 style=\"text-align: center;\"><strong>Anmeldung einer Pilgerfahrt<\/strong><\/h3>\n<p>Diese Ausk\u00fcnfte erm\u00f6glichen es uns,<br \/>Sie gut zu empfangen &#8211; bitte leserlich ausf\u00fcllen!<\/p>\n<p>&nbsp;<\/p>\n<p>*=pflichtbereich<\/p>\n","protected":false},"excerpt":{"rendered":"<p>Anmeldung einer Pilgerfahrt Diese Ausk\u00fcnfte erm\u00f6glichen es uns,Sie gut zu empfangen &#8211; bitte leserlich ausf\u00fcllen! &nbsp; *=pflichtbereich<\/p>\n","protected":false},"author":2,"featured_media":0,"parent":0,"menu_order":0,"comment_status":"closed","ping_status":"closed","template":"","meta":{"advgb_blocks_editor_width":"","advgb_blocks_columns_visual_guide":"","footnotes":""},"class_list":["post-7220","page","type-page","status-publish","hentry"],"yoast_head":"<!-- This site is optimized with the Yoast SEO plugin v25.6 - https:\/\/yoast.com\/wordpress\/plugins\/seo\/ -->\n<title>Formulaire Inscription p\u00e8lerinage - Banneux Notre-Dame<\/title>\n<meta name=\"robots\" content=\"index, follow, max-snippet:-1, max-image-preview:large, max-video-preview:-1\" \/>\n<link rel=\"canonical\" href=\"https:\/\/test.banneux-nd.be\/de\/einschreibformular\/\" \/>\n<meta property=\"og:locale\" content=\"de_DE\" \/>\n<meta property=\"og:type\" content=\"article\" \/>\n<meta property=\"og:title\" content=\"Formulaire Inscription p\u00e8lerinage - Banneux Notre-Dame\" \/>\n<meta property=\"og:description\" content=\"Anmeldung einer Pilgerfahrt Diese Ausk\u00fcnfte erm\u00f6glichen es uns,Sie gut zu empfangen &#8211; bitte leserlich ausf\u00fcllen! &nbsp; *=pflichtbereich\" \/>\n<meta property=\"og:url\" content=\"https:\/\/test.banneux-nd.be\/de\/einschreibformular\/\" \/>\n<meta property=\"og:site_name\" content=\"Banneux Notre-Dame\" \/>\n<meta property=\"article:publisher\" content=\"https:\/\/www.facebook.com\/NDBanneux\/\" \/>\n<meta property=\"article:modified_time\" content=\"2021-06-14T13:50:46+00:00\" \/>\n<meta property=\"og:image\" content=\"https:\/\/test.banneux-nd.be\/wp-content\/uploads\/elementor\/thumbs\/NOUVEAU_Banneux_RGB_Links_tekst-otk5p60c4ammx6jede941rqf5yqtga57ewey907hew.jpg\" \/>\n<meta name=\"twitter:card\" content=\"summary_large_image\" \/>\n<meta name=\"twitter:label1\" content=\"Gesch\u00e4tzte Lesezeit\" \/>\n\t<meta name=\"twitter:data1\" content=\"2\u00a0Minuten\" \/>\n<script type=\"application\/ld+json\" class=\"yoast-schema-graph\">{\"@context\":\"https:\/\/schema.org\",\"@graph\":[{\"@type\":\"WebPage\",\"@id\":\"https:\/\/test.banneux-nd.be\/de\/einschreibformular\/\",\"url\":\"https:\/\/test.banneux-nd.be\/de\/einschreibformular\/\",\"name\":\"Formulaire Inscription p\u00e8lerinage - Banneux Notre-Dame\",\"isPartOf\":{\"@id\":\"https:\/\/test.banneux-nd.be\/de\/#website\"},\"primaryImageOfPage\":{\"@id\":\"https:\/\/test.banneux-nd.be\/de\/einschreibformular\/#primaryimage\"},\"image\":{\"@id\":\"https:\/\/test.banneux-nd.be\/de\/einschreibformular\/#primaryimage\"},\"thumbnailUrl\":\"https:\/\/test.banneux-nd.be\/wp-content\/uploads\/elementor\/thumbs\/NOUVEAU_Banneux_RGB_Links_tekst-otk5p60c4ammx6jede941rqf5yqtga57ewey907hew.jpg\",\"datePublished\":\"2018-03-05T21:08:23+00:00\",\"dateModified\":\"2021-06-14T13:50:46+00:00\",\"breadcrumb\":{\"@id\":\"https:\/\/test.banneux-nd.be\/de\/einschreibformular\/#breadcrumb\"},\"inLanguage\":\"de\",\"potentialAction\":[{\"@type\":\"ReadAction\",\"target\":[\"https:\/\/test.banneux-nd.be\/de\/einschreibformular\/\"]}]},{\"@type\":\"ImageObject\",\"inLanguage\":\"de\",\"@id\":\"https:\/\/test.banneux-nd.be\/de\/einschreibformular\/#primaryimage\",\"url\":\"https:\/\/test.banneux-nd.be\/wp-content\/uploads\/elementor\/thumbs\/NOUVEAU_Banneux_RGB_Links_tekst-otk5p60c4ammx6jede941rqf5yqtga57ewey907hew.jpg\",\"contentUrl\":\"https:\/\/test.banneux-nd.be\/wp-content\/uploads\/elementor\/thumbs\/NOUVEAU_Banneux_RGB_Links_tekst-otk5p60c4ammx6jede941rqf5yqtga57ewey907hew.jpg\"},{\"@type\":\"BreadcrumbList\",\"@id\":\"https:\/\/test.banneux-nd.be\/de\/einschreibformular\/#breadcrumb\",\"itemListElement\":[{\"@type\":\"ListItem\",\"position\":1,\"name\":\"Accueil\",\"item\":\"https:\/\/test.banneux-nd.be\/de\/\"},{\"@type\":\"ListItem\",\"position\":2,\"name\":\"Formulaire Inscription p\u00e8lerinage\"}]},{\"@type\":\"WebSite\",\"@id\":\"https:\/\/test.banneux-nd.be\/de\/#website\",\"url\":\"https:\/\/test.banneux-nd.be\/de\/\",\"name\":\"Banneux Notre-Dame\",\"description\":\"Sanctuaire de la Vierge des Pauvres (Belgique)\",\"potentialAction\":[{\"@type\":\"SearchAction\",\"target\":{\"@type\":\"EntryPoint\",\"urlTemplate\":\"https:\/\/test.banneux-nd.be\/de\/?s={search_term_string}\"},\"query-input\":{\"@type\":\"PropertyValueSpecification\",\"valueRequired\":true,\"valueName\":\"search_term_string\"}}],\"inLanguage\":\"de\"}]}<\/script>\n<!-- \/ Yoast SEO plugin. -->","yoast_head_json":{"title":"Formulaire Inscription p\u00e8lerinage - Banneux Notre-Dame","robots":{"index":"index","follow":"follow","max-snippet":"max-snippet:-1","max-image-preview":"max-image-preview:large","max-video-preview":"max-video-preview:-1"},"canonical":"https:\/\/test.banneux-nd.be\/de\/einschreibformular\/","og_locale":"de_DE","og_type":"article","og_title":"Formulaire Inscription p\u00e8lerinage - Banneux Notre-Dame","og_description":"Anmeldung einer Pilgerfahrt Diese Ausk\u00fcnfte erm\u00f6glichen es uns,Sie gut zu empfangen &#8211; bitte leserlich ausf\u00fcllen! &nbsp; *=pflichtbereich","og_url":"https:\/\/test.banneux-nd.be\/de\/einschreibformular\/","og_site_name":"Banneux Notre-Dame","article_publisher":"https:\/\/www.facebook.com\/NDBanneux\/","article_modified_time":"2021-06-14T13:50:46+00:00","og_image":[{"url":"https:\/\/test.banneux-nd.be\/wp-content\/uploads\/elementor\/thumbs\/NOUVEAU_Banneux_RGB_Links_tekst-otk5p60c4ammx6jede941rqf5yqtga57ewey907hew.jpg","type":"","width":"","height":""}],"twitter_card":"summary_large_image","twitter_misc":{"Gesch\u00e4tzte Lesezeit":"2\u00a0Minuten"},"schema":{"@context":"https:\/\/schema.org","@graph":[{"@type":"WebPage","@id":"https:\/\/test.banneux-nd.be\/de\/einschreibformular\/","url":"https:\/\/test.banneux-nd.be\/de\/einschreibformular\/","name":"Formulaire Inscription p\u00e8lerinage - Banneux Notre-Dame","isPartOf":{"@id":"https:\/\/test.banneux-nd.be\/de\/#website"},"primaryImageOfPage":{"@id":"https:\/\/test.banneux-nd.be\/de\/einschreibformular\/#primaryimage"},"image":{"@id":"https:\/\/test.banneux-nd.be\/de\/einschreibformular\/#primaryimage"},"thumbnailUrl":"https:\/\/test.banneux-nd.be\/wp-content\/uploads\/elementor\/thumbs\/NOUVEAU_Banneux_RGB_Links_tekst-otk5p60c4ammx6jede941rqf5yqtga57ewey907hew.jpg","datePublished":"2018-03-05T21:08:23+00:00","dateModified":"2021-06-14T13:50:46+00:00","breadcrumb":{"@id":"https:\/\/test.banneux-nd.be\/de\/einschreibformular\/#breadcrumb"},"inLanguage":"de","potentialAction":[{"@type":"ReadAction","target":["https:\/\/test.banneux-nd.be\/de\/einschreibformular\/"]}]},{"@type":"ImageObject","inLanguage":"de","@id":"https:\/\/test.banneux-nd.be\/de\/einschreibformular\/#primaryimage","url":"https:\/\/test.banneux-nd.be\/wp-content\/uploads\/elementor\/thumbs\/NOUVEAU_Banneux_RGB_Links_tekst-otk5p60c4ammx6jede941rqf5yqtga57ewey907hew.jpg","contentUrl":"https:\/\/test.banneux-nd.be\/wp-content\/uploads\/elementor\/thumbs\/NOUVEAU_Banneux_RGB_Links_tekst-otk5p60c4ammx6jede941rqf5yqtga57ewey907hew.jpg"},{"@type":"BreadcrumbList","@id":"https:\/\/test.banneux-nd.be\/de\/einschreibformular\/#breadcrumb","itemListElement":[{"@type":"ListItem","position":1,"name":"Accueil","item":"https:\/\/test.banneux-nd.be\/de\/"},{"@type":"ListItem","position":2,"name":"Formulaire Inscription p\u00e8lerinage"}]},{"@type":"WebSite","@id":"https:\/\/test.banneux-nd.be\/de\/#website","url":"https:\/\/test.banneux-nd.be\/de\/","name":"Banneux Notre-Dame","description":"Sanctuaire de la Vierge des Pauvres (Belgique)","potentialAction":[{"@type":"SearchAction","target":{"@type":"EntryPoint","urlTemplate":"https:\/\/test.banneux-nd.be\/de\/?s={search_term_string}"},"query-input":{"@type":"PropertyValueSpecification","valueRequired":true,"valueName":"search_term_string"}}],"inLanguage":"de"}]}},"coauthors":[],"author_meta":{"author_link":"https:\/\/test.banneux-nd.be\/de\/author\/adminfr\/","display_name":"adminFR"},"relative_dates":{"created":"Ver\u00f6ffentlicht 8\u00a0Jahren vor","modified":"Aktualisiert 5\u00a0Jahren vor"},"absolute_dates":{"created":"Ver\u00f6ffentlicht am 5 M\u00e4rz 2018","modified":"Aktualisiert am 14 Juni 2021"},"absolute_dates_time":{"created":"Ver\u00f6ffentlicht am 5 M\u00e4rz 2018 22 h 08 min","modified":"Aktualisiert am 14 Juni 2021 15 h 50 min"},"featured_img_caption":"","featured_img":false,"series_order":"","_links":{"self":[{"href":"https:\/\/test.banneux-nd.be\/de\/wp-json\/wp\/v2\/pages\/7220"}],"collection":[{"href":"https:\/\/test.banneux-nd.be\/de\/wp-json\/wp\/v2\/pages"}],"about":[{"href":"https:\/\/test.banneux-nd.be\/de\/wp-json\/wp\/v2\/types\/page"}],"author":[{"embeddable":true,"href":"https:\/\/test.banneux-nd.be\/de\/wp-json\/wp\/v2\/users\/2"}],"replies":[{"embeddable":true,"href":"https:\/\/test.banneux-nd.be\/de\/wp-json\/wp\/v2\/comments?post=7220"}],"version-history":[{"count":11,"href":"https:\/\/test.banneux-nd.be\/de\/wp-json\/wp\/v2\/pages\/7220\/revisions"}],"predecessor-version":[{"id":15533,"href":"https:\/\/test.banneux-nd.be\/de\/wp-json\/wp\/v2\/pages\/7220\/revisions\/15533"}],"wp:attachment":[{"href":"https:\/\/test.banneux-nd.be\/de\/wp-json\/wp\/v2\/media?parent=7220"}],"curies":[{"name":"wp","href":"https:\/\/api.w.org\/{rel}","templated":true}]}}