{"id":7778,"date":"2018-05-11T16:03:53","date_gmt":"2018-05-11T14:03:53","guid":{"rendered":"http:\/\/wwwwp2.banneux-nd.be\/der-gebetsweg\/"},"modified":"2024-03-14T12:57:30","modified_gmt":"2024-03-14T11:57:30","slug":"der-gebetsweg","status":"publish","type":"page","link":"https:\/\/test.banneux-nd.be\/de\/der-gebetsweg\/","title":{"rendered":"Der Gebetsweg"},"content":{"rendered":"<p style=\"text-align: justify;\"><img decoding=\"async\" style=\"padding: 5px; margin-right: 5px; float: left; height: 320px; width: 480px;\" src=\"https:\/\/test.banneux-nd.be\/wp-content\/uploads\/2017\/08\/Chemin de pri\u00e8re.jpg\" alt=\"\" \/>Das Jahresthema ist eine M\u00f6glichkeit, die marianische Botschaft aufs Neue zu beleuchten und sie im Lichte der gro\u00dfen geistigen Fragen und der geschichtlichen Umw\u00e4lzungen unserer Zeit einmal mehr zu untersuchen. Das Jahresthema l\u00e4dt ein zum Gebet, zur \u00dcberlegung und zur Betrachtung. Was k\u00f6nnen wir konkret tun, um in der Liebe zu wachsen?<\/p>\n<p style=\"text-align: justify;\">Die Jungfrau der Armen spricht zu den Pilgern. Sie h\u00f6ren, wie damals Mariette, auf ihre schlichten und sch\u00f6nen Worte.<\/p>\n<p style=\"text-align: justify;\"><strong>Die Jahresthemen im liturgischen Jahr<\/strong><\/p>\n<p style=\"text-align: justify;\">Das Jahresthema steht im Heiligtum der Jungfrau der Armen im Zentrum des liturgischen Jahres und des geistigen Werdeganges, der den Pilgern vorgeschlagen wird. Es vertieft jeweils einen Aspekt der Botschaft von Banneux.<\/p>\n<p style=\"text-align: justify;\">Im Ablauf eines Pilgertages sollte dieser Gebetsweg den wichtigsten Platz einnehmen.<\/p>\n<p style=\"text-align: justify;\">Der Gebetsweg f\u00fchrt von der Erscheinungskapelle bis zur Quelle und erm\u00f6glicht es, die Botschaft von Banneux im Gebet zu verinnerlichen.<\/p>\n<p style=\"text-align: justify;\">Dieser Weg, der erstmals von Maria und Mariette beschritten wurde, aber nach 1933 auch von hunderttausenden Pilgern, bereitet das Herz vor auf eine innige Begegnung mit Jesus in den Sakramenten der Vers\u00f6hnung und der Eucharistie. Diese Begegnung wird dann noch vertieft durch Anbetung und Danksagung beim Krankensegen am Ende des Pilgertages.<\/p>\n<h2 style=\"text-align: center;\"><a href=\"https:\/\/test.banneux-nd.be\/wp-content\/uploads\/2024\/03\/chemin-de-priere-2024-D.pdf\">Der aktuelle Gebetsweg<\/a><\/h2>\n","protected":false},"excerpt":{"rendered":"<p>Das Jahresthema ist eine M\u00f6glichkeit, die marianische Botschaft aufs Neue zu beleuchten und sie im Lichte der gro\u00dfen geistigen Fragen und der geschichtlichen Umw\u00e4lzungen unserer Zeit einmal mehr zu untersuchen. Das Jahresthema l\u00e4dt ein zum Gebet, zur \u00dcberlegung und zur Betrachtung. Was k\u00f6nnen wir konkret tun, um in der Liebe zu wachsen? Die Jungfrau der Armen spricht zu den Pilgern. Sie h\u00f6ren, wie damals Mariette, auf ihre schlichten und sch\u00f6nen Worte. Die Jahresthemen im liturgischen Jahr Das Jahresthema steht im Heiligtum der Jungfrau der Armen im Zentrum des liturgischen Jahres und des geistigen Werdeganges, der den Pilgern vorgeschlagen wird. Es vertieft jeweils einen Aspekt der Botschaft von Banneux. Im Ablauf eines Pilgertages sollte dieser Gebetsweg den wichtigsten Platz einnehmen. Der&hellip;<\/p>\n","protected":false},"author":2,"featured_media":0,"parent":0,"menu_order":0,"comment_status":"closed","ping_status":"closed","template":"","meta":{"advgb_blocks_editor_width":"","advgb_blocks_columns_visual_guide":"","footnotes":""},"class_list":["post-7778","page","type-page","status-publish","hentry"],"yoast_head":"<!-- This site is optimized with the Yoast SEO plugin v25.6 - https:\/\/yoast.com\/wordpress\/plugins\/seo\/ -->\n<title>Der Gebetsweg - Banneux Notre-Dame<\/title>\n<meta name=\"robots\" content=\"index, follow, max-snippet:-1, max-image-preview:large, max-video-preview:-1\" \/>\n<link rel=\"canonical\" href=\"https:\/\/test.banneux-nd.be\/de\/der-gebetsweg\/\" \/>\n<meta property=\"og:locale\" content=\"de_DE\" \/>\n<meta property=\"og:type\" content=\"article\" \/>\n<meta property=\"og:title\" content=\"Der Gebetsweg - Banneux Notre-Dame\" \/>\n<meta property=\"og:description\" content=\"Das Jahresthema ist eine M\u00f6glichkeit, die marianische Botschaft aufs Neue zu beleuchten und sie im Lichte der gro\u00dfen geistigen Fragen und der geschichtlichen Umw\u00e4lzungen unserer Zeit einmal mehr zu untersuchen. Das Jahresthema l\u00e4dt ein zum Gebet, zur \u00dcberlegung und zur Betrachtung. Was k\u00f6nnen wir konkret tun, um in der Liebe zu wachsen? Die Jungfrau der Armen spricht zu den Pilgern. Sie h\u00f6ren, wie damals Mariette, auf ihre schlichten und sch\u00f6nen Worte. Die Jahresthemen im liturgischen Jahr Das Jahresthema steht im Heiligtum der Jungfrau der Armen im Zentrum des liturgischen Jahres und des geistigen Werdeganges, der den Pilgern vorgeschlagen wird. Es vertieft jeweils einen Aspekt der Botschaft von Banneux. Im Ablauf eines Pilgertages sollte dieser Gebetsweg den wichtigsten Platz einnehmen. Der&hellip;\" \/>\n<meta property=\"og:url\" content=\"https:\/\/test.banneux-nd.be\/de\/der-gebetsweg\/\" \/>\n<meta property=\"og:site_name\" content=\"Banneux Notre-Dame\" \/>\n<meta property=\"article:publisher\" content=\"https:\/\/www.facebook.com\/NDBanneux\/\" \/>\n<meta property=\"article:modified_time\" content=\"2024-03-14T11:57:30+00:00\" \/>\n<meta name=\"twitter:card\" content=\"summary_large_image\" \/>\n<meta name=\"twitter:label1\" content=\"Gesch\u00e4tzte Lesezeit\" \/>\n\t<meta name=\"twitter:data1\" content=\"2\u00a0Minuten\" \/>\n<script type=\"application\/ld+json\" class=\"yoast-schema-graph\">{\"@context\":\"https:\/\/schema.org\",\"@graph\":[{\"@type\":\"WebPage\",\"@id\":\"https:\/\/test.banneux-nd.be\/de\/der-gebetsweg\/\",\"url\":\"https:\/\/test.banneux-nd.be\/de\/der-gebetsweg\/\",\"name\":\"Der Gebetsweg - Banneux Notre-Dame\",\"isPartOf\":{\"@id\":\"https:\/\/test.banneux-nd.be\/de\/#website\"},\"datePublished\":\"2018-05-11T14:03:53+00:00\",\"dateModified\":\"2024-03-14T11:57:30+00:00\",\"breadcrumb\":{\"@id\":\"https:\/\/test.banneux-nd.be\/de\/der-gebetsweg\/#breadcrumb\"},\"inLanguage\":\"de\",\"potentialAction\":[{\"@type\":\"ReadAction\",\"target\":[\"https:\/\/test.banneux-nd.be\/de\/der-gebetsweg\/\"]}]},{\"@type\":\"BreadcrumbList\",\"@id\":\"https:\/\/test.banneux-nd.be\/de\/der-gebetsweg\/#breadcrumb\",\"itemListElement\":[{\"@type\":\"ListItem\",\"position\":1,\"name\":\"Accueil\",\"item\":\"https:\/\/test.banneux-nd.be\/de\/\"},{\"@type\":\"ListItem\",\"position\":2,\"name\":\"Der Gebetsweg\"}]},{\"@type\":\"WebSite\",\"@id\":\"https:\/\/test.banneux-nd.be\/de\/#website\",\"url\":\"https:\/\/test.banneux-nd.be\/de\/\",\"name\":\"Banneux Notre-Dame\",\"description\":\"Sanctuaire de la Vierge des Pauvres (Belgique)\",\"potentialAction\":[{\"@type\":\"SearchAction\",\"target\":{\"@type\":\"EntryPoint\",\"urlTemplate\":\"https:\/\/test.banneux-nd.be\/de\/?s={search_term_string}\"},\"query-input\":{\"@type\":\"PropertyValueSpecification\",\"valueRequired\":true,\"valueName\":\"search_term_string\"}}],\"inLanguage\":\"de\"}]}<\/script>\n<!-- \/ Yoast SEO plugin. -->","yoast_head_json":{"title":"Der Gebetsweg - Banneux Notre-Dame","robots":{"index":"index","follow":"follow","max-snippet":"max-snippet:-1","max-image-preview":"max-image-preview:large","max-video-preview":"max-video-preview:-1"},"canonical":"https:\/\/test.banneux-nd.be\/de\/der-gebetsweg\/","og_locale":"de_DE","og_type":"article","og_title":"Der Gebetsweg - Banneux Notre-Dame","og_description":"Das Jahresthema ist eine M\u00f6glichkeit, die marianische Botschaft aufs Neue zu beleuchten und sie im Lichte der gro\u00dfen geistigen Fragen und der geschichtlichen Umw\u00e4lzungen unserer Zeit einmal mehr zu untersuchen. Das Jahresthema l\u00e4dt ein zum Gebet, zur \u00dcberlegung und zur Betrachtung. Was k\u00f6nnen wir konkret tun, um in der Liebe zu wachsen? Die Jungfrau der Armen spricht zu den Pilgern. Sie h\u00f6ren, wie damals Mariette, auf ihre schlichten und sch\u00f6nen Worte. Die Jahresthemen im liturgischen Jahr Das Jahresthema steht im Heiligtum der Jungfrau der Armen im Zentrum des liturgischen Jahres und des geistigen Werdeganges, der den Pilgern vorgeschlagen wird. Es vertieft jeweils einen Aspekt der Botschaft von Banneux. Im Ablauf eines Pilgertages sollte dieser Gebetsweg den wichtigsten Platz einnehmen. Der&hellip;","og_url":"https:\/\/test.banneux-nd.be\/de\/der-gebetsweg\/","og_site_name":"Banneux Notre-Dame","article_publisher":"https:\/\/www.facebook.com\/NDBanneux\/","article_modified_time":"2024-03-14T11:57:30+00:00","twitter_card":"summary_large_image","twitter_misc":{"Gesch\u00e4tzte Lesezeit":"2\u00a0Minuten"},"schema":{"@context":"https:\/\/schema.org","@graph":[{"@type":"WebPage","@id":"https:\/\/test.banneux-nd.be\/de\/der-gebetsweg\/","url":"https:\/\/test.banneux-nd.be\/de\/der-gebetsweg\/","name":"Der Gebetsweg - Banneux Notre-Dame","isPartOf":{"@id":"https:\/\/test.banneux-nd.be\/de\/#website"},"datePublished":"2018-05-11T14:03:53+00:00","dateModified":"2024-03-14T11:57:30+00:00","breadcrumb":{"@id":"https:\/\/test.banneux-nd.be\/de\/der-gebetsweg\/#breadcrumb"},"inLanguage":"de","potentialAction":[{"@type":"ReadAction","target":["https:\/\/test.banneux-nd.be\/de\/der-gebetsweg\/"]}]},{"@type":"BreadcrumbList","@id":"https:\/\/test.banneux-nd.be\/de\/der-gebetsweg\/#breadcrumb","itemListElement":[{"@type":"ListItem","position":1,"name":"Accueil","item":"https:\/\/test.banneux-nd.be\/de\/"},{"@type":"ListItem","position":2,"name":"Der Gebetsweg"}]},{"@type":"WebSite","@id":"https:\/\/test.banneux-nd.be\/de\/#website","url":"https:\/\/test.banneux-nd.be\/de\/","name":"Banneux Notre-Dame","description":"Sanctuaire de la Vierge des Pauvres (Belgique)","potentialAction":[{"@type":"SearchAction","target":{"@type":"EntryPoint","urlTemplate":"https:\/\/test.banneux-nd.be\/de\/?s={search_term_string}"},"query-input":{"@type":"PropertyValueSpecification","valueRequired":true,"valueName":"search_term_string"}}],"inLanguage":"de"}]}},"coauthors":[],"author_meta":{"author_link":"https:\/\/test.banneux-nd.be\/de\/author\/adminfr\/","display_name":"adminFR"},"relative_dates":{"created":"Ver\u00f6ffentlicht 8\u00a0Jahren vor","modified":"Aktualisiert 2\u00a0Jahren vor"},"absolute_dates":{"created":"Ver\u00f6ffentlicht am 11 Mai 2018","modified":"Aktualisiert am 14 M\u00e4rz 2024"},"absolute_dates_time":{"created":"Ver\u00f6ffentlicht am 11 Mai 2018 16 h 03 min","modified":"Aktualisiert am 14 M\u00e4rz 2024 12 h 57 min"},"featured_img_caption":"","featured_img":false,"series_order":"","_links":{"self":[{"href":"https:\/\/test.banneux-nd.be\/de\/wp-json\/wp\/v2\/pages\/7778"}],"collection":[{"href":"https:\/\/test.banneux-nd.be\/de\/wp-json\/wp\/v2\/pages"}],"about":[{"href":"https:\/\/test.banneux-nd.be\/de\/wp-json\/wp\/v2\/types\/page"}],"author":[{"embeddable":true,"href":"https:\/\/test.banneux-nd.be\/de\/wp-json\/wp\/v2\/users\/2"}],"replies":[{"embeddable":true,"href":"https:\/\/test.banneux-nd.be\/de\/wp-json\/wp\/v2\/comments?post=7778"}],"version-history":[{"count":8,"href":"https:\/\/test.banneux-nd.be\/de\/wp-json\/wp\/v2\/pages\/7778\/revisions"}],"predecessor-version":[{"id":18347,"href":"https:\/\/test.banneux-nd.be\/de\/wp-json\/wp\/v2\/pages\/7778\/revisions\/18347"}],"wp:attachment":[{"href":"https:\/\/test.banneux-nd.be\/de\/wp-json\/wp\/v2\/media?parent=7778"}],"curies":[{"name":"wp","href":"https:\/\/api.w.org\/{rel}","templated":true}]}}