{"id":9028,"date":"2018-07-19T12:39:37","date_gmt":"2018-07-19T10:39:37","guid":{"rendered":"http:\/\/www.banneux-nd.be\/?page_id=9028"},"modified":"2018-08-04T19:33:15","modified_gmt":"2018-08-04T17:33:15","slug":"homelies","status":"publish","type":"page","link":"https:\/\/test.banneux-nd.be\/de\/homelies\/","title":{"rendered":"Hom\u00e9lies"},"content":{"rendered":"<p><strong>2018<\/strong><\/p>\n<ul>\n<li><a href=\"https:\/\/test.banneux-nd.be\/wp-content\/uploads\/2018\/05\/2018-05-01-Hom%C3%A9lie-Mgr-JP-Delville.pdf\" target=\"_blank\" rel=\"noopener\"><em>Heureux les pauvres de coeur !<\/em><\/a> &#8211; 1<sup>er<\/sup> mai : ouverture de la saison 2018 &#8211; Mgr Jean-Pierre Delville<\/li>\n<\/ul>\n<p><strong>2015<\/strong><\/p>\n<ul>\n<li><a href=\"https:\/\/test.banneux-nd.be\/de\/le-monde-ancien-sen-est-alle\/\" target=\"_blank\" rel=\"noopener\"><em>Un monde ancien s&#8217;en est all\u00e9<\/em><\/a> &#8211; 4<sup>\u00e8me<\/sup> dimanche de l&#8217;Avent &#8211; Ann\u00e9e C &#8211; Abb\u00e9 Leo Palm<\/li>\n<\/ul>\n<p>&nbsp;<\/p>\n<div id='gallery-1' class='gallery galleryid-9028 gallery-columns-3 gallery-size-medium'><figure class='gallery-item'>\n\t\t\t<div class='gallery-icon landscape'>\n\t\t\t\t<a href='https:\/\/test.banneux-nd.be\/de\/2018-03-29-jeudi-saint-banneux-26-2\/'><img loading=\"lazy\" decoding=\"async\" width=\"300\" height=\"150\" src=\"https:\/\/test.banneux-nd.be\/wp-content\/uploads\/2018\/04\/2018-03-29-Jeudi-saint-Banneux-26-300x150.jpg\" class=\"attachment-medium size-medium\" alt=\"\" aria-describedby=\"gallery-1-6799\" srcset=\"https:\/\/test.banneux-nd.be\/wp-content\/uploads\/2018\/04\/2018-03-29-Jeudi-saint-Banneux-26-300x150.jpg 300w, https:\/\/test.banneux-nd.be\/wp-content\/uploads\/2018\/04\/2018-03-29-Jeudi-saint-Banneux-26-768x383.jpg 768w, https:\/\/test.banneux-nd.be\/wp-content\/uploads\/2018\/04\/2018-03-29-Jeudi-saint-Banneux-26-1024x511.jpg 1024w, https:\/\/test.banneux-nd.be\/wp-content\/uploads\/2018\/04\/2018-03-29-Jeudi-saint-Banneux-26.jpg 1200w\" sizes=\"(max-width: 300px) 100vw, 300px\" \/><\/a>\n\t\t\t<\/div>\n\t\t\t\t<figcaption class='wp-caption-text gallery-caption' id='gallery-1-6799'>\n\t\t\t\tJeudi saint 2018 &#8211; Abb\u00e9 Leo Palm\n\t\t\t\t<\/figcaption><\/figure><figure class='gallery-item'>\n\t\t\t<div class='gallery-icon landscape'>\n\t\t\t\t<a href='https:\/\/test.banneux-nd.be\/de\/2018-05-01-banneux-messe-internationale-160-pf-2\/'><img loading=\"lazy\" decoding=\"async\" width=\"300\" height=\"200\" src=\"https:\/\/test.banneux-nd.be\/wp-content\/uploads\/2018\/08\/2018-05-01-Banneux-Messe-internationale-160-PF-300x200.jpg\" class=\"attachment-medium size-medium\" alt=\"\" aria-describedby=\"gallery-1-10061\" srcset=\"https:\/\/test.banneux-nd.be\/wp-content\/uploads\/2018\/08\/2018-05-01-Banneux-Messe-internationale-160-PF-300x200.jpg 300w, https:\/\/test.banneux-nd.be\/wp-content\/uploads\/2018\/08\/2018-05-01-Banneux-Messe-internationale-160-PF-768x512.jpg 768w, https:\/\/test.banneux-nd.be\/wp-content\/uploads\/2018\/08\/2018-05-01-Banneux-Messe-internationale-160-PF-1024x683.jpg 1024w, https:\/\/test.banneux-nd.be\/wp-content\/uploads\/2018\/08\/2018-05-01-Banneux-Messe-internationale-160-PF.jpg 1200w\" sizes=\"(max-width: 300px) 100vw, 300px\" \/><\/a>\n\t\t\t<\/div>\n\t\t\t\t<figcaption class='wp-caption-text gallery-caption' id='gallery-1-10061'>\n\t\t\t\t1er mai 2018 &#8211; Mgr Jean-Pierre Delville\n\t\t\t\t<\/figcaption><\/figure><figure class='gallery-item'>\n\t\t\t<div class='gallery-icon landscape'>\n\t\t\t\t<a href='https:\/\/test.banneux-nd.be\/de\/2018-05-01-banneux-messe-internationale-128-pf-2\/'><img loading=\"lazy\" decoding=\"async\" width=\"300\" height=\"231\" src=\"https:\/\/test.banneux-nd.be\/wp-content\/uploads\/2018\/08\/2018-05-01-Banneux-Messe-internationale-128-PF-300x231.jpg\" class=\"attachment-medium size-medium\" alt=\"\" aria-describedby=\"gallery-1-10055\" srcset=\"https:\/\/test.banneux-nd.be\/wp-content\/uploads\/2018\/08\/2018-05-01-Banneux-Messe-internationale-128-PF-300x231.jpg 300w, https:\/\/test.banneux-nd.be\/wp-content\/uploads\/2018\/08\/2018-05-01-Banneux-Messe-internationale-128-PF-768x590.jpg 768w, https:\/\/test.banneux-nd.be\/wp-content\/uploads\/2018\/08\/2018-05-01-Banneux-Messe-internationale-128-PF-1024x787.jpg 1024w, https:\/\/test.banneux-nd.be\/wp-content\/uploads\/2018\/08\/2018-05-01-Banneux-Messe-internationale-128-PF.jpg 1200w\" sizes=\"(max-width: 300px) 100vw, 300px\" \/><\/a>\n\t\t\t<\/div>\n\t\t\t\t<figcaption class='wp-caption-text gallery-caption' id='gallery-1-10055'>\n\t\t\t\t1er mai 2018 &#8211; Mgr Jean-Pierre Delville\n\t\t\t\t<\/figcaption><\/figure>\n\t\t<\/div>\n\n<p>&nbsp;<\/p>\n","protected":false},"excerpt":{"rendered":"<p>2018 Heureux les pauvres de coeur ! &#8211; 1er mai : ouverture de la saison 2018 &#8211; Mgr Jean-Pierre Delville 2015 Un monde ancien s&#8217;en est all\u00e9 &#8211; 4\u00e8me dimanche de l&#8217;Avent &#8211; Ann\u00e9e C &#8211; Abb\u00e9 Leo Palm &nbsp; &nbsp;<\/p>\n","protected":false},"author":4,"featured_media":0,"parent":0,"menu_order":0,"comment_status":"closed","ping_status":"closed","template":"","meta":{"advgb_blocks_editor_width":"","advgb_blocks_columns_visual_guide":"","footnotes":""},"class_list":["post-9028","page","type-page","status-publish","hentry"],"yoast_head":"<!-- This site is optimized with the Yoast SEO plugin v25.6 - https:\/\/yoast.com\/wordpress\/plugins\/seo\/ -->\n<title>Hom\u00e9lies - Banneux Notre-Dame<\/title>\n<meta name=\"robots\" content=\"index, follow, max-snippet:-1, max-image-preview:large, max-video-preview:-1\" \/>\n<link rel=\"canonical\" href=\"https:\/\/test.banneux-nd.be\/de\/homelies\/\" \/>\n<meta property=\"og:locale\" content=\"de_DE\" \/>\n<meta property=\"og:type\" content=\"article\" \/>\n<meta property=\"og:title\" content=\"Hom\u00e9lies - Banneux Notre-Dame\" \/>\n<meta property=\"og:description\" content=\"2018 Heureux les pauvres de coeur ! &#8211; 1er mai : ouverture de la saison 2018 &#8211; Mgr Jean-Pierre Delville 2015 Un monde ancien s&#8217;en est all\u00e9 &#8211; 4\u00e8me dimanche de l&#8217;Avent &#8211; Ann\u00e9e C &#8211; Abb\u00e9 Leo Palm &nbsp; &nbsp;\" \/>\n<meta property=\"og:url\" content=\"https:\/\/test.banneux-nd.be\/de\/homelies\/\" \/>\n<meta property=\"og:site_name\" content=\"Banneux Notre-Dame\" \/>\n<meta property=\"article:publisher\" content=\"https:\/\/www.facebook.com\/NDBanneux\/\" \/>\n<meta property=\"article:modified_time\" content=\"2018-08-04T17:33:15+00:00\" \/>\n<meta property=\"og:image\" content=\"https:\/\/test.banneux-nd.be\/wp-content\/uploads\/2018\/08\/2018-05-01-Banneux-Messe-internationale-128-PF-300x231.jpg\" \/>\n<meta name=\"twitter:card\" content=\"summary_large_image\" \/>\n<script type=\"application\/ld+json\" class=\"yoast-schema-graph\">{\"@context\":\"https:\/\/schema.org\",\"@graph\":[{\"@type\":\"WebPage\",\"@id\":\"https:\/\/test.banneux-nd.be\/de\/homelies\/\",\"url\":\"https:\/\/test.banneux-nd.be\/de\/homelies\/\",\"name\":\"Hom\u00e9lies - Banneux Notre-Dame\",\"isPartOf\":{\"@id\":\"https:\/\/test.banneux-nd.be\/de\/#website\"},\"datePublished\":\"2018-07-19T10:39:37+00:00\",\"dateModified\":\"2018-08-04T17:33:15+00:00\",\"breadcrumb\":{\"@id\":\"https:\/\/test.banneux-nd.be\/de\/homelies\/#breadcrumb\"},\"inLanguage\":\"de\",\"potentialAction\":[{\"@type\":\"ReadAction\",\"target\":[\"https:\/\/test.banneux-nd.be\/de\/homelies\/\"]}]},{\"@type\":\"BreadcrumbList\",\"@id\":\"https:\/\/test.banneux-nd.be\/de\/homelies\/#breadcrumb\",\"itemListElement\":[{\"@type\":\"ListItem\",\"position\":1,\"name\":\"Accueil\",\"item\":\"https:\/\/test.banneux-nd.be\/de\/\"},{\"@type\":\"ListItem\",\"position\":2,\"name\":\"Hom\u00e9lies\"}]},{\"@type\":\"WebSite\",\"@id\":\"https:\/\/test.banneux-nd.be\/de\/#website\",\"url\":\"https:\/\/test.banneux-nd.be\/de\/\",\"name\":\"Banneux Notre-Dame\",\"description\":\"Sanctuaire de la Vierge des Pauvres (Belgique)\",\"potentialAction\":[{\"@type\":\"SearchAction\",\"target\":{\"@type\":\"EntryPoint\",\"urlTemplate\":\"https:\/\/test.banneux-nd.be\/de\/?s={search_term_string}\"},\"query-input\":{\"@type\":\"PropertyValueSpecification\",\"valueRequired\":true,\"valueName\":\"search_term_string\"}}],\"inLanguage\":\"de\"}]}<\/script>\n<!-- \/ Yoast SEO plugin. -->","yoast_head_json":{"title":"Hom\u00e9lies - Banneux Notre-Dame","robots":{"index":"index","follow":"follow","max-snippet":"max-snippet:-1","max-image-preview":"max-image-preview:large","max-video-preview":"max-video-preview:-1"},"canonical":"https:\/\/test.banneux-nd.be\/de\/homelies\/","og_locale":"de_DE","og_type":"article","og_title":"Hom\u00e9lies - Banneux Notre-Dame","og_description":"2018 Heureux les pauvres de coeur ! &#8211; 1er mai : ouverture de la saison 2018 &#8211; Mgr Jean-Pierre Delville 2015 Un monde ancien s&#8217;en est all\u00e9 &#8211; 4\u00e8me dimanche de l&#8217;Avent &#8211; Ann\u00e9e C &#8211; Abb\u00e9 Leo Palm &nbsp; &nbsp;","og_url":"https:\/\/test.banneux-nd.be\/de\/homelies\/","og_site_name":"Banneux Notre-Dame","article_publisher":"https:\/\/www.facebook.com\/NDBanneux\/","article_modified_time":"2018-08-04T17:33:15+00:00","og_image":[{"url":"https:\/\/test.banneux-nd.be\/wp-content\/uploads\/2018\/08\/2018-05-01-Banneux-Messe-internationale-128-PF-300x231.jpg","type":"","width":"","height":""}],"twitter_card":"summary_large_image","schema":{"@context":"https:\/\/schema.org","@graph":[{"@type":"WebPage","@id":"https:\/\/test.banneux-nd.be\/de\/homelies\/","url":"https:\/\/test.banneux-nd.be\/de\/homelies\/","name":"Hom\u00e9lies - Banneux Notre-Dame","isPartOf":{"@id":"https:\/\/test.banneux-nd.be\/de\/#website"},"datePublished":"2018-07-19T10:39:37+00:00","dateModified":"2018-08-04T17:33:15+00:00","breadcrumb":{"@id":"https:\/\/test.banneux-nd.be\/de\/homelies\/#breadcrumb"},"inLanguage":"de","potentialAction":[{"@type":"ReadAction","target":["https:\/\/test.banneux-nd.be\/de\/homelies\/"]}]},{"@type":"BreadcrumbList","@id":"https:\/\/test.banneux-nd.be\/de\/homelies\/#breadcrumb","itemListElement":[{"@type":"ListItem","position":1,"name":"Accueil","item":"https:\/\/test.banneux-nd.be\/de\/"},{"@type":"ListItem","position":2,"name":"Hom\u00e9lies"}]},{"@type":"WebSite","@id":"https:\/\/test.banneux-nd.be\/de\/#website","url":"https:\/\/test.banneux-nd.be\/de\/","name":"Banneux Notre-Dame","description":"Sanctuaire de la Vierge des Pauvres (Belgique)","potentialAction":[{"@type":"SearchAction","target":{"@type":"EntryPoint","urlTemplate":"https:\/\/test.banneux-nd.be\/de\/?s={search_term_string}"},"query-input":{"@type":"PropertyValueSpecification","valueRequired":true,"valueName":"search_term_string"}}],"inLanguage":"de"}]}},"coauthors":[],"author_meta":{"author_link":"https:\/\/test.banneux-nd.be\/de\/author\/dreusdeille\/","display_name":"Anne-Elisabeth N\u00e8ve"},"relative_dates":{"created":"Posted 8\u00a0Jahren ago","modified":"Updated 8\u00a0Jahren ago"},"absolute_dates":{"created":"Posted on 19 Juli 2018","modified":"Updated on 4 August 2018"},"absolute_dates_time":{"created":"Posted on 19 Juli 2018 12 h 39 min","modified":"Updated on 4 August 2018 19 h 33 min"},"featured_img_caption":"","featured_img":false,"series_order":"","_links":{"self":[{"href":"https:\/\/test.banneux-nd.be\/de\/wp-json\/wp\/v2\/pages\/9028"}],"collection":[{"href":"https:\/\/test.banneux-nd.be\/de\/wp-json\/wp\/v2\/pages"}],"about":[{"href":"https:\/\/test.banneux-nd.be\/de\/wp-json\/wp\/v2\/types\/page"}],"author":[{"embeddable":true,"href":"https:\/\/test.banneux-nd.be\/de\/wp-json\/wp\/v2\/users\/4"}],"replies":[{"embeddable":true,"href":"https:\/\/test.banneux-nd.be\/de\/wp-json\/wp\/v2\/comments?post=9028"}],"version-history":[{"count":5,"href":"https:\/\/test.banneux-nd.be\/de\/wp-json\/wp\/v2\/pages\/9028\/revisions"}],"predecessor-version":[{"id":10065,"href":"https:\/\/test.banneux-nd.be\/de\/wp-json\/wp\/v2\/pages\/9028\/revisions\/10065"}],"wp:attachment":[{"href":"https:\/\/test.banneux-nd.be\/de\/wp-json\/wp\/v2\/media?parent=9028"}],"curies":[{"name":"wp","href":"https:\/\/api.w.org\/{rel}","templated":true}]}}