{"id":6308,"date":"2018-03-09T18:50:01","date_gmt":"2018-03-09T17:50:01","guid":{"rendered":"http:\/\/wwwwp2.banneux-nd.be\/banneux-and-its-networks\/"},"modified":"2018-05-13T21:17:19","modified_gmt":"2018-05-13T19:17:19","slug":"banneux-and-its-networks","status":"publish","type":"page","link":"https:\/\/test.banneux-nd.be\/en\/banneux-and-its-networks\/","title":{"rendered":"Banneux and its networks"},"content":{"rendered":"<p style=\"text-align: justify;\">Ever since the Apparitions, the Shrine of the Virgin of the Poor is represented in various Marian associations and pilgrimage site coalitions. It participates actively in the <strong>European Marian Network<\/strong> (<em>R\u00e9seau Marial Europ\u00e9en,<\/em> <em>RME<\/em>), the Association of Shrine Rectors (<em>l\u2019Association des Recteurs de Sanctuaires, ARS<\/em>), the Association of Marian Works (<em>l\u2019Association des Oeuvres mariales, AOM<\/em>), and the National Association of Diocesan Pilgrimage Directors (<em>l\u2019Association nationale des Directeurs dioc\u00e9sains de P\u00e8lerinages, ANDDP<\/em>).<\/p>\n<hr \/>\n<h4 style=\"text-align: left;\"><strong>1. L&#8217;<em>Union internationale de Pri\u00e8re<\/em>\u00a0(UIP)<\/strong><\/h4>\n<p class=\"rtejustify\" style=\"text-align: justify;\">3 times, during the Apparitions, Maria asked Mariette: <em>pray a lot!\u00a0<\/em>The\u00a0<em>Union internationale de Pri\u00e8re<\/em>\u00a0(UIP) started in 1934, thanks to chapelain Louis Jamin.\u00a0This UIP still exists. Their members commit themselves to pray every day the <a href=\"http:\/\/wwwwp2.banneux-nd.be\/en\/prayers-from-banneux\/\" target=\"_blank\" rel=\"noopener\">Prayer to the Virgin of the Poors<\/a>, the\u00a0<a href=\"http:\/\/wwwwp2.banneux-nd.be\/en\/prayers-from-banneux\/\" target=\"_blank\" rel=\"noopener\">invocations<\/a>\u00a0and the Rosary.\u00a0They are specially invited to pray for the Church, their own diocese, the vocations and the sanctity of the priests.<\/p>\n<hr \/>\n<p class=\"rtejustify\" style=\"text-align: justify;\">2. The <strong><em>European Marian Network<\/em><\/strong><\/p>\n<p class=\"chapo\" style=\"text-align: justify;\">The <em><strong>European Marian Network<\/strong><\/em> links 21 sanctuaries from different countries. The European Marian Network was formed in 2003 with the encouragement of Rome. The number of sanctuaries is the same as the number of decades in the Rosary. Under different titles, the Blessed Virgin Mary is venerated in every country in different ways and by different Christian confessions. May Mary help nations to grow in union with each other and bring unity between all Christians.<\/p>\n<p class=\"mise_en_avant_neutre\" style=\"text-align: justify;\">The Sanctuary Animators from the members of the Network meet each year to get to know each other better and, above all, to understand better the needs of the millions of pilgrims and visitors who frequent these Sanctuaries.<\/p>\n<h4>List of the 21 sanctuaries in the network:<\/h4>\n<ol>\n<li><strong>Alt\u00f6tting (Germany) &#8211; Our Lady of Grace\u00a0<\/strong><a href=\"http:\/\/www.altoetting-wallfahrt.de\/\" target=\"_blank\" rel=\"noopener\">www.altoetting-wallfahrt.de<\/a><\/li>\n<li><strong>Banneux (Belgium) &#8211; The Virgin of the poor\u00a0<\/strong><a href=\"https:\/\/test.banneux-nd.be\/\" target=\"_blank\" rel=\"noopener\">www.banneux-nd.be<\/a><\/li>\n<li><strong>Brezje (Slovenia) &#8211; Mary Help of Christians<\/strong>\u00a0<a href=\"http:\/\/www.marija.si\/\" target=\"_blank\" rel=\"noopener\">www.marija.si<\/a><\/li>\n<li><strong>Cs\u00edksomly\u00f3 (Romania) &#8211; Our Lady of Cs\u00edksomly\u00f3\u00a0<\/strong><a href=\"http:\/\/www.csiksomlyo.ro\/\" target=\"_blank\" rel=\"noopener\">www.csiksomlyo.ro<\/a><\/li>\n<li><strong>Czestochowa (Poland) &#8211; Our Lady, Queen of Poland<\/strong>\u00a0<a href=\"http:\/\/www.jasnagora.pl\/\" target=\"_blank\" rel=\"noopener\">www.jasnagora.pl<\/a><\/li>\n<li><strong>Einsiedeln (Swiss) &#8211; Our Lady of the hermits\u00a0<\/strong><a href=\"http:\/\/www.kloster-einsiedeln.ch\/\" target=\"_blank\" rel=\"noopener\">www.kloster-einsiedeln.ch\u00a0<\/a><\/li>\n<li><strong>Fatima (Portugal) &#8211; Queen of the peace in the world<\/strong>\u00a0<a href=\"http:\/\/www.fatima.pt\/\" target=\"_blank\" rel=\"noopener\">www.fatima.pt<\/a><\/li>\n<li><strong>Gibraltar &#8211; Our Lady of Europa<\/strong>\u00a0<a href=\"http:\/\/www.ourladyofeurope.net\/\" target=\"_blank\" rel=\"noopener\">www.ourladyofeurope.net<\/a><\/li>\n<li><strong>\u00a0Knock (Ireland) &#8211; Our Lady, Queen of Ireland\u00a0<\/strong><a href=\"http:\/\/www.knock-shrine.ie\/\" target=\"_blank\" rel=\"noopener\">www.knock-shrine.ie<\/a><\/li>\n<li><strong>Levoca (Slovakia) &#8211; Our Lady of the Visitation\u00a0<\/strong><a href=\"http:\/\/www.levoca.sk\/\" target=\"_blank\" rel=\"noopener\">www.levoca.sk<\/a><\/li>\n<li><strong>Loreto (Italia) &#8211; The \u00ab Santa Casa \u00bb\u00a0<\/strong><a href=\"http:\/\/www.santuarioloreto.it\/\" target=\"_blank\" rel=\"noopener\">www.santuarioloreto.it<\/a><\/li>\n<li><strong>Lourdes (France) &#8211; The Immaculate Conception\u00a0<\/strong><a href=\"http:\/\/fr.lourdes-france.org\/\">www.lourdes-france.org<\/a><\/li>\n<li><strong>M\u00e1riap\u00f3cs (Hungary) &#8211; Our Lady of M\u00e1riap\u00f3cs\u00a0<\/strong><a href=\"http:\/\/www.bucsujaras.hu\/mariapocs\" target=\"_blank\" rel=\"noopener\">www.bucsujaras.hu\/mariapocs<\/a><\/li>\n<li><strong>Mariazell (Austria) &#8211; The Big Mother of Austria<\/strong>\u00a0<a href=\"http:\/\/www.basilika-mariazell.at\/\" target=\"_blank\" rel=\"noopener\">www.basilika-mariazell.at<\/a><\/li>\n<li><strong>Marija Bistrica (Croatia) &#8211; Mary of snow\u00a0<\/strong><a href=\"http:\/\/www.info-marija-bistrica.hr\/\" target=\"_blank\" rel=\"noopener\">www.marija-bistrica.hr<\/a><\/li>\n<li><strong>Malta &#8211; Our Lady of Mellieha\u00a0<\/strong><a href=\"http:\/\/www.mellieha.com\/\" target=\"_blank\" rel=\"noopener\">www.mellieha.com<\/a><\/li>\n<li><strong>Vilnius (Lithuania) &#8211; Our Lady of the Gate of Dawn\u00a0<\/strong><a href=\"http:\/\/www.ausrosvartai.lt\/\" target=\"_blank\" rel=\"noopener\">www.ausrosvartai.lt<\/a><\/li>\n<li><strong>Walsingham (England) &#8211; The Holy House of Annunciation\u00a0<\/strong><a href=\"http:\/\/www.walsingham.org.uk\/\" target=\"_blank\" rel=\"noopener\">www.walsingham.org.uk<\/a><\/li>\n<li><strong>Zaragoza (Spain) &#8211; Our Lady of Pilar\u00a0<\/strong><a href=\"http:\/\/www.arzobispadodezaragoza.org\/\" target=\"_blank\" rel=\"noopener\">www.basilicadelpilar.es<\/a><\/li>\n<li><strong>Zarvanyzia (Ukraine) &#8211; The Mother of God in Zarvanyzia<\/strong><\/li>\n<li><strong>M\u00e1travereb\u00e9ly (Hungary) &#8211; Our Lady of M\u00e1travereb\u00e9ly\u00a0<\/strong><a href=\"http:\/\/www.matraverebely-szentkut.lap.hu\/\" target=\"_blank\" rel=\"noopener\">www.matraverebely-szentkut.lap.hu<\/a><\/li>\n<\/ol>\n<hr \/>\n<p>&nbsp;<\/p>\n","protected":false},"excerpt":{"rendered":"<p>Ever since the Apparitions, the Shrine of the Virgin of the Poor is represented in various Marian associations and pilgrimage site coalitions. It participates actively in the European Marian Network (R\u00e9seau Marial Europ\u00e9en, RME), the Association of Shrine Rectors (l\u2019Association des Recteurs de Sanctuaires, ARS), the Association of Marian Works (l\u2019Association des Oeuvres mariales, AOM), and the National Association of Diocesan Pilgrimage Directors (l\u2019Association nationale des Directeurs dioc\u00e9sains de P\u00e8lerinages, ANDDP). 1. L&#8217;Union internationale de Pri\u00e8re\u00a0(UIP) 3 times, during the Apparitions, Maria asked Mariette: pray a lot!\u00a0The\u00a0Union internationale de Pri\u00e8re\u00a0(UIP) started in 1934, thanks to chapelain Louis Jamin.\u00a0This UIP still exists. Their members commit themselves to pray every day the Prayer to the Virgin of the Poors, the\u00a0invocations\u00a0and the Rosary.\u00a0They&hellip;<\/p>\n","protected":false},"author":4,"featured_media":0,"parent":0,"menu_order":0,"comment_status":"closed","ping_status":"closed","template":"","meta":{"advgb_blocks_editor_width":"","advgb_blocks_columns_visual_guide":"","footnotes":""},"class_list":["post-6308","page","type-page","status-publish","hentry"],"yoast_head":"<!-- This site is optimized with the Yoast SEO plugin v25.6 - https:\/\/yoast.com\/wordpress\/plugins\/seo\/ -->\n<title>Banneux and its networks - Banneux Notre-Dame<\/title>\n<meta name=\"robots\" content=\"index, follow, max-snippet:-1, max-image-preview:large, max-video-preview:-1\" \/>\n<link rel=\"canonical\" href=\"https:\/\/test.banneux-nd.be\/en\/banneux-and-its-networks\/\" \/>\n<meta property=\"og:locale\" content=\"en_US\" \/>\n<meta property=\"og:type\" content=\"article\" \/>\n<meta property=\"og:title\" content=\"Banneux and its networks - Banneux Notre-Dame\" \/>\n<meta property=\"og:description\" content=\"Ever since the Apparitions, the Shrine of the Virgin of the Poor is represented in various Marian associations and pilgrimage site coalitions. It participates actively in the European Marian Network (R\u00e9seau Marial Europ\u00e9en, RME), the Association of Shrine Rectors (l\u2019Association des Recteurs de Sanctuaires, ARS), the Association of Marian Works (l\u2019Association des Oeuvres mariales, AOM), and the National Association of Diocesan Pilgrimage Directors (l\u2019Association nationale des Directeurs dioc\u00e9sains de P\u00e8lerinages, ANDDP). 1. L&#8217;Union internationale de Pri\u00e8re\u00a0(UIP) 3 times, during the Apparitions, Maria asked Mariette: pray a lot!\u00a0The\u00a0Union internationale de Pri\u00e8re\u00a0(UIP) started in 1934, thanks to chapelain Louis Jamin.\u00a0This UIP still exists. Their members commit themselves to pray every day the Prayer to the Virgin of the Poors, the\u00a0invocations\u00a0and the Rosary.\u00a0They&hellip;\" \/>\n<meta property=\"og:url\" content=\"https:\/\/test.banneux-nd.be\/en\/banneux-and-its-networks\/\" \/>\n<meta property=\"og:site_name\" content=\"Banneux Notre-Dame\" \/>\n<meta property=\"article:publisher\" content=\"https:\/\/www.facebook.com\/NDBanneux\/\" \/>\n<meta property=\"article:modified_time\" content=\"2018-05-13T19:17:19+00:00\" \/>\n<meta name=\"twitter:card\" content=\"summary_large_image\" \/>\n<meta name=\"twitter:label1\" content=\"Est. reading time\" \/>\n\t<meta name=\"twitter:data1\" content=\"3 minutes\" \/>\n<script type=\"application\/ld+json\" class=\"yoast-schema-graph\">{\"@context\":\"https:\/\/schema.org\",\"@graph\":[{\"@type\":\"WebPage\",\"@id\":\"https:\/\/test.banneux-nd.be\/en\/banneux-and-its-networks\/\",\"url\":\"https:\/\/test.banneux-nd.be\/en\/banneux-and-its-networks\/\",\"name\":\"Banneux and its networks - Banneux Notre-Dame\",\"isPartOf\":{\"@id\":\"https:\/\/test.banneux-nd.be\/en\/#website\"},\"datePublished\":\"2018-03-09T17:50:01+00:00\",\"dateModified\":\"2018-05-13T19:17:19+00:00\",\"breadcrumb\":{\"@id\":\"https:\/\/test.banneux-nd.be\/en\/banneux-and-its-networks\/#breadcrumb\"},\"inLanguage\":\"en-US\",\"potentialAction\":[{\"@type\":\"ReadAction\",\"target\":[\"https:\/\/test.banneux-nd.be\/en\/banneux-and-its-networks\/\"]}]},{\"@type\":\"BreadcrumbList\",\"@id\":\"https:\/\/test.banneux-nd.be\/en\/banneux-and-its-networks\/#breadcrumb\",\"itemListElement\":[{\"@type\":\"ListItem\",\"position\":1,\"name\":\"Accueil\",\"item\":\"https:\/\/test.banneux-nd.be\/en\/\"},{\"@type\":\"ListItem\",\"position\":2,\"name\":\"Banneux and its networks\"}]},{\"@type\":\"WebSite\",\"@id\":\"https:\/\/test.banneux-nd.be\/en\/#website\",\"url\":\"https:\/\/test.banneux-nd.be\/en\/\",\"name\":\"Banneux Notre-Dame\",\"description\":\"Sanctuaire de la Vierge des Pauvres (Belgique)\",\"potentialAction\":[{\"@type\":\"SearchAction\",\"target\":{\"@type\":\"EntryPoint\",\"urlTemplate\":\"https:\/\/test.banneux-nd.be\/en\/?s={search_term_string}\"},\"query-input\":{\"@type\":\"PropertyValueSpecification\",\"valueRequired\":true,\"valueName\":\"search_term_string\"}}],\"inLanguage\":\"en-US\"}]}<\/script>\n<!-- \/ Yoast SEO plugin. -->","yoast_head_json":{"title":"Banneux and its networks - Banneux Notre-Dame","robots":{"index":"index","follow":"follow","max-snippet":"max-snippet:-1","max-image-preview":"max-image-preview:large","max-video-preview":"max-video-preview:-1"},"canonical":"https:\/\/test.banneux-nd.be\/en\/banneux-and-its-networks\/","og_locale":"en_US","og_type":"article","og_title":"Banneux and its networks - Banneux Notre-Dame","og_description":"Ever since the Apparitions, the Shrine of the Virgin of the Poor is represented in various Marian associations and pilgrimage site coalitions. It participates actively in the European Marian Network (R\u00e9seau Marial Europ\u00e9en, RME), the Association of Shrine Rectors (l\u2019Association des Recteurs de Sanctuaires, ARS), the Association of Marian Works (l\u2019Association des Oeuvres mariales, AOM), and the National Association of Diocesan Pilgrimage Directors (l\u2019Association nationale des Directeurs dioc\u00e9sains de P\u00e8lerinages, ANDDP). 1. L&#8217;Union internationale de Pri\u00e8re\u00a0(UIP) 3 times, during the Apparitions, Maria asked Mariette: pray a lot!\u00a0The\u00a0Union internationale de Pri\u00e8re\u00a0(UIP) started in 1934, thanks to chapelain Louis Jamin.\u00a0This UIP still exists. Their members commit themselves to pray every day the Prayer to the Virgin of the Poors, the\u00a0invocations\u00a0and the Rosary.\u00a0They&hellip;","og_url":"https:\/\/test.banneux-nd.be\/en\/banneux-and-its-networks\/","og_site_name":"Banneux Notre-Dame","article_publisher":"https:\/\/www.facebook.com\/NDBanneux\/","article_modified_time":"2018-05-13T19:17:19+00:00","twitter_card":"summary_large_image","twitter_misc":{"Est. reading time":"3 minutes"},"schema":{"@context":"https:\/\/schema.org","@graph":[{"@type":"WebPage","@id":"https:\/\/test.banneux-nd.be\/en\/banneux-and-its-networks\/","url":"https:\/\/test.banneux-nd.be\/en\/banneux-and-its-networks\/","name":"Banneux and its networks - Banneux Notre-Dame","isPartOf":{"@id":"https:\/\/test.banneux-nd.be\/en\/#website"},"datePublished":"2018-03-09T17:50:01+00:00","dateModified":"2018-05-13T19:17:19+00:00","breadcrumb":{"@id":"https:\/\/test.banneux-nd.be\/en\/banneux-and-its-networks\/#breadcrumb"},"inLanguage":"en-US","potentialAction":[{"@type":"ReadAction","target":["https:\/\/test.banneux-nd.be\/en\/banneux-and-its-networks\/"]}]},{"@type":"BreadcrumbList","@id":"https:\/\/test.banneux-nd.be\/en\/banneux-and-its-networks\/#breadcrumb","itemListElement":[{"@type":"ListItem","position":1,"name":"Accueil","item":"https:\/\/test.banneux-nd.be\/en\/"},{"@type":"ListItem","position":2,"name":"Banneux and its networks"}]},{"@type":"WebSite","@id":"https:\/\/test.banneux-nd.be\/en\/#website","url":"https:\/\/test.banneux-nd.be\/en\/","name":"Banneux Notre-Dame","description":"Sanctuaire de la Vierge des Pauvres (Belgique)","potentialAction":[{"@type":"SearchAction","target":{"@type":"EntryPoint","urlTemplate":"https:\/\/test.banneux-nd.be\/en\/?s={search_term_string}"},"query-input":{"@type":"PropertyValueSpecification","valueRequired":true,"valueName":"search_term_string"}}],"inLanguage":"en-US"}]}},"coauthors":[],"author_meta":{"author_link":"https:\/\/test.banneux-nd.be\/en\/author\/dreusdeille\/","display_name":"Anne-Elisabeth N\u00e8ve"},"relative_dates":{"created":"Posted 8 years ago","modified":"Updated 8 years ago"},"absolute_dates":{"created":"Posted on 9 March 2018","modified":"Updated on 13 May 2018"},"absolute_dates_time":{"created":"Posted on 9 March 2018 18 h 50 min","modified":"Updated on 13 May 2018 21 h 17 min"},"featured_img_caption":"","featured_img":false,"series_order":"","_links":{"self":[{"href":"https:\/\/test.banneux-nd.be\/en\/wp-json\/wp\/v2\/pages\/6308"}],"collection":[{"href":"https:\/\/test.banneux-nd.be\/en\/wp-json\/wp\/v2\/pages"}],"about":[{"href":"https:\/\/test.banneux-nd.be\/en\/wp-json\/wp\/v2\/types\/page"}],"author":[{"embeddable":true,"href":"https:\/\/test.banneux-nd.be\/en\/wp-json\/wp\/v2\/users\/4"}],"replies":[{"embeddable":true,"href":"https:\/\/test.banneux-nd.be\/en\/wp-json\/wp\/v2\/comments?post=6308"}],"version-history":[{"count":0,"href":"https:\/\/test.banneux-nd.be\/en\/wp-json\/wp\/v2\/pages\/6308\/revisions"}],"wp:attachment":[{"href":"https:\/\/test.banneux-nd.be\/en\/wp-json\/wp\/v2\/media?parent=6308"}],"curies":[{"name":"wp","href":"https:\/\/api.w.org\/{rel}","templated":true}]}}