{"id":7175,"date":"2018-04-25T23:52:18","date_gmt":"2018-04-25T21:52:18","guid":{"rendered":"http:\/\/wwwwp2.banneux-nd.be\/les-lieux\/"},"modified":"2018-05-05T17:17:05","modified_gmt":"2018-05-05T15:17:05","slug":"map-and-places","status":"publish","type":"page","link":"https:\/\/test.banneux-nd.be\/en\/map-and-places\/","title":{"rendered":"Map and places"},"content":{"rendered":"<p style=\"text-align: center;\"><div id=\"image-map-pro-9054\"><\/div><\/p>\n<table border=\"0\" width=\"90%\">\n<tbody>\n<tr>\n<td width=\"17%\">\n<ol>\n<li><a href=\"http:\/\/wwwwp2.banneux-nd.be\/en\/chapel-of-apparitions\/\" target=\"_blank\" rel=\"noopener\">Chapel of the Apparitions<\/a><\/li>\n<li>Maison Beco<\/li>\n<li>Sacristie<\/li>\n<li>Confessionnaux &#8211; parloirs<\/li>\n<li>Chapelle du Saint-Sacrement \u2013 Confessionnaux<\/li>\n<li>Chapelle de la Croix<\/li>\n<li>Salle de projection<\/li>\n<li>Abri du Cur\u00e9 d\u2019Ars &#8211; Secr\u00e9tariat G\u00e9n\u00e9ral<\/li>\n<li>Bureau d&#8217;information et Office du Tourisme<\/li>\n<li>Chapelle de la Protection de la M\u00e8re de Dieu<\/li>\n<li>M\u00e9morial de Mgr Kerkhofs<\/li>\n<li>Sainte Anne<\/li>\n<li>La Visitation<\/li>\n<li>Chapelles des \u00ab\u00a07 douleurs de Marie\u00a0\u00bb<\/li>\n<li>Monument de l\u2019Union Internat. de Pri\u00e8re<\/li>\n<li><a href=\"http:\/\/wwwwp2.banneux-nd.be\/en\/the-spring\/\" target=\"_blank\" rel=\"noopener\">The Spring<\/a><\/li>\n<li>Statue de saint Louis-Marie Grignion de Montfort<\/li>\n<li>St\u00e8le de l\u2019\u00e9toile<\/li>\n<li>Statue de la Vierge des Pauvres<\/li>\n<li><a href=\"http:\/\/wwwwp2.banneux-nd.be\/en\/esplanade\/\" target=\"_blank\" rel=\"noopener\">Altar of the Esplanade<\/a><\/li>\n<li>Chapelle Saint-Fran\u00e7ois d\u2019Assise<\/li>\n<li>Chapelle du Message<\/li>\n<li>Chapelle Marie M\u00e9diatrice<\/li>\n<li>Confessionnaux<\/li>\n<li>Sacristie<\/li>\n<\/ol>\n<\/td>\n<td width=\"16%\">\n<ol start=\"26\">\n<li><a href=\"http:\/\/wwwwp2.banneux-nd.be\/en\/hospitality\/\" target=\"_blank\" rel=\"noopener\">&#8220;Hospitality&#8221; guesthouse<\/a><\/li>\n<li>Abri Ste-Bernadette<\/li>\n<li>Toilettes<\/li>\n<li>Abri St-Camille<\/li>\n<li>Statue de Saint Padre Pio<\/li>\n<li>Notre-Dame de La Vang<\/li>\n<li>Chapelle Notre-Dame de Walsingham<\/li>\n<li>M\u00e9morial fraternti\u00e9 Li\u00e8ge-Chine<\/li>\n<li>Pavillon \u00ab\u00a0Missio\u00a0\u00bb<\/li>\n<li>Statue de saint Pierre-Julien Eymard<\/li>\n<li>Chapelle de l\u2019Annonciation<\/li>\n<li>Statue de Saint Alphonse de Liguori<\/li>\n<li>Chapelle St-Ignace<\/li>\n<li>Chapelle des Saints Servites<\/li>\n<li>Chapelle St-Michel et Ste-Jeanne-d&#8217;Arc<\/li>\n<li>Campanile<\/li>\n<li>Le Chemin de Croix<\/li>\n<li>La \u00ab\u00a0Shabann\u00a0\u00bb<\/li>\n<li>Statue de sainte Bernadette<\/li>\n<li>Statue de sainte Th\u00e9r\u00e8se de Lisieux<\/li>\n<li>Statue de la Vierge des Pauvres<\/li>\n<li>\u00c9glise de la Vierge des Pauvres<\/li>\n<li>Croix Arm\u00e9nienne<\/li>\n<li>Chapelle Saint Damien<\/li>\n<li>Maison d\u2019accueil de Chaityfontaine<\/li>\n<li>Salle &#8220;la Charmille&#8221;<\/li>\n<\/ol>\n<\/td>\n<\/tr>\n<\/tbody>\n<\/table>\n","protected":false},"excerpt":{"rendered":"<p>Chapel of the Apparitions Maison Beco Sacristie Confessionnaux &#8211; parloirs Chapelle du Saint-Sacrement \u2013 Confessionnaux Chapelle de la Croix Salle de projection Abri du Cur\u00e9 d\u2019Ars &#8211; Secr\u00e9tariat G\u00e9n\u00e9ral Bureau d&#8217;information et Office du Tourisme Chapelle de la Protection de la M\u00e8re de Dieu M\u00e9morial de Mgr Kerkhofs Sainte Anne La Visitation Chapelles des \u00ab\u00a07 douleurs de Marie\u00a0\u00bb Monument de l\u2019Union Internat. de Pri\u00e8re The Spring Statue de saint Louis-Marie Grignion de Montfort St\u00e8le de l\u2019\u00e9toile Statue de la Vierge des Pauvres Altar of the Esplanade Chapelle Saint-Fran\u00e7ois d\u2019Assise Chapelle du Message Chapelle Marie M\u00e9diatrice Confessionnaux Sacristie &#8220;Hospitality&#8221; guesthouse Abri Ste-Bernadette Toilettes Abri St-Camille Statue de Saint Padre Pio Notre-Dame de La Vang Chapelle Notre-Dame de Walsingham M\u00e9morial fraternti\u00e9 Li\u00e8ge-Chine&hellip;<\/p>\n","protected":false},"author":4,"featured_media":0,"parent":0,"menu_order":0,"comment_status":"closed","ping_status":"closed","template":"","meta":{"advgb_blocks_editor_width":"","advgb_blocks_columns_visual_guide":"","footnotes":""},"class_list":["post-7175","page","type-page","status-publish","hentry"],"yoast_head":"<!-- This site is optimized with the Yoast SEO plugin v25.6 - https:\/\/yoast.com\/wordpress\/plugins\/seo\/ -->\n<title>Map and places - Banneux Notre-Dame<\/title>\n<meta name=\"robots\" content=\"index, follow, max-snippet:-1, max-image-preview:large, max-video-preview:-1\" \/>\n<link rel=\"canonical\" href=\"https:\/\/test.banneux-nd.be\/en\/map-and-places\/\" \/>\n<meta property=\"og:locale\" content=\"en_US\" \/>\n<meta property=\"og:type\" content=\"article\" \/>\n<meta property=\"og:title\" content=\"Map and places - Banneux Notre-Dame\" \/>\n<meta property=\"og:description\" content=\"Chapel of the Apparitions Maison Beco Sacristie Confessionnaux &#8211; parloirs Chapelle du Saint-Sacrement \u2013 Confessionnaux Chapelle de la Croix Salle de projection Abri du Cur\u00e9 d\u2019Ars &#8211; Secr\u00e9tariat G\u00e9n\u00e9ral Bureau d&#8217;information et Office du Tourisme Chapelle de la Protection de la M\u00e8re de Dieu M\u00e9morial de Mgr Kerkhofs Sainte Anne La Visitation Chapelles des \u00ab\u00a07 douleurs de Marie\u00a0\u00bb Monument de l\u2019Union Internat. de Pri\u00e8re The Spring Statue de saint Louis-Marie Grignion de Montfort St\u00e8le de l\u2019\u00e9toile Statue de la Vierge des Pauvres Altar of the Esplanade Chapelle Saint-Fran\u00e7ois d\u2019Assise Chapelle du Message Chapelle Marie M\u00e9diatrice Confessionnaux Sacristie &#8220;Hospitality&#8221; guesthouse Abri Ste-Bernadette Toilettes Abri St-Camille Statue de Saint Padre Pio Notre-Dame de La Vang Chapelle Notre-Dame de Walsingham M\u00e9morial fraternti\u00e9 Li\u00e8ge-Chine&hellip;\" \/>\n<meta property=\"og:url\" content=\"https:\/\/test.banneux-nd.be\/en\/map-and-places\/\" \/>\n<meta property=\"og:site_name\" content=\"Banneux Notre-Dame\" \/>\n<meta property=\"article:publisher\" content=\"https:\/\/www.facebook.com\/NDBanneux\/\" \/>\n<meta property=\"article:modified_time\" content=\"2018-05-05T15:17:05+00:00\" \/>\n<meta name=\"twitter:card\" content=\"summary_large_image\" \/>\n<meta name=\"twitter:label1\" content=\"Est. reading time\" \/>\n\t<meta name=\"twitter:data1\" content=\"1 minute\" \/>\n<script type=\"application\/ld+json\" class=\"yoast-schema-graph\">{\"@context\":\"https:\/\/schema.org\",\"@graph\":[{\"@type\":\"WebPage\",\"@id\":\"https:\/\/test.banneux-nd.be\/en\/map-and-places\/\",\"url\":\"https:\/\/test.banneux-nd.be\/en\/map-and-places\/\",\"name\":\"Map and places - Banneux Notre-Dame\",\"isPartOf\":{\"@id\":\"https:\/\/test.banneux-nd.be\/en\/#website\"},\"datePublished\":\"2018-04-25T21:52:18+00:00\",\"dateModified\":\"2018-05-05T15:17:05+00:00\",\"breadcrumb\":{\"@id\":\"https:\/\/test.banneux-nd.be\/en\/map-and-places\/#breadcrumb\"},\"inLanguage\":\"en-US\",\"potentialAction\":[{\"@type\":\"ReadAction\",\"target\":[\"https:\/\/test.banneux-nd.be\/en\/map-and-places\/\"]}]},{\"@type\":\"BreadcrumbList\",\"@id\":\"https:\/\/test.banneux-nd.be\/en\/map-and-places\/#breadcrumb\",\"itemListElement\":[{\"@type\":\"ListItem\",\"position\":1,\"name\":\"Accueil\",\"item\":\"https:\/\/test.banneux-nd.be\/en\/\"},{\"@type\":\"ListItem\",\"position\":2,\"name\":\"Map and places\"}]},{\"@type\":\"WebSite\",\"@id\":\"https:\/\/test.banneux-nd.be\/en\/#website\",\"url\":\"https:\/\/test.banneux-nd.be\/en\/\",\"name\":\"Banneux Notre-Dame\",\"description\":\"Sanctuaire de la Vierge des Pauvres (Belgique)\",\"potentialAction\":[{\"@type\":\"SearchAction\",\"target\":{\"@type\":\"EntryPoint\",\"urlTemplate\":\"https:\/\/test.banneux-nd.be\/en\/?s={search_term_string}\"},\"query-input\":{\"@type\":\"PropertyValueSpecification\",\"valueRequired\":true,\"valueName\":\"search_term_string\"}}],\"inLanguage\":\"en-US\"}]}<\/script>\n<!-- \/ Yoast SEO plugin. -->","yoast_head_json":{"title":"Map and places - Banneux Notre-Dame","robots":{"index":"index","follow":"follow","max-snippet":"max-snippet:-1","max-image-preview":"max-image-preview:large","max-video-preview":"max-video-preview:-1"},"canonical":"https:\/\/test.banneux-nd.be\/en\/map-and-places\/","og_locale":"en_US","og_type":"article","og_title":"Map and places - Banneux Notre-Dame","og_description":"Chapel of the Apparitions Maison Beco Sacristie Confessionnaux &#8211; parloirs Chapelle du Saint-Sacrement \u2013 Confessionnaux Chapelle de la Croix Salle de projection Abri du Cur\u00e9 d\u2019Ars &#8211; Secr\u00e9tariat G\u00e9n\u00e9ral Bureau d&#8217;information et Office du Tourisme Chapelle de la Protection de la M\u00e8re de Dieu M\u00e9morial de Mgr Kerkhofs Sainte Anne La Visitation Chapelles des \u00ab\u00a07 douleurs de Marie\u00a0\u00bb Monument de l\u2019Union Internat. de Pri\u00e8re The Spring Statue de saint Louis-Marie Grignion de Montfort St\u00e8le de l\u2019\u00e9toile Statue de la Vierge des Pauvres Altar of the Esplanade Chapelle Saint-Fran\u00e7ois d\u2019Assise Chapelle du Message Chapelle Marie M\u00e9diatrice Confessionnaux Sacristie &#8220;Hospitality&#8221; guesthouse Abri Ste-Bernadette Toilettes Abri St-Camille Statue de Saint Padre Pio Notre-Dame de La Vang Chapelle Notre-Dame de Walsingham M\u00e9morial fraternti\u00e9 Li\u00e8ge-Chine&hellip;","og_url":"https:\/\/test.banneux-nd.be\/en\/map-and-places\/","og_site_name":"Banneux Notre-Dame","article_publisher":"https:\/\/www.facebook.com\/NDBanneux\/","article_modified_time":"2018-05-05T15:17:05+00:00","twitter_card":"summary_large_image","twitter_misc":{"Est. reading time":"1 minute"},"schema":{"@context":"https:\/\/schema.org","@graph":[{"@type":"WebPage","@id":"https:\/\/test.banneux-nd.be\/en\/map-and-places\/","url":"https:\/\/test.banneux-nd.be\/en\/map-and-places\/","name":"Map and places - Banneux Notre-Dame","isPartOf":{"@id":"https:\/\/test.banneux-nd.be\/en\/#website"},"datePublished":"2018-04-25T21:52:18+00:00","dateModified":"2018-05-05T15:17:05+00:00","breadcrumb":{"@id":"https:\/\/test.banneux-nd.be\/en\/map-and-places\/#breadcrumb"},"inLanguage":"en-US","potentialAction":[{"@type":"ReadAction","target":["https:\/\/test.banneux-nd.be\/en\/map-and-places\/"]}]},{"@type":"BreadcrumbList","@id":"https:\/\/test.banneux-nd.be\/en\/map-and-places\/#breadcrumb","itemListElement":[{"@type":"ListItem","position":1,"name":"Accueil","item":"https:\/\/test.banneux-nd.be\/en\/"},{"@type":"ListItem","position":2,"name":"Map and places"}]},{"@type":"WebSite","@id":"https:\/\/test.banneux-nd.be\/en\/#website","url":"https:\/\/test.banneux-nd.be\/en\/","name":"Banneux Notre-Dame","description":"Sanctuaire de la Vierge des Pauvres (Belgique)","potentialAction":[{"@type":"SearchAction","target":{"@type":"EntryPoint","urlTemplate":"https:\/\/test.banneux-nd.be\/en\/?s={search_term_string}"},"query-input":{"@type":"PropertyValueSpecification","valueRequired":true,"valueName":"search_term_string"}}],"inLanguage":"en-US"}]}},"coauthors":[],"author_meta":{"author_link":"https:\/\/test.banneux-nd.be\/en\/author\/dreusdeille\/","display_name":"Anne-Elisabeth N\u00e8ve"},"relative_dates":{"created":"Posted 8 years ago","modified":"Updated 8 years ago"},"absolute_dates":{"created":"Posted on 25 April 2018","modified":"Updated on 5 May 2018"},"absolute_dates_time":{"created":"Posted on 25 April 2018 23 h 52 min","modified":"Updated on 5 May 2018 17 h 17 min"},"featured_img_caption":"","featured_img":false,"series_order":"","_links":{"self":[{"href":"https:\/\/test.banneux-nd.be\/en\/wp-json\/wp\/v2\/pages\/7175"}],"collection":[{"href":"https:\/\/test.banneux-nd.be\/en\/wp-json\/wp\/v2\/pages"}],"about":[{"href":"https:\/\/test.banneux-nd.be\/en\/wp-json\/wp\/v2\/types\/page"}],"author":[{"embeddable":true,"href":"https:\/\/test.banneux-nd.be\/en\/wp-json\/wp\/v2\/users\/4"}],"replies":[{"embeddable":true,"href":"https:\/\/test.banneux-nd.be\/en\/wp-json\/wp\/v2\/comments?post=7175"}],"version-history":[{"count":0,"href":"https:\/\/test.banneux-nd.be\/en\/wp-json\/wp\/v2\/pages\/7175\/revisions"}],"wp:attachment":[{"href":"https:\/\/test.banneux-nd.be\/en\/wp-json\/wp\/v2\/media?parent=7175"}],"curies":[{"name":"wp","href":"https:\/\/api.w.org\/{rel}","templated":true}]}}