{"id":10497,"date":"2018-08-29T19:46:01","date_gmt":"2018-08-29T17:46:01","guid":{"rendered":"http:\/\/www.banneux-nd.be\/bus\/"},"modified":"2021-09-02T15:04:58","modified_gmt":"2021-09-02T13:04:58","slug":"bus","status":"publish","type":"page","link":"https:\/\/test.banneux-nd.be\/es\/bus\/","title":{"rendered":"Autob\u00fas"},"content":{"rendered":"<p><img loading=\"lazy\" decoding=\"async\" class=\"aligncenter wp-image-5269 \" src=\"\" alt=\"\" width=\"564\" height=\"294\" \/><\/p>\n<h3 style=\"text-align: center\"><span style=\"font-family: arial, helvetica, sans-serif\"><strong>Lieja \u2013 Luik \u2013 L\u00fcttich\u00a0<\/strong><\/span><span style=\"font-family: arial, helvetica, sans-serif\"><strong>\u2013<\/strong><\/span><span style=\"font-family: arial, helvetica, sans-serif\"><strong>\u00a0Liegi<br \/>\n&gt; Banneux &gt;<br \/>\nLieja \u2013 Luik \u2013 L\u00fcttich\u00a0<\/strong><\/span><span style=\"font-family: arial, helvetica, sans-serif\"><strong>\u2013\u00a0<\/strong><\/span><span style=\"font-family: arial, helvetica, sans-serif\"><strong>Liegi<br \/>\n# <\/strong><strong>64 (+\/- 50\u2019)<\/strong><\/span><\/h3>\n<table class=\" alignleft\">\n<tbody>\n<tr>\n<td style=\"width: 538px\" colspan=\"10\"><span style=\"font-family: arial, helvetica, sans-serif\"><strong>LIEJA Opera &gt; Banneux<\/strong><\/span><\/td>\n<\/tr>\n<tr>\n<td style=\"width: 103px\"><span style=\"font-family: arial, helvetica, sans-serif\"><strong>Lu &gt; Vi<br \/>\nMa &gt; Vr<br \/>\nMo &gt; Fr<\/strong><\/span><\/td>\n<td style=\"width: 51px\"><span style=\"font-family: arial, helvetica, sans-serif\">07.35<\/span><\/td>\n<td style=\"width: 45px\"><span style=\"font-family: arial, helvetica, sans-serif\">10.10<\/span><\/td>\n<td style=\"width: 51px\"><span style=\"font-family: arial, helvetica, sans-serif\">11.40<\/span><\/td>\n<td style=\"width: 45px\"><span style=\"font-family: arial, helvetica, sans-serif\">13.10<\/span><\/td>\n<td style=\"width: 51px\"><span style=\"font-family: arial, helvetica, sans-serif\">14.50<\/span><\/td>\n<td style=\"width: 45px\"><span style=\"font-family: arial, helvetica, sans-serif\">16.50<\/span><\/td>\n<td style=\"width: 51px\"><span style=\"font-family: arial, helvetica, sans-serif\">17.30<\/span><\/td>\n<td style=\"width: 45px\"><span style=\"font-family: arial, helvetica, sans-serif\">18.50<\/span><\/td>\n<td style=\"width: 51px\"><span style=\"font-family: arial, helvetica, sans-serif\">\u00a0<\/span><\/td>\n<\/tr>\n<tr>\n<td style=\"width: 103px\"><span style=\"font-family: arial, helvetica, sans-serif\"><strong>Sa<br \/>\nZa<\/strong><\/span><\/td>\n<td style=\"width: 51px\"><span style=\"font-family: arial, helvetica, sans-serif\">07.40<\/span><\/td>\n<td style=\"width: 45px\"><span style=\"font-family: arial, helvetica, sans-serif\">10.10<\/span><\/td>\n<td style=\"width: 51px\"><span style=\"font-family: arial, helvetica, sans-serif\">11.40<\/span><\/td>\n<td style=\"width: 45px\"><span style=\"font-family: arial, helvetica, sans-serif\">13.10<\/span><\/td>\n<td style=\"width: 51px\"><span style=\"font-family: arial, helvetica, sans-serif\">14.50<\/span><\/td>\n<td style=\"width: 45px\"><span style=\"font-family: arial, helvetica, sans-serif\">16.50<\/span><\/td>\n<td style=\"width: 51px\"><span style=\"font-family: arial, helvetica, sans-serif\">17.30<\/span><\/td>\n<td style=\"width: 45px\"><span style=\"font-family: arial, helvetica, sans-serif\">18.50<\/span><\/td>\n<td style=\"width: 51px\"><span style=\"font-family: arial, helvetica, sans-serif\">\u00a0<\/span><\/td>\n<\/tr>\n<tr>\n<td style=\"width: 103px\"><span style=\"font-family: arial, helvetica, sans-serif\"><strong>Do + feriados<br \/>\nZo + feestdagen<br \/>\nSo + Feiertage<br \/>\nSu + pub. holidays<br \/>\n<\/strong><\/span><span style=\"font-family: arial, helvetica, sans-serif\"><strong>Do + festivi<\/strong><\/span><\/td>\n<td style=\"width: 51px\"><span style=\"font-family: arial, helvetica, sans-serif\">08.40*<\/span><\/td>\n<td style=\"width: 45px\"><span style=\"font-family: arial, helvetica, sans-serif\">10.10<\/span><\/td>\n<td style=\"width: 51px\"><span style=\"font-family: arial, helvetica, sans-serif\">11.40*<\/span><\/td>\n<td style=\"width: 45px\"><span style=\"font-family: arial, helvetica, sans-serif\">13.10<\/span><\/td>\n<td style=\"width: 51px\"><span style=\"font-family: arial, helvetica, sans-serif\">14.40*<\/span><\/td>\n<td style=\"width: 45px\"><span style=\"font-family: arial, helvetica, sans-serif\">16.10<\/span><\/td>\n<td style=\"width: 51px\"><span style=\"font-family: arial, helvetica, sans-serif\">17.40*<\/span><\/td>\n<td style=\"width: 45px\"><span style=\"font-family: arial, helvetica, sans-serif\">19.10<\/span><\/td>\n<td style=\"width: 51px\"><span style=\"font-family: arial, helvetica, sans-serif\">20.40*<\/span><\/td>\n<\/tr>\n<tr>\n<td style=\"width: 103px\"><span style=\"font-family: arial, helvetica, sans-serif\">\u00a0<\/span><\/td>\n<td style=\"text-align: center;width: 435px\" colspan=\"9\"><span style=\"font-family: arial, helvetica, sans-serif;font-size: 10pt\">* seulement &#8211; alleen &#8211; nur &#8211; only &#8211; solo: 01\/05 &gt; 30\/09<\/span><\/td>\n<\/tr>\n<tr>\n<td style=\"width: 538px\" colspan=\"10\"><span style=\"font-family: arial, helvetica, sans-serif\">\u00a0<\/span><\/td>\n<\/tr>\n<tr>\n<td style=\"width: 538px\" colspan=\"10\"><span style=\"font-family: arial, helvetica, sans-serif\"><strong>LIEJA Estaci\u00f3n de los Guillemins &gt; Banneux<\/strong><\/span><\/td>\n<\/tr>\n<tr>\n<td style=\"width: 103px\"><span style=\"font-family: arial, helvetica, sans-serif\"><strong>Lu &gt; Vi<br \/>\nMa &gt; Vr<br \/>\nMo &gt; Fr<\/strong><\/span><\/td>\n<td style=\"width: 51px\"><span style=\"font-family: arial, helvetica, sans-serif\">07.45<\/span><\/td>\n<td style=\"width: 45px\"><span style=\"font-family: arial, helvetica, sans-serif\">10.20<\/span><\/td>\n<td style=\"width: 51px\"><span style=\"font-family: arial, helvetica, sans-serif\">11.50<\/span><\/td>\n<td style=\"width: 45px\"><span style=\"font-family: arial, helvetica, sans-serif\">13.20<\/span><\/td>\n<td style=\"width: 51px\"><span style=\"font-family: arial, helvetica, sans-serif\">15.00<\/span><\/td>\n<td style=\"width: 45px\"><span style=\"font-family: arial, helvetica, sans-serif\">17.00<\/span><\/td>\n<td style=\"width: 51px\"><span style=\"font-family: arial, helvetica, sans-serif\">17.40<\/span><\/td>\n<td style=\"width: 45px\"><span style=\"font-family: arial, helvetica, sans-serif\">19.00<\/span><\/td>\n<td style=\"width: 51px\"><span style=\"font-family: arial, helvetica, sans-serif\">\u00a0<\/span><\/td>\n<\/tr>\n<tr>\n<td style=\"width: 103px\"><span style=\"font-family: arial, helvetica, sans-serif\"><strong>Sa<br \/>\nZa<\/strong><\/span><\/td>\n<td style=\"width: 51px\"><span style=\"font-family: arial, helvetica, sans-serif\">07.48<\/span><\/td>\n<td style=\"width: 45px\"><span style=\"font-family: arial, helvetica, sans-serif\">10.18<\/span><\/td>\n<td style=\"width: 51px\"><span style=\"font-family: arial, helvetica, sans-serif\">11.48<\/span><\/td>\n<td style=\"width: 45px\"><span style=\"font-family: arial, helvetica, sans-serif\">13.18<\/span><\/td>\n<td style=\"width: 51px\"><span style=\"font-family: arial, helvetica, sans-serif\">14.58<\/span><\/td>\n<td style=\"width: 45px\"><span style=\"font-family: arial, helvetica, sans-serif\">16.58<\/span><\/td>\n<td style=\"width: 51px\"><span style=\"font-family: arial, helvetica, sans-serif\">17.38<\/span><\/td>\n<td style=\"width: 45px\"><span style=\"font-family: arial, helvetica, sans-serif\">18.58<\/span><\/td>\n<td style=\"width: 51px\"><span style=\"font-family: arial, helvetica, sans-serif\">\u00a0<\/span><\/td>\n<\/tr>\n<tr>\n<td style=\"width: 103px\"><span style=\"font-family: arial, helvetica, sans-serif\"><strong>Do + feriados<br \/>\nZo +\u00a0feestdagen<br \/>\nSo + Feiertage<br \/>\nSu +\u00a0pub. holidays<br \/>\n<\/strong><strong style=\"font-size: inherit\">Do + festivi<\/strong><\/span><\/td>\n<td style=\"width: 51px\"><span style=\"font-family: arial, helvetica, sans-serif\">08.48*<\/span><\/td>\n<td style=\"width: 45px\"><span style=\"font-family: arial, helvetica, sans-serif\">10.18<\/span><\/td>\n<td style=\"width: 51px\"><span style=\"font-family: arial, helvetica, sans-serif\">11.48*<\/span><\/td>\n<td style=\"width: 45px\"><span style=\"font-family: arial, helvetica, sans-serif\">13.18<\/span><\/td>\n<td style=\"width: 51px\"><span style=\"font-family: arial, helvetica, sans-serif\">14.48*<\/span><\/td>\n<td style=\"width: 45px\"><span style=\"font-family: arial, helvetica, sans-serif\">16.18<\/span><\/td>\n<td style=\"width: 51px\"><span style=\"font-family: arial, helvetica, sans-serif\">17.48*<\/span><\/td>\n<td style=\"width: 45px\"><span style=\"font-family: arial, helvetica, sans-serif\">19.18<\/span><\/td>\n<td style=\"width: 51px\"><span style=\"font-family: arial, helvetica, sans-serif\">20.48*<\/span><\/td>\n<\/tr>\n<tr>\n<td style=\"width: 103px\"><span style=\"font-family: arial, helvetica, sans-serif\">\u00a0<\/span><\/td>\n<td style=\"text-align: center;width: 435px\" colspan=\"9\"><span style=\"font-family: arial, helvetica, sans-serif;font-size: 10pt\">* s\u00f3lo- alleen &#8211; nur &#8211; only &#8211; solo: 01\/05 &gt; 30\/09<\/span><\/td>\n<\/tr>\n<tr>\n<td style=\"width: 538px\" colspan=\"10\"><span style=\"font-family: arial, helvetica, sans-serif\">\u00a0<\/span><\/td>\n<\/tr>\n<tr>\n<td style=\"width: 538px\" colspan=\"10\"><span style=\"font-family: arial, helvetica, sans-serif\"><strong>BANNEUX &gt; Lieja<\/strong><\/span><\/td>\n<\/tr>\n<tr>\n<td style=\"width: 103px\"><span style=\"font-family: arial, helvetica, sans-serif\"><strong>Lu &gt; Vi<br \/>\nMa &gt; Vr<br \/>\nMo &gt; Fr<\/strong><\/span><\/td>\n<td style=\"width: 51px\"><span style=\"font-family: arial, helvetica, sans-serif\">06.36<\/span><\/td>\n<td style=\"width: 45px\"><span style=\"font-family: arial, helvetica, sans-serif\">08.39<\/span><\/td>\n<td style=\"width: 51px\"><span style=\"font-family: arial, helvetica, sans-serif\">10.39<\/span><\/td>\n<td style=\"width: 45px\"><span style=\"font-family: arial, helvetica, sans-serif\">12.09<\/span><\/td>\n<td style=\"width: 51px\"><span style=\"font-family: arial, helvetica, sans-serif\">13.49<\/span><\/td>\n<td style=\"width: 45px\"><span style=\"font-family: arial, helvetica, sans-serif\">15.07<\/span><\/td>\n<td style=\"width: 51px\"><span style=\"font-family: arial, helvetica, sans-serif\">16.47<\/span><\/td>\n<td style=\"width: 45px\"><span style=\"font-family: arial, helvetica, sans-serif\">18.12<\/span><\/td>\n<td style=\"width: 51px\"><span style=\"font-family: arial, helvetica, sans-serif\">\u00a0<\/span><\/td>\n<\/tr>\n<tr>\n<td style=\"width: 103px\"><span style=\"font-family: arial, helvetica, sans-serif\"><strong>Sa<br \/>\nZa<\/strong><\/span><\/td>\n<td style=\"width: 51px\"><span style=\"font-family: arial, helvetica, sans-serif\">06.44<\/span><\/td>\n<td style=\"width: 45px\"><span style=\"font-family: arial, helvetica, sans-serif\">08.42<\/span><\/td>\n<td style=\"width: 51px\"><span style=\"font-family: arial, helvetica, sans-serif\">10.42<\/span><\/td>\n<td style=\"width: 45px\"><span style=\"font-family: arial, helvetica, sans-serif\">12.12<\/span><\/td>\n<td style=\"width: 51px\"><span style=\"font-family: arial, helvetica, sans-serif\">13.52<\/span><\/td>\n<td style=\"width: 45px\"><span style=\"font-family: arial, helvetica, sans-serif\">15.13<\/span><\/td>\n<td style=\"width: 51px\"><span style=\"font-family: arial, helvetica, sans-serif\">16.33<\/span><\/td>\n<td style=\"width: 45px\"><span style=\"font-family: arial, helvetica, sans-serif\">18.13<\/span><\/td>\n<td style=\"width: 51px\"><span style=\"font-family: arial, helvetica, sans-serif\">\u00a0<\/span><\/td>\n<\/tr>\n<tr>\n<td style=\"width: 103px\"><span style=\"font-family: arial, helvetica, sans-serif\"><strong>Do + feriados<br \/>\nZo +\u00a0feestdagen<br \/>\nSo +\u00a0Feiertage<br \/>\nSu +\u00a0pub. holidays<br \/>\n<\/strong><strong>Do + festivi<\/strong><\/span><\/td>\n<td style=\"width: 51px\"><span style=\"font-family: arial, helvetica, sans-serif\">07.25*<\/span><\/td>\n<td style=\"width: 45px\"><span style=\"font-family: arial, helvetica, sans-serif\">08.55<\/span><\/td>\n<td style=\"width: 51px\"><span style=\"font-family: arial, helvetica, sans-serif\">10.25*<\/span><\/td>\n<td style=\"width: 45px\"><span style=\"font-family: arial, helvetica, sans-serif\">11.55<\/span><\/td>\n<td style=\"width: 51px\"><span style=\"font-family: arial, helvetica, sans-serif\">13.25*<\/span><\/td>\n<td style=\"width: 45px\"><span style=\"font-family: arial, helvetica, sans-serif\">14.55<\/span><\/td>\n<td style=\"width: 51px\"><span style=\"font-family: arial, helvetica, sans-serif\">16.25*<\/span><\/td>\n<td style=\"width: 45px\"><span style=\"font-family: arial, helvetica, sans-serif\">17.55<\/span><\/td>\n<td style=\"width: 51px\"><span style=\"font-family: arial, helvetica, sans-serif\">19.26*<\/span><\/td>\n<\/tr>\n<tr>\n<td style=\"width: 103px\"><span style=\"font-family: arial, helvetica, sans-serif\">\u00a0<\/span><\/td>\n<td style=\"text-align: center;width: 435px\" colspan=\"9\"><span style=\"font-family: arial, helvetica, sans-serif;font-size: 10pt\">* s\u00f3lo- alleen &#8211; nur &#8211; only &#8211; solo: 01\/05 &gt; 30\/09<\/span><\/td>\n<\/tr>\n<\/tbody>\n<\/table>\n<p>&nbsp;<\/p>\n<h3 style=\"text-align: center\"><span style=\"font-family: arial, helvetica, sans-serif\">Verviers &gt; Banneux &gt; Verviers : # 27 (+\/- 23\u2019)<\/span><\/h3>\n<p><span style=\"font-family: arial, helvetica, sans-serif\">\u00a0<\/span><\/p>\n<table class=\" alignleft\">\n<tbody>\n<tr>\n<td colspan=\"7\"><span style=\"font-family: arial, helvetica, sans-serif\"><strong>VERVIERS (Estaci\u00f3n &#8211; Statie &#8211; Station &#8211; Stazione) &gt; Banneux<\/strong><\/span><\/td>\n<\/tr>\n<tr>\n<td><span style=\"font-family: arial, helvetica, sans-serif\"><strong>Lu &gt; Vi<br \/>\nMa &gt; Vr<br \/>\nMo &gt; Fr<\/strong><\/span><\/td>\n<td><span style=\"font-family: arial, helvetica, sans-serif\">06.54<\/span><\/td>\n<td><span style=\"font-family: arial, helvetica, sans-serif\">08.11<\/span><\/td>\n<td><span style=\"font-family: arial, helvetica, sans-serif\">09.46<\/span><\/td>\n<td><span style=\"font-family: arial, helvetica, sans-serif\">14.11<\/span><\/td>\n<td><span style=\"font-family: arial, helvetica, sans-serif\">16.47<\/span><\/td>\n<td><span style=\"font-family: arial, helvetica, sans-serif\">18.44<\/span><\/td>\n<\/tr>\n<tr>\n<td><span style=\"font-family: arial, helvetica, sans-serif\"><strong>Sa<br \/>\n<\/strong><strong>Za<\/strong><\/span><\/td>\n<td colspan=\"2\"><\/td>\n<td><span style=\"font-family: arial, helvetica, sans-serif\">09.46<\/span><\/td>\n<td><span style=\"font-family: arial, helvetica, sans-serif\">12.47<\/span><\/td>\n<td><span style=\"font-family: arial, helvetica, sans-serif\">16.47<\/span><\/td>\n<td><span style=\"font-family: arial, helvetica, sans-serif\">18.44<\/span><\/td>\n<\/tr>\n<tr>\n<td><span style=\"font-family: arial, helvetica, sans-serif\"><strong>Do + feriados<br \/>\nZo + feestdagen<br \/>\nSo + Feiertage<br \/>\nSu + pub. holidays<br \/>\n<\/strong><strong>Do + festivi<\/strong><\/span><\/td>\n<td colspan=\"2\"><\/td>\n<td><span style=\"font-family: arial, helvetica, sans-serif\">09.45<\/span><\/td>\n<td><span style=\"font-family: arial, helvetica, sans-serif\">13.45<\/span><\/td>\n<td><span style=\"font-family: arial, helvetica, sans-serif\">16.45<\/span><\/td>\n<td><span style=\"font-family: arial, helvetica, sans-serif\">18.44<\/span><\/td>\n<\/tr>\n<tr>\n<td colspan=\"7\"><span style=\"font-family: arial, helvetica, sans-serif\"><strong>BANNEUX &gt; Verviers\u00a0(Estaci\u00f3n- Statie &#8211; Station &#8211; Stazione)<\/strong><\/span><\/td>\n<\/tr>\n<tr>\n<td><span style=\"font-family: arial, helvetica, sans-serif\"><strong>Lu &gt; Vi<br \/>\nMa &gt; Vr<br \/>\nMo &gt; Fr<\/strong><\/span><\/td>\n<td><span style=\"font-family: arial, helvetica, sans-serif\">06.22<\/span><\/td>\n<td><span style=\"font-family: arial, helvetica, sans-serif\">07.34<\/span><\/td>\n<td><span style=\"font-family: arial, helvetica, sans-serif\">08.36<\/span><\/td>\n<td><span style=\"font-family: arial, helvetica, sans-serif\">11.29<\/span><\/td>\n<td><span style=\"font-family: arial, helvetica, sans-serif\">15.54<\/span><\/td>\n<td><span style=\"font-family: arial, helvetica, sans-serif\">18.08<\/span><\/td>\n<\/tr>\n<tr>\n<td><span style=\"font-family: arial, helvetica, sans-serif\"><strong>Sa<br \/>\nZa<\/strong><\/span><\/td>\n<td colspan=\"2\"><span style=\"font-family: arial, helvetica, sans-serif\">\u00a0<\/span><\/td>\n<td><span style=\"font-family: arial, helvetica, sans-serif\">08.37<\/span><\/td>\n<td><span style=\"font-family: arial, helvetica, sans-serif\">11.57<\/span><\/td>\n<td><span style=\"font-family: arial, helvetica, sans-serif\">15.57<\/span><\/td>\n<td><span style=\"font-family: arial, helvetica, sans-serif\">18.07<\/span><\/td>\n<\/tr>\n<tr>\n<td><span style=\"font-family: arial, helvetica, sans-serif\"><strong>Do + feriados<br \/>\nZo +\u00a0feestdagen<br \/>\nSo +\u00a0Feiertage<br \/>\nSu + pub. holidays<br \/>\n<\/strong><strong>Do + festivi<\/strong><\/span><\/td>\n<td colspan=\"2\"><span style=\"font-family: arial, helvetica, sans-serif\">\u00a0<\/span><\/td>\n<td><span style=\"font-family: arial, helvetica, sans-serif\">09.02<\/span><\/td>\n<td><span style=\"font-family: arial, helvetica, sans-serif\">11.57<\/span><\/td>\n<td><span style=\"font-family: arial, helvetica, sans-serif\">15.57<\/span><\/td>\n<td><span style=\"font-family: arial, helvetica, sans-serif\">18.07<\/span><\/td>\n<\/tr>\n<\/tbody>\n<\/table>\n<p>&nbsp;<\/p>\n","protected":false},"excerpt":{"rendered":"<p>Lieja \u2013 Luik \u2013 L\u00fcttich\u00a0\u2013\u00a0Liegi &gt; Banneux &gt; Lieja \u2013 Luik \u2013 L\u00fcttich\u00a0\u2013\u00a0Liegi # 64 (+\/- 50\u2019) LIEJA Opera &gt; Banneux Lu &gt; Vi Ma &gt; Vr Mo &gt; Fr 07.35 10.10 11.40 13.10 14.50 16.50 17.30 18.50 \u00a0 Sa Za 07.40 10.10 11.40 13.10 14.50 16.50 17.30 18.50 \u00a0 Do + feriados Zo + feestdagen So + Feiertage Su + pub. holidays Do + festivi 08.40* 10.10 11.40* 13.10 14.40* 16.10 17.40* 19.10 20.40* \u00a0 * seulement &#8211; alleen &#8211; nur &#8211; only &#8211; solo: 01\/05 &gt; 30\/09 \u00a0 LIEJA Estaci\u00f3n de los Guillemins &gt; Banneux Lu &gt; Vi Ma &gt; Vr Mo &gt; Fr 07.45 10.20 11.50 13.20 15.00 17.00 17.40 19.00 \u00a0 Sa Za 07.48 10.18 11.48&hellip;<\/p>\n","protected":false},"author":4,"featured_media":0,"parent":0,"menu_order":0,"comment_status":"closed","ping_status":"closed","template":"","meta":{"advgb_blocks_editor_width":"","advgb_blocks_columns_visual_guide":"","footnotes":""},"class_list":["post-10497","page","type-page","status-publish","hentry"],"yoast_head":"<!-- This site is optimized with the Yoast SEO plugin v25.6 - https:\/\/yoast.com\/wordpress\/plugins\/seo\/ -->\n<title>Autob\u00fas - Banneux Notre-Dame<\/title>\n<meta name=\"description\" content=\"Horario de autobuses para llegar a Banneux\" \/>\n<meta name=\"robots\" content=\"index, follow, max-snippet:-1, max-image-preview:large, max-video-preview:-1\" \/>\n<link rel=\"canonical\" href=\"https:\/\/test.banneux-nd.be\/es\/bus\/\" \/>\n<meta property=\"og:locale\" content=\"es_ES\" \/>\n<meta property=\"og:type\" content=\"article\" \/>\n<meta property=\"og:title\" content=\"Autob\u00fas - Banneux Notre-Dame\" \/>\n<meta property=\"og:description\" content=\"Horario de autobuses para llegar a Banneux\" \/>\n<meta property=\"og:url\" content=\"https:\/\/test.banneux-nd.be\/es\/bus\/\" \/>\n<meta property=\"og:site_name\" content=\"Banneux Notre-Dame\" \/>\n<meta property=\"article:publisher\" content=\"https:\/\/www.facebook.com\/NDBanneux\/\" \/>\n<meta property=\"article:modified_time\" content=\"2021-09-02T13:04:58+00:00\" \/>\n<meta name=\"twitter:card\" content=\"summary_large_image\" \/>\n<meta name=\"twitter:label1\" content=\"Tiempo de lectura\" \/>\n\t<meta name=\"twitter:data1\" content=\"1 minuto\" \/>\n<script type=\"application\/ld+json\" class=\"yoast-schema-graph\">{\"@context\":\"https:\/\/schema.org\",\"@graph\":[{\"@type\":\"WebPage\",\"@id\":\"https:\/\/test.banneux-nd.be\/es\/bus\/\",\"url\":\"https:\/\/test.banneux-nd.be\/es\/bus\/\",\"name\":\"Autob\u00fas - Banneux Notre-Dame\",\"isPartOf\":{\"@id\":\"https:\/\/test.banneux-nd.be\/es\/#website\"},\"datePublished\":\"2018-08-29T17:46:01+00:00\",\"dateModified\":\"2021-09-02T13:04:58+00:00\",\"description\":\"Horario de autobuses para llegar a Banneux\",\"breadcrumb\":{\"@id\":\"https:\/\/test.banneux-nd.be\/es\/bus\/#breadcrumb\"},\"inLanguage\":\"es\",\"potentialAction\":[{\"@type\":\"ReadAction\",\"target\":[\"https:\/\/test.banneux-nd.be\/es\/bus\/\"]}]},{\"@type\":\"BreadcrumbList\",\"@id\":\"https:\/\/test.banneux-nd.be\/es\/bus\/#breadcrumb\",\"itemListElement\":[{\"@type\":\"ListItem\",\"position\":1,\"name\":\"Accueil\",\"item\":\"https:\/\/test.banneux-nd.be\/es\/\"},{\"@type\":\"ListItem\",\"position\":2,\"name\":\"Autob\u00fas\"}]},{\"@type\":\"WebSite\",\"@id\":\"https:\/\/test.banneux-nd.be\/es\/#website\",\"url\":\"https:\/\/test.banneux-nd.be\/es\/\",\"name\":\"Banneux Notre-Dame\",\"description\":\"Sanctuaire de la Vierge des Pauvres (Belgique)\",\"potentialAction\":[{\"@type\":\"SearchAction\",\"target\":{\"@type\":\"EntryPoint\",\"urlTemplate\":\"https:\/\/test.banneux-nd.be\/es\/?s={search_term_string}\"},\"query-input\":{\"@type\":\"PropertyValueSpecification\",\"valueRequired\":true,\"valueName\":\"search_term_string\"}}],\"inLanguage\":\"es\"}]}<\/script>\n<!-- \/ Yoast SEO plugin. -->","yoast_head_json":{"title":"Autob\u00fas - Banneux Notre-Dame","description":"Horario de autobuses para llegar a Banneux","robots":{"index":"index","follow":"follow","max-snippet":"max-snippet:-1","max-image-preview":"max-image-preview:large","max-video-preview":"max-video-preview:-1"},"canonical":"https:\/\/test.banneux-nd.be\/es\/bus\/","og_locale":"es_ES","og_type":"article","og_title":"Autob\u00fas - Banneux Notre-Dame","og_description":"Horario de autobuses para llegar a Banneux","og_url":"https:\/\/test.banneux-nd.be\/es\/bus\/","og_site_name":"Banneux Notre-Dame","article_publisher":"https:\/\/www.facebook.com\/NDBanneux\/","article_modified_time":"2021-09-02T13:04:58+00:00","twitter_card":"summary_large_image","twitter_misc":{"Tiempo de lectura":"1 minuto"},"schema":{"@context":"https:\/\/schema.org","@graph":[{"@type":"WebPage","@id":"https:\/\/test.banneux-nd.be\/es\/bus\/","url":"https:\/\/test.banneux-nd.be\/es\/bus\/","name":"Autob\u00fas - Banneux Notre-Dame","isPartOf":{"@id":"https:\/\/test.banneux-nd.be\/es\/#website"},"datePublished":"2018-08-29T17:46:01+00:00","dateModified":"2021-09-02T13:04:58+00:00","description":"Horario de autobuses para llegar a Banneux","breadcrumb":{"@id":"https:\/\/test.banneux-nd.be\/es\/bus\/#breadcrumb"},"inLanguage":"es","potentialAction":[{"@type":"ReadAction","target":["https:\/\/test.banneux-nd.be\/es\/bus\/"]}]},{"@type":"BreadcrumbList","@id":"https:\/\/test.banneux-nd.be\/es\/bus\/#breadcrumb","itemListElement":[{"@type":"ListItem","position":1,"name":"Accueil","item":"https:\/\/test.banneux-nd.be\/es\/"},{"@type":"ListItem","position":2,"name":"Autob\u00fas"}]},{"@type":"WebSite","@id":"https:\/\/test.banneux-nd.be\/es\/#website","url":"https:\/\/test.banneux-nd.be\/es\/","name":"Banneux Notre-Dame","description":"Sanctuaire de la Vierge des Pauvres (Belgique)","potentialAction":[{"@type":"SearchAction","target":{"@type":"EntryPoint","urlTemplate":"https:\/\/test.banneux-nd.be\/es\/?s={search_term_string}"},"query-input":{"@type":"PropertyValueSpecification","valueRequired":true,"valueName":"search_term_string"}}],"inLanguage":"es"}]}},"coauthors":[],"author_meta":{"author_link":"https:\/\/test.banneux-nd.be\/es\/author\/dreusdeille\/","display_name":"Anne-Elisabeth N\u00e8ve"},"relative_dates":{"created":"Publicado 8 a\u00f1os hace","modified":"Actualizado 5 a\u00f1os hace"},"absolute_dates":{"created":"Publicado el 29 agosto 2018","modified":"Actualizado el 2 septiembre 2021"},"absolute_dates_time":{"created":"Publicado el 29 agosto 2018 19 h 46 min","modified":"Actualizado el 2 septiembre 2021 15 h 04 min"},"featured_img_caption":"","featured_img":false,"series_order":"","_links":{"self":[{"href":"https:\/\/test.banneux-nd.be\/es\/wp-json\/wp\/v2\/pages\/10497"}],"collection":[{"href":"https:\/\/test.banneux-nd.be\/es\/wp-json\/wp\/v2\/pages"}],"about":[{"href":"https:\/\/test.banneux-nd.be\/es\/wp-json\/wp\/v2\/types\/page"}],"author":[{"embeddable":true,"href":"https:\/\/test.banneux-nd.be\/es\/wp-json\/wp\/v2\/users\/4"}],"replies":[{"embeddable":true,"href":"https:\/\/test.banneux-nd.be\/es\/wp-json\/wp\/v2\/comments?post=10497"}],"version-history":[{"count":1,"href":"https:\/\/test.banneux-nd.be\/es\/wp-json\/wp\/v2\/pages\/10497\/revisions"}],"predecessor-version":[{"id":15799,"href":"https:\/\/test.banneux-nd.be\/es\/wp-json\/wp\/v2\/pages\/10497\/revisions\/15799"}],"wp:attachment":[{"href":"https:\/\/test.banneux-nd.be\/es\/wp-json\/wp\/v2\/media?parent=10497"}],"curies":[{"name":"wp","href":"https:\/\/api.w.org\/{rel}","templated":true}]}}