{"id":11625,"date":"2019-03-18T01:13:05","date_gmt":"2019-03-18T00:13:05","guid":{"rendered":"https:\/\/www.banneux-nd.be\/rezar-con-maria\/"},"modified":"2019-03-18T01:13:13","modified_gmt":"2019-03-18T00:13:13","slug":"rezar-con-maria","status":"publish","type":"page","link":"https:\/\/test.banneux-nd.be\/es\/rezar-con-maria\/","title":{"rendered":"Rezar con Mar\u00eda"},"content":{"rendered":"<p style=\"text-align: center\"><strong>Como Mariette, estamos invitados a <\/strong><\/p>\n<p style=\"text-align: center\"><strong>responder al llamado de Mar\u00eda:<\/strong><\/p>\n<p style=\"text-align: center\"><strong>\u00a1<em>Oren mucho<\/em>!<\/strong><\/p>\n<p style=\"text-align: center\"><span style=\"text-decoration: underline\"><strong><span style=\"color: #0000ff;font-size: 18pt;text-decoration: underline\">Oraciones de Banneux<\/span><\/strong><\/span><\/p>\n<p style=\"text-align: center\"><strong><span style=\"text-decoration: underline;color: #0000ff\"><span style=\"font-size: 18pt\">Canciones de Banneux<\/span><\/span><\/strong><\/p>\n<p style=\"text-align: center\"><span style=\"text-decoration: underline\"><span style=\"color: #0000ff;font-size: 18pt\"><strong>Camino de oraci\u00f3n 2018<\/strong><\/span><\/span><\/p>\n<p><img loading=\"lazy\" decoding=\"async\" class=\"aligncenter size-full wp-image-10550\" src=\"https:\/\/test.banneux-nd.be\/wp-content\/uploads\/2018\/08\/Aquarelle-Mariette-attend-PF.jpg\" alt=\"\" width=\"1144\" height=\"1169\" srcset=\"https:\/\/test.banneux-nd.be\/wp-content\/uploads\/2018\/08\/Aquarelle-Mariette-attend-PF.jpg 1144w, https:\/\/test.banneux-nd.be\/wp-content\/uploads\/2018\/08\/Aquarelle-Mariette-attend-PF-294x300.jpg 294w, https:\/\/test.banneux-nd.be\/wp-content\/uploads\/2018\/08\/Aquarelle-Mariette-attend-PF-768x785.jpg 768w, https:\/\/test.banneux-nd.be\/wp-content\/uploads\/2018\/08\/Aquarelle-Mariette-attend-PF-1002x1024.jpg 1002w\" sizes=\"(max-width: 1144px) 100vw, 1144px\" \/><\/p>\n<p>P.S. Acuarela realizada por las Hermanas de San Juan.<\/p>\n<p>Derechos reservados para el Santuario.<\/p>\n","protected":false},"excerpt":{"rendered":"<p>Como Mariette, estamos invitados a responder al llamado de Mar\u00eda: \u00a1Oren mucho! Oraciones de Banneux Canciones de Banneux Camino de oraci\u00f3n 2018 P.S. Acuarela realizada por las Hermanas de San Juan. Derechos reservados para el Santuario.<\/p>\n","protected":false},"author":4,"featured_media":0,"parent":0,"menu_order":0,"comment_status":"closed","ping_status":"closed","template":"","meta":{"advgb_blocks_editor_width":"","advgb_blocks_columns_visual_guide":"","footnotes":""},"class_list":["post-11625","page","type-page","status-publish","hentry"],"yoast_head":"<!-- This site is optimized with the Yoast SEO plugin v25.6 - https:\/\/yoast.com\/wordpress\/plugins\/seo\/ -->\n<title>Rezar con Mar\u00eda - Banneux Notre-Dame<\/title>\n<meta name=\"robots\" content=\"index, follow, max-snippet:-1, max-image-preview:large, max-video-preview:-1\" \/>\n<link rel=\"canonical\" href=\"https:\/\/test.banneux-nd.be\/es\/rezar-con-maria\/\" \/>\n<meta property=\"og:locale\" content=\"es_ES\" \/>\n<meta property=\"og:type\" content=\"article\" \/>\n<meta property=\"og:title\" content=\"Rezar con Mar\u00eda - Banneux Notre-Dame\" \/>\n<meta property=\"og:description\" content=\"Como Mariette, estamos invitados a responder al llamado de Mar\u00eda: \u00a1Oren mucho! Oraciones de Banneux Canciones de Banneux Camino de oraci\u00f3n 2018 P.S. Acuarela realizada por las Hermanas de San Juan. Derechos reservados para el Santuario.\" \/>\n<meta property=\"og:url\" content=\"https:\/\/test.banneux-nd.be\/es\/rezar-con-maria\/\" \/>\n<meta property=\"og:site_name\" content=\"Banneux Notre-Dame\" \/>\n<meta property=\"article:publisher\" content=\"https:\/\/www.facebook.com\/NDBanneux\/\" \/>\n<meta property=\"article:modified_time\" content=\"2019-03-18T00:13:13+00:00\" \/>\n<meta property=\"og:image\" content=\"https:\/\/test.banneux-nd.be\/wp-content\/uploads\/2018\/08\/Aquarelle-Mariette-attend-PF.jpg\" \/>\n<meta name=\"twitter:card\" content=\"summary_large_image\" \/>\n<script type=\"application\/ld+json\" class=\"yoast-schema-graph\">{\"@context\":\"https:\/\/schema.org\",\"@graph\":[{\"@type\":\"WebPage\",\"@id\":\"https:\/\/test.banneux-nd.be\/es\/rezar-con-maria\/\",\"url\":\"https:\/\/test.banneux-nd.be\/es\/rezar-con-maria\/\",\"name\":\"Rezar con Mar\u00eda - Banneux Notre-Dame\",\"isPartOf\":{\"@id\":\"https:\/\/test.banneux-nd.be\/es\/#website\"},\"primaryImageOfPage\":{\"@id\":\"https:\/\/test.banneux-nd.be\/es\/rezar-con-maria\/#primaryimage\"},\"image\":{\"@id\":\"https:\/\/test.banneux-nd.be\/es\/rezar-con-maria\/#primaryimage\"},\"thumbnailUrl\":\"https:\/\/test.banneux-nd.be\/wp-content\/uploads\/2018\/08\/Aquarelle-Mariette-attend-PF.jpg\",\"datePublished\":\"2019-03-18T00:13:05+00:00\",\"dateModified\":\"2019-03-18T00:13:13+00:00\",\"breadcrumb\":{\"@id\":\"https:\/\/test.banneux-nd.be\/es\/rezar-con-maria\/#breadcrumb\"},\"inLanguage\":\"es\",\"potentialAction\":[{\"@type\":\"ReadAction\",\"target\":[\"https:\/\/test.banneux-nd.be\/es\/rezar-con-maria\/\"]}]},{\"@type\":\"ImageObject\",\"inLanguage\":\"es\",\"@id\":\"https:\/\/test.banneux-nd.be\/es\/rezar-con-maria\/#primaryimage\",\"url\":\"https:\/\/test.banneux-nd.be\/wp-content\/uploads\/2018\/08\/Aquarelle-Mariette-attend-PF.jpg\",\"contentUrl\":\"https:\/\/test.banneux-nd.be\/wp-content\/uploads\/2018\/08\/Aquarelle-Mariette-attend-PF.jpg\"},{\"@type\":\"BreadcrumbList\",\"@id\":\"https:\/\/test.banneux-nd.be\/es\/rezar-con-maria\/#breadcrumb\",\"itemListElement\":[{\"@type\":\"ListItem\",\"position\":1,\"name\":\"Accueil\",\"item\":\"https:\/\/test.banneux-nd.be\/es\/\"},{\"@type\":\"ListItem\",\"position\":2,\"name\":\"Rezar con Mar\u00eda\"}]},{\"@type\":\"WebSite\",\"@id\":\"https:\/\/test.banneux-nd.be\/es\/#website\",\"url\":\"https:\/\/test.banneux-nd.be\/es\/\",\"name\":\"Banneux Notre-Dame\",\"description\":\"Sanctuaire de la Vierge des Pauvres (Belgique)\",\"potentialAction\":[{\"@type\":\"SearchAction\",\"target\":{\"@type\":\"EntryPoint\",\"urlTemplate\":\"https:\/\/test.banneux-nd.be\/es\/?s={search_term_string}\"},\"query-input\":{\"@type\":\"PropertyValueSpecification\",\"valueRequired\":true,\"valueName\":\"search_term_string\"}}],\"inLanguage\":\"es\"}]}<\/script>\n<!-- \/ Yoast SEO plugin. -->","yoast_head_json":{"title":"Rezar con Mar\u00eda - Banneux Notre-Dame","robots":{"index":"index","follow":"follow","max-snippet":"max-snippet:-1","max-image-preview":"max-image-preview:large","max-video-preview":"max-video-preview:-1"},"canonical":"https:\/\/test.banneux-nd.be\/es\/rezar-con-maria\/","og_locale":"es_ES","og_type":"article","og_title":"Rezar con Mar\u00eda - Banneux Notre-Dame","og_description":"Como Mariette, estamos invitados a responder al llamado de Mar\u00eda: \u00a1Oren mucho! Oraciones de Banneux Canciones de Banneux Camino de oraci\u00f3n 2018 P.S. Acuarela realizada por las Hermanas de San Juan. Derechos reservados para el Santuario.","og_url":"https:\/\/test.banneux-nd.be\/es\/rezar-con-maria\/","og_site_name":"Banneux Notre-Dame","article_publisher":"https:\/\/www.facebook.com\/NDBanneux\/","article_modified_time":"2019-03-18T00:13:13+00:00","og_image":[{"url":"https:\/\/test.banneux-nd.be\/wp-content\/uploads\/2018\/08\/Aquarelle-Mariette-attend-PF.jpg","type":"","width":"","height":""}],"twitter_card":"summary_large_image","schema":{"@context":"https:\/\/schema.org","@graph":[{"@type":"WebPage","@id":"https:\/\/test.banneux-nd.be\/es\/rezar-con-maria\/","url":"https:\/\/test.banneux-nd.be\/es\/rezar-con-maria\/","name":"Rezar con Mar\u00eda - Banneux Notre-Dame","isPartOf":{"@id":"https:\/\/test.banneux-nd.be\/es\/#website"},"primaryImageOfPage":{"@id":"https:\/\/test.banneux-nd.be\/es\/rezar-con-maria\/#primaryimage"},"image":{"@id":"https:\/\/test.banneux-nd.be\/es\/rezar-con-maria\/#primaryimage"},"thumbnailUrl":"https:\/\/test.banneux-nd.be\/wp-content\/uploads\/2018\/08\/Aquarelle-Mariette-attend-PF.jpg","datePublished":"2019-03-18T00:13:05+00:00","dateModified":"2019-03-18T00:13:13+00:00","breadcrumb":{"@id":"https:\/\/test.banneux-nd.be\/es\/rezar-con-maria\/#breadcrumb"},"inLanguage":"es","potentialAction":[{"@type":"ReadAction","target":["https:\/\/test.banneux-nd.be\/es\/rezar-con-maria\/"]}]},{"@type":"ImageObject","inLanguage":"es","@id":"https:\/\/test.banneux-nd.be\/es\/rezar-con-maria\/#primaryimage","url":"https:\/\/test.banneux-nd.be\/wp-content\/uploads\/2018\/08\/Aquarelle-Mariette-attend-PF.jpg","contentUrl":"https:\/\/test.banneux-nd.be\/wp-content\/uploads\/2018\/08\/Aquarelle-Mariette-attend-PF.jpg"},{"@type":"BreadcrumbList","@id":"https:\/\/test.banneux-nd.be\/es\/rezar-con-maria\/#breadcrumb","itemListElement":[{"@type":"ListItem","position":1,"name":"Accueil","item":"https:\/\/test.banneux-nd.be\/es\/"},{"@type":"ListItem","position":2,"name":"Rezar con Mar\u00eda"}]},{"@type":"WebSite","@id":"https:\/\/test.banneux-nd.be\/es\/#website","url":"https:\/\/test.banneux-nd.be\/es\/","name":"Banneux Notre-Dame","description":"Sanctuaire de la Vierge des Pauvres (Belgique)","potentialAction":[{"@type":"SearchAction","target":{"@type":"EntryPoint","urlTemplate":"https:\/\/test.banneux-nd.be\/es\/?s={search_term_string}"},"query-input":{"@type":"PropertyValueSpecification","valueRequired":true,"valueName":"search_term_string"}}],"inLanguage":"es"}]}},"coauthors":[],"author_meta":{"author_link":"https:\/\/test.banneux-nd.be\/es\/author\/dreusdeille\/","display_name":"Anne-Elisabeth N\u00e8ve"},"relative_dates":{"created":"Publicado 7 a\u00f1os hace","modified":"Actualizado 7 a\u00f1os hace"},"absolute_dates":{"created":"Publicado el 18 marzo 2019","modified":"Actualizado el 18 marzo 2019"},"absolute_dates_time":{"created":"Publicado el 18 marzo 2019 1 h 13 min","modified":"Actualizado el 18 marzo 2019 1 h 13 min"},"featured_img_caption":"","featured_img":false,"series_order":"","_links":{"self":[{"href":"https:\/\/test.banneux-nd.be\/es\/wp-json\/wp\/v2\/pages\/11625"}],"collection":[{"href":"https:\/\/test.banneux-nd.be\/es\/wp-json\/wp\/v2\/pages"}],"about":[{"href":"https:\/\/test.banneux-nd.be\/es\/wp-json\/wp\/v2\/types\/page"}],"author":[{"embeddable":true,"href":"https:\/\/test.banneux-nd.be\/es\/wp-json\/wp\/v2\/users\/4"}],"replies":[{"embeddable":true,"href":"https:\/\/test.banneux-nd.be\/es\/wp-json\/wp\/v2\/comments?post=11625"}],"version-history":[{"count":1,"href":"https:\/\/test.banneux-nd.be\/es\/wp-json\/wp\/v2\/pages\/11625\/revisions"}],"predecessor-version":[{"id":11626,"href":"https:\/\/test.banneux-nd.be\/es\/wp-json\/wp\/v2\/pages\/11625\/revisions\/11626"}],"wp:attachment":[{"href":"https:\/\/test.banneux-nd.be\/es\/wp-json\/wp\/v2\/media?parent=11625"}],"curies":[{"name":"wp","href":"https:\/\/api.w.org\/{rel}","templated":true}]}}