{"id":1381,"date":"2015-07-20T08:56:23","date_gmt":"2015-07-20T06:56:23","guid":{"rendered":"http:\/\/wwwwp.banneux-nd.be\/chemin-de-priere\/"},"modified":"2024-03-14T12:53:46","modified_gmt":"2024-03-14T11:53:46","slug":"chemin-de-priere","status":"publish","type":"page","link":"https:\/\/test.banneux-nd.be\/es\/chemin-de-priere\/","title":{"rendered":"Chemin de pri\u00e8re"},"content":{"rendered":"<p class=\"rtejustify\" style=\"text-align: center;\"><img decoding=\"async\" style=\"padding: 5px; margin-right: 5px; float: left; height: 320px; width: 480px;\" src=\"https:\/\/test.banneux-nd.be\/wp-content\/uploads\/2017\/08\/Chemin de pri\u00e8re.jpg\" alt=\"\" \/>Chaque ann\u00e9e, l&#8217;\u00e9quipe pastorale du Sanctuaire propose un <strong>chemin de pri\u00e8re<\/strong>.<\/p>\n<p class=\"rtejustify\" style=\"text-align: justify;\">Dans le programme d\u2019une journ\u00e9e de p\u00e8lerinage, ce chemin de pri\u00e8re pourrait tenir la premi\u00e8re place. En effet, il permet d\u2019int\u00e9rioriser le message de Banneux par la pri\u00e8re, tout en marchant de la petite chapelle vers la source.<\/p>\n<p class=\"rtejustify\" style=\"text-align: justify;\">Cette d\u00e9marche, pr\u00e9c\u00e9d\u00e9e par Marie et Mariette, mais aussi par des centaines de milliers de p\u00e8lerins depuis 1933, pr\u00e9pare le c\u0153ur du p\u00e8lerin \u00e0 s\u2019ouvrir \u00e0 une rencontre intime avec J\u00e9sus dans les sacrements de la r\u00e9conciliation et de l\u2019Eucharistie, et elle se prolonge dans l\u2019adoration et l\u2019action de gr\u00e2ces lors de la b\u00e9n\u00e9diction des malades, en fin de journ\u00e9e.<\/p>\n<h3><\/h3>\n<h3 style=\"text-align: center;\"><a href=\"https:\/\/test.banneux-nd.be\/wp-content\/uploads\/2024\/03\/chemin-de-priere-2024-Fr.pdf\" target=\"_blank\" rel=\"noopener\">Cliquez ici pour t\u00e9l\u00e9charger le <em>Chemin de pri\u00e8re<\/em> actuel<\/a><\/h3>\n","protected":false},"excerpt":{"rendered":"<p>Chaque ann\u00e9e, l&#8217;\u00e9quipe pastorale du Sanctuaire propose un chemin de pri\u00e8re. Dans le programme d\u2019une journ\u00e9e de p\u00e8lerinage, ce chemin de pri\u00e8re pourrait tenir la premi\u00e8re place. En effet, il permet d\u2019int\u00e9rioriser le message de Banneux par la pri\u00e8re, tout en marchant de la petite chapelle vers la source. Cette d\u00e9marche, pr\u00e9c\u00e9d\u00e9e par Marie et Mariette, mais aussi par des centaines de milliers de p\u00e8lerins depuis 1933, pr\u00e9pare le c\u0153ur du p\u00e8lerin \u00e0 s\u2019ouvrir \u00e0 une rencontre intime avec J\u00e9sus dans les sacrements de la r\u00e9conciliation et de l\u2019Eucharistie, et elle se prolonge dans l\u2019adoration et l\u2019action de gr\u00e2ces lors de la b\u00e9n\u00e9diction des malades, en fin de journ\u00e9e. Cliquez ici pour t\u00e9l\u00e9charger le Chemin de pri\u00e8re actuel<\/p>\n","protected":false},"author":2,"featured_media":0,"parent":0,"menu_order":0,"comment_status":"closed","ping_status":"closed","template":"","meta":{"advgb_blocks_editor_width":"","advgb_blocks_columns_visual_guide":"","footnotes":""},"class_list":["post-1381","page","type-page","status-publish","hentry"],"yoast_head":"<!-- This site is optimized with the Yoast SEO plugin v25.6 - https:\/\/yoast.com\/wordpress\/plugins\/seo\/ -->\n<title>Chemin de pri\u00e8re - Banneux Notre-Dame<\/title>\n<meta name=\"robots\" content=\"index, follow, max-snippet:-1, max-image-preview:large, max-video-preview:-1\" \/>\n<link rel=\"canonical\" href=\"https:\/\/test.banneux-nd.be\/es\/chemin-de-priere\/\" \/>\n<meta property=\"og:locale\" content=\"es_ES\" \/>\n<meta property=\"og:type\" content=\"article\" \/>\n<meta property=\"og:title\" content=\"Chemin de pri\u00e8re - Banneux Notre-Dame\" \/>\n<meta property=\"og:description\" content=\"Chaque ann\u00e9e, l&#8217;\u00e9quipe pastorale du Sanctuaire propose un chemin de pri\u00e8re. Dans le programme d\u2019une journ\u00e9e de p\u00e8lerinage, ce chemin de pri\u00e8re pourrait tenir la premi\u00e8re place. En effet, il permet d\u2019int\u00e9rioriser le message de Banneux par la pri\u00e8re, tout en marchant de la petite chapelle vers la source. Cette d\u00e9marche, pr\u00e9c\u00e9d\u00e9e par Marie et Mariette, mais aussi par des centaines de milliers de p\u00e8lerins depuis 1933, pr\u00e9pare le c\u0153ur du p\u00e8lerin \u00e0 s\u2019ouvrir \u00e0 une rencontre intime avec J\u00e9sus dans les sacrements de la r\u00e9conciliation et de l\u2019Eucharistie, et elle se prolonge dans l\u2019adoration et l\u2019action de gr\u00e2ces lors de la b\u00e9n\u00e9diction des malades, en fin de journ\u00e9e. Cliquez ici pour t\u00e9l\u00e9charger le Chemin de pri\u00e8re actuel\" \/>\n<meta property=\"og:url\" content=\"https:\/\/test.banneux-nd.be\/es\/chemin-de-priere\/\" \/>\n<meta property=\"og:site_name\" content=\"Banneux Notre-Dame\" \/>\n<meta property=\"article:publisher\" content=\"https:\/\/www.facebook.com\/NDBanneux\/\" \/>\n<meta property=\"article:modified_time\" content=\"2024-03-14T11:53:46+00:00\" \/>\n<meta name=\"twitter:card\" content=\"summary_large_image\" \/>\n<meta name=\"twitter:label1\" content=\"Tiempo de lectura\" \/>\n\t<meta name=\"twitter:data1\" content=\"1 minuto\" \/>\n<script type=\"application\/ld+json\" class=\"yoast-schema-graph\">{\"@context\":\"https:\/\/schema.org\",\"@graph\":[{\"@type\":\"WebPage\",\"@id\":\"https:\/\/test.banneux-nd.be\/es\/chemin-de-priere\/\",\"url\":\"https:\/\/test.banneux-nd.be\/es\/chemin-de-priere\/\",\"name\":\"Chemin de pri\u00e8re - Banneux Notre-Dame\",\"isPartOf\":{\"@id\":\"https:\/\/test.banneux-nd.be\/es\/#website\"},\"datePublished\":\"2015-07-20T06:56:23+00:00\",\"dateModified\":\"2024-03-14T11:53:46+00:00\",\"breadcrumb\":{\"@id\":\"https:\/\/test.banneux-nd.be\/es\/chemin-de-priere\/#breadcrumb\"},\"inLanguage\":\"es\",\"potentialAction\":[{\"@type\":\"ReadAction\",\"target\":[\"https:\/\/test.banneux-nd.be\/es\/chemin-de-priere\/\"]}]},{\"@type\":\"BreadcrumbList\",\"@id\":\"https:\/\/test.banneux-nd.be\/es\/chemin-de-priere\/#breadcrumb\",\"itemListElement\":[{\"@type\":\"ListItem\",\"position\":1,\"name\":\"Accueil\",\"item\":\"https:\/\/test.banneux-nd.be\/es\/\"},{\"@type\":\"ListItem\",\"position\":2,\"name\":\"Chemin de pri\u00e8re\"}]},{\"@type\":\"WebSite\",\"@id\":\"https:\/\/test.banneux-nd.be\/es\/#website\",\"url\":\"https:\/\/test.banneux-nd.be\/es\/\",\"name\":\"Banneux Notre-Dame\",\"description\":\"Sanctuaire de la Vierge des Pauvres (Belgique)\",\"potentialAction\":[{\"@type\":\"SearchAction\",\"target\":{\"@type\":\"EntryPoint\",\"urlTemplate\":\"https:\/\/test.banneux-nd.be\/es\/?s={search_term_string}\"},\"query-input\":{\"@type\":\"PropertyValueSpecification\",\"valueRequired\":true,\"valueName\":\"search_term_string\"}}],\"inLanguage\":\"es\"}]}<\/script>\n<!-- \/ Yoast SEO plugin. -->","yoast_head_json":{"title":"Chemin de pri\u00e8re - Banneux Notre-Dame","robots":{"index":"index","follow":"follow","max-snippet":"max-snippet:-1","max-image-preview":"max-image-preview:large","max-video-preview":"max-video-preview:-1"},"canonical":"https:\/\/test.banneux-nd.be\/es\/chemin-de-priere\/","og_locale":"es_ES","og_type":"article","og_title":"Chemin de pri\u00e8re - Banneux Notre-Dame","og_description":"Chaque ann\u00e9e, l&#8217;\u00e9quipe pastorale du Sanctuaire propose un chemin de pri\u00e8re. Dans le programme d\u2019une journ\u00e9e de p\u00e8lerinage, ce chemin de pri\u00e8re pourrait tenir la premi\u00e8re place. En effet, il permet d\u2019int\u00e9rioriser le message de Banneux par la pri\u00e8re, tout en marchant de la petite chapelle vers la source. Cette d\u00e9marche, pr\u00e9c\u00e9d\u00e9e par Marie et Mariette, mais aussi par des centaines de milliers de p\u00e8lerins depuis 1933, pr\u00e9pare le c\u0153ur du p\u00e8lerin \u00e0 s\u2019ouvrir \u00e0 une rencontre intime avec J\u00e9sus dans les sacrements de la r\u00e9conciliation et de l\u2019Eucharistie, et elle se prolonge dans l\u2019adoration et l\u2019action de gr\u00e2ces lors de la b\u00e9n\u00e9diction des malades, en fin de journ\u00e9e. Cliquez ici pour t\u00e9l\u00e9charger le Chemin de pri\u00e8re actuel","og_url":"https:\/\/test.banneux-nd.be\/es\/chemin-de-priere\/","og_site_name":"Banneux Notre-Dame","article_publisher":"https:\/\/www.facebook.com\/NDBanneux\/","article_modified_time":"2024-03-14T11:53:46+00:00","twitter_card":"summary_large_image","twitter_misc":{"Tiempo de lectura":"1 minuto"},"schema":{"@context":"https:\/\/schema.org","@graph":[{"@type":"WebPage","@id":"https:\/\/test.banneux-nd.be\/es\/chemin-de-priere\/","url":"https:\/\/test.banneux-nd.be\/es\/chemin-de-priere\/","name":"Chemin de pri\u00e8re - Banneux Notre-Dame","isPartOf":{"@id":"https:\/\/test.banneux-nd.be\/es\/#website"},"datePublished":"2015-07-20T06:56:23+00:00","dateModified":"2024-03-14T11:53:46+00:00","breadcrumb":{"@id":"https:\/\/test.banneux-nd.be\/es\/chemin-de-priere\/#breadcrumb"},"inLanguage":"es","potentialAction":[{"@type":"ReadAction","target":["https:\/\/test.banneux-nd.be\/es\/chemin-de-priere\/"]}]},{"@type":"BreadcrumbList","@id":"https:\/\/test.banneux-nd.be\/es\/chemin-de-priere\/#breadcrumb","itemListElement":[{"@type":"ListItem","position":1,"name":"Accueil","item":"https:\/\/test.banneux-nd.be\/es\/"},{"@type":"ListItem","position":2,"name":"Chemin de pri\u00e8re"}]},{"@type":"WebSite","@id":"https:\/\/test.banneux-nd.be\/es\/#website","url":"https:\/\/test.banneux-nd.be\/es\/","name":"Banneux Notre-Dame","description":"Sanctuaire de la Vierge des Pauvres (Belgique)","potentialAction":[{"@type":"SearchAction","target":{"@type":"EntryPoint","urlTemplate":"https:\/\/test.banneux-nd.be\/es\/?s={search_term_string}"},"query-input":{"@type":"PropertyValueSpecification","valueRequired":true,"valueName":"search_term_string"}}],"inLanguage":"es"}]}},"coauthors":[],"author_meta":{"author_link":"https:\/\/test.banneux-nd.be\/es\/author\/adminfr\/","display_name":"adminFR"},"relative_dates":{"created":"Publicado 11 a\u00f1os hace","modified":"Actualizado 2 a\u00f1os hace"},"absolute_dates":{"created":"Publicado el 20 julio 2015","modified":"Actualizado el 14 marzo 2024"},"absolute_dates_time":{"created":"Publicado el 20 julio 2015 8 h 56 min","modified":"Actualizado el 14 marzo 2024 12 h 53 min"},"featured_img_caption":"","featured_img":false,"series_order":"","_links":{"self":[{"href":"https:\/\/test.banneux-nd.be\/es\/wp-json\/wp\/v2\/pages\/1381"}],"collection":[{"href":"https:\/\/test.banneux-nd.be\/es\/wp-json\/wp\/v2\/pages"}],"about":[{"href":"https:\/\/test.banneux-nd.be\/es\/wp-json\/wp\/v2\/types\/page"}],"author":[{"embeddable":true,"href":"https:\/\/test.banneux-nd.be\/es\/wp-json\/wp\/v2\/users\/2"}],"replies":[{"embeddable":true,"href":"https:\/\/test.banneux-nd.be\/es\/wp-json\/wp\/v2\/comments?post=1381"}],"version-history":[{"count":11,"href":"https:\/\/test.banneux-nd.be\/es\/wp-json\/wp\/v2\/pages\/1381\/revisions"}],"predecessor-version":[{"id":18344,"href":"https:\/\/test.banneux-nd.be\/es\/wp-json\/wp\/v2\/pages\/1381\/revisions\/18344"}],"wp:attachment":[{"href":"https:\/\/test.banneux-nd.be\/es\/wp-json\/wp\/v2\/media?parent=1381"}],"curies":[{"name":"wp","href":"https:\/\/api.w.org\/{rel}","templated":true}]}}