{"id":15435,"date":"2021-05-06T11:00:33","date_gmt":"2021-05-06T09:00:33","guid":{"rendered":"https:\/\/banneux-nd.be\/reconocimiento-de-apariciones\/"},"modified":"2021-05-06T11:00:33","modified_gmt":"2021-05-06T09:00:33","slug":"reconocimiento-de-apariciones","status":"publish","type":"page","link":"https:\/\/test.banneux-nd.be\/es\/reconocimiento-de-apariciones\/","title":{"rendered":"Reconocimiento de apariciones"},"content":{"rendered":"<p class=\"rtejustify\" style=\"text-align: justify;\"><strong>M<\/strong><img decoding=\"async\" style=\"padding: 5px; margin-right: 5px;\" src=\"https:\/\/test.banneux-nd.be\/wp-content\/uploads\/2017\/08\/Mgr%20Kerkhofs.jpg\" alt=\"\" align=\"left\"><strong>ons. Louis-Joseph KERKHOFS<\/strong><br \/>\nEl 13 de julio de 1934, el obispo Kerkhofs pronunci\u00f3 las siguientes palabras: <em>Recemos juntos a la Virgen para que nos ayude e ilumine, y para que Ella acelere la soluci\u00f3n que responda a sus deseos, y \u00a1para qu\u00e9 callarlo! a los nuestros.<\/em><\/p>\n<p class=\"rtejustify\" style=\"text-align: justify;\">Y unos a\u00f1os despu\u00e9s, en su carta pastoral del 22 de agosto de 1949, declar\u00f3: <em>Queremos demostrar que realmente creemos que la Sant\u00edsima Virgen se apareci\u00f3 y habl\u00f3 en Banneux. Esta convicci\u00f3n conlleva obligaciones para nosotros. En dos ocasiones, primero en 1942, luego en 1947, reconocimos oficialmente, con algunas reservas, la realidad de las apariciones de Banneux. Hoy, despu\u00e9s de dos a\u00f1os m\u00e1s de oraci\u00f3n y observaciones, creemos en conciencia que podemos y debemos reconocer sin reservas esta realidad, a saber, la realidad de las ocho apariciones de la Sant\u00edsima Virgen a Mariette Beco, que tuvieron lugar el 15 de enero. 18, 19 y 20, 11, 15 y 20 de febrero y 2 de marzo de 1933<\/em>.<\/p>\n<hr>\n<p class=\"rtejustify\" style=\"text-align: justify;\"><img loading=\"lazy\" decoding=\"async\" style=\"padding: 5px; margin-left: 5px;\" src=\"https:\/\/test.banneux-nd.be\/wp-content\/uploads\/2017\/08\/Mgr%20Vanzuylen.gif\" alt=\"\" width=\"191\" height=\"277\" align=\"right\"><\/p>\n<p class=\"rtejustify\" style=\"text-align: justify;\"><strong>Monse\u00f1or Guillaume-Marie VAN ZUYLEN<\/strong><br \/>\nEl obispo van Zuylen sigui\u00f3 el mismo enfoque que su predecesor (revista<em>Nuestra Se\u00f1ora de los Pobres<\/em> Marzo-abril de 1973): <em>El Mensaje de Banneux que, en 1933, fue recibido por mi venerado predecesor, Mons. Kerkhofs, con una fe prudente, pero muy simple y muy humilde y con gran alegr\u00eda, no ha perdido nada de su relevancia, al contrario &#8230; Como sucesor de Mons. Kerkhofs, como obispo de Lieja, quisiera decir que comparto plenamente la posici\u00f3n de mi predecesor.<\/em><\/p>\n<p class=\"rtejustify\" style=\"text-align: justify;\">Adem\u00e1s, afirm\u00f3 (revista<em>Nuestra Se\u00f1ora de los Pobres,<\/em> Mayo-junio de 1973): <em>Es bueno recordarnos, en este momento, el Mensaje de Banneux. Consiste en pocas palabras, algunas frases que os son familiares, pero es tan evang\u00e9lico que se puede decir, sin exagerar, que comparte la inagotable riqueza de la Buena Nueva, predicada por Jes\u00fas. Nunca terminamos de escudri\u00f1ar, de meditar este mensaje. Ten\u00e9is que hacerlo, asimilar su sustancia, para vivir de ella.<\/em><\/p>\n<hr>\n<p class=\"rtejustify\" style=\"text-align: justify;\"><strong><img loading=\"lazy\" decoding=\"async\" class=\"alignleft size-medium wp-image-8018\" src=\"https:\/\/test.banneux-nd.be\/wp-content\/uploads\/2018\/05\/Mgr-Albert-Houssiau-234x300.jpg\" alt=\"\" width=\"234\" height=\"300\" srcset=\"https:\/\/test.banneux-nd.be\/wp-content\/uploads\/2018\/05\/Mgr-Albert-Houssiau-234x300.jpg 234w, https:\/\/test.banneux-nd.be\/wp-content\/uploads\/2018\/05\/Mgr-Albert-Houssiau.jpg 480w\" sizes=\"(max-width: 234px) 100vw, 234px\" \/>Obispo Albert HOUSSIAU<\/strong><br \/>\nMons. Houssiau no dud\u00f3 en confirmar las palabras de sus predecesores (revista<em>Nuestra Se\u00f1ora de los Pobres<\/em> Enero-febrero de 1993): <em>Este mensaje conserva toda su relevancia. Como mis predecesores, reconozco la realidad de las apariciones, la pureza evang\u00e9lica del mensaje y la salud espiritual de la acci\u00f3n pastoral de Banneux. Pongo toda la obra apost\u00f3lica y caritativa de la di\u00f3cesis bajo la protecci\u00f3n materna de la Virgen de los Pobres.<\/em><\/p>\n<p class=\"rtejustify\" style=\"text-align: justify;\">Tambi\u00e9n complet\u00f3 sus primeras declaraciones (revista<em>Nuestra Se\u00f1ora de los Pobres<\/em> Julio-agosto de 1999): <em>Reconocer la gracia que se nos ha otorgado en este lugar es tambi\u00e9n trabajar por su actualizaci\u00f3n para nosotros y para los hombres y mujeres de hoy, en particular para las generaciones futuras. Nuestra Se\u00f1ora de los Pobres confi\u00f3 en nosotros. Ella nos involucra a su obra. Por tanto, nos metemos en su obra con generosidad y fidelidad, respondiendo a su invitaci\u00f3n: <\/em>Cree en mi yo creer\u00e9 en ti<em> , como lo hicieron Mons. Kerkhofs (8 de diciembre de 1948), Mons. van Zuylen y sus colaboradores.<\/em><\/p>\n<hr>\n<p class=\"rtejustify\" style=\"text-align: justify;\"><strong>Obispo Aloys JOUSTEN<\/strong><\/p>\n<p class=\"rtejustify\" style=\"text-align: justify;\">Con motivo del 75<sup> aniversario de las Apariciones, el Obispo de Lieja reafirm\u00f3 la realidad del Mensaje de <img loading=\"lazy\" decoding=\"async\" class=\"size-medium wp-image-8023 alignright\" src=\"https:\/\/test.banneux-nd.be\/wp-content\/uploads\/2018\/05\/Mgr-Aloys-Jousten-275x300.jpg\" alt=\"\" width=\"275\" height=\"300\" srcset=\"https:\/\/test.banneux-nd.be\/wp-content\/uploads\/2018\/05\/Mgr-Aloys-Jousten-275x300.jpg 275w, https:\/\/test.banneux-nd.be\/wp-content\/uploads\/2018\/05\/Mgr-Aloys-Jousten.jpg 490w\" sizes=\"(max-width: 275px) 100vw, 275px\" \/>Banneux (revista<em>Nuestra Se\u00f1ora de los Pobres<\/em> Enero-febrero-marzo de 2008):<\/sup> <em>En 1949, Mons. Louis-Joseph Kerkhofs, obispo de Lieja, reconoci\u00f3 definitivamente la realidad de las apariciones y del mensaje. Como mis predecesores, quiero confirmar este reconocimiento: las apariciones y el mensaje de la Virgen de los Pobres son dignos de fe. Me llama especialmente la atenci\u00f3n la melod\u00eda evang\u00e9lica del signo y de las palabras.<br \/>\nLa Madre de Jes\u00fas se dirige siempre hacia su Hijo. \u00c9l es la fuente de la vida real, de la vida en plenitud. Vino a llevar la Buena Nueva, el evangelio a los pobres.<br \/>\n\u00c9l es el Salvador de los hombres, de todos los hombres, de todas las naciones &#8230; Todo el mensaje del Evangelio resuena en nuestro coraz\u00f3n y se confirma cuando escuchamos a Mar\u00eda decirnos: <\/em>Soy la Virgen de los Pobres<em>\u2026 Que la Virgen de los Pobres rece por nosotros, como nos prometi\u00f3. Y rezamos con ella especialmente por los enfermos, por la paz y la justicia en el mundo, como ella nos pide.<\/em><\/p>\n<hr>\n<p>&nbsp;<\/p>\n","protected":false},"excerpt":{"rendered":"<p>Mons. Louis-Joseph KERKHOFS El 13 de julio de 1934, el obispo Kerkhofs pronunci\u00f3 las siguientes palabras: Recemos juntos a la Virgen para que nos ayude e ilumine, y para que Ella acelere la soluci\u00f3n que responda a sus deseos, y \u00a1para qu\u00e9 callarlo! a los nuestros. Y unos a\u00f1os despu\u00e9s, en su carta pastoral del 22 de agosto de 1949, declar\u00f3: Queremos demostrar que realmente creemos que la Sant\u00edsima Virgen se apareci\u00f3 y habl\u00f3 en Banneux. Esta convicci\u00f3n conlleva obligaciones para nosotros. En dos ocasiones, primero en 1942, luego en 1947, reconocimos oficialmente, con algunas reservas, la realidad de las apariciones de Banneux. Hoy, despu\u00e9s de dos a\u00f1os m\u00e1s de oraci\u00f3n y observaciones, creemos en conciencia que podemos y debemos&hellip;<\/p>\n","protected":false},"author":2,"featured_media":0,"parent":0,"menu_order":0,"comment_status":"closed","ping_status":"closed","template":"","meta":{"advgb_blocks_editor_width":"","advgb_blocks_columns_visual_guide":"","footnotes":""},"class_list":["post-15435","page","type-page","status-publish","hentry"],"yoast_head":"<!-- This site is optimized with the Yoast SEO plugin v25.6 - https:\/\/yoast.com\/wordpress\/plugins\/seo\/ -->\n<title>Reconocimiento de apariciones - Banneux Notre-Dame<\/title>\n<meta name=\"robots\" content=\"index, follow, max-snippet:-1, max-image-preview:large, max-video-preview:-1\" \/>\n<link rel=\"canonical\" href=\"https:\/\/test.banneux-nd.be\/es\/reconocimiento-de-apariciones\/\" \/>\n<meta property=\"og:locale\" content=\"es_ES\" \/>\n<meta property=\"og:type\" content=\"article\" \/>\n<meta property=\"og:title\" content=\"Reconocimiento de apariciones - Banneux Notre-Dame\" \/>\n<meta property=\"og:description\" content=\"Mons. Louis-Joseph KERKHOFS El 13 de julio de 1934, el obispo Kerkhofs pronunci\u00f3 las siguientes palabras: Recemos juntos a la Virgen para que nos ayude e ilumine, y para que Ella acelere la soluci\u00f3n que responda a sus deseos, y \u00a1para qu\u00e9 callarlo! a los nuestros. Y unos a\u00f1os despu\u00e9s, en su carta pastoral del 22 de agosto de 1949, declar\u00f3: Queremos demostrar que realmente creemos que la Sant\u00edsima Virgen se apareci\u00f3 y habl\u00f3 en Banneux. Esta convicci\u00f3n conlleva obligaciones para nosotros. En dos ocasiones, primero en 1942, luego en 1947, reconocimos oficialmente, con algunas reservas, la realidad de las apariciones de Banneux. Hoy, despu\u00e9s de dos a\u00f1os m\u00e1s de oraci\u00f3n y observaciones, creemos en conciencia que podemos y debemos&hellip;\" \/>\n<meta property=\"og:url\" content=\"https:\/\/test.banneux-nd.be\/es\/reconocimiento-de-apariciones\/\" \/>\n<meta property=\"og:site_name\" content=\"Banneux Notre-Dame\" \/>\n<meta property=\"article:publisher\" content=\"https:\/\/www.facebook.com\/NDBanneux\/\" \/>\n<meta property=\"og:image\" content=\"https:\/\/test.banneux-nd.be\/wp-content\/uploads\/2017\/08\/Mgr%20Kerkhofs.jpg\" \/>\n<meta name=\"twitter:card\" content=\"summary_large_image\" \/>\n<meta name=\"twitter:label1\" content=\"Tiempo de lectura\" \/>\n\t<meta name=\"twitter:data1\" content=\"3 minutos\" \/>\n<script type=\"application\/ld+json\" class=\"yoast-schema-graph\">{\"@context\":\"https:\/\/schema.org\",\"@graph\":[{\"@type\":\"WebPage\",\"@id\":\"https:\/\/test.banneux-nd.be\/es\/reconocimiento-de-apariciones\/\",\"url\":\"https:\/\/test.banneux-nd.be\/es\/reconocimiento-de-apariciones\/\",\"name\":\"Reconocimiento de apariciones - Banneux Notre-Dame\",\"isPartOf\":{\"@id\":\"https:\/\/test.banneux-nd.be\/es\/#website\"},\"primaryImageOfPage\":{\"@id\":\"https:\/\/test.banneux-nd.be\/es\/reconocimiento-de-apariciones\/#primaryimage\"},\"image\":{\"@id\":\"https:\/\/test.banneux-nd.be\/es\/reconocimiento-de-apariciones\/#primaryimage\"},\"thumbnailUrl\":\"https:\/\/test.banneux-nd.be\/wp-content\/uploads\/2017\/08\/Mgr%20Kerkhofs.jpg\",\"datePublished\":\"2021-05-06T09:00:33+00:00\",\"breadcrumb\":{\"@id\":\"https:\/\/test.banneux-nd.be\/es\/reconocimiento-de-apariciones\/#breadcrumb\"},\"inLanguage\":\"es\",\"potentialAction\":[{\"@type\":\"ReadAction\",\"target\":[\"https:\/\/test.banneux-nd.be\/es\/reconocimiento-de-apariciones\/\"]}]},{\"@type\":\"ImageObject\",\"inLanguage\":\"es\",\"@id\":\"https:\/\/test.banneux-nd.be\/es\/reconocimiento-de-apariciones\/#primaryimage\",\"url\":\"https:\/\/test.banneux-nd.be\/wp-content\/uploads\/2017\/08\/Mgr%20Kerkhofs.jpg\",\"contentUrl\":\"https:\/\/test.banneux-nd.be\/wp-content\/uploads\/2017\/08\/Mgr%20Kerkhofs.jpg\"},{\"@type\":\"BreadcrumbList\",\"@id\":\"https:\/\/test.banneux-nd.be\/es\/reconocimiento-de-apariciones\/#breadcrumb\",\"itemListElement\":[{\"@type\":\"ListItem\",\"position\":1,\"name\":\"Accueil\",\"item\":\"https:\/\/test.banneux-nd.be\/es\/\"},{\"@type\":\"ListItem\",\"position\":2,\"name\":\"Reconocimiento de apariciones\"}]},{\"@type\":\"WebSite\",\"@id\":\"https:\/\/test.banneux-nd.be\/es\/#website\",\"url\":\"https:\/\/test.banneux-nd.be\/es\/\",\"name\":\"Banneux Notre-Dame\",\"description\":\"Sanctuaire de la Vierge des Pauvres (Belgique)\",\"potentialAction\":[{\"@type\":\"SearchAction\",\"target\":{\"@type\":\"EntryPoint\",\"urlTemplate\":\"https:\/\/test.banneux-nd.be\/es\/?s={search_term_string}\"},\"query-input\":{\"@type\":\"PropertyValueSpecification\",\"valueRequired\":true,\"valueName\":\"search_term_string\"}}],\"inLanguage\":\"es\"}]}<\/script>\n<!-- \/ Yoast SEO plugin. -->","yoast_head_json":{"title":"Reconocimiento de apariciones - Banneux Notre-Dame","robots":{"index":"index","follow":"follow","max-snippet":"max-snippet:-1","max-image-preview":"max-image-preview:large","max-video-preview":"max-video-preview:-1"},"canonical":"https:\/\/test.banneux-nd.be\/es\/reconocimiento-de-apariciones\/","og_locale":"es_ES","og_type":"article","og_title":"Reconocimiento de apariciones - Banneux Notre-Dame","og_description":"Mons. Louis-Joseph KERKHOFS El 13 de julio de 1934, el obispo Kerkhofs pronunci\u00f3 las siguientes palabras: Recemos juntos a la Virgen para que nos ayude e ilumine, y para que Ella acelere la soluci\u00f3n que responda a sus deseos, y \u00a1para qu\u00e9 callarlo! a los nuestros. Y unos a\u00f1os despu\u00e9s, en su carta pastoral del 22 de agosto de 1949, declar\u00f3: Queremos demostrar que realmente creemos que la Sant\u00edsima Virgen se apareci\u00f3 y habl\u00f3 en Banneux. Esta convicci\u00f3n conlleva obligaciones para nosotros. En dos ocasiones, primero en 1942, luego en 1947, reconocimos oficialmente, con algunas reservas, la realidad de las apariciones de Banneux. Hoy, despu\u00e9s de dos a\u00f1os m\u00e1s de oraci\u00f3n y observaciones, creemos en conciencia que podemos y debemos&hellip;","og_url":"https:\/\/test.banneux-nd.be\/es\/reconocimiento-de-apariciones\/","og_site_name":"Banneux Notre-Dame","article_publisher":"https:\/\/www.facebook.com\/NDBanneux\/","og_image":[{"url":"https:\/\/test.banneux-nd.be\/wp-content\/uploads\/2017\/08\/Mgr%20Kerkhofs.jpg","type":"","width":"","height":""}],"twitter_card":"summary_large_image","twitter_misc":{"Tiempo de lectura":"3 minutos"},"schema":{"@context":"https:\/\/schema.org","@graph":[{"@type":"WebPage","@id":"https:\/\/test.banneux-nd.be\/es\/reconocimiento-de-apariciones\/","url":"https:\/\/test.banneux-nd.be\/es\/reconocimiento-de-apariciones\/","name":"Reconocimiento de apariciones - Banneux Notre-Dame","isPartOf":{"@id":"https:\/\/test.banneux-nd.be\/es\/#website"},"primaryImageOfPage":{"@id":"https:\/\/test.banneux-nd.be\/es\/reconocimiento-de-apariciones\/#primaryimage"},"image":{"@id":"https:\/\/test.banneux-nd.be\/es\/reconocimiento-de-apariciones\/#primaryimage"},"thumbnailUrl":"https:\/\/test.banneux-nd.be\/wp-content\/uploads\/2017\/08\/Mgr%20Kerkhofs.jpg","datePublished":"2021-05-06T09:00:33+00:00","breadcrumb":{"@id":"https:\/\/test.banneux-nd.be\/es\/reconocimiento-de-apariciones\/#breadcrumb"},"inLanguage":"es","potentialAction":[{"@type":"ReadAction","target":["https:\/\/test.banneux-nd.be\/es\/reconocimiento-de-apariciones\/"]}]},{"@type":"ImageObject","inLanguage":"es","@id":"https:\/\/test.banneux-nd.be\/es\/reconocimiento-de-apariciones\/#primaryimage","url":"https:\/\/test.banneux-nd.be\/wp-content\/uploads\/2017\/08\/Mgr%20Kerkhofs.jpg","contentUrl":"https:\/\/test.banneux-nd.be\/wp-content\/uploads\/2017\/08\/Mgr%20Kerkhofs.jpg"},{"@type":"BreadcrumbList","@id":"https:\/\/test.banneux-nd.be\/es\/reconocimiento-de-apariciones\/#breadcrumb","itemListElement":[{"@type":"ListItem","position":1,"name":"Accueil","item":"https:\/\/test.banneux-nd.be\/es\/"},{"@type":"ListItem","position":2,"name":"Reconocimiento de apariciones"}]},{"@type":"WebSite","@id":"https:\/\/test.banneux-nd.be\/es\/#website","url":"https:\/\/test.banneux-nd.be\/es\/","name":"Banneux Notre-Dame","description":"Sanctuaire de la Vierge des Pauvres (Belgique)","potentialAction":[{"@type":"SearchAction","target":{"@type":"EntryPoint","urlTemplate":"https:\/\/test.banneux-nd.be\/es\/?s={search_term_string}"},"query-input":{"@type":"PropertyValueSpecification","valueRequired":true,"valueName":"search_term_string"}}],"inLanguage":"es"}]}},"coauthors":[],"author_meta":{"author_link":"https:\/\/test.banneux-nd.be\/es\/author\/adminfr\/","display_name":"adminFR"},"relative_dates":{"created":"Publicado 5 a\u00f1os hace","modified":"Actualizado 5 a\u00f1os hace"},"absolute_dates":{"created":"Publicado el 6 mayo 2021","modified":"Actualizado el 6 mayo 2021"},"absolute_dates_time":{"created":"Publicado el 6 mayo 2021 11 h 00 min","modified":"Actualizado el 6 mayo 2021 11 h 00 min"},"featured_img_caption":"","featured_img":false,"series_order":"","_links":{"self":[{"href":"https:\/\/test.banneux-nd.be\/es\/wp-json\/wp\/v2\/pages\/15435"}],"collection":[{"href":"https:\/\/test.banneux-nd.be\/es\/wp-json\/wp\/v2\/pages"}],"about":[{"href":"https:\/\/test.banneux-nd.be\/es\/wp-json\/wp\/v2\/types\/page"}],"author":[{"embeddable":true,"href":"https:\/\/test.banneux-nd.be\/es\/wp-json\/wp\/v2\/users\/2"}],"replies":[{"embeddable":true,"href":"https:\/\/test.banneux-nd.be\/es\/wp-json\/wp\/v2\/comments?post=15435"}],"version-history":[{"count":0,"href":"https:\/\/test.banneux-nd.be\/es\/wp-json\/wp\/v2\/pages\/15435\/revisions"}],"wp:attachment":[{"href":"https:\/\/test.banneux-nd.be\/es\/wp-json\/wp\/v2\/media?parent=15435"}],"curies":[{"name":"wp","href":"https:\/\/api.w.org\/{rel}","templated":true}]}}