{"id":15536,"date":"2021-06-15T14:12:01","date_gmt":"2021-06-15T12:12:01","guid":{"rendered":"https:\/\/banneux-nd.be\/ayuda-al-santuario\/"},"modified":"2021-07-01T16:34:04","modified_gmt":"2021-07-01T14:34:04","slug":"ayuda-al-santuario","status":"publish","type":"page","link":"https:\/\/test.banneux-nd.be\/es\/ayuda-al-santuario\/","title":{"rendered":"Ayuda al santuario"},"content":{"rendered":"<h4>Hay dos posibilidades:<\/h4>\n<ul>\n<li><strong>Ayudar econ\u00f3micamente al Santuario<\/strong><\/li>\n<li><strong><a href=\"https:\/\/test.banneux-nd.be\/es\/benevolat\/\" target=\"_blank\" rel=\"noopener noreferrer\">Ayudar al Santuario a trav\u00e9s de tu voluntariado<\/a><\/strong><\/li>\n<\/ul>\n<hr>\n<p><strong> <\/strong><strong>\u00bfC\u00f3mo ayudar econ\u00f3micamente al Santuario y \/ o la &#8216;Hospitalit\u00e9&#8217;?<\/strong><\/p>\n<ul>\n<li><strong>El santuario de Banneux Notre-Dame vive solo de donaciones.<\/strong> Los costes de personal, mantenimiento, log\u00edstica y calefacci\u00f3n son elevados. Ay\u00fadanos a mantener vivo el Santuario y acogedor para todos envi\u00e1ndonos tu donaci\u00f3n, indicando claramente el destino de tu pago.<\/li>\n<\/ul>\n<p style=\"text-align: center;\"><span style=\"color: #003366;\"><strong>Estas donaciones no califican para la exenci\u00f3n de impuestos.<\/strong><\/span><\/p>\n<p style=\"text-align: center;\"><strong>Banneux &#8211; La Virgen de los Pobres asbl<\/strong><br \/>\n<strong> IBAN: BE15 0000 0462 0230 &#8211; BIC: BPOTBEB1<\/strong><\/p>\n<p style=\"text-align: center;\">***<\/p>\n<ul>\n<li><strong>La &#8216;Hospitalit\u00e9&#8217; de Banneux Notre-Dame<\/strong> acoge cada a\u00f1o a un gran n\u00famero de personas a las que la vida ha marcado dolorosamente en su carne, en su esp\u00edritu, en sus relaciones familiares o sociales. Los pocos d\u00edas que pasan en Banneux les permiten encontrar un sentido a la vida o, al menos, beneficiarse de momentos de relajaci\u00f3n, gracias a la intervenci\u00f3n de la Virgen de los Pobres y a la atenta ayuda de todos los que trabajan en Banneux. . Todos juntos tenemos la responsabilidad de preservar y mejorar la &#8216;Hospitalit\u00e9&#8217; en beneficio de los m\u00e1s desfavorecidos. Para ello, sus donaciones son bienvenidas:<\/li>\n<\/ul>\n<p style=\"text-align: center;\"><strong>Hospitalit\u00e9 de Banneux Notre-Dame<br \/>\n<\/strong> <strong>IBAN: BE35 3480 6303 7637 &#8211; BIC: BBRUBEBB<\/strong><\/p>\n<p style=\"font-weight: 400; text-align: center;\"><strong><span style=\"color: #003366;\">Los donantes pueden beneficiarse de una exenci\u00f3n fiscal<br \/>\npor cualquier donaci\u00f3n a partir de 40 \u20ac \/ a\u00f1o.<\/span><\/strong><\/p>\n<p><a href=\"https:\/\/test.banneux-nd.be\/es\/dons-en-ligne\/\" target=\"_blank\" rel=\"noopener noreferrer\"><img loading=\"lazy\" decoding=\"async\" class=\"aligncenter wp-image-13770 size-full\" src=\"https:\/\/test.banneux-nd.be\/wp-content\/uploads\/2020\/08\/Je-paie-en-ligne.gif\" alt=\"\" width=\"454\" height=\"170\"><\/a><\/p>\n<p style=\"text-align: justify;\">\n<ul>\n<li><strong>Legado en duo<\/strong> : Gracias al sistem de <a href=\"https:\/\/test.banneux-nd.be\/es\/legs-en-duo\/\" target=\"_blank\" rel=\"noopener noreferrer\"><strong>legado en duo<\/strong><\/a>, dejas tanto (si no m\u00e1s) a tus seres queridos y nos ayudas a acoger enfermos.<\/li>\n<\/ul>\n<h4 style=\"text-align: center;\"><b>Muchas gracias por tu ayuda !<\/b><\/h4>\n","protected":false},"excerpt":{"rendered":"<p>Hay dos posibilidades: Ayudar econ\u00f3micamente al Santuario Ayudar al Santuario a trav\u00e9s de tu voluntariado \u00bfC\u00f3mo ayudar econ\u00f3micamente al Santuario y \/ o la &#8216;Hospitalit\u00e9&#8217;? El santuario de Banneux Notre-Dame vive solo de donaciones. Los costes de personal, mantenimiento, log\u00edstica y calefacci\u00f3n son elevados. Ay\u00fadanos a mantener vivo el Santuario y acogedor para todos envi\u00e1ndonos tu donaci\u00f3n, indicando claramente el destino de tu pago. Estas donaciones no califican para la exenci\u00f3n de impuestos. Banneux &#8211; La Virgen de los Pobres asbl IBAN: BE15 0000 0462 0230 &#8211; BIC: BPOTBEB1 *** La &#8216;Hospitalit\u00e9&#8217; de Banneux Notre-Dame acoge cada a\u00f1o a un gran n\u00famero de personas a las que la vida ha marcado dolorosamente en su carne, en su esp\u00edritu, en sus&hellip;<\/p>\n","protected":false},"author":2,"featured_media":0,"parent":0,"menu_order":0,"comment_status":"closed","ping_status":"closed","template":"","meta":{"advgb_blocks_editor_width":"","advgb_blocks_columns_visual_guide":"","footnotes":""},"class_list":["post-15536","page","type-page","status-publish","hentry"],"yoast_head":"<!-- This site is optimized with the Yoast SEO plugin v25.6 - https:\/\/yoast.com\/wordpress\/plugins\/seo\/ -->\n<title>Ayuda al santuario - Banneux Notre-Dame<\/title>\n<meta name=\"robots\" content=\"index, follow, max-snippet:-1, max-image-preview:large, max-video-preview:-1\" \/>\n<link rel=\"canonical\" href=\"https:\/\/test.banneux-nd.be\/es\/ayuda-al-santuario\/\" \/>\n<meta property=\"og:locale\" content=\"es_ES\" \/>\n<meta property=\"og:type\" content=\"article\" \/>\n<meta property=\"og:title\" content=\"Ayuda al santuario - Banneux Notre-Dame\" \/>\n<meta property=\"og:description\" content=\"Hay dos posibilidades: Ayudar econ\u00f3micamente al Santuario Ayudar al Santuario a trav\u00e9s de tu voluntariado \u00bfC\u00f3mo ayudar econ\u00f3micamente al Santuario y \/ o la &#8216;Hospitalit\u00e9&#8217;? El santuario de Banneux Notre-Dame vive solo de donaciones. Los costes de personal, mantenimiento, log\u00edstica y calefacci\u00f3n son elevados. Ay\u00fadanos a mantener vivo el Santuario y acogedor para todos envi\u00e1ndonos tu donaci\u00f3n, indicando claramente el destino de tu pago. Estas donaciones no califican para la exenci\u00f3n de impuestos. Banneux &#8211; La Virgen de los Pobres asbl IBAN: BE15 0000 0462 0230 &#8211; BIC: BPOTBEB1 *** La &#8216;Hospitalit\u00e9&#8217; de Banneux Notre-Dame acoge cada a\u00f1o a un gran n\u00famero de personas a las que la vida ha marcado dolorosamente en su carne, en su esp\u00edritu, en sus&hellip;\" \/>\n<meta property=\"og:url\" content=\"https:\/\/test.banneux-nd.be\/es\/ayuda-al-santuario\/\" \/>\n<meta property=\"og:site_name\" content=\"Banneux Notre-Dame\" \/>\n<meta property=\"article:publisher\" content=\"https:\/\/www.facebook.com\/NDBanneux\/\" \/>\n<meta property=\"article:modified_time\" content=\"2021-07-01T14:34:04+00:00\" \/>\n<meta property=\"og:image\" content=\"https:\/\/test.banneux-nd.be\/wp-content\/uploads\/2020\/08\/Je-paie-en-ligne.gif\" \/>\n<meta name=\"twitter:card\" content=\"summary_large_image\" \/>\n<meta name=\"twitter:label1\" content=\"Tiempo de lectura\" \/>\n\t<meta name=\"twitter:data1\" content=\"1 minuto\" \/>\n<script type=\"application\/ld+json\" class=\"yoast-schema-graph\">{\"@context\":\"https:\/\/schema.org\",\"@graph\":[{\"@type\":\"WebPage\",\"@id\":\"https:\/\/test.banneux-nd.be\/es\/ayuda-al-santuario\/\",\"url\":\"https:\/\/test.banneux-nd.be\/es\/ayuda-al-santuario\/\",\"name\":\"Ayuda al santuario - Banneux Notre-Dame\",\"isPartOf\":{\"@id\":\"https:\/\/test.banneux-nd.be\/es\/#website\"},\"primaryImageOfPage\":{\"@id\":\"https:\/\/test.banneux-nd.be\/es\/ayuda-al-santuario\/#primaryimage\"},\"image\":{\"@id\":\"https:\/\/test.banneux-nd.be\/es\/ayuda-al-santuario\/#primaryimage\"},\"thumbnailUrl\":\"https:\/\/test.banneux-nd.be\/wp-content\/uploads\/2020\/08\/Je-paie-en-ligne.gif\",\"datePublished\":\"2021-06-15T12:12:01+00:00\",\"dateModified\":\"2021-07-01T14:34:04+00:00\",\"breadcrumb\":{\"@id\":\"https:\/\/test.banneux-nd.be\/es\/ayuda-al-santuario\/#breadcrumb\"},\"inLanguage\":\"es\",\"potentialAction\":[{\"@type\":\"ReadAction\",\"target\":[\"https:\/\/test.banneux-nd.be\/es\/ayuda-al-santuario\/\"]}]},{\"@type\":\"ImageObject\",\"inLanguage\":\"es\",\"@id\":\"https:\/\/test.banneux-nd.be\/es\/ayuda-al-santuario\/#primaryimage\",\"url\":\"https:\/\/test.banneux-nd.be\/wp-content\/uploads\/2020\/08\/Je-paie-en-ligne.gif\",\"contentUrl\":\"https:\/\/test.banneux-nd.be\/wp-content\/uploads\/2020\/08\/Je-paie-en-ligne.gif\"},{\"@type\":\"BreadcrumbList\",\"@id\":\"https:\/\/test.banneux-nd.be\/es\/ayuda-al-santuario\/#breadcrumb\",\"itemListElement\":[{\"@type\":\"ListItem\",\"position\":1,\"name\":\"Accueil\",\"item\":\"https:\/\/test.banneux-nd.be\/es\/\"},{\"@type\":\"ListItem\",\"position\":2,\"name\":\"Ayuda al santuario\"}]},{\"@type\":\"WebSite\",\"@id\":\"https:\/\/test.banneux-nd.be\/es\/#website\",\"url\":\"https:\/\/test.banneux-nd.be\/es\/\",\"name\":\"Banneux Notre-Dame\",\"description\":\"Sanctuaire de la Vierge des Pauvres (Belgique)\",\"potentialAction\":[{\"@type\":\"SearchAction\",\"target\":{\"@type\":\"EntryPoint\",\"urlTemplate\":\"https:\/\/test.banneux-nd.be\/es\/?s={search_term_string}\"},\"query-input\":{\"@type\":\"PropertyValueSpecification\",\"valueRequired\":true,\"valueName\":\"search_term_string\"}}],\"inLanguage\":\"es\"}]}<\/script>\n<!-- \/ Yoast SEO plugin. -->","yoast_head_json":{"title":"Ayuda al santuario - Banneux Notre-Dame","robots":{"index":"index","follow":"follow","max-snippet":"max-snippet:-1","max-image-preview":"max-image-preview:large","max-video-preview":"max-video-preview:-1"},"canonical":"https:\/\/test.banneux-nd.be\/es\/ayuda-al-santuario\/","og_locale":"es_ES","og_type":"article","og_title":"Ayuda al santuario - Banneux Notre-Dame","og_description":"Hay dos posibilidades: Ayudar econ\u00f3micamente al Santuario Ayudar al Santuario a trav\u00e9s de tu voluntariado \u00bfC\u00f3mo ayudar econ\u00f3micamente al Santuario y \/ o la &#8216;Hospitalit\u00e9&#8217;? El santuario de Banneux Notre-Dame vive solo de donaciones. Los costes de personal, mantenimiento, log\u00edstica y calefacci\u00f3n son elevados. Ay\u00fadanos a mantener vivo el Santuario y acogedor para todos envi\u00e1ndonos tu donaci\u00f3n, indicando claramente el destino de tu pago. Estas donaciones no califican para la exenci\u00f3n de impuestos. Banneux &#8211; La Virgen de los Pobres asbl IBAN: BE15 0000 0462 0230 &#8211; BIC: BPOTBEB1 *** La &#8216;Hospitalit\u00e9&#8217; de Banneux Notre-Dame acoge cada a\u00f1o a un gran n\u00famero de personas a las que la vida ha marcado dolorosamente en su carne, en su esp\u00edritu, en sus&hellip;","og_url":"https:\/\/test.banneux-nd.be\/es\/ayuda-al-santuario\/","og_site_name":"Banneux Notre-Dame","article_publisher":"https:\/\/www.facebook.com\/NDBanneux\/","article_modified_time":"2021-07-01T14:34:04+00:00","og_image":[{"url":"https:\/\/test.banneux-nd.be\/wp-content\/uploads\/2020\/08\/Je-paie-en-ligne.gif","type":"","width":"","height":""}],"twitter_card":"summary_large_image","twitter_misc":{"Tiempo de lectura":"1 minuto"},"schema":{"@context":"https:\/\/schema.org","@graph":[{"@type":"WebPage","@id":"https:\/\/test.banneux-nd.be\/es\/ayuda-al-santuario\/","url":"https:\/\/test.banneux-nd.be\/es\/ayuda-al-santuario\/","name":"Ayuda al santuario - Banneux Notre-Dame","isPartOf":{"@id":"https:\/\/test.banneux-nd.be\/es\/#website"},"primaryImageOfPage":{"@id":"https:\/\/test.banneux-nd.be\/es\/ayuda-al-santuario\/#primaryimage"},"image":{"@id":"https:\/\/test.banneux-nd.be\/es\/ayuda-al-santuario\/#primaryimage"},"thumbnailUrl":"https:\/\/test.banneux-nd.be\/wp-content\/uploads\/2020\/08\/Je-paie-en-ligne.gif","datePublished":"2021-06-15T12:12:01+00:00","dateModified":"2021-07-01T14:34:04+00:00","breadcrumb":{"@id":"https:\/\/test.banneux-nd.be\/es\/ayuda-al-santuario\/#breadcrumb"},"inLanguage":"es","potentialAction":[{"@type":"ReadAction","target":["https:\/\/test.banneux-nd.be\/es\/ayuda-al-santuario\/"]}]},{"@type":"ImageObject","inLanguage":"es","@id":"https:\/\/test.banneux-nd.be\/es\/ayuda-al-santuario\/#primaryimage","url":"https:\/\/test.banneux-nd.be\/wp-content\/uploads\/2020\/08\/Je-paie-en-ligne.gif","contentUrl":"https:\/\/test.banneux-nd.be\/wp-content\/uploads\/2020\/08\/Je-paie-en-ligne.gif"},{"@type":"BreadcrumbList","@id":"https:\/\/test.banneux-nd.be\/es\/ayuda-al-santuario\/#breadcrumb","itemListElement":[{"@type":"ListItem","position":1,"name":"Accueil","item":"https:\/\/test.banneux-nd.be\/es\/"},{"@type":"ListItem","position":2,"name":"Ayuda al santuario"}]},{"@type":"WebSite","@id":"https:\/\/test.banneux-nd.be\/es\/#website","url":"https:\/\/test.banneux-nd.be\/es\/","name":"Banneux Notre-Dame","description":"Sanctuaire de la Vierge des Pauvres (Belgique)","potentialAction":[{"@type":"SearchAction","target":{"@type":"EntryPoint","urlTemplate":"https:\/\/test.banneux-nd.be\/es\/?s={search_term_string}"},"query-input":{"@type":"PropertyValueSpecification","valueRequired":true,"valueName":"search_term_string"}}],"inLanguage":"es"}]}},"coauthors":[],"author_meta":{"author_link":"https:\/\/test.banneux-nd.be\/es\/author\/adminfr\/","display_name":"adminFR"},"relative_dates":{"created":"Publicado 5 a\u00f1os hace","modified":"Actualizado 5 a\u00f1os hace"},"absolute_dates":{"created":"Publicado el 15 junio 2021","modified":"Actualizado el 1 julio 2021"},"absolute_dates_time":{"created":"Publicado el 15 junio 2021 14 h 12 min","modified":"Actualizado el 1 julio 2021 16 h 34 min"},"featured_img_caption":"","featured_img":false,"series_order":"","_links":{"self":[{"href":"https:\/\/test.banneux-nd.be\/es\/wp-json\/wp\/v2\/pages\/15536"}],"collection":[{"href":"https:\/\/test.banneux-nd.be\/es\/wp-json\/wp\/v2\/pages"}],"about":[{"href":"https:\/\/test.banneux-nd.be\/es\/wp-json\/wp\/v2\/types\/page"}],"author":[{"embeddable":true,"href":"https:\/\/test.banneux-nd.be\/es\/wp-json\/wp\/v2\/users\/2"}],"replies":[{"embeddable":true,"href":"https:\/\/test.banneux-nd.be\/es\/wp-json\/wp\/v2\/comments?post=15536"}],"version-history":[{"count":1,"href":"https:\/\/test.banneux-nd.be\/es\/wp-json\/wp\/v2\/pages\/15536\/revisions"}],"predecessor-version":[{"id":15537,"href":"https:\/\/test.banneux-nd.be\/es\/wp-json\/wp\/v2\/pages\/15536\/revisions\/15537"}],"wp:attachment":[{"href":"https:\/\/test.banneux-nd.be\/es\/wp-json\/wp\/v2\/media?parent=15536"}],"curies":[{"name":"wp","href":"https:\/\/api.w.org\/{rel}","templated":true}]}}