{"id":16213,"date":"2022-01-28T16:12:33","date_gmt":"2022-01-28T15:12:33","guid":{"rendered":"https:\/\/banneux-nd.be\/colocar-un-exvoto\/"},"modified":"2022-01-28T16:13:10","modified_gmt":"2022-01-28T15:13:10","slug":"colocar-un-exvoto","status":"publish","type":"page","link":"https:\/\/test.banneux-nd.be\/es\/colocar-un-exvoto\/","title":{"rendered":"Colocar un exvoto"},"content":{"rendered":"<p class=\"rtejustify\" style=\"text-align: justify;\"><img loading=\"lazy\" decoding=\"async\" style=\"padding: 5px; margin-right: 5px;\" src=\"https:\/\/test.banneux-nd.be\/wp-content\/uploads\/2017\/08\/Ex%20Voto2.jpg\" alt=\"\" width=\"300\" height=\"219\" align=\"left\">El <strong>exvoto<\/strong>es una forma muy personal de agradecer a la Virgen de los Pobres una gracia obtenida. Este peque\u00f1o adoqu\u00edn de cer\u00e1mica est\u00e1 grabado para siempre con cartas de agradecimiento, un testimonio de fe y esperanza.<\/p>\n<p class=\"rtejustify\" style=\"text-align: justify;\">Los exvotos se colocan en varios lugares del santuario, sobre paneles habilitados a tal efecto: cerca de la Fuente, en el exterior o en el interior de determinados monumentos, como, por ejemplo, la capilla de las apariciones o la casa de Mariette Beco.<\/p>\n<p class=\"rtejustify\" style=\"text-align: justify;\"><span style=\"color: #000000;\"><strong>Para que se coloque un exvoto<\/strong><\/span><\/p>\n<p class=\"rtejustify\" style=\"text-align: justify;\"><img loading=\"lazy\" decoding=\"async\" style=\"padding: 5px; margin-left: 5px;\" src=\"https:\/\/test.banneux-nd.be\/wp-content\/uploads\/2017\/08\/Source%20Personnes%20diverses.jpg\" alt=\"\" width=\"381\" height=\"267\" align=\"right\">1. Env\u00ede su mensaje de texto por correo o <a href=\"mailto:sanctuaire@banneux-nd.be\">correo electr\u00f3nico<\/a> (limitado a 5 palabras + fecha o a\u00f1o + apellido y nombre o iniciales)<\/p>\n<p style=\"text-align: justify;\"><strong>2.<\/strong> <strong>Utilice el bot\u00f3n de abajo<\/strong> para pagar (Bancontact, transferencia o tarjeta Visa) O haga una transferencia de <strong>40 \u20ac \/ exvoto<\/strong> a la cuenta:<\/p>\n<p class=\"rtejustify\" style=\"text-align: justify;\">IBAN: BE15 0000 0462 0230<br \/>\nBIC: BPOTBEB1<br \/>\nAsbl \u00abBanneux-La Vierge des Pauvres\u00bb<\/p>\n<p class=\"rtejustify\" style=\"text-align: justify;\">con, en comunicaci\u00f3n, la menci\u00f3n \u00abExvoto\u00bb<\/p>\n<p><a href=\"https:\/\/test.banneux-nd.be\/es\/dons-en-ligne\/\" target=\"_blank\" rel=\"noopener noreferrer\"><img loading=\"lazy\" decoding=\"async\" class=\"aligncenter wp-image-13770 size-full\" src=\"https:\/\/test.banneux-nd.be\/wp-content\/uploads\/2020\/08\/Je-paie-en-ligne.gif\" alt=\"\" width=\"454\" height=\"170\"><\/a><\/p>\n","protected":false},"excerpt":{"rendered":"<p>El exvotoes una forma muy personal de agradecer a la Virgen de los Pobres una gracia obtenida. Este peque\u00f1o adoqu\u00edn de cer\u00e1mica est\u00e1 grabado para siempre con cartas de agradecimiento, un testimonio de fe y esperanza. Los exvotos se colocan en varios lugares del santuario, sobre paneles habilitados a tal efecto: cerca de la Fuente, en el exterior o en el interior de determinados monumentos, como, por ejemplo, la capilla de las apariciones o la casa de Mariette Beco. Para que se coloque un exvoto 1. Env\u00ede su mensaje de texto por correo o correo electr\u00f3nico (limitado a 5 palabras + fecha o a\u00f1o + apellido y nombre o iniciales) 2. Utilice el bot\u00f3n de abajo para pagar (Bancontact, transferencia&hellip;<\/p>\n","protected":false},"author":2,"featured_media":0,"parent":0,"menu_order":0,"comment_status":"closed","ping_status":"closed","template":"","meta":{"advgb_blocks_editor_width":"","advgb_blocks_columns_visual_guide":"","footnotes":""},"class_list":["post-16213","page","type-page","status-publish","hentry"],"yoast_head":"<!-- This site is optimized with the Yoast SEO plugin v25.6 - https:\/\/yoast.com\/wordpress\/plugins\/seo\/ -->\n<title>Colocar un exvoto - Banneux Notre-Dame<\/title>\n<meta name=\"robots\" content=\"index, follow, max-snippet:-1, max-image-preview:large, max-video-preview:-1\" \/>\n<link rel=\"canonical\" href=\"https:\/\/test.banneux-nd.be\/es\/colocar-un-exvoto\/\" \/>\n<meta property=\"og:locale\" content=\"es_ES\" \/>\n<meta property=\"og:type\" content=\"article\" \/>\n<meta property=\"og:title\" content=\"Colocar un exvoto - Banneux Notre-Dame\" \/>\n<meta property=\"og:description\" content=\"El exvotoes una forma muy personal de agradecer a la Virgen de los Pobres una gracia obtenida. Este peque\u00f1o adoqu\u00edn de cer\u00e1mica est\u00e1 grabado para siempre con cartas de agradecimiento, un testimonio de fe y esperanza. Los exvotos se colocan en varios lugares del santuario, sobre paneles habilitados a tal efecto: cerca de la Fuente, en el exterior o en el interior de determinados monumentos, como, por ejemplo, la capilla de las apariciones o la casa de Mariette Beco. Para que se coloque un exvoto 1. Env\u00ede su mensaje de texto por correo o correo electr\u00f3nico (limitado a 5 palabras + fecha o a\u00f1o + apellido y nombre o iniciales) 2. Utilice el bot\u00f3n de abajo para pagar (Bancontact, transferencia&hellip;\" \/>\n<meta property=\"og:url\" content=\"https:\/\/test.banneux-nd.be\/es\/colocar-un-exvoto\/\" \/>\n<meta property=\"og:site_name\" content=\"Banneux Notre-Dame\" \/>\n<meta property=\"article:publisher\" content=\"https:\/\/www.facebook.com\/NDBanneux\/\" \/>\n<meta property=\"article:modified_time\" content=\"2022-01-28T15:13:10+00:00\" \/>\n<meta property=\"og:image\" content=\"https:\/\/test.banneux-nd.be\/wp-content\/uploads\/2017\/08\/Ex%20Voto2.jpg\" \/>\n<meta name=\"twitter:card\" content=\"summary_large_image\" \/>\n<meta name=\"twitter:label1\" content=\"Tiempo de lectura\" \/>\n\t<meta name=\"twitter:data1\" content=\"1 minuto\" \/>\n<script type=\"application\/ld+json\" class=\"yoast-schema-graph\">{\"@context\":\"https:\/\/schema.org\",\"@graph\":[{\"@type\":\"WebPage\",\"@id\":\"https:\/\/test.banneux-nd.be\/es\/colocar-un-exvoto\/\",\"url\":\"https:\/\/test.banneux-nd.be\/es\/colocar-un-exvoto\/\",\"name\":\"Colocar un exvoto - Banneux Notre-Dame\",\"isPartOf\":{\"@id\":\"https:\/\/test.banneux-nd.be\/es\/#website\"},\"primaryImageOfPage\":{\"@id\":\"https:\/\/test.banneux-nd.be\/es\/colocar-un-exvoto\/#primaryimage\"},\"image\":{\"@id\":\"https:\/\/test.banneux-nd.be\/es\/colocar-un-exvoto\/#primaryimage\"},\"thumbnailUrl\":\"https:\/\/test.banneux-nd.be\/wp-content\/uploads\/2017\/08\/Ex%20Voto2.jpg\",\"datePublished\":\"2022-01-28T15:12:33+00:00\",\"dateModified\":\"2022-01-28T15:13:10+00:00\",\"breadcrumb\":{\"@id\":\"https:\/\/test.banneux-nd.be\/es\/colocar-un-exvoto\/#breadcrumb\"},\"inLanguage\":\"es\",\"potentialAction\":[{\"@type\":\"ReadAction\",\"target\":[\"https:\/\/test.banneux-nd.be\/es\/colocar-un-exvoto\/\"]}]},{\"@type\":\"ImageObject\",\"inLanguage\":\"es\",\"@id\":\"https:\/\/test.banneux-nd.be\/es\/colocar-un-exvoto\/#primaryimage\",\"url\":\"https:\/\/test.banneux-nd.be\/wp-content\/uploads\/2017\/08\/Ex%20Voto2.jpg\",\"contentUrl\":\"https:\/\/test.banneux-nd.be\/wp-content\/uploads\/2017\/08\/Ex%20Voto2.jpg\"},{\"@type\":\"BreadcrumbList\",\"@id\":\"https:\/\/test.banneux-nd.be\/es\/colocar-un-exvoto\/#breadcrumb\",\"itemListElement\":[{\"@type\":\"ListItem\",\"position\":1,\"name\":\"Accueil\",\"item\":\"https:\/\/test.banneux-nd.be\/es\/\"},{\"@type\":\"ListItem\",\"position\":2,\"name\":\"Colocar un exvoto\"}]},{\"@type\":\"WebSite\",\"@id\":\"https:\/\/test.banneux-nd.be\/es\/#website\",\"url\":\"https:\/\/test.banneux-nd.be\/es\/\",\"name\":\"Banneux Notre-Dame\",\"description\":\"Sanctuaire de la Vierge des Pauvres (Belgique)\",\"potentialAction\":[{\"@type\":\"SearchAction\",\"target\":{\"@type\":\"EntryPoint\",\"urlTemplate\":\"https:\/\/test.banneux-nd.be\/es\/?s={search_term_string}\"},\"query-input\":{\"@type\":\"PropertyValueSpecification\",\"valueRequired\":true,\"valueName\":\"search_term_string\"}}],\"inLanguage\":\"es\"}]}<\/script>\n<!-- \/ Yoast SEO plugin. -->","yoast_head_json":{"title":"Colocar un exvoto - Banneux Notre-Dame","robots":{"index":"index","follow":"follow","max-snippet":"max-snippet:-1","max-image-preview":"max-image-preview:large","max-video-preview":"max-video-preview:-1"},"canonical":"https:\/\/test.banneux-nd.be\/es\/colocar-un-exvoto\/","og_locale":"es_ES","og_type":"article","og_title":"Colocar un exvoto - Banneux Notre-Dame","og_description":"El exvotoes una forma muy personal de agradecer a la Virgen de los Pobres una gracia obtenida. Este peque\u00f1o adoqu\u00edn de cer\u00e1mica est\u00e1 grabado para siempre con cartas de agradecimiento, un testimonio de fe y esperanza. Los exvotos se colocan en varios lugares del santuario, sobre paneles habilitados a tal efecto: cerca de la Fuente, en el exterior o en el interior de determinados monumentos, como, por ejemplo, la capilla de las apariciones o la casa de Mariette Beco. Para que se coloque un exvoto 1. Env\u00ede su mensaje de texto por correo o correo electr\u00f3nico (limitado a 5 palabras + fecha o a\u00f1o + apellido y nombre o iniciales) 2. Utilice el bot\u00f3n de abajo para pagar (Bancontact, transferencia&hellip;","og_url":"https:\/\/test.banneux-nd.be\/es\/colocar-un-exvoto\/","og_site_name":"Banneux Notre-Dame","article_publisher":"https:\/\/www.facebook.com\/NDBanneux\/","article_modified_time":"2022-01-28T15:13:10+00:00","og_image":[{"url":"https:\/\/test.banneux-nd.be\/wp-content\/uploads\/2017\/08\/Ex%20Voto2.jpg","type":"","width":"","height":""}],"twitter_card":"summary_large_image","twitter_misc":{"Tiempo de lectura":"1 minuto"},"schema":{"@context":"https:\/\/schema.org","@graph":[{"@type":"WebPage","@id":"https:\/\/test.banneux-nd.be\/es\/colocar-un-exvoto\/","url":"https:\/\/test.banneux-nd.be\/es\/colocar-un-exvoto\/","name":"Colocar un exvoto - Banneux Notre-Dame","isPartOf":{"@id":"https:\/\/test.banneux-nd.be\/es\/#website"},"primaryImageOfPage":{"@id":"https:\/\/test.banneux-nd.be\/es\/colocar-un-exvoto\/#primaryimage"},"image":{"@id":"https:\/\/test.banneux-nd.be\/es\/colocar-un-exvoto\/#primaryimage"},"thumbnailUrl":"https:\/\/test.banneux-nd.be\/wp-content\/uploads\/2017\/08\/Ex%20Voto2.jpg","datePublished":"2022-01-28T15:12:33+00:00","dateModified":"2022-01-28T15:13:10+00:00","breadcrumb":{"@id":"https:\/\/test.banneux-nd.be\/es\/colocar-un-exvoto\/#breadcrumb"},"inLanguage":"es","potentialAction":[{"@type":"ReadAction","target":["https:\/\/test.banneux-nd.be\/es\/colocar-un-exvoto\/"]}]},{"@type":"ImageObject","inLanguage":"es","@id":"https:\/\/test.banneux-nd.be\/es\/colocar-un-exvoto\/#primaryimage","url":"https:\/\/test.banneux-nd.be\/wp-content\/uploads\/2017\/08\/Ex%20Voto2.jpg","contentUrl":"https:\/\/test.banneux-nd.be\/wp-content\/uploads\/2017\/08\/Ex%20Voto2.jpg"},{"@type":"BreadcrumbList","@id":"https:\/\/test.banneux-nd.be\/es\/colocar-un-exvoto\/#breadcrumb","itemListElement":[{"@type":"ListItem","position":1,"name":"Accueil","item":"https:\/\/test.banneux-nd.be\/es\/"},{"@type":"ListItem","position":2,"name":"Colocar un exvoto"}]},{"@type":"WebSite","@id":"https:\/\/test.banneux-nd.be\/es\/#website","url":"https:\/\/test.banneux-nd.be\/es\/","name":"Banneux Notre-Dame","description":"Sanctuaire de la Vierge des Pauvres (Belgique)","potentialAction":[{"@type":"SearchAction","target":{"@type":"EntryPoint","urlTemplate":"https:\/\/test.banneux-nd.be\/es\/?s={search_term_string}"},"query-input":{"@type":"PropertyValueSpecification","valueRequired":true,"valueName":"search_term_string"}}],"inLanguage":"es"}]}},"coauthors":[],"author_meta":{"author_link":"https:\/\/test.banneux-nd.be\/es\/author\/adminfr\/","display_name":"adminFR"},"relative_dates":{"created":"Publicado 4 a\u00f1os hace","modified":"Actualizado 4 a\u00f1os hace"},"absolute_dates":{"created":"Publicado el 28 enero 2022","modified":"Actualizado el 28 enero 2022"},"absolute_dates_time":{"created":"Publicado el 28 enero 2022 16 h 12 min","modified":"Actualizado el 28 enero 2022 16 h 13 min"},"featured_img_caption":"","featured_img":false,"series_order":"","_links":{"self":[{"href":"https:\/\/test.banneux-nd.be\/es\/wp-json\/wp\/v2\/pages\/16213"}],"collection":[{"href":"https:\/\/test.banneux-nd.be\/es\/wp-json\/wp\/v2\/pages"}],"about":[{"href":"https:\/\/test.banneux-nd.be\/es\/wp-json\/wp\/v2\/types\/page"}],"author":[{"embeddable":true,"href":"https:\/\/test.banneux-nd.be\/es\/wp-json\/wp\/v2\/users\/2"}],"replies":[{"embeddable":true,"href":"https:\/\/test.banneux-nd.be\/es\/wp-json\/wp\/v2\/comments?post=16213"}],"version-history":[{"count":1,"href":"https:\/\/test.banneux-nd.be\/es\/wp-json\/wp\/v2\/pages\/16213\/revisions"}],"predecessor-version":[{"id":16215,"href":"https:\/\/test.banneux-nd.be\/es\/wp-json\/wp\/v2\/pages\/16213\/revisions\/16215"}],"wp:attachment":[{"href":"https:\/\/test.banneux-nd.be\/es\/wp-json\/wp\/v2\/media?parent=16213"}],"curies":[{"name":"wp","href":"https:\/\/api.w.org\/{rel}","templated":true}]}}