{"id":81,"date":"2015-07-20T08:56:23","date_gmt":"2015-07-20T06:56:23","guid":{"rendered":"http:\/\/wwwwp.banneux-nd.be\/organisation\/"},"modified":"2023-06-14T11:34:21","modified_gmt":"2023-06-14T09:34:21","slug":"pele-un-jour","status":"publish","type":"page","link":"https:\/\/test.banneux-nd.be\/es\/pele-un-jour\/","title":{"rendered":"P\u00e8lerinage d&#8217;un jour"},"content":{"rendered":"<p class=\"rtejustify\"><strong>Organiser un p\u00e8lerinage d&#8217;un jour : que dois-je faire ?<\/strong><\/p>\n<p class=\"rtejustify\" style=\"text-align: justify;\"><strong>1. Remplissez la <a href=\"https:\/\/test.banneux-nd.be\/es\/inscription\/\" target=\"_blank\" rel=\"noopener noreferrer\">feuille d\u2019inscription<\/a>.<\/strong> Ces renseignements nous aident \u00e0 bien vous accueillir. Veuillez remplir ce document lisiblement et compl\u00e8tement !<\/p>\n<p class=\"rtejustify\" style=\"text-align: justify;\"><strong>2. Envoyez-nous l\u2019inscription, au moins 4 semaines<\/strong> avant la date de votre p\u00e8lerinage, m\u00eame si vous ne savez pas encore le nombre des participants.<\/p>\n<p class=\"rtejustify\" style=\"text-align: justify;\"><strong>3. Attendez notre r\u00e9ponse.<\/strong> Vous recevrez une confirmation par \u00e9crit de la part du Sanctuaire. Un \u00abdossier pastoral\u00bb accompagnera la lettre. Il peut aider \u00e0 bien pr\u00e9parer les offices. Ce dossier comprend :<br \/>\n&#8211; les oraisons, lectures et propositions pour la pri\u00e8re universelle d\u2019une messe votive \u00e0 la Vierge des Pauvres;<br \/>\n&#8211; les oraisons, lectures et propositions pour la pri\u00e8re universelle d\u2019une messe en lien avec le th\u00e8me d\u2019ann\u00e9e.<br \/>\nSi votre groupe est accompagn\u00e9 d\u2019un pr\u00eatre, vous transmettez ce dossier de pr\u00e9f\u00e9rence \u00e0 ce pr\u00eatre, ou \u00e0 la personne qui s\u2019occupe de la pastorale.<\/p>\n<p class=\"rtejustify\" style=\"text-align: justify;\"><strong>4. Veuillez arriver \u00e0 Banneux une demi-heure avant<\/strong> votre premi\u00e8re activit\u00e9. Cela vous permet de vous rendre paisiblement sur les lieux.<\/p>\n<p>&nbsp;<\/p>\n<h4 style=\"text-align: center;\">T\u00e9l\u00e9chargez la\u00a0<a href=\"https:\/\/test.banneux-nd.be\/wp-content\/uploads\/2023\/06\/Brochure-2023-FR.pdf\" target=\"_blank\" rel=\"noopener noreferrer\">Brochure 2023<\/a><br \/>\nqui vous pr\u00e9sente toutes les modalit\u00e9s pratiques !<\/h4>\n<p>&nbsp;<\/p>\n<p><img loading=\"lazy\" decoding=\"async\" class=\"aligncenter wp-image-3525 size-full\" src=\"https:\/\/test.banneux-nd.be\/wp-content\/uploads\/2017\/08\/Source Foule.jpg\" alt=\"\" width=\"592\" height=\"395\" srcset=\"https:\/\/test.banneux-nd.be\/wp-content\/uploads\/2017\/08\/Source%20Foule.jpg 592w, https:\/\/test.banneux-nd.be\/wp-content\/uploads\/2017\/08\/Source%20Foule-300x200.jpg 300w, https:\/\/test.banneux-nd.be\/wp-content\/uploads\/2017\/08\/Source%20Foule-342x228.jpg 342w\" sizes=\"(max-width: 592px) 100vw, 592px\" \/><\/p>\n<h4 style=\"text-align: center;\"><\/h4>\n","protected":false},"excerpt":{"rendered":"<p>Organiser un p\u00e8lerinage d&#8217;un jour : que dois-je faire ? 1. Remplissez la feuille d\u2019inscription. Ces renseignements nous aident \u00e0 bien vous accueillir. Veuillez remplir ce document lisiblement et compl\u00e8tement ! 2. Envoyez-nous l\u2019inscription, au moins 4 semaines avant la date de votre p\u00e8lerinage, m\u00eame si vous ne savez pas encore le nombre des participants. 3. Attendez notre r\u00e9ponse. Vous recevrez une confirmation par \u00e9crit de la part du Sanctuaire. Un \u00abdossier pastoral\u00bb accompagnera la lettre. Il peut aider \u00e0 bien pr\u00e9parer les offices. Ce dossier comprend : &#8211; les oraisons, lectures et propositions pour la pri\u00e8re universelle d\u2019une messe votive \u00e0 la Vierge des Pauvres; &#8211; les oraisons, lectures et propositions pour la pri\u00e8re universelle d\u2019une messe en lien&hellip;<\/p>\n","protected":false},"author":2,"featured_media":0,"parent":0,"menu_order":0,"comment_status":"closed","ping_status":"closed","template":"","meta":{"advgb_blocks_editor_width":"","advgb_blocks_columns_visual_guide":"","footnotes":""},"class_list":["post-81","page","type-page","status-publish","hentry"],"yoast_head":"<!-- This site is optimized with the Yoast SEO plugin v25.6 - https:\/\/yoast.com\/wordpress\/plugins\/seo\/ -->\n<title>P\u00e8lerinage d&#039;un jour - Banneux Notre-Dame<\/title>\n<meta name=\"robots\" content=\"index, follow, max-snippet:-1, max-image-preview:large, max-video-preview:-1\" \/>\n<link rel=\"canonical\" href=\"https:\/\/test.banneux-nd.be\/es\/pele-un-jour\/\" \/>\n<meta property=\"og:locale\" content=\"es_ES\" \/>\n<meta property=\"og:type\" content=\"article\" \/>\n<meta property=\"og:title\" content=\"P\u00e8lerinage d&#039;un jour - Banneux Notre-Dame\" \/>\n<meta property=\"og:description\" content=\"Organiser un p\u00e8lerinage d&#8217;un jour : que dois-je faire ? 1. Remplissez la feuille d\u2019inscription. Ces renseignements nous aident \u00e0 bien vous accueillir. Veuillez remplir ce document lisiblement et compl\u00e8tement ! 2. Envoyez-nous l\u2019inscription, au moins 4 semaines avant la date de votre p\u00e8lerinage, m\u00eame si vous ne savez pas encore le nombre des participants. 3. Attendez notre r\u00e9ponse. Vous recevrez une confirmation par \u00e9crit de la part du Sanctuaire. Un \u00abdossier pastoral\u00bb accompagnera la lettre. Il peut aider \u00e0 bien pr\u00e9parer les offices. Ce dossier comprend : &#8211; les oraisons, lectures et propositions pour la pri\u00e8re universelle d\u2019une messe votive \u00e0 la Vierge des Pauvres; &#8211; les oraisons, lectures et propositions pour la pri\u00e8re universelle d\u2019une messe en lien&hellip;\" \/>\n<meta property=\"og:url\" content=\"https:\/\/test.banneux-nd.be\/es\/pele-un-jour\/\" \/>\n<meta property=\"og:site_name\" content=\"Banneux Notre-Dame\" \/>\n<meta property=\"article:publisher\" content=\"https:\/\/www.facebook.com\/NDBanneux\/\" \/>\n<meta property=\"article:modified_time\" content=\"2023-06-14T09:34:21+00:00\" \/>\n<meta name=\"twitter:card\" content=\"summary_large_image\" \/>\n<meta name=\"twitter:label1\" content=\"Tiempo de lectura\" \/>\n\t<meta name=\"twitter:data1\" content=\"2 minutos\" \/>\n<script type=\"application\/ld+json\" class=\"yoast-schema-graph\">{\"@context\":\"https:\/\/schema.org\",\"@graph\":[{\"@type\":\"WebPage\",\"@id\":\"https:\/\/test.banneux-nd.be\/es\/pele-un-jour\/\",\"url\":\"https:\/\/test.banneux-nd.be\/es\/pele-un-jour\/\",\"name\":\"P\u00e8lerinage d'un jour - Banneux Notre-Dame\",\"isPartOf\":{\"@id\":\"https:\/\/test.banneux-nd.be\/es\/#website\"},\"datePublished\":\"2015-07-20T06:56:23+00:00\",\"dateModified\":\"2023-06-14T09:34:21+00:00\",\"breadcrumb\":{\"@id\":\"https:\/\/test.banneux-nd.be\/es\/pele-un-jour\/#breadcrumb\"},\"inLanguage\":\"es\",\"potentialAction\":[{\"@type\":\"ReadAction\",\"target\":[\"https:\/\/test.banneux-nd.be\/es\/pele-un-jour\/\"]}]},{\"@type\":\"BreadcrumbList\",\"@id\":\"https:\/\/test.banneux-nd.be\/es\/pele-un-jour\/#breadcrumb\",\"itemListElement\":[{\"@type\":\"ListItem\",\"position\":1,\"name\":\"Accueil\",\"item\":\"https:\/\/test.banneux-nd.be\/es\/\"},{\"@type\":\"ListItem\",\"position\":2,\"name\":\"P\u00e8lerinage d&rsquo;un jour\"}]},{\"@type\":\"WebSite\",\"@id\":\"https:\/\/test.banneux-nd.be\/es\/#website\",\"url\":\"https:\/\/test.banneux-nd.be\/es\/\",\"name\":\"Banneux Notre-Dame\",\"description\":\"Sanctuaire de la Vierge des Pauvres (Belgique)\",\"potentialAction\":[{\"@type\":\"SearchAction\",\"target\":{\"@type\":\"EntryPoint\",\"urlTemplate\":\"https:\/\/test.banneux-nd.be\/es\/?s={search_term_string}\"},\"query-input\":{\"@type\":\"PropertyValueSpecification\",\"valueRequired\":true,\"valueName\":\"search_term_string\"}}],\"inLanguage\":\"es\"}]}<\/script>\n<!-- \/ Yoast SEO plugin. -->","yoast_head_json":{"title":"P\u00e8lerinage d'un jour - Banneux Notre-Dame","robots":{"index":"index","follow":"follow","max-snippet":"max-snippet:-1","max-image-preview":"max-image-preview:large","max-video-preview":"max-video-preview:-1"},"canonical":"https:\/\/test.banneux-nd.be\/es\/pele-un-jour\/","og_locale":"es_ES","og_type":"article","og_title":"P\u00e8lerinage d'un jour - Banneux Notre-Dame","og_description":"Organiser un p\u00e8lerinage d&#8217;un jour : que dois-je faire ? 1. Remplissez la feuille d\u2019inscription. Ces renseignements nous aident \u00e0 bien vous accueillir. Veuillez remplir ce document lisiblement et compl\u00e8tement ! 2. Envoyez-nous l\u2019inscription, au moins 4 semaines avant la date de votre p\u00e8lerinage, m\u00eame si vous ne savez pas encore le nombre des participants. 3. Attendez notre r\u00e9ponse. Vous recevrez une confirmation par \u00e9crit de la part du Sanctuaire. Un \u00abdossier pastoral\u00bb accompagnera la lettre. Il peut aider \u00e0 bien pr\u00e9parer les offices. Ce dossier comprend : &#8211; les oraisons, lectures et propositions pour la pri\u00e8re universelle d\u2019une messe votive \u00e0 la Vierge des Pauvres; &#8211; les oraisons, lectures et propositions pour la pri\u00e8re universelle d\u2019une messe en lien&hellip;","og_url":"https:\/\/test.banneux-nd.be\/es\/pele-un-jour\/","og_site_name":"Banneux Notre-Dame","article_publisher":"https:\/\/www.facebook.com\/NDBanneux\/","article_modified_time":"2023-06-14T09:34:21+00:00","twitter_card":"summary_large_image","twitter_misc":{"Tiempo de lectura":"2 minutos"},"schema":{"@context":"https:\/\/schema.org","@graph":[{"@type":"WebPage","@id":"https:\/\/test.banneux-nd.be\/es\/pele-un-jour\/","url":"https:\/\/test.banneux-nd.be\/es\/pele-un-jour\/","name":"P\u00e8lerinage d'un jour - Banneux Notre-Dame","isPartOf":{"@id":"https:\/\/test.banneux-nd.be\/es\/#website"},"datePublished":"2015-07-20T06:56:23+00:00","dateModified":"2023-06-14T09:34:21+00:00","breadcrumb":{"@id":"https:\/\/test.banneux-nd.be\/es\/pele-un-jour\/#breadcrumb"},"inLanguage":"es","potentialAction":[{"@type":"ReadAction","target":["https:\/\/test.banneux-nd.be\/es\/pele-un-jour\/"]}]},{"@type":"BreadcrumbList","@id":"https:\/\/test.banneux-nd.be\/es\/pele-un-jour\/#breadcrumb","itemListElement":[{"@type":"ListItem","position":1,"name":"Accueil","item":"https:\/\/test.banneux-nd.be\/es\/"},{"@type":"ListItem","position":2,"name":"P\u00e8lerinage d&rsquo;un jour"}]},{"@type":"WebSite","@id":"https:\/\/test.banneux-nd.be\/es\/#website","url":"https:\/\/test.banneux-nd.be\/es\/","name":"Banneux Notre-Dame","description":"Sanctuaire de la Vierge des Pauvres (Belgique)","potentialAction":[{"@type":"SearchAction","target":{"@type":"EntryPoint","urlTemplate":"https:\/\/test.banneux-nd.be\/es\/?s={search_term_string}"},"query-input":{"@type":"PropertyValueSpecification","valueRequired":true,"valueName":"search_term_string"}}],"inLanguage":"es"}]}},"coauthors":[],"author_meta":{"author_link":"https:\/\/test.banneux-nd.be\/es\/author\/adminfr\/","display_name":"adminFR"},"relative_dates":{"created":"Publicado 11 a\u00f1os hace","modified":"Actualizado 3 a\u00f1os hace"},"absolute_dates":{"created":"Publicado el 20 julio 2015","modified":"Actualizado el 14 junio 2023"},"absolute_dates_time":{"created":"Publicado el 20 julio 2015 8 h 56 min","modified":"Actualizado el 14 junio 2023 11 h 34 min"},"featured_img_caption":"","featured_img":false,"series_order":"","_links":{"self":[{"href":"https:\/\/test.banneux-nd.be\/es\/wp-json\/wp\/v2\/pages\/81"}],"collection":[{"href":"https:\/\/test.banneux-nd.be\/es\/wp-json\/wp\/v2\/pages"}],"about":[{"href":"https:\/\/test.banneux-nd.be\/es\/wp-json\/wp\/v2\/types\/page"}],"author":[{"embeddable":true,"href":"https:\/\/test.banneux-nd.be\/es\/wp-json\/wp\/v2\/users\/2"}],"replies":[{"embeddable":true,"href":"https:\/\/test.banneux-nd.be\/es\/wp-json\/wp\/v2\/comments?post=81"}],"version-history":[{"count":4,"href":"https:\/\/test.banneux-nd.be\/es\/wp-json\/wp\/v2\/pages\/81\/revisions"}],"predecessor-version":[{"id":17770,"href":"https:\/\/test.banneux-nd.be\/es\/wp-json\/wp\/v2\/pages\/81\/revisions\/17770"}],"wp:attachment":[{"href":"https:\/\/test.banneux-nd.be\/es\/wp-json\/wp\/v2\/media?parent=81"}],"curies":[{"name":"wp","href":"https:\/\/api.w.org\/{rel}","templated":true}]}}