{"id":9006,"date":"2018-07-19T12:21:29","date_gmt":"2018-07-19T10:21:29","guid":{"rendered":"http:\/\/www.banneux-nd.be\/?page_id=9006"},"modified":"2018-09-30T16:01:11","modified_gmt":"2018-09-30T14:01:11","slug":"photos-1933","status":"publish","type":"page","link":"https:\/\/test.banneux-nd.be\/es\/photos-1933\/","title":{"rendered":"Photos de l&#8217;\u00e9poque des apparitions"},"content":{"rendered":"<h3 style=\"text-align: center;\"><strong>Ci-dessous quelques photos g\u00e9n\u00e9rales;<br \/>\ncliquez sur les liens pour voir plus de photos !<\/strong><\/h3>\n<h3 style=\"text-align: center;\"><a href=\"https:\/\/test.banneux-nd.be\/es\/construction-premiere-messe\/\" target=\"_blank\" rel=\"noopener\">Construction de la Chapelle des Apparitions et premi\u00e8re messe solennelle<\/a><\/h3>\n<h3 style=\"text-align: center;\"><a href=\"https:\/\/test.banneux-nd.be\/es\/la-source-en-1933\/\" target=\"_blank\" rel=\"noopener\">La Source<\/a><\/h3>\n<div id='gallery-1' class='gallery galleryid-9006 gallery-columns-3 gallery-size-medium'><figure class='gallery-item'>\n\t\t\t<div class='gallery-icon landscape'>\n\t\t\t\t<a href='https:\/\/test.banneux-nd.be\/es\/pelerins-a-banneux-carte-postale2\/'><img loading=\"lazy\" decoding=\"async\" width=\"300\" height=\"189\" src=\"https:\/\/test.banneux-nd.be\/wp-content\/uploads\/2017\/08\/P\u00e8lerins \u00e0 Banneux - Carte postale2-300x189.jpg\" class=\"attachment-medium size-medium\" alt=\"\" srcset=\"https:\/\/test.banneux-nd.be\/wp-content\/uploads\/2017\/08\/P\u00e8lerins%20\u00e0%20Banneux%20-%20Carte%20postale2-300x189.jpg 300w, https:\/\/test.banneux-nd.be\/wp-content\/uploads\/2017\/08\/P\u00e8lerins%20\u00e0%20Banneux%20-%20Carte%20postale2-768x484.jpg 768w, https:\/\/test.banneux-nd.be\/wp-content\/uploads\/2017\/08\/P\u00e8lerins%20\u00e0%20Banneux%20-%20Carte%20postale2-685x432.jpg 685w, https:\/\/test.banneux-nd.be\/wp-content\/uploads\/2017\/08\/P\u00e8lerins%20\u00e0%20Banneux%20-%20Carte%20postale2.jpg 800w\" sizes=\"(max-width: 300px) 100vw, 300px\" \/><\/a>\n\t\t\t<\/div><\/figure><figure class='gallery-item'>\n\t\t\t<div class='gallery-icon portrait'>\n\t\t\t\t<a href='https:\/\/test.banneux-nd.be\/es\/mariette-avec-un-chale\/'><img loading=\"lazy\" decoding=\"async\" width=\"244\" height=\"300\" src=\"https:\/\/test.banneux-nd.be\/wp-content\/uploads\/2017\/08\/Mariette avec un ch\u00e2le-244x300.jpeg\" class=\"attachment-medium size-medium\" alt=\"\" srcset=\"https:\/\/test.banneux-nd.be\/wp-content\/uploads\/2017\/08\/Mariette%20avec%20un%20ch\u00e2le-244x300.jpeg 244w, https:\/\/test.banneux-nd.be\/wp-content\/uploads\/2017\/08\/Mariette%20avec%20un%20ch\u00e2le.jpeg 377w\" sizes=\"(max-width: 244px) 100vw, 244px\" \/><\/a>\n\t\t\t<\/div><\/figure><figure class='gallery-item'>\n\t\t\t<div class='gallery-icon landscape'>\n\t\t\t\t<a href='https:\/\/test.banneux-nd.be\/es\/mariette-sur-le-chemin-vers-la-vierge-des-pauvres-2\/'><img loading=\"lazy\" decoding=\"async\" width=\"300\" height=\"228\" src=\"https:\/\/test.banneux-nd.be\/wp-content\/uploads\/2018\/06\/Mariette-sur-le-chemin-vers-la-Vierge-des-Pauvres-300x228.jpg\" class=\"attachment-medium size-medium\" alt=\"\" srcset=\"https:\/\/test.banneux-nd.be\/wp-content\/uploads\/2018\/06\/Mariette-sur-le-chemin-vers-la-Vierge-des-Pauvres-300x228.jpg 300w, https:\/\/test.banneux-nd.be\/wp-content\/uploads\/2018\/06\/Mariette-sur-le-chemin-vers-la-Vierge-des-Pauvres-768x583.jpg 768w, https:\/\/test.banneux-nd.be\/wp-content\/uploads\/2018\/06\/Mariette-sur-le-chemin-vers-la-Vierge-des-Pauvres-1024x777.jpg 1024w, https:\/\/test.banneux-nd.be\/wp-content\/uploads\/2018\/06\/Mariette-sur-le-chemin-vers-la-Vierge-des-Pauvres.jpg 1200w\" sizes=\"(max-width: 300px) 100vw, 300px\" \/><\/a>\n\t\t\t<\/div><\/figure><figure class='gallery-item'>\n\t\t\t<div class='gallery-icon landscape'>\n\t\t\t\t<a href='https:\/\/test.banneux-nd.be\/es\/source-1933\/'><img loading=\"lazy\" decoding=\"async\" width=\"300\" height=\"199\" src=\"https:\/\/test.banneux-nd.be\/wp-content\/uploads\/2017\/08\/source 1933-300x199.jpg\" class=\"attachment-medium size-medium\" alt=\"\" srcset=\"https:\/\/test.banneux-nd.be\/wp-content\/uploads\/2017\/08\/source%201933-300x199.jpg 300w, https:\/\/test.banneux-nd.be\/wp-content\/uploads\/2017\/08\/source%201933-768x510.jpg 768w, https:\/\/test.banneux-nd.be\/wp-content\/uploads\/2017\/08\/source%201933-685x455.jpg 685w, https:\/\/test.banneux-nd.be\/wp-content\/uploads\/2017\/08\/source%201933-342x228.jpg 342w, https:\/\/test.banneux-nd.be\/wp-content\/uploads\/2017\/08\/source%201933.jpg 800w\" sizes=\"(max-width: 300px) 100vw, 300px\" \/><\/a>\n\t\t\t<\/div><\/figure><figure class='gallery-item'>\n\t\t\t<div class='gallery-icon portrait'>\n\t\t\t\t<a href='https:\/\/test.banneux-nd.be\/es\/mariette-a-la-brouette\/'><img loading=\"lazy\" decoding=\"async\" width=\"189\" height=\"300\" src=\"https:\/\/test.banneux-nd.be\/wp-content\/uploads\/2017\/08\/Mariette \u00e0 la brouette-189x300.jpg\" class=\"attachment-medium size-medium\" alt=\"\" srcset=\"https:\/\/test.banneux-nd.be\/wp-content\/uploads\/2017\/08\/Mariette%20\u00e0%20la%20brouette-189x300.jpg 189w, https:\/\/test.banneux-nd.be\/wp-content\/uploads\/2017\/08\/Mariette%20\u00e0%20la%20brouette.jpg 377w\" sizes=\"(max-width: 189px) 100vw, 189px\" \/><\/a>\n\t\t\t<\/div><\/figure><figure class='gallery-item'>\n\t\t\t<div class='gallery-icon landscape'>\n\t\t\t\t<a href='https:\/\/test.banneux-nd.be\/es\/mariette-et-sa-soeur\/'><img loading=\"lazy\" decoding=\"async\" width=\"300\" height=\"279\" src=\"https:\/\/test.banneux-nd.be\/wp-content\/uploads\/2017\/08\/Mariette et sa soeur-300x279.jpg\" class=\"attachment-medium size-medium\" alt=\"\" srcset=\"https:\/\/test.banneux-nd.be\/wp-content\/uploads\/2017\/08\/Mariette%20et%20sa%20soeur-300x279.jpg 300w, https:\/\/test.banneux-nd.be\/wp-content\/uploads\/2017\/08\/Mariette%20et%20sa%20soeur.jpg 430w\" sizes=\"(max-width: 300px) 100vw, 300px\" \/><\/a>\n\t\t\t<\/div><\/figure><figure class='gallery-item'>\n\t\t\t<div class='gallery-icon landscape'>\n\t\t\t\t<a href='https:\/\/test.banneux-nd.be\/es\/qui-etes-vous-belle-dame\/mariette-beco\/'><img loading=\"lazy\" decoding=\"async\" width=\"300\" height=\"200\" src=\"https:\/\/test.banneux-nd.be\/wp-content\/uploads\/2018\/07\/mariette-beco-300x200.jpg\" class=\"attachment-medium size-medium\" alt=\"\" srcset=\"https:\/\/test.banneux-nd.be\/wp-content\/uploads\/2018\/07\/mariette-beco-300x200.jpg 300w, https:\/\/test.banneux-nd.be\/wp-content\/uploads\/2018\/07\/mariette-beco.jpg 567w\" sizes=\"(max-width: 300px) 100vw, 300px\" \/><\/a>\n\t\t\t<\/div><\/figure><figure class='gallery-item'>\n\t\t\t<div class='gallery-icon landscape'>\n\t\t\t\t<a href='https:\/\/test.banneux-nd.be\/es\/maison-beco-chapelle-1933\/'><img loading=\"lazy\" decoding=\"async\" width=\"300\" height=\"221\" src=\"https:\/\/test.banneux-nd.be\/wp-content\/uploads\/2017\/08\/Maison B\u00e9co &amp; chapelle 1933-300x221.jpg\" class=\"attachment-medium size-medium\" alt=\"\" srcset=\"https:\/\/test.banneux-nd.be\/wp-content\/uploads\/2017\/08\/Maison%20B\u00e9co%20&amp;%20chapelle%201933-300x221.jpg 300w, https:\/\/test.banneux-nd.be\/wp-content\/uploads\/2017\/08\/Maison%20B\u00e9co%20&amp;%20chapelle%201933-685x505.jpg 685w, https:\/\/test.banneux-nd.be\/wp-content\/uploads\/2017\/08\/Maison%20B\u00e9co%20&amp;%20chapelle%201933.jpg 765w\" sizes=\"(max-width: 300px) 100vw, 300px\" \/><\/a>\n\t\t\t<\/div><\/figure><figure class='gallery-item'>\n\t\t\t<div class='gallery-icon portrait'>\n\t\t\t\t<a href='https:\/\/test.banneux-nd.be\/es\/mariette-adolescente1\/'><img loading=\"lazy\" decoding=\"async\" width=\"207\" height=\"300\" src=\"https:\/\/test.banneux-nd.be\/wp-content\/uploads\/2017\/08\/Mariette Adolescente1-207x300.jpg\" class=\"attachment-medium size-medium\" alt=\"\" srcset=\"https:\/\/test.banneux-nd.be\/wp-content\/uploads\/2017\/08\/Mariette%20Adolescente1-207x300.jpg 207w, https:\/\/test.banneux-nd.be\/wp-content\/uploads\/2017\/08\/Mariette%20Adolescente1.jpg 221w\" sizes=\"(max-width: 207px) 100vw, 207px\" \/><\/a>\n\t\t\t<\/div><\/figure><figure class='gallery-item'>\n\t\t\t<div class='gallery-icon landscape'>\n\t\t\t\t<a href='https:\/\/test.banneux-nd.be\/es\/premiers-pelerins-a-la-source-1933\/'><img loading=\"lazy\" decoding=\"async\" width=\"300\" height=\"288\" src=\"https:\/\/test.banneux-nd.be\/wp-content\/uploads\/2017\/08\/premiers p\u00e8lerins \u00e0 la source 1933-300x288.jpg\" class=\"attachment-medium size-medium\" alt=\"\" srcset=\"https:\/\/test.banneux-nd.be\/wp-content\/uploads\/2017\/08\/premiers%20p\u00e8lerins%20\u00e0%20la%20source%201933-300x288.jpg 300w, https:\/\/test.banneux-nd.be\/wp-content\/uploads\/2017\/08\/premiers%20p\u00e8lerins%20\u00e0%20la%20source%201933.jpg 624w\" sizes=\"(max-width: 300px) 100vw, 300px\" \/><\/a>\n\t\t\t<\/div><\/figure>\n\t\t<\/div>\n\n<h3><\/h3>\n","protected":false},"excerpt":{"rendered":"<p>Ci-dessous quelques photos g\u00e9n\u00e9rales; cliquez sur les liens pour voir plus de photos ! Construction de la Chapelle des Apparitions et premi\u00e8re messe solennelle La Source<\/p>\n","protected":false},"author":4,"featured_media":0,"parent":0,"menu_order":0,"comment_status":"closed","ping_status":"closed","template":"","meta":{"advgb_blocks_editor_width":"","advgb_blocks_columns_visual_guide":"","footnotes":""},"class_list":["post-9006","page","type-page","status-publish","hentry"],"yoast_head":"<!-- This site is optimized with the Yoast SEO plugin v25.6 - https:\/\/yoast.com\/wordpress\/plugins\/seo\/ -->\n<title>Photos de l&#039;\u00e9poque des apparitions - Banneux Notre-Dame<\/title>\n<meta name=\"robots\" content=\"index, follow, max-snippet:-1, max-image-preview:large, max-video-preview:-1\" \/>\n<link rel=\"canonical\" href=\"https:\/\/test.banneux-nd.be\/es\/photos-1933\/\" \/>\n<meta property=\"og:locale\" content=\"es_ES\" \/>\n<meta property=\"og:type\" content=\"article\" \/>\n<meta property=\"og:title\" content=\"Photos de l&#039;\u00e9poque des apparitions - Banneux Notre-Dame\" \/>\n<meta property=\"og:description\" content=\"Ci-dessous quelques photos g\u00e9n\u00e9rales; cliquez sur les liens pour voir plus de photos ! Construction de la Chapelle des Apparitions et premi\u00e8re messe solennelle La Source\" \/>\n<meta property=\"og:url\" content=\"https:\/\/test.banneux-nd.be\/es\/photos-1933\/\" \/>\n<meta property=\"og:site_name\" content=\"Banneux Notre-Dame\" \/>\n<meta property=\"article:publisher\" content=\"https:\/\/www.facebook.com\/NDBanneux\/\" \/>\n<meta property=\"article:modified_time\" content=\"2018-09-30T14:01:11+00:00\" \/>\n<meta property=\"og:image\" content=\"https:\/\/test.banneux-nd.be\/wp-content\/uploads\/2017\/08\/P\u00e8lerins%20\u00e0%20Banneux%20-%20Carte%20postale2-300x189.jpg\" \/>\n<meta name=\"twitter:card\" content=\"summary_large_image\" \/>\n<script type=\"application\/ld+json\" class=\"yoast-schema-graph\">{\"@context\":\"https:\/\/schema.org\",\"@graph\":[{\"@type\":\"WebPage\",\"@id\":\"https:\/\/test.banneux-nd.be\/es\/photos-1933\/\",\"url\":\"https:\/\/test.banneux-nd.be\/es\/photos-1933\/\",\"name\":\"Photos de l'\u00e9poque des apparitions - Banneux Notre-Dame\",\"isPartOf\":{\"@id\":\"https:\/\/test.banneux-nd.be\/es\/#website\"},\"datePublished\":\"2018-07-19T10:21:29+00:00\",\"dateModified\":\"2018-09-30T14:01:11+00:00\",\"breadcrumb\":{\"@id\":\"https:\/\/test.banneux-nd.be\/es\/photos-1933\/#breadcrumb\"},\"inLanguage\":\"es\",\"potentialAction\":[{\"@type\":\"ReadAction\",\"target\":[\"https:\/\/test.banneux-nd.be\/es\/photos-1933\/\"]}]},{\"@type\":\"BreadcrumbList\",\"@id\":\"https:\/\/test.banneux-nd.be\/es\/photos-1933\/#breadcrumb\",\"itemListElement\":[{\"@type\":\"ListItem\",\"position\":1,\"name\":\"Accueil\",\"item\":\"https:\/\/test.banneux-nd.be\/es\/\"},{\"@type\":\"ListItem\",\"position\":2,\"name\":\"Photos de l&rsquo;\u00e9poque des apparitions\"}]},{\"@type\":\"WebSite\",\"@id\":\"https:\/\/test.banneux-nd.be\/es\/#website\",\"url\":\"https:\/\/test.banneux-nd.be\/es\/\",\"name\":\"Banneux Notre-Dame\",\"description\":\"Sanctuaire de la Vierge des Pauvres (Belgique)\",\"potentialAction\":[{\"@type\":\"SearchAction\",\"target\":{\"@type\":\"EntryPoint\",\"urlTemplate\":\"https:\/\/test.banneux-nd.be\/es\/?s={search_term_string}\"},\"query-input\":{\"@type\":\"PropertyValueSpecification\",\"valueRequired\":true,\"valueName\":\"search_term_string\"}}],\"inLanguage\":\"es\"}]}<\/script>\n<!-- \/ Yoast SEO plugin. -->","yoast_head_json":{"title":"Photos de l'\u00e9poque des apparitions - Banneux Notre-Dame","robots":{"index":"index","follow":"follow","max-snippet":"max-snippet:-1","max-image-preview":"max-image-preview:large","max-video-preview":"max-video-preview:-1"},"canonical":"https:\/\/test.banneux-nd.be\/es\/photos-1933\/","og_locale":"es_ES","og_type":"article","og_title":"Photos de l'\u00e9poque des apparitions - Banneux Notre-Dame","og_description":"Ci-dessous quelques photos g\u00e9n\u00e9rales; cliquez sur les liens pour voir plus de photos ! Construction de la Chapelle des Apparitions et premi\u00e8re messe solennelle La Source","og_url":"https:\/\/test.banneux-nd.be\/es\/photos-1933\/","og_site_name":"Banneux Notre-Dame","article_publisher":"https:\/\/www.facebook.com\/NDBanneux\/","article_modified_time":"2018-09-30T14:01:11+00:00","og_image":[{"url":"https:\/\/test.banneux-nd.be\/wp-content\/uploads\/2017\/08\/P\u00e8lerins \u00e0 Banneux - Carte postale2-300x189.jpg","type":"","width":"","height":""}],"twitter_card":"summary_large_image","schema":{"@context":"https:\/\/schema.org","@graph":[{"@type":"WebPage","@id":"https:\/\/test.banneux-nd.be\/es\/photos-1933\/","url":"https:\/\/test.banneux-nd.be\/es\/photos-1933\/","name":"Photos de l'\u00e9poque des apparitions - Banneux Notre-Dame","isPartOf":{"@id":"https:\/\/test.banneux-nd.be\/es\/#website"},"datePublished":"2018-07-19T10:21:29+00:00","dateModified":"2018-09-30T14:01:11+00:00","breadcrumb":{"@id":"https:\/\/test.banneux-nd.be\/es\/photos-1933\/#breadcrumb"},"inLanguage":"es","potentialAction":[{"@type":"ReadAction","target":["https:\/\/test.banneux-nd.be\/es\/photos-1933\/"]}]},{"@type":"BreadcrumbList","@id":"https:\/\/test.banneux-nd.be\/es\/photos-1933\/#breadcrumb","itemListElement":[{"@type":"ListItem","position":1,"name":"Accueil","item":"https:\/\/test.banneux-nd.be\/es\/"},{"@type":"ListItem","position":2,"name":"Photos de l&rsquo;\u00e9poque des apparitions"}]},{"@type":"WebSite","@id":"https:\/\/test.banneux-nd.be\/es\/#website","url":"https:\/\/test.banneux-nd.be\/es\/","name":"Banneux Notre-Dame","description":"Sanctuaire de la Vierge des Pauvres (Belgique)","potentialAction":[{"@type":"SearchAction","target":{"@type":"EntryPoint","urlTemplate":"https:\/\/test.banneux-nd.be\/es\/?s={search_term_string}"},"query-input":{"@type":"PropertyValueSpecification","valueRequired":true,"valueName":"search_term_string"}}],"inLanguage":"es"}]}},"coauthors":[],"author_meta":{"author_link":"https:\/\/test.banneux-nd.be\/es\/author\/dreusdeille\/","display_name":"Anne-Elisabeth N\u00e8ve"},"relative_dates":{"created":"Publicado 8 a\u00f1os hace","modified":"Actualizado 8 a\u00f1os hace"},"absolute_dates":{"created":"Publicado el 19 julio 2018","modified":"Actualizado el 30 septiembre 2018"},"absolute_dates_time":{"created":"Publicado el 19 julio 2018 12 h 21 min","modified":"Actualizado el 30 septiembre 2018 16 h 01 min"},"featured_img_caption":"","featured_img":false,"series_order":"","_links":{"self":[{"href":"https:\/\/test.banneux-nd.be\/es\/wp-json\/wp\/v2\/pages\/9006"}],"collection":[{"href":"https:\/\/test.banneux-nd.be\/es\/wp-json\/wp\/v2\/pages"}],"about":[{"href":"https:\/\/test.banneux-nd.be\/es\/wp-json\/wp\/v2\/types\/page"}],"author":[{"embeddable":true,"href":"https:\/\/test.banneux-nd.be\/es\/wp-json\/wp\/v2\/users\/4"}],"replies":[{"embeddable":true,"href":"https:\/\/test.banneux-nd.be\/es\/wp-json\/wp\/v2\/comments?post=9006"}],"version-history":[{"count":14,"href":"https:\/\/test.banneux-nd.be\/es\/wp-json\/wp\/v2\/pages\/9006\/revisions"}],"predecessor-version":[{"id":11087,"href":"https:\/\/test.banneux-nd.be\/es\/wp-json\/wp\/v2\/pages\/9006\/revisions\/11087"}],"wp:attachment":[{"href":"https:\/\/test.banneux-nd.be\/es\/wp-json\/wp\/v2\/media?parent=9006"}],"curies":[{"name":"wp","href":"https:\/\/api.w.org\/{rel}","templated":true}]}}