{"id":10044,"date":"2018-08-04T19:02:57","date_gmt":"2018-08-04T17:02:57","guid":{"rendered":"http:\/\/www.banneux-nd.be\/?page_id=10044"},"modified":"2018-08-04T19:07:28","modified_gmt":"2018-08-04T17:07:28","slug":"de-1933-a-aujourdhui","status":"publish","type":"page","link":"https:\/\/test.banneux-nd.be\/fr\/de-1933-a-aujourdhui\/","title":{"rendered":"De 1933 \u00e0 aujourd&rsquo;hui"},"content":{"rendered":"<p>&nbsp;<\/p>\n<p><strong>2016<\/strong><\/p>\n<p><a href=\"https:\/\/test.banneux-nd.be\/fr\/juin-2016-pelerinage-venant-de-metz-fr\/\" target=\"_blank\" rel=\"noopener\">P\u00e8lerinage venant de Metz<\/a><\/p>\n<p><a href=\"https:\/\/test.banneux-nd.beeres-de-saint-jean-dun-prieur-a-un-autre-juillet-2016\/\" target=\"_blank\" rel=\"noopener\">D&rsquo;un prieur \u00e0 l&rsquo;autre<\/a><\/p>\n<p><a href=\"https:\/\/test.banneux-nd.be\/fr\/qui-etes-vous-belle-dame\/\" target=\"_blank\" rel=\"noopener\"><em>Qui \u00eates-vous, Belle Dame ? &#8211; Je suis la Vierge des Pauvres <\/em>: entretien paru sur le site <em>Aleteia<\/em><\/a><\/p>\n","protected":false},"excerpt":{"rendered":"<p>&nbsp; 2016 P\u00e8lerinage venant de Metz D&rsquo;un prieur \u00e0 l&rsquo;autre Qui \u00eates-vous, Belle Dame ? &#8211; Je suis la Vierge des Pauvres : entretien paru sur le site Aleteia<\/p>\n","protected":false},"author":4,"featured_media":0,"parent":0,"menu_order":0,"comment_status":"closed","ping_status":"closed","template":"","meta":{"advgb_blocks_editor_width":"","advgb_blocks_columns_visual_guide":"","footnotes":""},"class_list":["post-10044","page","type-page","status-publish","hentry"],"yoast_head":"<!-- This site is optimized with the Yoast SEO plugin v25.6 - https:\/\/yoast.com\/wordpress\/plugins\/seo\/ -->\n<title>De 1933 \u00e0 aujourd&#039;hui - Banneux Notre-Dame<\/title>\n<meta name=\"robots\" content=\"index, follow, max-snippet:-1, max-image-preview:large, max-video-preview:-1\" \/>\n<link rel=\"canonical\" href=\"https:\/\/test.banneux-nd.be\/fr\/de-1933-a-aujourdhui\/\" \/>\n<meta property=\"og:locale\" content=\"fr_FR\" \/>\n<meta property=\"og:type\" content=\"article\" \/>\n<meta property=\"og:title\" content=\"De 1933 \u00e0 aujourd&#039;hui - Banneux Notre-Dame\" \/>\n<meta property=\"og:description\" content=\"&nbsp; 2016 P\u00e8lerinage venant de Metz D&rsquo;un prieur \u00e0 l&rsquo;autre Qui \u00eates-vous, Belle Dame ? &#8211; Je suis la Vierge des Pauvres : entretien paru sur le site Aleteia\" \/>\n<meta property=\"og:url\" content=\"https:\/\/test.banneux-nd.be\/fr\/de-1933-a-aujourdhui\/\" \/>\n<meta property=\"og:site_name\" content=\"Banneux Notre-Dame\" \/>\n<meta property=\"article:publisher\" content=\"https:\/\/www.facebook.com\/NDBanneux\/\" \/>\n<meta property=\"article:modified_time\" content=\"2018-08-04T17:07:28+00:00\" \/>\n<meta name=\"twitter:card\" content=\"summary_large_image\" \/>\n<script type=\"application\/ld+json\" class=\"yoast-schema-graph\">{\"@context\":\"https:\/\/schema.org\",\"@graph\":[{\"@type\":\"WebPage\",\"@id\":\"https:\/\/test.banneux-nd.be\/fr\/de-1933-a-aujourdhui\/\",\"url\":\"https:\/\/test.banneux-nd.be\/fr\/de-1933-a-aujourdhui\/\",\"name\":\"De 1933 \u00e0 aujourd'hui - Banneux Notre-Dame\",\"isPartOf\":{\"@id\":\"https:\/\/test.banneux-nd.be\/fr\/#website\"},\"datePublished\":\"2018-08-04T17:02:57+00:00\",\"dateModified\":\"2018-08-04T17:07:28+00:00\",\"breadcrumb\":{\"@id\":\"https:\/\/test.banneux-nd.be\/fr\/de-1933-a-aujourdhui\/#breadcrumb\"},\"inLanguage\":\"fr-FR\",\"potentialAction\":[{\"@type\":\"ReadAction\",\"target\":[\"https:\/\/test.banneux-nd.be\/fr\/de-1933-a-aujourdhui\/\"]}]},{\"@type\":\"BreadcrumbList\",\"@id\":\"https:\/\/test.banneux-nd.be\/fr\/de-1933-a-aujourdhui\/#breadcrumb\",\"itemListElement\":[{\"@type\":\"ListItem\",\"position\":1,\"name\":\"Accueil\",\"item\":\"https:\/\/test.banneux-nd.be\/fr\/\"},{\"@type\":\"ListItem\",\"position\":2,\"name\":\"De 1933 \u00e0 aujourd&rsquo;hui\"}]},{\"@type\":\"WebSite\",\"@id\":\"https:\/\/test.banneux-nd.be\/fr\/#website\",\"url\":\"https:\/\/test.banneux-nd.be\/fr\/\",\"name\":\"Banneux Notre-Dame\",\"description\":\"Sanctuaire de la Vierge des Pauvres (Belgique)\",\"potentialAction\":[{\"@type\":\"SearchAction\",\"target\":{\"@type\":\"EntryPoint\",\"urlTemplate\":\"https:\/\/test.banneux-nd.be\/fr\/?s={search_term_string}\"},\"query-input\":{\"@type\":\"PropertyValueSpecification\",\"valueRequired\":true,\"valueName\":\"search_term_string\"}}],\"inLanguage\":\"fr-FR\"}]}<\/script>\n<!-- \/ Yoast SEO plugin. -->","yoast_head_json":{"title":"De 1933 \u00e0 aujourd'hui - Banneux Notre-Dame","robots":{"index":"index","follow":"follow","max-snippet":"max-snippet:-1","max-image-preview":"max-image-preview:large","max-video-preview":"max-video-preview:-1"},"canonical":"https:\/\/test.banneux-nd.be\/fr\/de-1933-a-aujourdhui\/","og_locale":"fr_FR","og_type":"article","og_title":"De 1933 \u00e0 aujourd'hui - Banneux Notre-Dame","og_description":"&nbsp; 2016 P\u00e8lerinage venant de Metz D&rsquo;un prieur \u00e0 l&rsquo;autre Qui \u00eates-vous, Belle Dame ? &#8211; Je suis la Vierge des Pauvres : entretien paru sur le site Aleteia","og_url":"https:\/\/test.banneux-nd.be\/fr\/de-1933-a-aujourdhui\/","og_site_name":"Banneux Notre-Dame","article_publisher":"https:\/\/www.facebook.com\/NDBanneux\/","article_modified_time":"2018-08-04T17:07:28+00:00","twitter_card":"summary_large_image","schema":{"@context":"https:\/\/schema.org","@graph":[{"@type":"WebPage","@id":"https:\/\/test.banneux-nd.be\/fr\/de-1933-a-aujourdhui\/","url":"https:\/\/test.banneux-nd.be\/fr\/de-1933-a-aujourdhui\/","name":"De 1933 \u00e0 aujourd'hui - Banneux Notre-Dame","isPartOf":{"@id":"https:\/\/test.banneux-nd.be\/fr\/#website"},"datePublished":"2018-08-04T17:02:57+00:00","dateModified":"2018-08-04T17:07:28+00:00","breadcrumb":{"@id":"https:\/\/test.banneux-nd.be\/fr\/de-1933-a-aujourdhui\/#breadcrumb"},"inLanguage":"fr-FR","potentialAction":[{"@type":"ReadAction","target":["https:\/\/test.banneux-nd.be\/fr\/de-1933-a-aujourdhui\/"]}]},{"@type":"BreadcrumbList","@id":"https:\/\/test.banneux-nd.be\/fr\/de-1933-a-aujourdhui\/#breadcrumb","itemListElement":[{"@type":"ListItem","position":1,"name":"Accueil","item":"https:\/\/test.banneux-nd.be\/fr\/"},{"@type":"ListItem","position":2,"name":"De 1933 \u00e0 aujourd&rsquo;hui"}]},{"@type":"WebSite","@id":"https:\/\/test.banneux-nd.be\/fr\/#website","url":"https:\/\/test.banneux-nd.be\/fr\/","name":"Banneux Notre-Dame","description":"Sanctuaire de la Vierge des Pauvres (Belgique)","potentialAction":[{"@type":"SearchAction","target":{"@type":"EntryPoint","urlTemplate":"https:\/\/test.banneux-nd.be\/fr\/?s={search_term_string}"},"query-input":{"@type":"PropertyValueSpecification","valueRequired":true,"valueName":"search_term_string"}}],"inLanguage":"fr-FR"}]}},"coauthors":[],"author_meta":{"author_link":"https:\/\/test.banneux-nd.be\/fr\/author\/dreusdeille\/","display_name":"Anne-Elisabeth N\u00e8ve"},"relative_dates":{"created":"Publi\u00e9 8 ans il y a","modified":"Mis \u00e0 jour 8 ans il y a"},"absolute_dates":{"created":"Publi\u00e9 le 4 ao\u00fbt 2018","modified":"Mise \u00e0 jour le 4 ao\u00fbt 2018"},"absolute_dates_time":{"created":"Publi\u00e9 le 4 ao\u00fbt 2018 19 h 02 min","modified":"Mise \u00e0 jour le 4 ao\u00fbt 2018 19 h 07 min"},"featured_img_caption":"","featured_img":false,"series_order":"","_links":{"self":[{"href":"https:\/\/test.banneux-nd.be\/fr\/wp-json\/wp\/v2\/pages\/10044"}],"collection":[{"href":"https:\/\/test.banneux-nd.be\/fr\/wp-json\/wp\/v2\/pages"}],"about":[{"href":"https:\/\/test.banneux-nd.be\/fr\/wp-json\/wp\/v2\/types\/page"}],"author":[{"embeddable":true,"href":"https:\/\/test.banneux-nd.be\/fr\/wp-json\/wp\/v2\/users\/4"}],"replies":[{"embeddable":true,"href":"https:\/\/test.banneux-nd.be\/fr\/wp-json\/wp\/v2\/comments?post=10044"}],"version-history":[{"count":1,"href":"https:\/\/test.banneux-nd.be\/fr\/wp-json\/wp\/v2\/pages\/10044\/revisions"}],"predecessor-version":[{"id":10045,"href":"https:\/\/test.banneux-nd.be\/fr\/wp-json\/wp\/v2\/pages\/10044\/revisions\/10045"}],"wp:attachment":[{"href":"https:\/\/test.banneux-nd.be\/fr\/wp-json\/wp\/v2\/media?parent=10044"}],"curies":[{"name":"wp","href":"https:\/\/api.w.org\/{rel}","templated":true}]}}