{"id":10075,"date":"2018-08-08T16:09:33","date_gmt":"2018-08-08T14:09:33","guid":{"rendered":"http:\/\/www.banneux-nd.be\/?page_id=10075"},"modified":"2018-08-08T16:09:33","modified_gmt":"2018-08-08T14:09:33","slug":"partenaires-liens","status":"publish","type":"page","link":"https:\/\/test.banneux-nd.be\/fr\/partenaires-liens\/","title":{"rendered":"Partenaires \/ Liens"},"content":{"rendered":"<p style=\"text-align: center;\"><strong>Cliquez sur l&rsquo;image pour acc\u00e9der au site internet concern\u00e9 !<\/strong><\/p>\n<p>&nbsp;<\/p>\n<p><strong>\u00c9glise catholique romaine &#8211; Site du Vatican et du Saint-Si\u00e8ge &#8211; Le pape Fran\u00e7ois<\/strong><\/p>\n<p><a href=\"http:\/\/w2.vatican.va\/content\/vatican\/fr.html\" target=\"_blank\" rel=\"noopener\"><img loading=\"lazy\" decoding=\"async\" class=\"aligncenter wp-image-10077 size-full\" src=\"https:\/\/test.banneux-nd.be\/wp-content\/uploads\/2018\/08\/Pape-Fran\u00e7ois.png\" alt=\"\" width=\"315\" height=\"237\" srcset=\"https:\/\/test.banneux-nd.be\/wp-content\/uploads\/2018\/08\/Pape-Fran\u00e7ois.png 315w, https:\/\/test.banneux-nd.be\/wp-content\/uploads\/2018\/08\/Pape-Fran\u00e7ois-300x226.png 300w\" sizes=\"(max-width: 315px) 100vw, 315px\" \/><\/a><\/p>\n<p>&nbsp;<\/p>\n<table style=\"width: 707px;\">\n<tbody>\n<tr>\n<td style=\"width: 382px;\" width=\"302\">\n<p style=\"text-align: center;\"><strong>\u00c9glise catholique <\/strong><br \/>\n<strong>en Belgique francophone<\/strong><\/p>\n<\/td>\n<td style=\"width: 354px;\" width=\"302\">\n<p style=\"text-align: center;\"><strong>Dioc\u00e8se de Li\u00e8ge<\/strong><\/p>\n<\/td>\n<\/tr>\n<tr>\n<td style=\"text-align: center; width: 382px;\" width=\"302\"><img loading=\"lazy\" decoding=\"async\" class=\"aligncenter size-full wp-image-10086\" src=\"https:\/\/test.banneux-nd.be\/wp-content\/uploads\/2018\/08\/cathobel-logo-web.jpg\" alt=\"\" width=\"659\" height=\"124\" srcset=\"https:\/\/test.banneux-nd.be\/wp-content\/uploads\/2018\/08\/cathobel-logo-web.jpg 659w, https:\/\/test.banneux-nd.be\/wp-content\/uploads\/2018\/08\/cathobel-logo-web-300x56.jpg 300w\" sizes=\"(max-width: 659px) 100vw, 659px\" \/><\/td>\n<td style=\"text-align: center; width: 354px;\" width=\"302\"><a href=\"http:\/\/www.evechedeliege.be\" target=\"_blank\" rel=\"noopener\"><img loading=\"lazy\" decoding=\"async\" class=\"aligncenter wp-image-2504 \" src=\"https:\/\/test.banneux-nd.be\/wp-content\/uploads\/2018\/01\/LogoDiocese-PF.jpg\" alt=\"\" width=\"204\" height=\"208\" \/><\/a><\/td>\n<\/tr>\n<tr>\n<td style=\"text-align: center; width: 382px;\" width=\"302\">\n<p style=\"text-align: center;\"><strong>Unit\u00e9 pastorale Ekklesia <\/strong><br \/>\n<strong>(Aywaille &#8211; Sprimont)<\/strong><\/p>\n<\/td>\n<td style=\"text-align: center; width: 354px;\" width=\"302\"><strong>Radio chr\u00e9tienne francophone <\/strong><br \/>\n<strong>(RCF) \u00e0 Li\u00e8ge<\/strong><\/td>\n<\/tr>\n<tr>\n<td style=\"width: 382px;\" width=\"302\"><img loading=\"lazy\" decoding=\"async\" class=\"aligncenter size-full wp-image-10092\" src=\"https:\/\/test.banneux-nd.be\/wp-content\/uploads\/2018\/08\/UP-Ekklesia.png\" alt=\"\" width=\"300\" height=\"300\" srcset=\"https:\/\/test.banneux-nd.be\/wp-content\/uploads\/2018\/08\/UP-Ekklesia.png 300w, https:\/\/test.banneux-nd.be\/wp-content\/uploads\/2018\/08\/UP-Ekklesia-150x150.png 150w\" sizes=\"(max-width: 300px) 100vw, 300px\" \/><\/td>\n<td style=\"width: 354px;\" width=\"302\"><a href=\"http:\/\/www.rcfliege.be\" target=\"_blank\" rel=\"noopener\"><img loading=\"lazy\" decoding=\"async\" class=\"aligncenter wp-image-7991 size-full\" src=\"https:\/\/test.banneux-nd.be\/wp-content\/uploads\/2018\/05\/RCF_LOGO_LIEGE_QUADRI.png\" alt=\"\" width=\"1176\" height=\"857\" srcset=\"https:\/\/test.banneux-nd.be\/wp-content\/uploads\/2018\/05\/RCF_LOGO_LIEGE_QUADRI.png 1176w, https:\/\/test.banneux-nd.be\/wp-content\/uploads\/2018\/05\/RCF_LOGO_LIEGE_QUADRI-300x219.png 300w, https:\/\/test.banneux-nd.be\/wp-content\/uploads\/2018\/05\/RCF_LOGO_LIEGE_QUADRI-768x560.png 768w, https:\/\/test.banneux-nd.be\/wp-content\/uploads\/2018\/05\/RCF_LOGO_LIEGE_QUADRI-1024x746.png 1024w\" sizes=\"(max-width: 1176px) 100vw, 1176px\" \/><\/a><\/td>\n<\/tr>\n<\/tbody>\n<\/table>\n<p>&nbsp;<\/p>\n<p style=\"text-align: center;\"><strong>Maisons de repos du Centre hospitalier chr\u00e9tien (CHC) \u00e0 Banneux<\/strong><\/p>\n<table style=\"width: 707px;\">\n<tbody>\n<tr>\n<td style=\"width: 379px;\" width=\"302\">\n<p style=\"text-align: center;\"><strong>Carrefour Saint-Antoine<\/strong><\/p>\n<\/td>\n<td style=\"width: 358px;\" width=\"302\">\n<p style=\"text-align: center;\"><strong>R\u00e9sidence de la Vierge des Pauvres<\/strong><\/p>\n<\/td>\n<\/tr>\n<tr>\n<td style=\"width: 379px;\" width=\"302\"><a href=\"http:\/\/www.chc.be\/Reseau-Senior\/Residence-Carrefour-Saint-Antoine-(Banneux)\/Galerie-Photos\/Photos-de-la-residence.aspx \" target=\"_blank\" rel=\"noopener\"><img loading=\"lazy\" decoding=\"async\" class=\"aligncenter wp-image-10113 \" src=\"https:\/\/test.banneux-nd.be\/wp-content\/uploads\/2018\/08\/Carrefour-Saint-Antoine.jpg\" alt=\"\" width=\"338\" height=\"225\" srcset=\"https:\/\/test.banneux-nd.be\/wp-content\/uploads\/2018\/08\/Carrefour-Saint-Antoine.jpg 787w, https:\/\/test.banneux-nd.be\/wp-content\/uploads\/2018\/08\/Carrefour-Saint-Antoine-300x200.jpg 300w, https:\/\/test.banneux-nd.be\/wp-content\/uploads\/2018\/08\/Carrefour-Saint-Antoine-768x511.jpg 768w\" sizes=\"(max-width: 338px) 100vw, 338px\" \/><\/a><\/td>\n<td style=\"width: 358px;\" width=\"302\"><a href=\"http:\/\/www.chc.be\/Reseau-Senior\/Residence-La-Vierge-des-Pauvres-(Banneux)\/Galerie-Photos\/Photos-de-la-residence.aspx \" target=\"_blank\" rel=\"noopener\"><img loading=\"lazy\" decoding=\"async\" class=\"aligncenter wp-image-10119 size-full\" src=\"https:\/\/test.banneux-nd.be\/wp-content\/uploads\/2018\/08\/R\u00e9sidence-Vierge-des-Pauvres.jpg\" alt=\"\" width=\"787\" height=\"525\" srcset=\"https:\/\/test.banneux-nd.be\/wp-content\/uploads\/2018\/08\/R\u00e9sidence-Vierge-des-Pauvres.jpg 787w, https:\/\/test.banneux-nd.be\/wp-content\/uploads\/2018\/08\/R\u00e9sidence-Vierge-des-Pauvres-300x200.jpg 300w, https:\/\/test.banneux-nd.be\/wp-content\/uploads\/2018\/08\/R\u00e9sidence-Vierge-des-Pauvres-768x512.jpg 768w\" sizes=\"(max-width: 787px) 100vw, 787px\" \/><\/a><\/td>\n<\/tr>\n<\/tbody>\n<\/table>\n<p>&nbsp;<\/p>\n<p style=\"text-align: center;\"><strong>Tourisme<\/strong><\/p>\n<table style=\"width: 707px;\">\n<tbody>\n<tr>\n<td style=\"width: 379px;\" width=\"302\">\n<p style=\"text-align: center;\"><strong>Office du Tourisme de Sprimont <\/strong><br \/>\n<strong>(\u00e0 Banneux)<\/strong><\/p>\n<\/td>\n<td style=\"width: 361px;\" width=\"302\">\n<p style=\"text-align: center;\"><strong>Marque-Ardenne<\/strong><\/p>\n<\/td>\n<\/tr>\n<tr>\n<td style=\"width: 379px;\" width=\"302\"><a href=\"http:\/\/www.sprimont.be\/touristes\/office-du-tourisme\" target=\"_blank\" rel=\"noopener\"><img loading=\"lazy\" decoding=\"async\" class=\"aligncenter wp-image-10100 size-full\" src=\"https:\/\/test.banneux-nd.be\/wp-content\/uploads\/2018\/08\/2054_SPRIMONT_LOGO_GENERAL.jpg\" alt=\"\" width=\"1181\" height=\"827\" srcset=\"https:\/\/test.banneux-nd.be\/wp-content\/uploads\/2018\/08\/2054_SPRIMONT_LOGO_GENERAL.jpg 1181w, https:\/\/test.banneux-nd.be\/wp-content\/uploads\/2018\/08\/2054_SPRIMONT_LOGO_GENERAL-300x210.jpg 300w, https:\/\/test.banneux-nd.be\/wp-content\/uploads\/2018\/08\/2054_SPRIMONT_LOGO_GENERAL-768x538.jpg 768w, https:\/\/test.banneux-nd.be\/wp-content\/uploads\/2018\/08\/2054_SPRIMONT_LOGO_GENERAL-1024x717.jpg 1024w\" sizes=\"(max-width: 1181px) 100vw, 1181px\" \/><\/a><\/td>\n<td style=\"width: 361px;\" width=\"302\"><img loading=\"lazy\" decoding=\"async\" class=\"aligncenter size-full wp-image-10106\" src=\"https:\/\/test.banneux-nd.be\/wp-content\/uploads\/2018\/08\/Marque-Ardenne.png\" alt=\"\" width=\"1031\" height=\"541\" srcset=\"https:\/\/test.banneux-nd.be\/wp-content\/uploads\/2018\/08\/Marque-Ardenne.png 1031w, https:\/\/test.banneux-nd.be\/wp-content\/uploads\/2018\/08\/Marque-Ardenne-300x157.png 300w, https:\/\/test.banneux-nd.be\/wp-content\/uploads\/2018\/08\/Marque-Ardenne-768x403.png 768w, https:\/\/test.banneux-nd.be\/wp-content\/uploads\/2018\/08\/Marque-Ardenne-1024x537.png 1024w\" sizes=\"(max-width: 1031px) 100vw, 1031px\" \/><\/td>\n<\/tr>\n<\/tbody>\n<\/table>\n","protected":false},"excerpt":{"rendered":"<p>Cliquez sur l&rsquo;image pour acc\u00e9der au site internet concern\u00e9 ! &nbsp; \u00c9glise catholique romaine &#8211; Site du Vatican et du Saint-Si\u00e8ge &#8211; Le pape Fran\u00e7ois &nbsp; \u00c9glise catholique en Belgique francophone Dioc\u00e8se de Li\u00e8ge Unit\u00e9 pastorale Ekklesia (Aywaille &#8211; Sprimont) Radio chr\u00e9tienne francophone (RCF) \u00e0 Li\u00e8ge &nbsp; Maisons de repos du Centre hospitalier chr\u00e9tien (CHC) \u00e0 Banneux Carrefour Saint-Antoine R\u00e9sidence de la Vierge des Pauvres &nbsp; Tourisme Office du Tourisme de Sprimont (\u00e0 Banneux) Marque-Ardenne<\/p>\n","protected":false},"author":4,"featured_media":0,"parent":0,"menu_order":0,"comment_status":"closed","ping_status":"closed","template":"","meta":{"advgb_blocks_editor_width":"","advgb_blocks_columns_visual_guide":"","footnotes":""},"class_list":["post-10075","page","type-page","status-publish","hentry"],"yoast_head":"<!-- This site is optimized with the Yoast SEO plugin v25.6 - https:\/\/yoast.com\/wordpress\/plugins\/seo\/ -->\n<title>Partenaires \/ Liens - Banneux Notre-Dame<\/title>\n<meta name=\"robots\" content=\"index, follow, max-snippet:-1, max-image-preview:large, max-video-preview:-1\" \/>\n<link rel=\"canonical\" href=\"https:\/\/test.banneux-nd.be\/fr\/partenaires-liens\/\" \/>\n<meta property=\"og:locale\" content=\"fr_FR\" \/>\n<meta property=\"og:type\" content=\"article\" \/>\n<meta property=\"og:title\" content=\"Partenaires \/ Liens - Banneux Notre-Dame\" \/>\n<meta property=\"og:description\" content=\"Cliquez sur l&rsquo;image pour acc\u00e9der au site internet concern\u00e9 ! &nbsp; \u00c9glise catholique romaine &#8211; Site du Vatican et du Saint-Si\u00e8ge &#8211; Le pape Fran\u00e7ois &nbsp; \u00c9glise catholique en Belgique francophone Dioc\u00e8se de Li\u00e8ge Unit\u00e9 pastorale Ekklesia (Aywaille &#8211; Sprimont) Radio chr\u00e9tienne francophone (RCF) \u00e0 Li\u00e8ge &nbsp; Maisons de repos du Centre hospitalier chr\u00e9tien (CHC) \u00e0 Banneux Carrefour Saint-Antoine R\u00e9sidence de la Vierge des Pauvres &nbsp; Tourisme Office du Tourisme de Sprimont (\u00e0 Banneux) Marque-Ardenne\" \/>\n<meta property=\"og:url\" content=\"https:\/\/test.banneux-nd.be\/fr\/partenaires-liens\/\" \/>\n<meta property=\"og:site_name\" content=\"Banneux Notre-Dame\" \/>\n<meta property=\"article:publisher\" content=\"https:\/\/www.facebook.com\/NDBanneux\/\" \/>\n<meta property=\"og:image\" content=\"https:\/\/test.banneux-nd.be\/wp-content\/uploads\/2018\/08\/cathobel-logo-web.jpg\" \/>\n<meta name=\"twitter:card\" content=\"summary_large_image\" \/>\n<script type=\"application\/ld+json\" class=\"yoast-schema-graph\">{\"@context\":\"https:\/\/schema.org\",\"@graph\":[{\"@type\":\"WebPage\",\"@id\":\"https:\/\/test.banneux-nd.be\/fr\/partenaires-liens\/\",\"url\":\"https:\/\/test.banneux-nd.be\/fr\/partenaires-liens\/\",\"name\":\"Partenaires \/ Liens - Banneux Notre-Dame\",\"isPartOf\":{\"@id\":\"https:\/\/test.banneux-nd.be\/fr\/#website\"},\"primaryImageOfPage\":{\"@id\":\"https:\/\/test.banneux-nd.be\/fr\/partenaires-liens\/#primaryimage\"},\"image\":{\"@id\":\"https:\/\/test.banneux-nd.be\/fr\/partenaires-liens\/#primaryimage\"},\"thumbnailUrl\":\"https:\/\/test.banneux-nd.be\/wp-content\/uploads\/2018\/08\/cathobel-logo-web.jpg\",\"datePublished\":\"2018-08-08T14:09:33+00:00\",\"breadcrumb\":{\"@id\":\"https:\/\/test.banneux-nd.be\/fr\/partenaires-liens\/#breadcrumb\"},\"inLanguage\":\"fr-FR\",\"potentialAction\":[{\"@type\":\"ReadAction\",\"target\":[\"https:\/\/test.banneux-nd.be\/fr\/partenaires-liens\/\"]}]},{\"@type\":\"ImageObject\",\"inLanguage\":\"fr-FR\",\"@id\":\"https:\/\/test.banneux-nd.be\/fr\/partenaires-liens\/#primaryimage\",\"url\":\"https:\/\/test.banneux-nd.be\/wp-content\/uploads\/2018\/08\/cathobel-logo-web.jpg\",\"contentUrl\":\"https:\/\/test.banneux-nd.be\/wp-content\/uploads\/2018\/08\/cathobel-logo-web.jpg\"},{\"@type\":\"BreadcrumbList\",\"@id\":\"https:\/\/test.banneux-nd.be\/fr\/partenaires-liens\/#breadcrumb\",\"itemListElement\":[{\"@type\":\"ListItem\",\"position\":1,\"name\":\"Accueil\",\"item\":\"https:\/\/test.banneux-nd.be\/fr\/\"},{\"@type\":\"ListItem\",\"position\":2,\"name\":\"Partenaires \/ Liens\"}]},{\"@type\":\"WebSite\",\"@id\":\"https:\/\/test.banneux-nd.be\/fr\/#website\",\"url\":\"https:\/\/test.banneux-nd.be\/fr\/\",\"name\":\"Banneux Notre-Dame\",\"description\":\"Sanctuaire de la Vierge des Pauvres (Belgique)\",\"potentialAction\":[{\"@type\":\"SearchAction\",\"target\":{\"@type\":\"EntryPoint\",\"urlTemplate\":\"https:\/\/test.banneux-nd.be\/fr\/?s={search_term_string}\"},\"query-input\":{\"@type\":\"PropertyValueSpecification\",\"valueRequired\":true,\"valueName\":\"search_term_string\"}}],\"inLanguage\":\"fr-FR\"}]}<\/script>\n<!-- \/ Yoast SEO plugin. -->","yoast_head_json":{"title":"Partenaires \/ Liens - Banneux Notre-Dame","robots":{"index":"index","follow":"follow","max-snippet":"max-snippet:-1","max-image-preview":"max-image-preview:large","max-video-preview":"max-video-preview:-1"},"canonical":"https:\/\/test.banneux-nd.be\/fr\/partenaires-liens\/","og_locale":"fr_FR","og_type":"article","og_title":"Partenaires \/ Liens - Banneux Notre-Dame","og_description":"Cliquez sur l&rsquo;image pour acc\u00e9der au site internet concern\u00e9 ! &nbsp; \u00c9glise catholique romaine &#8211; Site du Vatican et du Saint-Si\u00e8ge &#8211; Le pape Fran\u00e7ois &nbsp; \u00c9glise catholique en Belgique francophone Dioc\u00e8se de Li\u00e8ge Unit\u00e9 pastorale Ekklesia (Aywaille &#8211; Sprimont) Radio chr\u00e9tienne francophone (RCF) \u00e0 Li\u00e8ge &nbsp; Maisons de repos du Centre hospitalier chr\u00e9tien (CHC) \u00e0 Banneux Carrefour Saint-Antoine R\u00e9sidence de la Vierge des Pauvres &nbsp; Tourisme Office du Tourisme de Sprimont (\u00e0 Banneux) Marque-Ardenne","og_url":"https:\/\/test.banneux-nd.be\/fr\/partenaires-liens\/","og_site_name":"Banneux Notre-Dame","article_publisher":"https:\/\/www.facebook.com\/NDBanneux\/","og_image":[{"url":"https:\/\/test.banneux-nd.be\/wp-content\/uploads\/2018\/08\/cathobel-logo-web.jpg","type":"","width":"","height":""}],"twitter_card":"summary_large_image","schema":{"@context":"https:\/\/schema.org","@graph":[{"@type":"WebPage","@id":"https:\/\/test.banneux-nd.be\/fr\/partenaires-liens\/","url":"https:\/\/test.banneux-nd.be\/fr\/partenaires-liens\/","name":"Partenaires \/ Liens - Banneux Notre-Dame","isPartOf":{"@id":"https:\/\/test.banneux-nd.be\/fr\/#website"},"primaryImageOfPage":{"@id":"https:\/\/test.banneux-nd.be\/fr\/partenaires-liens\/#primaryimage"},"image":{"@id":"https:\/\/test.banneux-nd.be\/fr\/partenaires-liens\/#primaryimage"},"thumbnailUrl":"https:\/\/test.banneux-nd.be\/wp-content\/uploads\/2018\/08\/cathobel-logo-web.jpg","datePublished":"2018-08-08T14:09:33+00:00","breadcrumb":{"@id":"https:\/\/test.banneux-nd.be\/fr\/partenaires-liens\/#breadcrumb"},"inLanguage":"fr-FR","potentialAction":[{"@type":"ReadAction","target":["https:\/\/test.banneux-nd.be\/fr\/partenaires-liens\/"]}]},{"@type":"ImageObject","inLanguage":"fr-FR","@id":"https:\/\/test.banneux-nd.be\/fr\/partenaires-liens\/#primaryimage","url":"https:\/\/test.banneux-nd.be\/wp-content\/uploads\/2018\/08\/cathobel-logo-web.jpg","contentUrl":"https:\/\/test.banneux-nd.be\/wp-content\/uploads\/2018\/08\/cathobel-logo-web.jpg"},{"@type":"BreadcrumbList","@id":"https:\/\/test.banneux-nd.be\/fr\/partenaires-liens\/#breadcrumb","itemListElement":[{"@type":"ListItem","position":1,"name":"Accueil","item":"https:\/\/test.banneux-nd.be\/fr\/"},{"@type":"ListItem","position":2,"name":"Partenaires \/ Liens"}]},{"@type":"WebSite","@id":"https:\/\/test.banneux-nd.be\/fr\/#website","url":"https:\/\/test.banneux-nd.be\/fr\/","name":"Banneux Notre-Dame","description":"Sanctuaire de la Vierge des Pauvres (Belgique)","potentialAction":[{"@type":"SearchAction","target":{"@type":"EntryPoint","urlTemplate":"https:\/\/test.banneux-nd.be\/fr\/?s={search_term_string}"},"query-input":{"@type":"PropertyValueSpecification","valueRequired":true,"valueName":"search_term_string"}}],"inLanguage":"fr-FR"}]}},"coauthors":[],"author_meta":{"author_link":"https:\/\/test.banneux-nd.be\/fr\/author\/dreusdeille\/","display_name":"Anne-Elisabeth N\u00e8ve"},"relative_dates":{"created":"Publi\u00e9 8 ans il y a","modified":"Mis \u00e0 jour 8 ans il y a"},"absolute_dates":{"created":"Publi\u00e9 le 8 ao\u00fbt 2018","modified":"Mise \u00e0 jour le 8 ao\u00fbt 2018"},"absolute_dates_time":{"created":"Publi\u00e9 le 8 ao\u00fbt 2018 16 h 09 min","modified":"Mise \u00e0 jour le 8 ao\u00fbt 2018 16 h 09 min"},"featured_img_caption":"","featured_img":false,"series_order":"","_links":{"self":[{"href":"https:\/\/test.banneux-nd.be\/fr\/wp-json\/wp\/v2\/pages\/10075"}],"collection":[{"href":"https:\/\/test.banneux-nd.be\/fr\/wp-json\/wp\/v2\/pages"}],"about":[{"href":"https:\/\/test.banneux-nd.be\/fr\/wp-json\/wp\/v2\/types\/page"}],"author":[{"embeddable":true,"href":"https:\/\/test.banneux-nd.be\/fr\/wp-json\/wp\/v2\/users\/4"}],"replies":[{"embeddable":true,"href":"https:\/\/test.banneux-nd.be\/fr\/wp-json\/wp\/v2\/comments?post=10075"}],"version-history":[{"count":10,"href":"https:\/\/test.banneux-nd.be\/fr\/wp-json\/wp\/v2\/pages\/10075\/revisions"}],"predecessor-version":[{"id":10129,"href":"https:\/\/test.banneux-nd.be\/fr\/wp-json\/wp\/v2\/pages\/10075\/revisions\/10129"}],"wp:attachment":[{"href":"https:\/\/test.banneux-nd.be\/fr\/wp-json\/wp\/v2\/media?parent=10075"}],"curies":[{"name":"wp","href":"https:\/\/api.w.org\/{rel}","templated":true}]}}