{"id":10589,"date":"2018-08-30T19:38:44","date_gmt":"2018-08-30T17:38:44","guid":{"rendered":"http:\/\/www.banneux-nd.be\/?page_id=10589"},"modified":"2018-08-30T19:38:44","modified_gmt":"2018-08-30T17:38:44","slug":"construction-premiere-messe","status":"publish","type":"page","link":"https:\/\/test.banneux-nd.be\/fr\/construction-premiere-messe\/","title":{"rendered":"Construction et premi\u00e8re messe"},"content":{"rendered":"<p style=\"text-align: center;\"><strong>Construction de la Chapelle des Apparitions et premi\u00e8re messe solennelle<\/strong><\/p>\n<div id='gallery-1' class='gallery galleryid-10589 gallery-columns-3 gallery-size-medium'><figure class='gallery-item'>\n\t\t\t<div class='gallery-icon landscape'>\n\t\t\t\t<a href='https:\/\/test.banneux-nd.be\/fr\/construction-premiere-messe\/mariette-devant-en-priere-devant-la-futur-chapelle-2\/'><img loading=\"lazy\" decoding=\"async\" width=\"300\" height=\"228\" src=\"https:\/\/test.banneux-nd.be\/wp-content\/uploads\/2018\/08\/mariette-devant-en-pri\u00e8re-devant-la-futur-chapelle-2-300x228.jpg\" class=\"attachment-medium size-medium\" alt=\"\" srcset=\"https:\/\/test.banneux-nd.be\/wp-content\/uploads\/2018\/08\/mariette-devant-en-pri\u00e8re-devant-la-futur-chapelle-2-300x228.jpg 300w, https:\/\/test.banneux-nd.be\/wp-content\/uploads\/2018\/08\/mariette-devant-en-pri\u00e8re-devant-la-futur-chapelle-2.jpg 673w\" sizes=\"(max-width: 300px) 100vw, 300px\" \/><\/a>\n\t\t\t<\/div><\/figure><figure class='gallery-item'>\n\t\t\t<div class='gallery-icon portrait'>\n\t\t\t\t<a href='https:\/\/test.banneux-nd.be\/fr\/premiere-messe-dans-la-chapelle\/'><img loading=\"lazy\" decoding=\"async\" width=\"197\" height=\"300\" src=\"https:\/\/test.banneux-nd.be\/wp-content\/uploads\/2018\/08\/Premiere-messe-dans-la-chapelle-197x300.jpg\" class=\"attachment-medium size-medium\" alt=\"\" srcset=\"https:\/\/test.banneux-nd.be\/wp-content\/uploads\/2018\/08\/Premiere-messe-dans-la-chapelle-197x300.jpg 197w, https:\/\/test.banneux-nd.be\/wp-content\/uploads\/2018\/08\/Premiere-messe-dans-la-chapelle-768x1172.jpg 768w, https:\/\/test.banneux-nd.be\/wp-content\/uploads\/2018\/08\/Premiere-messe-dans-la-chapelle-671x1024.jpg 671w, https:\/\/test.banneux-nd.be\/wp-content\/uploads\/2018\/08\/Premiere-messe-dans-la-chapelle.jpg 942w\" sizes=\"(max-width: 197px) 100vw, 197px\" \/><\/a>\n\t\t\t<\/div><\/figure><figure class='gallery-item'>\n\t\t\t<div class='gallery-icon portrait'>\n\t\t\t\t<a href='https:\/\/test.banneux-nd.be\/fr\/chapelle-de-lapparition-construction\/'><img loading=\"lazy\" decoding=\"async\" width=\"195\" height=\"300\" src=\"https:\/\/test.banneux-nd.be\/wp-content\/uploads\/2018\/08\/Chapelle-de-lapparition-construction-195x300.jpg\" class=\"attachment-medium size-medium\" alt=\"\" srcset=\"https:\/\/test.banneux-nd.be\/wp-content\/uploads\/2018\/08\/Chapelle-de-lapparition-construction-195x300.jpg 195w, https:\/\/test.banneux-nd.be\/wp-content\/uploads\/2018\/08\/Chapelle-de-lapparition-construction-768x1180.jpg 768w, https:\/\/test.banneux-nd.be\/wp-content\/uploads\/2018\/08\/Chapelle-de-lapparition-construction-667x1024.jpg 667w, https:\/\/test.banneux-nd.be\/wp-content\/uploads\/2018\/08\/Chapelle-de-lapparition-construction.jpg 1333w\" sizes=\"(max-width: 195px) 100vw, 195px\" \/><\/a>\n\t\t\t<\/div><\/figure><figure class='gallery-item'>\n\t\t\t<div class='gallery-icon portrait'>\n\t\t\t\t<a href='https:\/\/test.banneux-nd.be\/fr\/bapteme-du-seigneur\/mariette-devant-la-chapelle-en-construction\/'><img loading=\"lazy\" decoding=\"async\" width=\"213\" height=\"300\" src=\"https:\/\/test.banneux-nd.be\/wp-content\/uploads\/2018\/08\/Mariette-devant-la-chapelle-en-construction-213x300.jpg\" class=\"attachment-medium size-medium\" alt=\"\" srcset=\"https:\/\/test.banneux-nd.be\/wp-content\/uploads\/2018\/08\/Mariette-devant-la-chapelle-en-construction-213x300.jpg 213w, https:\/\/test.banneux-nd.be\/wp-content\/uploads\/2018\/08\/Mariette-devant-la-chapelle-en-construction-768x1082.jpg 768w, https:\/\/test.banneux-nd.be\/wp-content\/uploads\/2018\/08\/Mariette-devant-la-chapelle-en-construction-727x1024.jpg 727w, https:\/\/test.banneux-nd.be\/wp-content\/uploads\/2018\/08\/Mariette-devant-la-chapelle-en-construction.jpg 1453w\" sizes=\"(max-width: 213px) 100vw, 213px\" \/><\/a>\n\t\t\t<\/div><\/figure><figure class='gallery-item'>\n\t\t\t<div class='gallery-icon portrait'>\n\t\t\t\t<a href='https:\/\/test.banneux-nd.be\/fr\/culte-de-la-vierge-mgr-kerkhofs-au-centre-pf\/'><img loading=\"lazy\" decoding=\"async\" width=\"195\" height=\"300\" src=\"https:\/\/test.banneux-nd.be\/wp-content\/uploads\/2018\/08\/Culte-de-la-Vierge-Mgr-Kerkhofs-au-centre-PF-195x300.jpg\" class=\"attachment-medium size-medium\" alt=\"\" srcset=\"https:\/\/test.banneux-nd.be\/wp-content\/uploads\/2018\/08\/Culte-de-la-Vierge-Mgr-Kerkhofs-au-centre-PF-195x300.jpg 195w, https:\/\/test.banneux-nd.be\/wp-content\/uploads\/2018\/08\/Culte-de-la-Vierge-Mgr-Kerkhofs-au-centre-PF-768x1180.jpg 768w, https:\/\/test.banneux-nd.be\/wp-content\/uploads\/2018\/08\/Culte-de-la-Vierge-Mgr-Kerkhofs-au-centre-PF-666x1024.jpg 666w, https:\/\/test.banneux-nd.be\/wp-content\/uploads\/2018\/08\/Culte-de-la-Vierge-Mgr-Kerkhofs-au-centre-PF.jpg 781w\" sizes=\"(max-width: 195px) 100vw, 195px\" \/><\/a>\n\t\t\t<\/div><\/figure><figure class='gallery-item'>\n\t\t\t<div class='gallery-icon landscape'>\n\t\t\t\t<a href='https:\/\/test.banneux-nd.be\/fr\/pelerinage-inauguration-de-la-chapelle-2-pf\/'><img loading=\"lazy\" decoding=\"async\" width=\"300\" height=\"195\" src=\"https:\/\/test.banneux-nd.be\/wp-content\/uploads\/2018\/08\/Pelerinage-inauguration-de-la-chapelle-2-PF-300x195.jpg\" class=\"attachment-medium size-medium\" alt=\"\" srcset=\"https:\/\/test.banneux-nd.be\/wp-content\/uploads\/2018\/08\/Pelerinage-inauguration-de-la-chapelle-2-PF-300x195.jpg 300w, https:\/\/test.banneux-nd.be\/wp-content\/uploads\/2018\/08\/Pelerinage-inauguration-de-la-chapelle-2-PF-768x498.jpg 768w, https:\/\/test.banneux-nd.be\/wp-content\/uploads\/2018\/08\/Pelerinage-inauguration-de-la-chapelle-2-PF-1024x664.jpg 1024w, https:\/\/test.banneux-nd.be\/wp-content\/uploads\/2018\/08\/Pelerinage-inauguration-de-la-chapelle-2-PF.jpg 1200w\" sizes=\"(max-width: 300px) 100vw, 300px\" \/><\/a>\n\t\t\t<\/div><\/figure><figure class='gallery-item'>\n\t\t\t<div class='gallery-icon landscape'>\n\t\t\t\t<a href='https:\/\/test.banneux-nd.be\/fr\/pelerinage-inauguration-de-la-chapelle-pf\/'><img loading=\"lazy\" decoding=\"async\" width=\"300\" height=\"196\" src=\"https:\/\/test.banneux-nd.be\/wp-content\/uploads\/2018\/08\/Pelerinage-inauguration-de-la-chapelle-PF-300x196.jpg\" class=\"attachment-medium size-medium\" alt=\"\" srcset=\"https:\/\/test.banneux-nd.be\/wp-content\/uploads\/2018\/08\/Pelerinage-inauguration-de-la-chapelle-PF-300x196.jpg 300w, https:\/\/test.banneux-nd.be\/wp-content\/uploads\/2018\/08\/Pelerinage-inauguration-de-la-chapelle-PF-768x502.jpg 768w, https:\/\/test.banneux-nd.be\/wp-content\/uploads\/2018\/08\/Pelerinage-inauguration-de-la-chapelle-PF-1024x669.jpg 1024w, https:\/\/test.banneux-nd.be\/wp-content\/uploads\/2018\/08\/Pelerinage-inauguration-de-la-chapelle-PF.jpg 1200w\" sizes=\"(max-width: 300px) 100vw, 300px\" \/><\/a>\n\t\t\t<\/div><\/figure><figure class='gallery-item'>\n\t\t\t<div class='gallery-icon landscape'>\n\t\t\t\t<a href='https:\/\/test.banneux-nd.be\/fr\/pose-de-la-1ere-pierre-ceremonie\/'><img loading=\"lazy\" decoding=\"async\" width=\"300\" height=\"205\" src=\"https:\/\/test.banneux-nd.be\/wp-content\/uploads\/2018\/08\/Pose-de-la-1ere-pierre-c\u00e9r\u00e9monie-300x205.jpg\" class=\"attachment-medium size-medium\" alt=\"\" srcset=\"https:\/\/test.banneux-nd.be\/wp-content\/uploads\/2018\/08\/Pose-de-la-1ere-pierre-c\u00e9r\u00e9monie-300x205.jpg 300w, https:\/\/test.banneux-nd.be\/wp-content\/uploads\/2018\/08\/Pose-de-la-1ere-pierre-c\u00e9r\u00e9monie-768x524.jpg 768w, https:\/\/test.banneux-nd.be\/wp-content\/uploads\/2018\/08\/Pose-de-la-1ere-pierre-c\u00e9r\u00e9monie-1024x699.jpg 1024w, https:\/\/test.banneux-nd.be\/wp-content\/uploads\/2018\/08\/Pose-de-la-1ere-pierre-c\u00e9r\u00e9monie.jpg 1272w\" sizes=\"(max-width: 300px) 100vw, 300px\" \/><\/a>\n\t\t\t<\/div><\/figure><figure class='gallery-item'>\n\t\t\t<div class='gallery-icon landscape'>\n\t\t\t\t<a href='https:\/\/test.banneux-nd.be\/fr\/construction-de-la-chapelle\/'><img loading=\"lazy\" decoding=\"async\" width=\"300\" height=\"217\" src=\"https:\/\/test.banneux-nd.be\/wp-content\/uploads\/2018\/08\/Construction-de-la-chapelle-300x217.jpg\" class=\"attachment-medium size-medium\" alt=\"\" srcset=\"https:\/\/test.banneux-nd.be\/wp-content\/uploads\/2018\/08\/Construction-de-la-chapelle-300x217.jpg 300w, https:\/\/test.banneux-nd.be\/wp-content\/uploads\/2018\/08\/Construction-de-la-chapelle-768x555.jpg 768w, https:\/\/test.banneux-nd.be\/wp-content\/uploads\/2018\/08\/Construction-de-la-chapelle-1024x740.jpg 1024w, https:\/\/test.banneux-nd.be\/wp-content\/uploads\/2018\/08\/Construction-de-la-chapelle.jpg 1358w\" sizes=\"(max-width: 300px) 100vw, 300px\" \/><\/a>\n\t\t\t<\/div><\/figure><figure class='gallery-item'>\n\t\t\t<div class='gallery-icon landscape'>\n\t\t\t\t<a href='https:\/\/test.banneux-nd.be\/fr\/pelerins-sur-le-site-de-lapparition\/'><img loading=\"lazy\" decoding=\"async\" width=\"300\" height=\"194\" src=\"https:\/\/test.banneux-nd.be\/wp-content\/uploads\/2018\/08\/Pelerins-sur-le-site-de-lapparition-300x194.jpg\" class=\"attachment-medium size-medium\" alt=\"\" srcset=\"https:\/\/test.banneux-nd.be\/wp-content\/uploads\/2018\/08\/Pelerins-sur-le-site-de-lapparition-300x194.jpg 300w, https:\/\/test.banneux-nd.be\/wp-content\/uploads\/2018\/08\/Pelerins-sur-le-site-de-lapparition-768x498.jpg 768w, https:\/\/test.banneux-nd.be\/wp-content\/uploads\/2018\/08\/Pelerins-sur-le-site-de-lapparition-1024x664.jpg 1024w, https:\/\/test.banneux-nd.be\/wp-content\/uploads\/2018\/08\/Pelerins-sur-le-site-de-lapparition.jpg 1537w\" sizes=\"(max-width: 300px) 100vw, 300px\" \/><\/a>\n\t\t\t<\/div><\/figure>\n\t\t<\/div>\n\n","protected":false},"excerpt":{"rendered":"<p>Construction de la Chapelle des Apparitions et premi\u00e8re messe solennelle<\/p>\n","protected":false},"author":4,"featured_media":0,"parent":0,"menu_order":0,"comment_status":"closed","ping_status":"closed","template":"","meta":{"advgb_blocks_editor_width":"","advgb_blocks_columns_visual_guide":"","footnotes":""},"class_list":["post-10589","page","type-page","status-publish","hentry"],"yoast_head":"<!-- This site is optimized with the Yoast SEO plugin v25.6 - https:\/\/yoast.com\/wordpress\/plugins\/seo\/ -->\n<title>Construction et premi\u00e8re messe - Banneux Notre-Dame<\/title>\n<meta name=\"robots\" content=\"index, follow, max-snippet:-1, max-image-preview:large, max-video-preview:-1\" \/>\n<link rel=\"canonical\" href=\"https:\/\/test.banneux-nd.be\/fr\/construction-premiere-messe\/\" \/>\n<meta property=\"og:locale\" content=\"fr_FR\" \/>\n<meta property=\"og:type\" content=\"article\" \/>\n<meta property=\"og:title\" content=\"Construction et premi\u00e8re messe - Banneux Notre-Dame\" \/>\n<meta property=\"og:description\" content=\"Construction de la Chapelle des Apparitions et premi\u00e8re messe solennelle\" \/>\n<meta property=\"og:url\" content=\"https:\/\/test.banneux-nd.be\/fr\/construction-premiere-messe\/\" \/>\n<meta property=\"og:site_name\" content=\"Banneux Notre-Dame\" \/>\n<meta property=\"article:publisher\" content=\"https:\/\/www.facebook.com\/NDBanneux\/\" \/>\n<meta property=\"og:image\" content=\"https:\/\/test.banneux-nd.be\/wp-content\/uploads\/2018\/08\/Pelerins-sur-le-site-de-lapparition-300x194.jpg\" \/>\n<meta name=\"twitter:card\" content=\"summary_large_image\" \/>\n<script type=\"application\/ld+json\" class=\"yoast-schema-graph\">{\"@context\":\"https:\/\/schema.org\",\"@graph\":[{\"@type\":\"WebPage\",\"@id\":\"https:\/\/test.banneux-nd.be\/fr\/construction-premiere-messe\/\",\"url\":\"https:\/\/test.banneux-nd.be\/fr\/construction-premiere-messe\/\",\"name\":\"Construction et premi\u00e8re messe - Banneux Notre-Dame\",\"isPartOf\":{\"@id\":\"https:\/\/test.banneux-nd.be\/fr\/#website\"},\"datePublished\":\"2018-08-30T17:38:44+00:00\",\"breadcrumb\":{\"@id\":\"https:\/\/test.banneux-nd.be\/fr\/construction-premiere-messe\/#breadcrumb\"},\"inLanguage\":\"fr-FR\",\"potentialAction\":[{\"@type\":\"ReadAction\",\"target\":[\"https:\/\/test.banneux-nd.be\/fr\/construction-premiere-messe\/\"]}]},{\"@type\":\"BreadcrumbList\",\"@id\":\"https:\/\/test.banneux-nd.be\/fr\/construction-premiere-messe\/#breadcrumb\",\"itemListElement\":[{\"@type\":\"ListItem\",\"position\":1,\"name\":\"Accueil\",\"item\":\"https:\/\/test.banneux-nd.be\/fr\/\"},{\"@type\":\"ListItem\",\"position\":2,\"name\":\"Construction et premi\u00e8re messe\"}]},{\"@type\":\"WebSite\",\"@id\":\"https:\/\/test.banneux-nd.be\/fr\/#website\",\"url\":\"https:\/\/test.banneux-nd.be\/fr\/\",\"name\":\"Banneux Notre-Dame\",\"description\":\"Sanctuaire de la Vierge des Pauvres (Belgique)\",\"potentialAction\":[{\"@type\":\"SearchAction\",\"target\":{\"@type\":\"EntryPoint\",\"urlTemplate\":\"https:\/\/test.banneux-nd.be\/fr\/?s={search_term_string}\"},\"query-input\":{\"@type\":\"PropertyValueSpecification\",\"valueRequired\":true,\"valueName\":\"search_term_string\"}}],\"inLanguage\":\"fr-FR\"}]}<\/script>\n<!-- \/ Yoast SEO plugin. -->","yoast_head_json":{"title":"Construction et premi\u00e8re messe - Banneux Notre-Dame","robots":{"index":"index","follow":"follow","max-snippet":"max-snippet:-1","max-image-preview":"max-image-preview:large","max-video-preview":"max-video-preview:-1"},"canonical":"https:\/\/test.banneux-nd.be\/fr\/construction-premiere-messe\/","og_locale":"fr_FR","og_type":"article","og_title":"Construction et premi\u00e8re messe - Banneux Notre-Dame","og_description":"Construction de la Chapelle des Apparitions et premi\u00e8re messe solennelle","og_url":"https:\/\/test.banneux-nd.be\/fr\/construction-premiere-messe\/","og_site_name":"Banneux Notre-Dame","article_publisher":"https:\/\/www.facebook.com\/NDBanneux\/","og_image":[{"url":"https:\/\/test.banneux-nd.be\/wp-content\/uploads\/2018\/08\/Pelerins-sur-le-site-de-lapparition-300x194.jpg","type":"","width":"","height":""}],"twitter_card":"summary_large_image","schema":{"@context":"https:\/\/schema.org","@graph":[{"@type":"WebPage","@id":"https:\/\/test.banneux-nd.be\/fr\/construction-premiere-messe\/","url":"https:\/\/test.banneux-nd.be\/fr\/construction-premiere-messe\/","name":"Construction et premi\u00e8re messe - Banneux Notre-Dame","isPartOf":{"@id":"https:\/\/test.banneux-nd.be\/fr\/#website"},"datePublished":"2018-08-30T17:38:44+00:00","breadcrumb":{"@id":"https:\/\/test.banneux-nd.be\/fr\/construction-premiere-messe\/#breadcrumb"},"inLanguage":"fr-FR","potentialAction":[{"@type":"ReadAction","target":["https:\/\/test.banneux-nd.be\/fr\/construction-premiere-messe\/"]}]},{"@type":"BreadcrumbList","@id":"https:\/\/test.banneux-nd.be\/fr\/construction-premiere-messe\/#breadcrumb","itemListElement":[{"@type":"ListItem","position":1,"name":"Accueil","item":"https:\/\/test.banneux-nd.be\/fr\/"},{"@type":"ListItem","position":2,"name":"Construction et premi\u00e8re messe"}]},{"@type":"WebSite","@id":"https:\/\/test.banneux-nd.be\/fr\/#website","url":"https:\/\/test.banneux-nd.be\/fr\/","name":"Banneux Notre-Dame","description":"Sanctuaire de la Vierge des Pauvres (Belgique)","potentialAction":[{"@type":"SearchAction","target":{"@type":"EntryPoint","urlTemplate":"https:\/\/test.banneux-nd.be\/fr\/?s={search_term_string}"},"query-input":{"@type":"PropertyValueSpecification","valueRequired":true,"valueName":"search_term_string"}}],"inLanguage":"fr-FR"}]}},"coauthors":[],"author_meta":{"author_link":"https:\/\/test.banneux-nd.be\/fr\/author\/dreusdeille\/","display_name":"Anne-Elisabeth N\u00e8ve"},"relative_dates":{"created":"Publi\u00e9 8 ans il y a","modified":"Mis \u00e0 jour 8 ans il y a"},"absolute_dates":{"created":"Publi\u00e9 le 30 ao\u00fbt 2018","modified":"Mise \u00e0 jour le 30 ao\u00fbt 2018"},"absolute_dates_time":{"created":"Publi\u00e9 le 30 ao\u00fbt 2018 19 h 38 min","modified":"Mise \u00e0 jour le 30 ao\u00fbt 2018 19 h 38 min"},"featured_img_caption":"","featured_img":false,"series_order":"","_links":{"self":[{"href":"https:\/\/test.banneux-nd.be\/fr\/wp-json\/wp\/v2\/pages\/10589"}],"collection":[{"href":"https:\/\/test.banneux-nd.be\/fr\/wp-json\/wp\/v2\/pages"}],"about":[{"href":"https:\/\/test.banneux-nd.be\/fr\/wp-json\/wp\/v2\/types\/page"}],"author":[{"embeddable":true,"href":"https:\/\/test.banneux-nd.be\/fr\/wp-json\/wp\/v2\/users\/4"}],"replies":[{"embeddable":true,"href":"https:\/\/test.banneux-nd.be\/fr\/wp-json\/wp\/v2\/comments?post=10589"}],"version-history":[{"count":2,"href":"https:\/\/test.banneux-nd.be\/fr\/wp-json\/wp\/v2\/pages\/10589\/revisions"}],"predecessor-version":[{"id":10723,"href":"https:\/\/test.banneux-nd.be\/fr\/wp-json\/wp\/v2\/pages\/10589\/revisions\/10723"}],"wp:attachment":[{"href":"https:\/\/test.banneux-nd.be\/fr\/wp-json\/wp\/v2\/media?parent=10589"}],"curies":[{"name":"wp","href":"https:\/\/api.w.org\/{rel}","templated":true}]}}