{"id":1471,"date":"2017-12-22T23:53:28","date_gmt":"2017-12-22T22:53:28","guid":{"rendered":"http:\/\/frphil.hebergratuit.net\/?page_id=1471"},"modified":"2018-06-12T01:52:48","modified_gmt":"2018-06-11T23:52:48","slug":"root-redirect","status":"publish","type":"page","link":"https:\/\/test.banneux-nd.be\/","title":{"rendered":"Root Redirect"},"content":{"rendered":"","protected":false},"excerpt":{"rendered":"","protected":false},"author":2,"featured_media":0,"parent":0,"menu_order":0,"comment_status":"closed","ping_status":"closed","template":"page-root-redirect.php","meta":{"advgb_blocks_editor_width":"","advgb_blocks_columns_visual_guide":"","footnotes":""},"class_list":["post-1471","page","type-page","status-publish","hentry"],"yoast_head":"<!-- This site is optimized with the Yoast SEO plugin v25.6 - https:\/\/yoast.com\/wordpress\/plugins\/seo\/ -->\n<title>Root Redirect - Banneux Notre-Dame<\/title>\n<meta name=\"robots\" content=\"index, follow, max-snippet:-1, max-image-preview:large, max-video-preview:-1\" \/>\n<link rel=\"canonical\" href=\"https:\/\/test.banneux-nd.be\/fr\/\" \/>\n<meta property=\"og:locale\" content=\"fr_FR\" \/>\n<meta property=\"og:type\" content=\"article\" \/>\n<meta property=\"og:title\" content=\"Root Redirect - Banneux Notre-Dame\" \/>\n<meta property=\"og:url\" content=\"https:\/\/test.banneux-nd.be\/\" \/>\n<meta property=\"og:site_name\" content=\"Banneux Notre-Dame\" \/>\n<meta property=\"article:publisher\" content=\"https:\/\/www.facebook.com\/NDBanneux\/\" \/>\n<meta property=\"article:modified_time\" content=\"2018-06-11T23:52:48+00:00\" \/>\n<meta name=\"twitter:card\" content=\"summary_large_image\" \/>\n<script type=\"application\/ld+json\" class=\"yoast-schema-graph\">{\"@context\":\"https:\/\/schema.org\",\"@graph\":[{\"@type\":\"WebPage\",\"@id\":\"https:\/\/test.banneux-nd.be\/\",\"url\":\"https:\/\/test.banneux-nd.be\/\",\"name\":\"Root Redirect - Banneux Notre-Dame\",\"isPartOf\":{\"@id\":\"https:\/\/test.banneux-nd.be\/fr\/#website\"},\"datePublished\":\"2017-12-22T22:53:28+00:00\",\"dateModified\":\"2018-06-11T23:52:48+00:00\",\"breadcrumb\":{\"@id\":\"https:\/\/test.banneux-nd.be\/#breadcrumb\"},\"inLanguage\":\"fr-FR\",\"potentialAction\":[{\"@type\":\"ReadAction\",\"target\":[\"https:\/\/test.banneux-nd.be\/\"]}]},{\"@type\":\"BreadcrumbList\",\"@id\":\"https:\/\/test.banneux-nd.be\/#breadcrumb\",\"itemListElement\":[{\"@type\":\"ListItem\",\"position\":1,\"name\":\"Accueil\",\"item\":\"https:\/\/test.banneux-nd.be\/fr\/\"},{\"@type\":\"ListItem\",\"position\":2,\"name\":\"Root Redirect\"}]},{\"@type\":\"WebSite\",\"@id\":\"https:\/\/test.banneux-nd.be\/fr\/#website\",\"url\":\"https:\/\/test.banneux-nd.be\/fr\/\",\"name\":\"Banneux Notre-Dame\",\"description\":\"Sanctuaire de la Vierge des Pauvres (Belgique)\",\"potentialAction\":[{\"@type\":\"SearchAction\",\"target\":{\"@type\":\"EntryPoint\",\"urlTemplate\":\"https:\/\/test.banneux-nd.be\/fr\/?s={search_term_string}\"},\"query-input\":{\"@type\":\"PropertyValueSpecification\",\"valueRequired\":true,\"valueName\":\"search_term_string\"}}],\"inLanguage\":\"fr-FR\"}]}<\/script>\n<!-- \/ Yoast SEO plugin. -->","yoast_head_json":{"title":"Root Redirect - Banneux Notre-Dame","robots":{"index":"index","follow":"follow","max-snippet":"max-snippet:-1","max-image-preview":"max-image-preview:large","max-video-preview":"max-video-preview:-1"},"canonical":"https:\/\/test.banneux-nd.be\/fr\/","og_locale":"fr_FR","og_type":"article","og_title":"Root Redirect - Banneux Notre-Dame","og_url":"https:\/\/test.banneux-nd.be\/","og_site_name":"Banneux Notre-Dame","article_publisher":"https:\/\/www.facebook.com\/NDBanneux\/","article_modified_time":"2018-06-11T23:52:48+00:00","twitter_card":"summary_large_image","schema":{"@context":"https:\/\/schema.org","@graph":[{"@type":"WebPage","@id":"https:\/\/test.banneux-nd.be\/","url":"https:\/\/test.banneux-nd.be\/","name":"Root Redirect - Banneux Notre-Dame","isPartOf":{"@id":"https:\/\/test.banneux-nd.be\/fr\/#website"},"datePublished":"2017-12-22T22:53:28+00:00","dateModified":"2018-06-11T23:52:48+00:00","breadcrumb":{"@id":"https:\/\/test.banneux-nd.be\/#breadcrumb"},"inLanguage":"fr-FR","potentialAction":[{"@type":"ReadAction","target":["https:\/\/test.banneux-nd.be\/"]}]},{"@type":"BreadcrumbList","@id":"https:\/\/test.banneux-nd.be\/#breadcrumb","itemListElement":[{"@type":"ListItem","position":1,"name":"Accueil","item":"https:\/\/test.banneux-nd.be\/fr\/"},{"@type":"ListItem","position":2,"name":"Root Redirect"}]},{"@type":"WebSite","@id":"https:\/\/test.banneux-nd.be\/fr\/#website","url":"https:\/\/test.banneux-nd.be\/fr\/","name":"Banneux Notre-Dame","description":"Sanctuaire de la Vierge des Pauvres (Belgique)","potentialAction":[{"@type":"SearchAction","target":{"@type":"EntryPoint","urlTemplate":"https:\/\/test.banneux-nd.be\/fr\/?s={search_term_string}"},"query-input":{"@type":"PropertyValueSpecification","valueRequired":true,"valueName":"search_term_string"}}],"inLanguage":"fr-FR"}]}},"coauthors":[],"author_meta":{"author_link":"https:\/\/test.banneux-nd.be\/fr\/author\/adminfr\/","display_name":"adminFR"},"relative_dates":{"created":"Publi\u00e9 8 ans il y a","modified":"Mis \u00e0 jour 8 ans il y a"},"absolute_dates":{"created":"Publi\u00e9 le 22 d\u00e9cembre 2017","modified":"Mise \u00e0 jour le 12 juin 2018"},"absolute_dates_time":{"created":"Publi\u00e9 le 22 d\u00e9cembre 2017 23 h 53 min","modified":"Mise \u00e0 jour le 12 juin 2018 1 h 52 min"},"featured_img_caption":"","featured_img":false,"series_order":"","_links":{"self":[{"href":"https:\/\/test.banneux-nd.be\/fr\/wp-json\/wp\/v2\/pages\/1471"}],"collection":[{"href":"https:\/\/test.banneux-nd.be\/fr\/wp-json\/wp\/v2\/pages"}],"about":[{"href":"https:\/\/test.banneux-nd.be\/fr\/wp-json\/wp\/v2\/types\/page"}],"author":[{"embeddable":true,"href":"https:\/\/test.banneux-nd.be\/fr\/wp-json\/wp\/v2\/users\/2"}],"replies":[{"embeddable":true,"href":"https:\/\/test.banneux-nd.be\/fr\/wp-json\/wp\/v2\/comments?post=1471"}],"version-history":[{"count":2,"href":"https:\/\/test.banneux-nd.be\/fr\/wp-json\/wp\/v2\/pages\/1471\/revisions"}],"predecessor-version":[{"id":11850,"href":"https:\/\/test.banneux-nd.be\/fr\/wp-json\/wp\/v2\/pages\/1471\/revisions\/11850"}],"wp:attachment":[{"href":"https:\/\/test.banneux-nd.be\/fr\/wp-json\/wp\/v2\/media?parent=1471"}],"curies":[{"name":"wp","href":"https:\/\/api.w.org\/{rel}","templated":true}]}}