{"id":5292,"date":"2018-03-05T22:08:23","date_gmt":"2018-03-05T21:08:23","guid":{"rendered":"http:\/\/wwwwp2.banneux-nd.be\/?page_id=5292"},"modified":"2021-06-14T15:32:05","modified_gmt":"2021-06-14T13:32:05","slug":"inscription","status":"publish","type":"page","link":"https:\/\/test.banneux-nd.be\/fr\/inscription\/","title":{"rendered":"Formulaire Inscription p\u00e8lerinage"},"content":{"rendered":"<p><img decoding=\"async\" src=\"https:\/\/test.banneux-nd.be\/wp-content\/uploads\/elementor\/thumbs\/NOUVEAU_Banneux_RGB_Links_tekst-p5gfgrmwv7zyqejtxtesuykrgd78c1vvxuxjbngj54.jpg\" title=\"NOUVEAU_Banneux_RGB_Links_tekst.jpg\" alt=\"NOUVEAU_Banneux_RGB_Links_tekst.jpg\" \/>\t\t\t\t\t\t\t\t\t\t\t<\/p>\n<h3 style=\"text-align: center;\"><strong>Inscription de notre p\u00e8lerinage<\/strong><\/h3>\n<p>Merci de remplir lisiblement et compl\u00e8tement,<br \/>pour que nous puissions bien vous accueillir.\u00a0*=zone obligatoire<\/p>\n","protected":false},"excerpt":{"rendered":"<p>Inscription de notre p\u00e8lerinage Merci de remplir lisiblement et compl\u00e8tement,pour que nous puissions bien vous accueillir.\u00a0*=zone obligatoire<\/p>\n","protected":false},"author":2,"featured_media":0,"parent":0,"menu_order":0,"comment_status":"closed","ping_status":"closed","template":"","meta":{"advgb_blocks_editor_width":"","advgb_blocks_columns_visual_guide":"","footnotes":""},"class_list":["post-5292","page","type-page","status-publish","hentry"],"yoast_head":"<!-- This site is optimized with the Yoast SEO plugin v25.6 - https:\/\/yoast.com\/wordpress\/plugins\/seo\/ -->\n<title>Formulaire Inscription p\u00e8lerinage - Banneux Notre-Dame<\/title>\n<meta name=\"robots\" content=\"index, follow, max-snippet:-1, max-image-preview:large, max-video-preview:-1\" \/>\n<link rel=\"canonical\" href=\"https:\/\/test.banneux-nd.be\/fr\/inscription\/\" \/>\n<meta property=\"og:locale\" content=\"fr_FR\" \/>\n<meta property=\"og:type\" content=\"article\" \/>\n<meta property=\"og:title\" content=\"Formulaire Inscription p\u00e8lerinage - Banneux Notre-Dame\" \/>\n<meta property=\"og:description\" content=\"Inscription de notre p\u00e8lerinage Merci de remplir lisiblement et compl\u00e8tement,pour que nous puissions bien vous accueillir.\u00a0*=zone obligatoire\" \/>\n<meta property=\"og:url\" content=\"https:\/\/test.banneux-nd.be\/fr\/inscription\/\" \/>\n<meta property=\"og:site_name\" content=\"Banneux Notre-Dame\" \/>\n<meta property=\"article:publisher\" content=\"https:\/\/www.facebook.com\/NDBanneux\/\" \/>\n<meta property=\"article:modified_time\" content=\"2021-06-14T13:32:05+00:00\" \/>\n<meta property=\"og:image\" content=\"https:\/\/test.banneux-nd.be\/wp-content\/uploads\/elementor\/thumbs\/NOUVEAU_Banneux_RGB_Links_tekst-p5gfgrmwv7zyqejtxtesuykrgd78c1vvxuxjbngj54.jpg\" \/>\n<meta name=\"twitter:card\" content=\"summary_large_image\" \/>\n<meta name=\"twitter:label1\" content=\"Dur\u00e9e de lecture estim\u00e9e\" \/>\n\t<meta name=\"twitter:data1\" content=\"2 minutes\" \/>\n<script type=\"application\/ld+json\" class=\"yoast-schema-graph\">{\"@context\":\"https:\/\/schema.org\",\"@graph\":[{\"@type\":\"WebPage\",\"@id\":\"https:\/\/test.banneux-nd.be\/fr\/inscription\/\",\"url\":\"https:\/\/test.banneux-nd.be\/fr\/inscription\/\",\"name\":\"Formulaire Inscription p\u00e8lerinage - Banneux Notre-Dame\",\"isPartOf\":{\"@id\":\"https:\/\/test.banneux-nd.be\/fr\/#website\"},\"primaryImageOfPage\":{\"@id\":\"https:\/\/test.banneux-nd.be\/fr\/inscription\/#primaryimage\"},\"image\":{\"@id\":\"https:\/\/test.banneux-nd.be\/fr\/inscription\/#primaryimage\"},\"thumbnailUrl\":\"https:\/\/test.banneux-nd.be\/wp-content\/uploads\/elementor\/thumbs\/NOUVEAU_Banneux_RGB_Links_tekst-p5gfgrmwv7zyqejtxtesuykrgd78c1vvxuxjbngj54.jpg\",\"datePublished\":\"2018-03-05T21:08:23+00:00\",\"dateModified\":\"2021-06-14T13:32:05+00:00\",\"breadcrumb\":{\"@id\":\"https:\/\/test.banneux-nd.be\/fr\/inscription\/#breadcrumb\"},\"inLanguage\":\"fr-FR\",\"potentialAction\":[{\"@type\":\"ReadAction\",\"target\":[\"https:\/\/test.banneux-nd.be\/fr\/inscription\/\"]}]},{\"@type\":\"ImageObject\",\"inLanguage\":\"fr-FR\",\"@id\":\"https:\/\/test.banneux-nd.be\/fr\/inscription\/#primaryimage\",\"url\":\"https:\/\/test.banneux-nd.be\/wp-content\/uploads\/elementor\/thumbs\/NOUVEAU_Banneux_RGB_Links_tekst-p5gfgrmwv7zyqejtxtesuykrgd78c1vvxuxjbngj54.jpg\",\"contentUrl\":\"https:\/\/test.banneux-nd.be\/wp-content\/uploads\/elementor\/thumbs\/NOUVEAU_Banneux_RGB_Links_tekst-p5gfgrmwv7zyqejtxtesuykrgd78c1vvxuxjbngj54.jpg\"},{\"@type\":\"BreadcrumbList\",\"@id\":\"https:\/\/test.banneux-nd.be\/fr\/inscription\/#breadcrumb\",\"itemListElement\":[{\"@type\":\"ListItem\",\"position\":1,\"name\":\"Accueil\",\"item\":\"https:\/\/test.banneux-nd.be\/fr\/\"},{\"@type\":\"ListItem\",\"position\":2,\"name\":\"Formulaire Inscription p\u00e8lerinage\"}]},{\"@type\":\"WebSite\",\"@id\":\"https:\/\/test.banneux-nd.be\/fr\/#website\",\"url\":\"https:\/\/test.banneux-nd.be\/fr\/\",\"name\":\"Banneux Notre-Dame\",\"description\":\"Sanctuaire de la Vierge des Pauvres (Belgique)\",\"potentialAction\":[{\"@type\":\"SearchAction\",\"target\":{\"@type\":\"EntryPoint\",\"urlTemplate\":\"https:\/\/test.banneux-nd.be\/fr\/?s={search_term_string}\"},\"query-input\":{\"@type\":\"PropertyValueSpecification\",\"valueRequired\":true,\"valueName\":\"search_term_string\"}}],\"inLanguage\":\"fr-FR\"}]}<\/script>\n<!-- \/ Yoast SEO plugin. -->","yoast_head_json":{"title":"Formulaire Inscription p\u00e8lerinage - Banneux Notre-Dame","robots":{"index":"index","follow":"follow","max-snippet":"max-snippet:-1","max-image-preview":"max-image-preview:large","max-video-preview":"max-video-preview:-1"},"canonical":"https:\/\/test.banneux-nd.be\/fr\/inscription\/","og_locale":"fr_FR","og_type":"article","og_title":"Formulaire Inscription p\u00e8lerinage - Banneux Notre-Dame","og_description":"Inscription de notre p\u00e8lerinage Merci de remplir lisiblement et compl\u00e8tement,pour que nous puissions bien vous accueillir.\u00a0*=zone obligatoire","og_url":"https:\/\/test.banneux-nd.be\/fr\/inscription\/","og_site_name":"Banneux Notre-Dame","article_publisher":"https:\/\/www.facebook.com\/NDBanneux\/","article_modified_time":"2021-06-14T13:32:05+00:00","og_image":[{"url":"https:\/\/test.banneux-nd.be\/wp-content\/uploads\/elementor\/thumbs\/NOUVEAU_Banneux_RGB_Links_tekst-p5gfgrmwv7zyqejtxtesuykrgd78c1vvxuxjbngj54.jpg","type":"","width":"","height":""}],"twitter_card":"summary_large_image","twitter_misc":{"Dur\u00e9e de lecture estim\u00e9e":"2 minutes"},"schema":{"@context":"https:\/\/schema.org","@graph":[{"@type":"WebPage","@id":"https:\/\/test.banneux-nd.be\/fr\/inscription\/","url":"https:\/\/test.banneux-nd.be\/fr\/inscription\/","name":"Formulaire Inscription p\u00e8lerinage - Banneux Notre-Dame","isPartOf":{"@id":"https:\/\/test.banneux-nd.be\/fr\/#website"},"primaryImageOfPage":{"@id":"https:\/\/test.banneux-nd.be\/fr\/inscription\/#primaryimage"},"image":{"@id":"https:\/\/test.banneux-nd.be\/fr\/inscription\/#primaryimage"},"thumbnailUrl":"https:\/\/test.banneux-nd.be\/wp-content\/uploads\/elementor\/thumbs\/NOUVEAU_Banneux_RGB_Links_tekst-p5gfgrmwv7zyqejtxtesuykrgd78c1vvxuxjbngj54.jpg","datePublished":"2018-03-05T21:08:23+00:00","dateModified":"2021-06-14T13:32:05+00:00","breadcrumb":{"@id":"https:\/\/test.banneux-nd.be\/fr\/inscription\/#breadcrumb"},"inLanguage":"fr-FR","potentialAction":[{"@type":"ReadAction","target":["https:\/\/test.banneux-nd.be\/fr\/inscription\/"]}]},{"@type":"ImageObject","inLanguage":"fr-FR","@id":"https:\/\/test.banneux-nd.be\/fr\/inscription\/#primaryimage","url":"https:\/\/test.banneux-nd.be\/wp-content\/uploads\/elementor\/thumbs\/NOUVEAU_Banneux_RGB_Links_tekst-p5gfgrmwv7zyqejtxtesuykrgd78c1vvxuxjbngj54.jpg","contentUrl":"https:\/\/test.banneux-nd.be\/wp-content\/uploads\/elementor\/thumbs\/NOUVEAU_Banneux_RGB_Links_tekst-p5gfgrmwv7zyqejtxtesuykrgd78c1vvxuxjbngj54.jpg"},{"@type":"BreadcrumbList","@id":"https:\/\/test.banneux-nd.be\/fr\/inscription\/#breadcrumb","itemListElement":[{"@type":"ListItem","position":1,"name":"Accueil","item":"https:\/\/test.banneux-nd.be\/fr\/"},{"@type":"ListItem","position":2,"name":"Formulaire Inscription p\u00e8lerinage"}]},{"@type":"WebSite","@id":"https:\/\/test.banneux-nd.be\/fr\/#website","url":"https:\/\/test.banneux-nd.be\/fr\/","name":"Banneux Notre-Dame","description":"Sanctuaire de la Vierge des Pauvres (Belgique)","potentialAction":[{"@type":"SearchAction","target":{"@type":"EntryPoint","urlTemplate":"https:\/\/test.banneux-nd.be\/fr\/?s={search_term_string}"},"query-input":{"@type":"PropertyValueSpecification","valueRequired":true,"valueName":"search_term_string"}}],"inLanguage":"fr-FR"}]}},"coauthors":[],"author_meta":{"author_link":"https:\/\/test.banneux-nd.be\/fr\/author\/adminfr\/","display_name":"adminFR"},"relative_dates":{"created":"Publi\u00e9 8 ans il y a","modified":"Mis \u00e0 jour 5 ans il y a"},"absolute_dates":{"created":"Publi\u00e9 le 5 mars 2018","modified":"Mise \u00e0 jour le 14 juin 2021"},"absolute_dates_time":{"created":"Publi\u00e9 le 5 mars 2018 22 h 08 min","modified":"Mise \u00e0 jour le 14 juin 2021 15 h 32 min"},"featured_img_caption":"","featured_img":false,"series_order":"","_links":{"self":[{"href":"https:\/\/test.banneux-nd.be\/fr\/wp-json\/wp\/v2\/pages\/5292"}],"collection":[{"href":"https:\/\/test.banneux-nd.be\/fr\/wp-json\/wp\/v2\/pages"}],"about":[{"href":"https:\/\/test.banneux-nd.be\/fr\/wp-json\/wp\/v2\/types\/page"}],"author":[{"embeddable":true,"href":"https:\/\/test.banneux-nd.be\/fr\/wp-json\/wp\/v2\/users\/2"}],"replies":[{"embeddable":true,"href":"https:\/\/test.banneux-nd.be\/fr\/wp-json\/wp\/v2\/comments?post=5292"}],"version-history":[{"count":8,"href":"https:\/\/test.banneux-nd.be\/fr\/wp-json\/wp\/v2\/pages\/5292\/revisions"}],"predecessor-version":[{"id":15531,"href":"https:\/\/test.banneux-nd.be\/fr\/wp-json\/wp\/v2\/pages\/5292\/revisions\/15531"}],"wp:attachment":[{"href":"https:\/\/test.banneux-nd.be\/fr\/wp-json\/wp\/v2\/media?parent=5292"}],"curies":[{"name":"wp","href":"https:\/\/api.w.org\/{rel}","templated":true}]}}