{"id":8993,"date":"2018-07-19T12:13:33","date_gmt":"2018-07-19T10:13:33","guid":{"rendered":"http:\/\/www.banneux-nd.be\/?page_id=8993"},"modified":"2018-09-12T17:30:37","modified_gmt":"2018-09-12T15:30:37","slug":"archives","status":"publish","type":"page","link":"https:\/\/test.banneux-nd.be\/fr\/archives\/","title":{"rendered":"Archives"},"content":{"rendered":"<h3>Dans cette section du site, vous trouverez&#8230;<\/h3>\n<ul>\n<li><a href=\"https:\/\/test.banneux-nd.be\/fr\/photos-1933\/\" target=\"_blank\" rel=\"noopener\">des photos de l&rsquo;\u00e9poque des apparitions (1933)<\/a><\/li>\n<li><a href=\"https:\/\/test.banneux-nd.be\/fr\/de-1933-a-aujourdhui\/\" target=\"_blank\" rel=\"noopener\">des photos et documents <em>depuis<\/em> cette \u00e9poque<\/a><\/li>\n<li><a href=\"https:\/\/test.banneux-nd.be\/fr\/chemins-de-priere\/\" target=\"_blank\" rel=\"noopener\">le texte d&rsquo;anciens Chemins de pri\u00e8re<\/a><\/li>\n<li><a href=\"https:\/\/test.banneux-nd.be\/fr\/homelies\/\" target=\"_blank\" rel=\"noopener\">le texte d&rsquo;hom\u00e9lies prononc\u00e9es \u00e0 Banneux<\/a><\/li>\n<li><a href=\"https:\/\/test.banneux-nd.be\/fr\/annee-de-la-misericorde\/\" target=\"_blank\" rel=\"noopener\">des souvenirs de l&rsquo;Ann\u00e9e de la Mis\u00e9ricorde (2015-2016)<\/a><\/li>\n<\/ul>\n<div id='gallery-1' class='gallery galleryid-8993 gallery-columns-3 gallery-size-medium'><figure class='gallery-item'>\n\t\t\t<div class='gallery-icon landscape'>\n\t\t\t\t<a href='https:\/\/test.banneux-nd.be\/fr\/cloture-de-la-porte-sainte\/sony-dsc-31\/'><img loading=\"lazy\" decoding=\"async\" width=\"300\" height=\"201\" src=\"https:\/\/test.banneux-nd.be\/wp-content\/uploads\/2018\/08\/2016-11-11-Fin-Ann\u00e9e-Sainte-Photos-de-Banneux-167-300x201.jpg\" class=\"attachment-medium size-medium\" alt=\"\" srcset=\"https:\/\/test.banneux-nd.be\/wp-content\/uploads\/2018\/08\/2016-11-11-Fin-Ann\u00e9e-Sainte-Photos-de-Banneux-167-300x201.jpg 300w, https:\/\/test.banneux-nd.be\/wp-content\/uploads\/2018\/08\/2016-11-11-Fin-Ann\u00e9e-Sainte-Photos-de-Banneux-167-768x514.jpg 768w, https:\/\/test.banneux-nd.be\/wp-content\/uploads\/2018\/08\/2016-11-11-Fin-Ann\u00e9e-Sainte-Photos-de-Banneux-167-1024x686.jpg 1024w, https:\/\/test.banneux-nd.be\/wp-content\/uploads\/2018\/08\/2016-11-11-Fin-Ann\u00e9e-Sainte-Photos-de-Banneux-167.jpg 1195w\" sizes=\"(max-width: 300px) 100vw, 300px\" \/><\/a>\n\t\t\t<\/div><\/figure><figure class='gallery-item'>\n\t\t\t<div class='gallery-icon landscape'>\n\t\t\t\t<a href='https:\/\/test.banneux-nd.be\/fr\/theme-annee\/mariette-sur-le-chemin-vers-la-vierge-des-pauvres\/'><img loading=\"lazy\" decoding=\"async\" width=\"300\" height=\"228\" src=\"https:\/\/test.banneux-nd.be\/wp-content\/uploads\/2018\/06\/Mariette-sur-le-chemin-vers-la-Vierge-des-Pauvres-300x228.jpg\" class=\"attachment-medium size-medium\" alt=\"\" srcset=\"https:\/\/test.banneux-nd.be\/wp-content\/uploads\/2018\/06\/Mariette-sur-le-chemin-vers-la-Vierge-des-Pauvres-300x228.jpg 300w, https:\/\/test.banneux-nd.be\/wp-content\/uploads\/2018\/06\/Mariette-sur-le-chemin-vers-la-Vierge-des-Pauvres-768x583.jpg 768w, https:\/\/test.banneux-nd.be\/wp-content\/uploads\/2018\/06\/Mariette-sur-le-chemin-vers-la-Vierge-des-Pauvres-1024x777.jpg 1024w, https:\/\/test.banneux-nd.be\/wp-content\/uploads\/2018\/06\/Mariette-sur-le-chemin-vers-la-Vierge-des-Pauvres.jpg 1200w\" sizes=\"(max-width: 300px) 100vw, 300px\" \/><\/a>\n\t\t\t<\/div><\/figure><figure class='gallery-item'>\n\t\t\t<div class='gallery-icon landscape'>\n\t\t\t\t<a href='https:\/\/test.banneux-nd.be\/fr\/ouverture-de-la-porte-sainte-3\/2015-12-20-ouverture-porte-sainte-banneux-233\/'><img loading=\"lazy\" decoding=\"async\" width=\"300\" height=\"200\" src=\"https:\/\/test.banneux-nd.be\/wp-content\/uploads\/2018\/08\/2015-12-20-Ouverture-Porte-Sainte-Banneux-233-300x200.jpg\" class=\"attachment-medium size-medium\" alt=\"\" srcset=\"https:\/\/test.banneux-nd.be\/wp-content\/uploads\/2018\/08\/2015-12-20-Ouverture-Porte-Sainte-Banneux-233-300x200.jpg 300w, https:\/\/test.banneux-nd.be\/wp-content\/uploads\/2018\/08\/2015-12-20-Ouverture-Porte-Sainte-Banneux-233-768x512.jpg 768w, https:\/\/test.banneux-nd.be\/wp-content\/uploads\/2018\/08\/2015-12-20-Ouverture-Porte-Sainte-Banneux-233-1024x683.jpg 1024w, https:\/\/test.banneux-nd.be\/wp-content\/uploads\/2018\/08\/2015-12-20-Ouverture-Porte-Sainte-Banneux-233.jpg 1200w\" sizes=\"(max-width: 300px) 100vw, 300px\" \/><\/a>\n\t\t\t<\/div><\/figure><figure class='gallery-item'>\n\t\t\t<div class='gallery-icon landscape'>\n\t\t\t\t<a href='https:\/\/test.banneux-nd.be\/fr\/cloture-annee-sainte-1\/2016-11-06-fin-annee-sainte-banneux-12\/'><img loading=\"lazy\" decoding=\"async\" width=\"300\" height=\"200\" src=\"https:\/\/test.banneux-nd.be\/wp-content\/uploads\/2018\/08\/2016-11-06-Fin-Ann\u00e9e-Sainte-Banneux-12-300x200.jpg\" class=\"attachment-medium size-medium\" alt=\"\" srcset=\"https:\/\/test.banneux-nd.be\/wp-content\/uploads\/2018\/08\/2016-11-06-Fin-Ann\u00e9e-Sainte-Banneux-12-300x200.jpg 300w, https:\/\/test.banneux-nd.be\/wp-content\/uploads\/2018\/08\/2016-11-06-Fin-Ann\u00e9e-Sainte-Banneux-12-768x512.jpg 768w, https:\/\/test.banneux-nd.be\/wp-content\/uploads\/2018\/08\/2016-11-06-Fin-Ann\u00e9e-Sainte-Banneux-12-1024x683.jpg 1024w, https:\/\/test.banneux-nd.be\/wp-content\/uploads\/2018\/08\/2016-11-06-Fin-Ann\u00e9e-Sainte-Banneux-12.jpg 1200w\" sizes=\"(max-width: 300px) 100vw, 300px\" \/><\/a>\n\t\t\t<\/div><\/figure><figure class='gallery-item'>\n\t\t\t<div class='gallery-icon landscape'>\n\t\t\t\t<a href='https:\/\/test.banneux-nd.be\/fr\/qui-etes-vous-belle-dame\/mariette-beco\/'><img loading=\"lazy\" decoding=\"async\" width=\"300\" height=\"200\" src=\"https:\/\/test.banneux-nd.be\/wp-content\/uploads\/2018\/07\/mariette-beco-300x200.jpg\" class=\"attachment-medium size-medium\" alt=\"\" srcset=\"https:\/\/test.banneux-nd.be\/wp-content\/uploads\/2018\/07\/mariette-beco-300x200.jpg 300w, https:\/\/test.banneux-nd.be\/wp-content\/uploads\/2018\/07\/mariette-beco.jpg 567w\" sizes=\"(max-width: 300px) 100vw, 300px\" \/><\/a>\n\t\t\t<\/div><\/figure>\n\t\t<\/div>\n\n<p>&nbsp;<\/p>\n","protected":false},"excerpt":{"rendered":"<p>Dans cette section du site, vous trouverez&#8230; des photos de l&rsquo;\u00e9poque des apparitions (1933) des photos et documents depuis cette \u00e9poque le texte d&rsquo;anciens Chemins de pri\u00e8re le texte d&rsquo;hom\u00e9lies prononc\u00e9es \u00e0 Banneux des souvenirs de l&rsquo;Ann\u00e9e de la Mis\u00e9ricorde (2015-2016) &nbsp;<\/p>\n","protected":false},"author":4,"featured_media":0,"parent":0,"menu_order":0,"comment_status":"closed","ping_status":"closed","template":"","meta":{"advgb_blocks_editor_width":"","advgb_blocks_columns_visual_guide":"","footnotes":""},"class_list":["post-8993","page","type-page","status-publish","hentry"],"yoast_head":"<!-- This site is optimized with the Yoast SEO plugin v25.6 - https:\/\/yoast.com\/wordpress\/plugins\/seo\/ -->\n<title>Archives - Banneux Notre-Dame<\/title>\n<meta name=\"robots\" content=\"index, follow, max-snippet:-1, max-image-preview:large, max-video-preview:-1\" \/>\n<link rel=\"canonical\" href=\"https:\/\/test.banneux-nd.be\/fr\/archives\/\" \/>\n<meta property=\"og:locale\" content=\"fr_FR\" \/>\n<meta property=\"og:type\" content=\"article\" \/>\n<meta property=\"og:title\" content=\"Archives - Banneux Notre-Dame\" \/>\n<meta property=\"og:description\" content=\"Dans cette section du site, vous trouverez&#8230; des photos de l&rsquo;\u00e9poque des apparitions (1933) des photos et documents depuis cette \u00e9poque le texte d&rsquo;anciens Chemins de pri\u00e8re le texte d&rsquo;hom\u00e9lies prononc\u00e9es \u00e0 Banneux des souvenirs de l&rsquo;Ann\u00e9e de la Mis\u00e9ricorde (2015-2016) &nbsp;\" \/>\n<meta property=\"og:url\" content=\"https:\/\/test.banneux-nd.be\/fr\/archives\/\" \/>\n<meta property=\"og:site_name\" content=\"Banneux Notre-Dame\" \/>\n<meta property=\"article:publisher\" content=\"https:\/\/www.facebook.com\/NDBanneux\/\" \/>\n<meta property=\"article:modified_time\" content=\"2018-09-12T15:30:37+00:00\" \/>\n<meta property=\"og:image\" content=\"https:\/\/test.banneux-nd.be\/wp-content\/uploads\/2018\/08\/2016-11-11-Fin-Ann\u00e9e-Sainte-Photos-de-Banneux-167-300x201.jpg\" \/>\n<meta name=\"twitter:card\" content=\"summary_large_image\" \/>\n<script type=\"application\/ld+json\" class=\"yoast-schema-graph\">{\"@context\":\"https:\/\/schema.org\",\"@graph\":[{\"@type\":\"WebPage\",\"@id\":\"https:\/\/test.banneux-nd.be\/fr\/archives\/\",\"url\":\"https:\/\/test.banneux-nd.be\/fr\/archives\/\",\"name\":\"Archives - Banneux Notre-Dame\",\"isPartOf\":{\"@id\":\"https:\/\/test.banneux-nd.be\/fr\/#website\"},\"datePublished\":\"2018-07-19T10:13:33+00:00\",\"dateModified\":\"2018-09-12T15:30:37+00:00\",\"breadcrumb\":{\"@id\":\"https:\/\/test.banneux-nd.be\/fr\/archives\/#breadcrumb\"},\"inLanguage\":\"fr-FR\",\"potentialAction\":[{\"@type\":\"ReadAction\",\"target\":[\"https:\/\/test.banneux-nd.be\/fr\/archives\/\"]}]},{\"@type\":\"BreadcrumbList\",\"@id\":\"https:\/\/test.banneux-nd.be\/fr\/archives\/#breadcrumb\",\"itemListElement\":[{\"@type\":\"ListItem\",\"position\":1,\"name\":\"Accueil\",\"item\":\"https:\/\/test.banneux-nd.be\/fr\/\"},{\"@type\":\"ListItem\",\"position\":2,\"name\":\"Archives\"}]},{\"@type\":\"WebSite\",\"@id\":\"https:\/\/test.banneux-nd.be\/fr\/#website\",\"url\":\"https:\/\/test.banneux-nd.be\/fr\/\",\"name\":\"Banneux Notre-Dame\",\"description\":\"Sanctuaire de la Vierge des Pauvres (Belgique)\",\"potentialAction\":[{\"@type\":\"SearchAction\",\"target\":{\"@type\":\"EntryPoint\",\"urlTemplate\":\"https:\/\/test.banneux-nd.be\/fr\/?s={search_term_string}\"},\"query-input\":{\"@type\":\"PropertyValueSpecification\",\"valueRequired\":true,\"valueName\":\"search_term_string\"}}],\"inLanguage\":\"fr-FR\"}]}<\/script>\n<!-- \/ Yoast SEO plugin. -->","yoast_head_json":{"title":"Archives - Banneux Notre-Dame","robots":{"index":"index","follow":"follow","max-snippet":"max-snippet:-1","max-image-preview":"max-image-preview:large","max-video-preview":"max-video-preview:-1"},"canonical":"https:\/\/test.banneux-nd.be\/fr\/archives\/","og_locale":"fr_FR","og_type":"article","og_title":"Archives - Banneux Notre-Dame","og_description":"Dans cette section du site, vous trouverez&#8230; des photos de l&rsquo;\u00e9poque des apparitions (1933) des photos et documents depuis cette \u00e9poque le texte d&rsquo;anciens Chemins de pri\u00e8re le texte d&rsquo;hom\u00e9lies prononc\u00e9es \u00e0 Banneux des souvenirs de l&rsquo;Ann\u00e9e de la Mis\u00e9ricorde (2015-2016) &nbsp;","og_url":"https:\/\/test.banneux-nd.be\/fr\/archives\/","og_site_name":"Banneux Notre-Dame","article_publisher":"https:\/\/www.facebook.com\/NDBanneux\/","article_modified_time":"2018-09-12T15:30:37+00:00","og_image":[{"url":"https:\/\/test.banneux-nd.be\/wp-content\/uploads\/2018\/08\/2016-11-11-Fin-Ann\u00e9e-Sainte-Photos-de-Banneux-167-300x201.jpg","type":"","width":"","height":""}],"twitter_card":"summary_large_image","schema":{"@context":"https:\/\/schema.org","@graph":[{"@type":"WebPage","@id":"https:\/\/test.banneux-nd.be\/fr\/archives\/","url":"https:\/\/test.banneux-nd.be\/fr\/archives\/","name":"Archives - Banneux Notre-Dame","isPartOf":{"@id":"https:\/\/test.banneux-nd.be\/fr\/#website"},"datePublished":"2018-07-19T10:13:33+00:00","dateModified":"2018-09-12T15:30:37+00:00","breadcrumb":{"@id":"https:\/\/test.banneux-nd.be\/fr\/archives\/#breadcrumb"},"inLanguage":"fr-FR","potentialAction":[{"@type":"ReadAction","target":["https:\/\/test.banneux-nd.be\/fr\/archives\/"]}]},{"@type":"BreadcrumbList","@id":"https:\/\/test.banneux-nd.be\/fr\/archives\/#breadcrumb","itemListElement":[{"@type":"ListItem","position":1,"name":"Accueil","item":"https:\/\/test.banneux-nd.be\/fr\/"},{"@type":"ListItem","position":2,"name":"Archives"}]},{"@type":"WebSite","@id":"https:\/\/test.banneux-nd.be\/fr\/#website","url":"https:\/\/test.banneux-nd.be\/fr\/","name":"Banneux Notre-Dame","description":"Sanctuaire de la Vierge des Pauvres (Belgique)","potentialAction":[{"@type":"SearchAction","target":{"@type":"EntryPoint","urlTemplate":"https:\/\/test.banneux-nd.be\/fr\/?s={search_term_string}"},"query-input":{"@type":"PropertyValueSpecification","valueRequired":true,"valueName":"search_term_string"}}],"inLanguage":"fr-FR"}]}},"coauthors":[],"author_meta":{"author_link":"https:\/\/test.banneux-nd.be\/fr\/author\/dreusdeille\/","display_name":"Anne-Elisabeth N\u00e8ve"},"relative_dates":{"created":"Publi\u00e9 8 ans il y a","modified":"Mis \u00e0 jour 8 ans il y a"},"absolute_dates":{"created":"Publi\u00e9 le 19 juillet 2018","modified":"Mise \u00e0 jour le 12 septembre 2018"},"absolute_dates_time":{"created":"Publi\u00e9 le 19 juillet 2018 12 h 13 min","modified":"Mise \u00e0 jour le 12 septembre 2018 17 h 30 min"},"featured_img_caption":"","featured_img":false,"series_order":"","_links":{"self":[{"href":"https:\/\/test.banneux-nd.be\/fr\/wp-json\/wp\/v2\/pages\/8993"}],"collection":[{"href":"https:\/\/test.banneux-nd.be\/fr\/wp-json\/wp\/v2\/pages"}],"about":[{"href":"https:\/\/test.banneux-nd.be\/fr\/wp-json\/wp\/v2\/types\/page"}],"author":[{"embeddable":true,"href":"https:\/\/test.banneux-nd.be\/fr\/wp-json\/wp\/v2\/users\/4"}],"replies":[{"embeddable":true,"href":"https:\/\/test.banneux-nd.be\/fr\/wp-json\/wp\/v2\/comments?post=8993"}],"version-history":[{"count":6,"href":"https:\/\/test.banneux-nd.be\/fr\/wp-json\/wp\/v2\/pages\/8993\/revisions"}],"predecessor-version":[{"id":10978,"href":"https:\/\/test.banneux-nd.be\/fr\/wp-json\/wp\/v2\/pages\/8993\/revisions\/10978"}],"wp:attachment":[{"href":"https:\/\/test.banneux-nd.be\/fr\/wp-json\/wp\/v2\/media?parent=8993"}],"curies":[{"name":"wp","href":"https:\/\/api.w.org\/{rel}","templated":true}]}}