{"id":10881,"date":"2018-09-06T11:33:13","date_gmt":"2018-09-06T09:33:13","guid":{"rendered":"http:\/\/www.banneux-nd.be\/al-paese-delle-sorgenti\/"},"modified":"2024-01-22T18:31:45","modified_gmt":"2024-01-22T17:31:45","slug":"tema-anno","status":"publish","type":"page","link":"https:\/\/test.banneux-nd.be\/it\/tema-anno\/","title":{"rendered":"Tema del anno 2024"},"content":{"rendered":"<p><img loading=\"lazy\" decoding=\"async\" class=\"aligncenter wp-image-18231\" src=\"https:\/\/test.banneux-nd.be\/wp-content\/uploads\/2024\/01\/Theme_Annee_2024-1024x1024.png\" alt=\"\" width=\"302\" height=\"302\" srcset=\"https:\/\/test.banneux-nd.be\/wp-content\/uploads\/2024\/01\/Theme_Annee_2024-1024x1024.png 1024w, https:\/\/test.banneux-nd.be\/wp-content\/uploads\/2024\/01\/Theme_Annee_2024-300x300.png 300w, https:\/\/test.banneux-nd.be\/wp-content\/uploads\/2024\/01\/Theme_Annee_2024-150x150.png 150w, https:\/\/test.banneux-nd.be\/wp-content\/uploads\/2024\/01\/Theme_Annee_2024-768x768.png 768w, https:\/\/test.banneux-nd.be\/wp-content\/uploads\/2024\/01\/Theme_Annee_2024.png 1039w\" sizes=\"(max-width: 302px) 100vw, 302px\" \/><\/p>\n<h2 style=\"text-align: center;\"><span style=\"color: #0000ff; font-family: 'comic sans ms', sans-serif;\"><b>Insieme, sotto il tuo\u00a0manto<\/b><b>\u00a0di tenerezza<\/b><\/span><\/h2>\n<p>&nbsp;<\/p>\n<h3><strong>Benvenuti a casa<\/strong><\/h3>\n<p>&nbsp;<\/p>\n<p>Mentre scrivo queste poche righe sono confortato dal caldo all\u2019interno del mio ufficio; invece, la temperatura esterna, assai rigida, riporta al gennaio del 1933, quando la Vergine apparve nel giardino dei Beco, in un paesaggio modellato da neve e ghiaccio.<\/p>\n<p>&nbsp;<\/p>\n<p>Nel contempo, non posso esimermi dal rivolgere i miei pensieri a coloro che \u2013 ancora oggi \u2013 privati di un riparo nel quale ritirarsi, sono costretti a vivere e dormire all\u2019addiaccio.<\/p>\n<p>Viene ripetutamente detto: \u00ab<em>Urgono posti supplementari nei rifugi, per i senzatetto. Nessuno deve dormire fuori, nel rigore dei mesi invernali<\/em>.\u00bb<\/p>\n<p>Certamente sono da accogliere favorevolmente le iniziative delle amministrazioni locali e del volontariato per contrastare il disagio dei singoli o dei gruppi familiari privi di un alloggiamento minimamente confortevole. In molte localit\u00e0, la stessa campagna di Avvento ha sensibilizzato sul tema del diritto alla casa.<\/p>\n<p>&nbsp;<\/p>\n<p>La sera del 15 gennaio 1933, Mariette si trovava presso una finestra, all\u2019interno della propria abitazione, aspettando il ritorno a casa del fratello; ma, nel buio dell\u2019ora tarda (sono ormai le 19), non \u00e8 Julien che scorge nel giardino di casa, quanto piuttosto \u201cuna bella signora\u201d, raggiante di luce, che non bussa alla porta per entrare a casa Beco e rivolge \u2013 invece \u2013 a Mariette un gesto con la mano, , chiamando a raggiungerla fuori.<\/p>\n<p>In quella circostanza la bambina ha un solo desiderio: rispondere alla chiamata; non teme n\u00e9 l&#8217;oscurit\u00e0 n\u00e9 il freddo, perch\u00e9 l&#8217;accoglienza di questa \u201cBella Signora\u201d \u00e8 talmente calorosa da desiderare di rimanere in sua presenza il pi\u00f9 a lungo possibile.<\/p>\n<p>A riprova di questo \u00e8 l\u2019episodio al termine della settima apparizione: Mariette si mette a piangere, le si chiede la ragione delle sue copiose lacrime, la risposta \u00e8: \u00ab<em>Se n&#8217;\u00e8 andata troppo presto!<\/em>\u00bb<\/p>\n<p>&nbsp;<\/p>\n<p>\u00ab<em>Desidererei una piccola cappella<\/em>\u00bb. Questa richiesta della Vergine dei Poveri \u00e8 stata portata a compimento in un lasso di tempo brevissimo. L\u2019abitazione dei Beco era in disparte rispetto alle altre case di Banneux e \u2013 di conseguenza \u2013 non esistevano relazioni di vicinato con i compaesani; ma, dal 15 agosto 1933 la Vergine dei Poveri \u00e8 la loro prima e stabile vicina di casa, perch\u00e9 la piccola Cappella delle Apparizioni diventa rapidamente un luogo molto frequentato della diocesi di Liegi, un \u00abapprezzato indirizzo\u00bb ove i pellegrini possono recarsi, sapendo a chi rivolgere le proprie gioie e pene.<\/p>\n<p>&nbsp;<\/p>\n<p>Mi \u00e8 capitato, recentemente, di accogliere un pellegrino &#8211; che non incontravo da tempo &#8211; dicendogli: \u00ab<em>Benvenuto a casa!<\/em>\u00bb; con un grande sorriso mi ha risposto: \u00ab<em>\u00c8 esattamente quello che ho provato quando ho salutato la Madonna nella Cappella delle Apparizioni, perch\u00e9 \u201cSono tornato a casa\u201d.<\/em>\u00bb<\/p>\n<p>&nbsp;<\/p>\n<p>Porto ora questo esempio, citato in prima persona dal Cardinale Meisner, che era orfano di padre; a causa di ci\u00f2 la madre, che era costretta a lavorare intensamente per riuscire a crescere con dignit\u00e0 i tre figli, rientrava a casa talvolta anche assai tardi. Quando il maggiore dei tre ragazzi, rincasando dal lavoro, trovava solamente i due fratellini, chini sui compiti scolastici, era solito dire: \u00ab<em>Non c&#8217;\u00e8 ancora nessuno qui?<\/em>\u00bb<\/p>\n<p>Ecco, i due giovani fratelli erano presenti, ma mancava la madre, cio\u00e8 il cuore, l\u2019anima della famiglia!<\/p>\n<p>&nbsp;<\/p>\n<p>Lo stesso dicasi per la Vergine Maria.<\/p>\n<p>\u00c8 presente, per noi, sette giorni su sette, quotidianamente ventiquattro ore su ventiquattro.<\/p>\n<p>Lei \u00e8 l&#8217;anima di Banneux, sempre accessibile per i suoi figli provenienti da tutte le nazioni, giungano essi singolarmente od in gruppo, siano essi ammalati o benportanti.<\/p>\n<p>&nbsp;<\/p>\n<p>\u00ab<em>Accogli o Vergine i tuoi figli, cammina ancora sul sentier, <\/em><\/p>\n<p><em>riscalda i cuori indifferenti col dolce sorriso celestial<\/em>\u00bb.<\/p>\n<p>&nbsp;<\/p>\n<p>A tutte ed a tutti: buon anno di pellegrinaggi!<\/p>\n<p>Leo Palm, Rettore del Santuario<\/p>\n<hr \/>\n","protected":false},"excerpt":{"rendered":"<p>Insieme, sotto il tuo\u00a0manto\u00a0di tenerezza &nbsp; Benvenuti a casa &nbsp; Mentre scrivo queste poche righe sono confortato dal caldo all\u2019interno del mio ufficio; invece, la temperatura esterna, assai rigida, riporta al gennaio del 1933, quando la Vergine apparve nel giardino dei Beco, in un paesaggio modellato da neve e ghiaccio. &nbsp; Nel contempo, non posso esimermi dal rivolgere i miei pensieri a coloro che \u2013 ancora oggi \u2013 privati di un riparo nel quale ritirarsi, sono costretti a vivere e dormire all\u2019addiaccio. Viene ripetutamente detto: \u00abUrgono posti supplementari nei rifugi, per i senzatetto. Nessuno deve dormire fuori, nel rigore dei mesi invernali.\u00bb Certamente sono da accogliere favorevolmente le iniziative delle amministrazioni locali e del volontariato per contrastare il disagio dei&hellip;<\/p>\n","protected":false},"author":4,"featured_media":0,"parent":0,"menu_order":0,"comment_status":"closed","ping_status":"closed","template":"","meta":{"advgb_blocks_editor_width":"","advgb_blocks_columns_visual_guide":"","footnotes":""},"class_list":["post-10881","page","type-page","status-publish","hentry"],"yoast_head":"<!-- This site is optimized with the Yoast SEO plugin v25.6 - https:\/\/yoast.com\/wordpress\/plugins\/seo\/ -->\n<title>Tema del anno 2024 - Banneux Notre-Dame<\/title>\n<meta name=\"robots\" content=\"index, follow, max-snippet:-1, max-image-preview:large, max-video-preview:-1\" \/>\n<link rel=\"canonical\" href=\"https:\/\/test.banneux-nd.be\/it\/tema-anno\/\" \/>\n<meta property=\"og:locale\" content=\"it_IT\" \/>\n<meta property=\"og:type\" content=\"article\" \/>\n<meta property=\"og:title\" content=\"Tema del anno 2024 - Banneux Notre-Dame\" \/>\n<meta property=\"og:description\" content=\"Insieme, sotto il tuo\u00a0manto\u00a0di tenerezza &nbsp; Benvenuti a casa &nbsp; Mentre scrivo queste poche righe sono confortato dal caldo all\u2019interno del mio ufficio; invece, la temperatura esterna, assai rigida, riporta al gennaio del 1933, quando la Vergine apparve nel giardino dei Beco, in un paesaggio modellato da neve e ghiaccio. &nbsp; Nel contempo, non posso esimermi dal rivolgere i miei pensieri a coloro che \u2013 ancora oggi \u2013 privati di un riparo nel quale ritirarsi, sono costretti a vivere e dormire all\u2019addiaccio. Viene ripetutamente detto: \u00abUrgono posti supplementari nei rifugi, per i senzatetto. Nessuno deve dormire fuori, nel rigore dei mesi invernali.\u00bb Certamente sono da accogliere favorevolmente le iniziative delle amministrazioni locali e del volontariato per contrastare il disagio dei&hellip;\" \/>\n<meta property=\"og:url\" content=\"https:\/\/test.banneux-nd.be\/it\/tema-anno\/\" \/>\n<meta property=\"og:site_name\" content=\"Banneux Notre-Dame\" \/>\n<meta property=\"article:publisher\" content=\"https:\/\/www.facebook.com\/NDBanneux\/\" \/>\n<meta property=\"article:modified_time\" content=\"2024-01-22T17:31:45+00:00\" \/>\n<meta property=\"og:image\" content=\"https:\/\/test.banneux-nd.be\/wp-content\/uploads\/2024\/01\/Theme_Annee_2024-1024x1024.png\" \/>\n<meta name=\"twitter:card\" content=\"summary_large_image\" \/>\n<meta name=\"twitter:label1\" content=\"Tempo di lettura stimato\" \/>\n\t<meta name=\"twitter:data1\" content=\"4 minuti\" \/>\n<script type=\"application\/ld+json\" class=\"yoast-schema-graph\">{\"@context\":\"https:\/\/schema.org\",\"@graph\":[{\"@type\":\"WebPage\",\"@id\":\"https:\/\/test.banneux-nd.be\/it\/tema-anno\/\",\"url\":\"https:\/\/test.banneux-nd.be\/it\/tema-anno\/\",\"name\":\"Tema del anno 2024 - Banneux Notre-Dame\",\"isPartOf\":{\"@id\":\"https:\/\/test.banneux-nd.be\/it\/#website\"},\"primaryImageOfPage\":{\"@id\":\"https:\/\/test.banneux-nd.be\/it\/tema-anno\/#primaryimage\"},\"image\":{\"@id\":\"https:\/\/test.banneux-nd.be\/it\/tema-anno\/#primaryimage\"},\"thumbnailUrl\":\"https:\/\/test.banneux-nd.be\/wp-content\/uploads\/2024\/01\/Theme_Annee_2024-1024x1024.png\",\"datePublished\":\"2018-09-06T09:33:13+00:00\",\"dateModified\":\"2024-01-22T17:31:45+00:00\",\"breadcrumb\":{\"@id\":\"https:\/\/test.banneux-nd.be\/it\/tema-anno\/#breadcrumb\"},\"inLanguage\":\"it-IT\",\"potentialAction\":[{\"@type\":\"ReadAction\",\"target\":[\"https:\/\/test.banneux-nd.be\/it\/tema-anno\/\"]}]},{\"@type\":\"ImageObject\",\"inLanguage\":\"it-IT\",\"@id\":\"https:\/\/test.banneux-nd.be\/it\/tema-anno\/#primaryimage\",\"url\":\"https:\/\/test.banneux-nd.be\/wp-content\/uploads\/2024\/01\/Theme_Annee_2024-1024x1024.png\",\"contentUrl\":\"https:\/\/test.banneux-nd.be\/wp-content\/uploads\/2024\/01\/Theme_Annee_2024-1024x1024.png\"},{\"@type\":\"BreadcrumbList\",\"@id\":\"https:\/\/test.banneux-nd.be\/it\/tema-anno\/#breadcrumb\",\"itemListElement\":[{\"@type\":\"ListItem\",\"position\":1,\"name\":\"Accueil\",\"item\":\"https:\/\/test.banneux-nd.be\/it\/\"},{\"@type\":\"ListItem\",\"position\":2,\"name\":\"Tema del anno 2024\"}]},{\"@type\":\"WebSite\",\"@id\":\"https:\/\/test.banneux-nd.be\/it\/#website\",\"url\":\"https:\/\/test.banneux-nd.be\/it\/\",\"name\":\"Banneux Notre-Dame\",\"description\":\"Sanctuaire de la Vierge des Pauvres (Belgique)\",\"potentialAction\":[{\"@type\":\"SearchAction\",\"target\":{\"@type\":\"EntryPoint\",\"urlTemplate\":\"https:\/\/test.banneux-nd.be\/it\/?s={search_term_string}\"},\"query-input\":{\"@type\":\"PropertyValueSpecification\",\"valueRequired\":true,\"valueName\":\"search_term_string\"}}],\"inLanguage\":\"it-IT\"}]}<\/script>\n<!-- \/ Yoast SEO plugin. -->","yoast_head_json":{"title":"Tema del anno 2024 - Banneux Notre-Dame","robots":{"index":"index","follow":"follow","max-snippet":"max-snippet:-1","max-image-preview":"max-image-preview:large","max-video-preview":"max-video-preview:-1"},"canonical":"https:\/\/test.banneux-nd.be\/it\/tema-anno\/","og_locale":"it_IT","og_type":"article","og_title":"Tema del anno 2024 - Banneux Notre-Dame","og_description":"Insieme, sotto il tuo\u00a0manto\u00a0di tenerezza &nbsp; Benvenuti a casa &nbsp; Mentre scrivo queste poche righe sono confortato dal caldo all\u2019interno del mio ufficio; invece, la temperatura esterna, assai rigida, riporta al gennaio del 1933, quando la Vergine apparve nel giardino dei Beco, in un paesaggio modellato da neve e ghiaccio. &nbsp; Nel contempo, non posso esimermi dal rivolgere i miei pensieri a coloro che \u2013 ancora oggi \u2013 privati di un riparo nel quale ritirarsi, sono costretti a vivere e dormire all\u2019addiaccio. Viene ripetutamente detto: \u00abUrgono posti supplementari nei rifugi, per i senzatetto. Nessuno deve dormire fuori, nel rigore dei mesi invernali.\u00bb Certamente sono da accogliere favorevolmente le iniziative delle amministrazioni locali e del volontariato per contrastare il disagio dei&hellip;","og_url":"https:\/\/test.banneux-nd.be\/it\/tema-anno\/","og_site_name":"Banneux Notre-Dame","article_publisher":"https:\/\/www.facebook.com\/NDBanneux\/","article_modified_time":"2024-01-22T17:31:45+00:00","og_image":[{"url":"https:\/\/test.banneux-nd.be\/wp-content\/uploads\/2024\/01\/Theme_Annee_2024-1024x1024.png","type":"","width":"","height":""}],"twitter_card":"summary_large_image","twitter_misc":{"Tempo di lettura stimato":"4 minuti"},"schema":{"@context":"https:\/\/schema.org","@graph":[{"@type":"WebPage","@id":"https:\/\/test.banneux-nd.be\/it\/tema-anno\/","url":"https:\/\/test.banneux-nd.be\/it\/tema-anno\/","name":"Tema del anno 2024 - Banneux Notre-Dame","isPartOf":{"@id":"https:\/\/test.banneux-nd.be\/it\/#website"},"primaryImageOfPage":{"@id":"https:\/\/test.banneux-nd.be\/it\/tema-anno\/#primaryimage"},"image":{"@id":"https:\/\/test.banneux-nd.be\/it\/tema-anno\/#primaryimage"},"thumbnailUrl":"https:\/\/test.banneux-nd.be\/wp-content\/uploads\/2024\/01\/Theme_Annee_2024-1024x1024.png","datePublished":"2018-09-06T09:33:13+00:00","dateModified":"2024-01-22T17:31:45+00:00","breadcrumb":{"@id":"https:\/\/test.banneux-nd.be\/it\/tema-anno\/#breadcrumb"},"inLanguage":"it-IT","potentialAction":[{"@type":"ReadAction","target":["https:\/\/test.banneux-nd.be\/it\/tema-anno\/"]}]},{"@type":"ImageObject","inLanguage":"it-IT","@id":"https:\/\/test.banneux-nd.be\/it\/tema-anno\/#primaryimage","url":"https:\/\/test.banneux-nd.be\/wp-content\/uploads\/2024\/01\/Theme_Annee_2024-1024x1024.png","contentUrl":"https:\/\/test.banneux-nd.be\/wp-content\/uploads\/2024\/01\/Theme_Annee_2024-1024x1024.png"},{"@type":"BreadcrumbList","@id":"https:\/\/test.banneux-nd.be\/it\/tema-anno\/#breadcrumb","itemListElement":[{"@type":"ListItem","position":1,"name":"Accueil","item":"https:\/\/test.banneux-nd.be\/it\/"},{"@type":"ListItem","position":2,"name":"Tema del anno 2024"}]},{"@type":"WebSite","@id":"https:\/\/test.banneux-nd.be\/it\/#website","url":"https:\/\/test.banneux-nd.be\/it\/","name":"Banneux Notre-Dame","description":"Sanctuaire de la Vierge des Pauvres (Belgique)","potentialAction":[{"@type":"SearchAction","target":{"@type":"EntryPoint","urlTemplate":"https:\/\/test.banneux-nd.be\/it\/?s={search_term_string}"},"query-input":{"@type":"PropertyValueSpecification","valueRequired":true,"valueName":"search_term_string"}}],"inLanguage":"it-IT"}]}},"coauthors":[],"author_meta":{"author_link":"https:\/\/test.banneux-nd.be\/it\/author\/dreusdeille\/","display_name":"Anne-Elisabeth N\u00e8ve"},"relative_dates":{"created":"Pubblicato 8 anni fa","modified":"Aggiornato 2 anni fa"},"absolute_dates":{"created":"Pubblicato il 6 Settembre 2018","modified":"Aggiornato il 22 Gennaio 2024"},"absolute_dates_time":{"created":"Pubblicato il 6 Settembre 2018 11 h 33 min","modified":"Aggiornato il 22 Gennaio 2024 18 h 31 min"},"featured_img_caption":"","featured_img":false,"series_order":"","_links":{"self":[{"href":"https:\/\/test.banneux-nd.be\/it\/wp-json\/wp\/v2\/pages\/10881"}],"collection":[{"href":"https:\/\/test.banneux-nd.be\/it\/wp-json\/wp\/v2\/pages"}],"about":[{"href":"https:\/\/test.banneux-nd.be\/it\/wp-json\/wp\/v2\/types\/page"}],"author":[{"embeddable":true,"href":"https:\/\/test.banneux-nd.be\/it\/wp-json\/wp\/v2\/users\/4"}],"replies":[{"embeddable":true,"href":"https:\/\/test.banneux-nd.be\/it\/wp-json\/wp\/v2\/comments?post=10881"}],"version-history":[{"count":21,"href":"https:\/\/test.banneux-nd.be\/it\/wp-json\/wp\/v2\/pages\/10881\/revisions"}],"predecessor-version":[{"id":18270,"href":"https:\/\/test.banneux-nd.be\/it\/wp-json\/wp\/v2\/pages\/10881\/revisions\/18270"}],"wp:attachment":[{"href":"https:\/\/test.banneux-nd.be\/it\/wp-json\/wp\/v2\/media?parent=10881"}],"curies":[{"name":"wp","href":"https:\/\/api.w.org\/{rel}","templated":true}]}}