{"id":4085,"date":"2018-01-26T16:13:58","date_gmt":"2018-01-26T15:13:58","guid":{"rendered":"http:\/\/wwwwp2.banneux-nd.be\/sguardo-dinsieme\/lhospitalite\/"},"modified":"2021-07-17T11:37:55","modified_gmt":"2021-07-17T09:37:55","slug":"lhospitalite","status":"publish","type":"page","link":"https:\/\/test.banneux-nd.be\/it\/lhospitalite\/","title":{"rendered":"L&#8217;hospitalit\u00e9"},"content":{"rendered":"<p><img loading=\"lazy\" decoding=\"async\" class=\"aligncenter wp-image-2618 size-full\" src=\"https:\/\/test.banneux-nd.be\/wp-content\/uploads\/2017\/08\/Hospitalit%C3%A9%20Panoramique.jpg\" alt=\"\" width=\"800\" height=\"220\"><\/p>\n<p style=\"text-align: justify;\">L\u2019<em>Hospitalit\u00e9 Notre-Dame<\/em> \u00e8 un insieme di tre immobili destinati ad accogliere gli ammalati ed i loro accompagnatori; ha, attualmente, una <strong>capienza di 360 posti<\/strong> e consente -alle persone ammalate o portatrici di handicap- di poter fruire di un confortevole soggiorno durante la permanenza presso la Vergine dei Poveri. <\/p>\n<p style=\"text-align: justify;\">Il messaggio della Bella Signora ha attratto da subito a Banneux le persone sofferenti; pensiamo alla specificit\u00e0 di queste affermazioni: \u201c<em>Questa sorgente \u00e8 per gli ammalati<\/em>,,,, <em>Vengo ad alleviare la sofferenza<\/em>\u201c. Per coloro che, pur in precarie condizioni di salute, manifestavano il desiderio di venire a Banneux, anche affluendo da lontano, era necessario predisporre un luogo di accoglienza La struttura denominata \u201cch\u00e2teau des Fawes\u201d, a due chilometri dal luogo delle apparizioni, era all\u2019epoca in vendita e fu rapidamente attrezzata per l\u2019accoglienza. Fu anche lanciata l\u2019idea di costruire in quei pressi una grande basilica, ma il progetto non ebbe seguito Forse, dal cielo e provvidenzialmente, Qualcuno fece comprendere che il santuario doveva sorgere in un luogo prossimo a quelli delle apparizioni.<\/p>\n<p style=\"text-align: justify;\">La prima pietra dell\u2019attuale Hospitalit\u00e9 fu posta nel dicembre 1938: l\u2019accoglienza dei primi pellegrini era programmata per il maggio 1940, ma la guerra impose altri ospiti. Giunsero dapprima gli invasori tedeschi, cui seguirono -nel prosieguo delle ostilit\u00e0- colonie di vacanze per bambini sfollati. Solo a giugno del 1946 l\u2019immobile pot\u00e8, finalmente, essere destinato agli scopi per i quali era stato edificato.<\/p>\n<p style=\"text-align: justify;\">A partire dal <em><strong>1934 (!)<\/strong><\/em>, le Suore di San Vincenzo de Paolo di Gijzegem* si sono messe al servizio dei pellegrini e degli ammalati ospiti della struttura: da allora assicurano un&#8217;accoglienza fraterna manifestando a Banneux il carisma proprio della loro congregazione, derivato dagli insegnamenti del fondatore.<\/p>\n<p style=\"text-align: justify;\">Nel corso dei decenni l\u2019Hospitalit\u00e9 \u00e8 stata oggetto di ampliamenti e migliorie <strong>E&#8217; stato attuato l\u2019ampliamento del numero delle camere e quello dei locali destinati alla consumazione dei pasti; sono disponibili una cappella, sale di riunione ed anche la cucina garantisce un servizio adeguato essendo dotata di attrezzature moderne ed efficienti. Tutto \u00e8 stato concepito ed adattato in funzione delle persone a ridotta autonomia fisica e\/o motoria.<\/strong><\/p>\n<p style=\"text-align: justify;\">Specifici pellegrinaggi di quattro giorni (\u201c<a href=\"https:\/\/test.banneux-nd.be\/it\/theme-annee\/fr\/?page_id=5450\" target=\"_blank\" rel=\"noopener\"><em>Tridui<\/em><\/a>\u201c) sono proposti nel periodo temporale che va da Pasqua a met\u00e0 ottobre. I pellegrini sono assistiti da volontari ai quali si associa il personale alle dipendenze dell\u2019Hospitalit\u00e9. Altri gruppi possono, comunque, essere accolti allorch\u00e9 la struttura \u00e8 disponibile.<\/p>\n<p><strong>L\u2019accoglienza \u00e8 un valore universale<\/strong><\/p>\n<p style=\"text-align: center;\"><em>Quando l&#8217;ospite entra nella casa, l\u00ec \u00e8 giunto Dio.<\/em><br \/>\n(Proverbio russo)<\/p>\n<p style=\"text-align: center;\"><em>Non c&#8217;\u00e8 felicit\u00e0 superiore all&#8217;arrivo di un ospite che giunge in pace ed amicizia.<\/em><br \/>\n(Proverbio africano)<\/p>\n<p style=\"text-align: center;\"><em>Perseverate nell&#8217;amore fraterno!<br \/>\nNon dimenticate l\u2019ospitalit\u00e0; alcuni, praticandola, hanno accolto degli angeli senza saperlo\u201d<\/em><br \/>\n(Lettera agli Ebrei, 13, 1-2)<\/p>\n<div id='gallery-1' class='gallery galleryid-4085 gallery-columns-3 gallery-size-medium'><figure class='gallery-item'>\n\t\t\t<div class='gallery-icon landscape'>\n\t\t\t\t<a href='https:\/\/test.banneux-nd.be\/it\/hospitalite2-2\/'><img loading=\"lazy\" decoding=\"async\" width=\"300\" height=\"200\" src=\"https:\/\/test.banneux-nd.be\/wp-content\/uploads\/2017\/08\/Hospitalit\u00e92-300x200.jpg\" class=\"attachment-medium size-medium\" alt=\"\" aria-describedby=\"gallery-1-4867\" srcset=\"https:\/\/test.banneux-nd.be\/wp-content\/uploads\/2017\/08\/Hospitalit\u00e92-300x200.jpg 300w, https:\/\/test.banneux-nd.be\/wp-content\/uploads\/2017\/08\/Hospitalit\u00e92-768x512.jpg 768w, https:\/\/test.banneux-nd.be\/wp-content\/uploads\/2017\/08\/Hospitalit\u00e92-685x456.jpg 685w, https:\/\/test.banneux-nd.be\/wp-content\/uploads\/2017\/08\/Hospitalit\u00e92-342x228.jpg 342w, https:\/\/test.banneux-nd.be\/wp-content\/uploads\/2017\/08\/Hospitalit\u00e92.jpg 800w\" sizes=\"(max-width: 300px) 100vw, 300px\" \/><\/a>\n\t\t\t<\/div>\n\t\t\t\t<figcaption class='wp-caption-text gallery-caption' id='gallery-1-4867'>\n\t\t\t\tHospitalit\u00e9 &#8211; Notre-Dame de Banneux\n\t\t\t\t<\/figcaption><\/figure><figure class='gallery-item'>\n\t\t\t<div class='gallery-icon landscape'>\n\t\t\t\t<a href='https:\/\/test.banneux-nd.be\/it\/hospitalite-salle-a-manger-2\/'><img loading=\"lazy\" decoding=\"async\" width=\"300\" height=\"200\" src=\"https:\/\/test.banneux-nd.be\/wp-content\/uploads\/2017\/08\/Hospitalit\u00e9 Salle \u00e0 Manger-300x200.jpg\" class=\"attachment-medium size-medium\" alt=\"\" aria-describedby=\"gallery-1-4866\" srcset=\"https:\/\/test.banneux-nd.be\/wp-content\/uploads\/2017\/08\/Hospitalit\u00e9%20Salle%20\u00e0%20Manger-300x200.jpg 300w, https:\/\/test.banneux-nd.be\/wp-content\/uploads\/2017\/08\/Hospitalit\u00e9%20Salle%20\u00e0%20Manger-768x512.jpg 768w, https:\/\/test.banneux-nd.be\/wp-content\/uploads\/2017\/08\/Hospitalit\u00e9%20Salle%20\u00e0%20Manger-685x456.jpg 685w, https:\/\/test.banneux-nd.be\/wp-content\/uploads\/2017\/08\/Hospitalit\u00e9%20Salle%20\u00e0%20Manger-342x228.jpg 342w, https:\/\/test.banneux-nd.be\/wp-content\/uploads\/2017\/08\/Hospitalit\u00e9%20Salle%20\u00e0%20Manger.jpg 800w\" sizes=\"(max-width: 300px) 100vw, 300px\" \/><\/a>\n\t\t\t<\/div>\n\t\t\t\t<figcaption class='wp-caption-text gallery-caption' id='gallery-1-4866'>\n\t\t\t\tHospitalit\u00e9 &#8211; Notre-Dame de Banneux\n\t\t\t\t<\/figcaption><\/figure>\n\t\t<\/div>\n\n<p style=\"text-align: justify;\">*Un articolo pubblicato da <a href=\"https:\/\/www.kerknet.be\/parochie-aalst-linkeroever\/artikel\/zusters-van-gijzegem-bestaan-200-jaar\" target=\"_blank\" rel=\"noopener\">Kerknet<\/a> relaziona in merito alla celebrazione dei 200 anni di fondazione di questa congregazione.<\/p>\n","protected":false},"excerpt":{"rendered":"<p>L\u2019Hospitalit\u00e9 Notre-Dame \u00e8 un insieme di tre immobili destinati ad accogliere gli ammalati ed i loro accompagnatori; ha, attualmente, una capienza di 360 posti e consente -alle persone ammalate o portatrici di handicap- di poter fruire di un confortevole soggiorno durante la permanenza presso la Vergine dei Poveri. Il messaggio della Bella Signora ha attratto da subito a Banneux le persone sofferenti; pensiamo alla specificit\u00e0 di queste affermazioni: \u201cQuesta sorgente \u00e8 per gli ammalati,,,, Vengo ad alleviare la sofferenza\u201c. Per coloro che, pur in precarie condizioni di salute, manifestavano il desiderio di venire a Banneux, anche affluendo da lontano, era necessario predisporre un luogo di accoglienza La struttura denominata \u201cch\u00e2teau des Fawes\u201d, a due chilometri dal luogo delle apparizioni, era&hellip;<\/p>\n","protected":false},"author":2,"featured_media":0,"parent":0,"menu_order":0,"comment_status":"closed","ping_status":"closed","template":"","meta":{"advgb_blocks_editor_width":"","advgb_blocks_columns_visual_guide":"","footnotes":""},"class_list":["post-4085","page","type-page","status-publish","hentry"],"yoast_head":"<!-- This site is optimized with the Yoast SEO plugin v25.6 - https:\/\/yoast.com\/wordpress\/plugins\/seo\/ -->\n<title>L&#039;hospitalit\u00e9 - Banneux Notre-Dame<\/title>\n<meta name=\"robots\" content=\"index, follow, max-snippet:-1, max-image-preview:large, max-video-preview:-1\" \/>\n<link rel=\"canonical\" href=\"https:\/\/test.banneux-nd.be\/it\/lhospitalite\/\" \/>\n<meta property=\"og:locale\" content=\"it_IT\" \/>\n<meta property=\"og:type\" content=\"article\" \/>\n<meta property=\"og:title\" content=\"L&#039;hospitalit\u00e9 - Banneux Notre-Dame\" \/>\n<meta property=\"og:description\" content=\"L\u2019Hospitalit\u00e9 Notre-Dame \u00e8 un insieme di tre immobili destinati ad accogliere gli ammalati ed i loro accompagnatori; ha, attualmente, una capienza di 360 posti e consente -alle persone ammalate o portatrici di handicap- di poter fruire di un confortevole soggiorno durante la permanenza presso la Vergine dei Poveri. Il messaggio della Bella Signora ha attratto da subito a Banneux le persone sofferenti; pensiamo alla specificit\u00e0 di queste affermazioni: \u201cQuesta sorgente \u00e8 per gli ammalati,,,, Vengo ad alleviare la sofferenza\u201c. Per coloro che, pur in precarie condizioni di salute, manifestavano il desiderio di venire a Banneux, anche affluendo da lontano, era necessario predisporre un luogo di accoglienza La struttura denominata \u201cch\u00e2teau des Fawes\u201d, a due chilometri dal luogo delle apparizioni, era&hellip;\" \/>\n<meta property=\"og:url\" content=\"https:\/\/test.banneux-nd.be\/it\/lhospitalite\/\" \/>\n<meta property=\"og:site_name\" content=\"Banneux Notre-Dame\" \/>\n<meta property=\"article:publisher\" content=\"https:\/\/www.facebook.com\/NDBanneux\/\" \/>\n<meta property=\"article:modified_time\" content=\"2021-07-17T09:37:55+00:00\" \/>\n<meta property=\"og:image\" content=\"https:\/\/test.banneux-nd.be\/wp-content\/uploads\/2017\/08\/Hospitalit\u00e92-300x200.jpg\" \/>\n<meta name=\"twitter:card\" content=\"summary_large_image\" \/>\n<meta name=\"twitter:label1\" content=\"Tempo di lettura stimato\" \/>\n\t<meta name=\"twitter:data1\" content=\"2 minuti\" \/>\n<script type=\"application\/ld+json\" class=\"yoast-schema-graph\">{\"@context\":\"https:\/\/schema.org\",\"@graph\":[{\"@type\":\"WebPage\",\"@id\":\"https:\/\/test.banneux-nd.be\/it\/lhospitalite\/\",\"url\":\"https:\/\/test.banneux-nd.be\/it\/lhospitalite\/\",\"name\":\"L'hospitalit\u00e9 - Banneux Notre-Dame\",\"isPartOf\":{\"@id\":\"https:\/\/test.banneux-nd.be\/it\/#website\"},\"primaryImageOfPage\":{\"@id\":\"https:\/\/test.banneux-nd.be\/it\/lhospitalite\/#primaryimage\"},\"image\":{\"@id\":\"https:\/\/test.banneux-nd.be\/it\/lhospitalite\/#primaryimage\"},\"thumbnailUrl\":\"https:\/\/test.banneux-nd.be\/wp-content\/uploads\/2017\/08\/Hospitalit%C3%A9%20Panoramique.jpg\",\"datePublished\":\"2018-01-26T15:13:58+00:00\",\"dateModified\":\"2021-07-17T09:37:55+00:00\",\"breadcrumb\":{\"@id\":\"https:\/\/test.banneux-nd.be\/it\/lhospitalite\/#breadcrumb\"},\"inLanguage\":\"it-IT\",\"potentialAction\":[{\"@type\":\"ReadAction\",\"target\":[\"https:\/\/test.banneux-nd.be\/it\/lhospitalite\/\"]}]},{\"@type\":\"ImageObject\",\"inLanguage\":\"it-IT\",\"@id\":\"https:\/\/test.banneux-nd.be\/it\/lhospitalite\/#primaryimage\",\"url\":\"https:\/\/test.banneux-nd.be\/wp-content\/uploads\/2017\/08\/Hospitalit%C3%A9%20Panoramique.jpg\",\"contentUrl\":\"https:\/\/test.banneux-nd.be\/wp-content\/uploads\/2017\/08\/Hospitalit%C3%A9%20Panoramique.jpg\"},{\"@type\":\"BreadcrumbList\",\"@id\":\"https:\/\/test.banneux-nd.be\/it\/lhospitalite\/#breadcrumb\",\"itemListElement\":[{\"@type\":\"ListItem\",\"position\":1,\"name\":\"Accueil\",\"item\":\"https:\/\/test.banneux-nd.be\/it\/\"},{\"@type\":\"ListItem\",\"position\":2,\"name\":\"L&rsquo;hospitalit\u00e9\"}]},{\"@type\":\"WebSite\",\"@id\":\"https:\/\/test.banneux-nd.be\/it\/#website\",\"url\":\"https:\/\/test.banneux-nd.be\/it\/\",\"name\":\"Banneux Notre-Dame\",\"description\":\"Sanctuaire de la Vierge des Pauvres (Belgique)\",\"potentialAction\":[{\"@type\":\"SearchAction\",\"target\":{\"@type\":\"EntryPoint\",\"urlTemplate\":\"https:\/\/test.banneux-nd.be\/it\/?s={search_term_string}\"},\"query-input\":{\"@type\":\"PropertyValueSpecification\",\"valueRequired\":true,\"valueName\":\"search_term_string\"}}],\"inLanguage\":\"it-IT\"}]}<\/script>\n<!-- \/ Yoast SEO plugin. -->","yoast_head_json":{"title":"L'hospitalit\u00e9 - Banneux Notre-Dame","robots":{"index":"index","follow":"follow","max-snippet":"max-snippet:-1","max-image-preview":"max-image-preview:large","max-video-preview":"max-video-preview:-1"},"canonical":"https:\/\/test.banneux-nd.be\/it\/lhospitalite\/","og_locale":"it_IT","og_type":"article","og_title":"L'hospitalit\u00e9 - Banneux Notre-Dame","og_description":"L\u2019Hospitalit\u00e9 Notre-Dame \u00e8 un insieme di tre immobili destinati ad accogliere gli ammalati ed i loro accompagnatori; ha, attualmente, una capienza di 360 posti e consente -alle persone ammalate o portatrici di handicap- di poter fruire di un confortevole soggiorno durante la permanenza presso la Vergine dei Poveri. Il messaggio della Bella Signora ha attratto da subito a Banneux le persone sofferenti; pensiamo alla specificit\u00e0 di queste affermazioni: \u201cQuesta sorgente \u00e8 per gli ammalati,,,, Vengo ad alleviare la sofferenza\u201c. Per coloro che, pur in precarie condizioni di salute, manifestavano il desiderio di venire a Banneux, anche affluendo da lontano, era necessario predisporre un luogo di accoglienza La struttura denominata \u201cch\u00e2teau des Fawes\u201d, a due chilometri dal luogo delle apparizioni, era&hellip;","og_url":"https:\/\/test.banneux-nd.be\/it\/lhospitalite\/","og_site_name":"Banneux Notre-Dame","article_publisher":"https:\/\/www.facebook.com\/NDBanneux\/","article_modified_time":"2021-07-17T09:37:55+00:00","og_image":[{"url":"https:\/\/test.banneux-nd.be\/wp-content\/uploads\/2017\/08\/Hospitalit\u00e92-300x200.jpg","type":"","width":"","height":""}],"twitter_card":"summary_large_image","twitter_misc":{"Tempo di lettura stimato":"2 minuti"},"schema":{"@context":"https:\/\/schema.org","@graph":[{"@type":"WebPage","@id":"https:\/\/test.banneux-nd.be\/it\/lhospitalite\/","url":"https:\/\/test.banneux-nd.be\/it\/lhospitalite\/","name":"L'hospitalit\u00e9 - Banneux Notre-Dame","isPartOf":{"@id":"https:\/\/test.banneux-nd.be\/it\/#website"},"primaryImageOfPage":{"@id":"https:\/\/test.banneux-nd.be\/it\/lhospitalite\/#primaryimage"},"image":{"@id":"https:\/\/test.banneux-nd.be\/it\/lhospitalite\/#primaryimage"},"thumbnailUrl":"https:\/\/test.banneux-nd.be\/wp-content\/uploads\/2017\/08\/Hospitalit%C3%A9%20Panoramique.jpg","datePublished":"2018-01-26T15:13:58+00:00","dateModified":"2021-07-17T09:37:55+00:00","breadcrumb":{"@id":"https:\/\/test.banneux-nd.be\/it\/lhospitalite\/#breadcrumb"},"inLanguage":"it-IT","potentialAction":[{"@type":"ReadAction","target":["https:\/\/test.banneux-nd.be\/it\/lhospitalite\/"]}]},{"@type":"ImageObject","inLanguage":"it-IT","@id":"https:\/\/test.banneux-nd.be\/it\/lhospitalite\/#primaryimage","url":"https:\/\/test.banneux-nd.be\/wp-content\/uploads\/2017\/08\/Hospitalit%C3%A9%20Panoramique.jpg","contentUrl":"https:\/\/test.banneux-nd.be\/wp-content\/uploads\/2017\/08\/Hospitalit%C3%A9%20Panoramique.jpg"},{"@type":"BreadcrumbList","@id":"https:\/\/test.banneux-nd.be\/it\/lhospitalite\/#breadcrumb","itemListElement":[{"@type":"ListItem","position":1,"name":"Accueil","item":"https:\/\/test.banneux-nd.be\/it\/"},{"@type":"ListItem","position":2,"name":"L&rsquo;hospitalit\u00e9"}]},{"@type":"WebSite","@id":"https:\/\/test.banneux-nd.be\/it\/#website","url":"https:\/\/test.banneux-nd.be\/it\/","name":"Banneux Notre-Dame","description":"Sanctuaire de la Vierge des Pauvres (Belgique)","potentialAction":[{"@type":"SearchAction","target":{"@type":"EntryPoint","urlTemplate":"https:\/\/test.banneux-nd.be\/it\/?s={search_term_string}"},"query-input":{"@type":"PropertyValueSpecification","valueRequired":true,"valueName":"search_term_string"}}],"inLanguage":"it-IT"}]}},"coauthors":[],"author_meta":{"author_link":"https:\/\/test.banneux-nd.be\/it\/author\/adminfr\/","display_name":"adminFR"},"relative_dates":{"created":"Pubblicato 8 anni fa","modified":"Aggiornato 5 anni fa"},"absolute_dates":{"created":"Pubblicato il 26 Gennaio 2018","modified":"Aggiornato il 17 Luglio 2021"},"absolute_dates_time":{"created":"Pubblicato il 26 Gennaio 2018 16 h 13 min","modified":"Aggiornato il 17 Luglio 2021 11 h 37 min"},"featured_img_caption":"","featured_img":false,"series_order":"","_links":{"self":[{"href":"https:\/\/test.banneux-nd.be\/it\/wp-json\/wp\/v2\/pages\/4085"}],"collection":[{"href":"https:\/\/test.banneux-nd.be\/it\/wp-json\/wp\/v2\/pages"}],"about":[{"href":"https:\/\/test.banneux-nd.be\/it\/wp-json\/wp\/v2\/types\/page"}],"author":[{"embeddable":true,"href":"https:\/\/test.banneux-nd.be\/it\/wp-json\/wp\/v2\/users\/2"}],"replies":[{"embeddable":true,"href":"https:\/\/test.banneux-nd.be\/it\/wp-json\/wp\/v2\/comments?post=4085"}],"version-history":[{"count":1,"href":"https:\/\/test.banneux-nd.be\/it\/wp-json\/wp\/v2\/pages\/4085\/revisions"}],"predecessor-version":[{"id":15654,"href":"https:\/\/test.banneux-nd.be\/it\/wp-json\/wp\/v2\/pages\/4085\/revisions\/15654"}],"wp:attachment":[{"href":"https:\/\/test.banneux-nd.be\/it\/wp-json\/wp\/v2\/media?parent=4085"}],"curies":[{"name":"wp","href":"https:\/\/api.w.org\/{rel}","templated":true}]}}