{"id":6718,"date":"2018-04-11T12:34:42","date_gmt":"2018-04-11T10:34:42","guid":{"rendered":"http:\/\/wwwwp2.banneux-nd.be\/il-sacramento-della-riconciliazione\/"},"modified":"2018-05-19T00:25:13","modified_gmt":"2018-05-18T22:25:13","slug":"il-sacramento-della-riconciliazione","status":"publish","type":"page","link":"https:\/\/test.banneux-nd.be\/it\/il-sacramento-della-riconciliazione\/","title":{"rendered":"Il Sacramento della riconciliazione"},"content":{"rendered":"<p><img loading=\"lazy\" decoding=\"async\" class=\"alignleft wp-image-7925 size-medium\" src=\"https:\/\/test.banneux-nd.be\/wp-content\/uploads\/2018\/05\/Confession.jpg\" alt=\"\" width=\"300\" height=\"255\" srcset=\"https:\/\/test.banneux-nd.be\/wp-content\/uploads\/2018\/05\/Confession.jpg 1777w, https:\/\/test.banneux-nd.be\/wp-content\/uploads\/2018\/05\/Confession-300x255.jpg 300w, https:\/\/test.banneux-nd.be\/wp-content\/uploads\/2018\/05\/Confession-768x654.jpg 768w, https:\/\/test.banneux-nd.be\/wp-content\/uploads\/2018\/05\/Confession-1024x872.jpg 1024w\" sizes=\"(max-width: 300px) 100vw, 300px\" \/><\/p>\n<p style=\"text-align: justify;\">Accogliere il perdono di Dio con il sacramento della confessione o della riconciliazione\u00a0 pu\u00f2 costituire un momento del pellegrinaggio che si compie a Banneux.<\/p>\n<p style=\"text-align: justify;\">Ges\u00f9 stesso ha sorpreso -ed anche scandalizzato- alcuni di coloro che lo ascoltavano, nel momento della remissione dei peccati. All&#8217;inizio del Vangelo di Marco si legge di quattro barellieri che portano a Ges\u00f9 una persona paralizzata; essi non pongono alcuna domanda poich\u00e9 la richiesta \u00e8 implicita: &#8220;Che quest&#8217;uomo possa alzarsi e camminare!&#8221;. Ma Ges\u00f9 risponde in modo apparentemente sconcertante: &#8220;<em>Figliolo, ti sono rimessi i tuoi peccati<\/em>\u00a0&#8220;(Marco 2, 1-12).<\/p>\n<p style=\"text-align: justify;\">Il significato \u00e8 questo: c&#8217;\u00e8 una paralisi interiore pi\u00f9 grave della limitazione fisica; <strong>la nostra capacit\u00e0 di amare pu\u00f2 risentire di una sorta di paralisi, quella di non arrivare ad amare come si dovrebbe!<\/strong><\/p>\n<p style=\"text-align: justify;\">Come rispondere, allora, a questa chiamata all&#8217;amore: &#8220;<em>Amerai dunque il Signore Dio tuo con tutto il tuo cuore, con tutta la tua mente e con tutta la tua forza ed amerai il prossimo tuo come te stesso<\/em>&#8221; (Marco 12, 30-31)?<\/p>\n<p style=\"text-align: justify;\">Nessuno pu\u00f2 pretendere di aver sempre agito amorevolmente in tutti i momenti della propria vita, Riconoscere umilmente questo limite, chiedere perdono e cercare la guarigione spirituale diventa allora un percorso di crescita individuale.<\/p>\n<p style=\"text-align: justify;\">A Banneux, <strong>i Sacerdoti sono a disposizione<\/strong> per favorire questo momento di incontro con la misericordia del Signore. Vedi la pagina <a href=\"https:\/\/test.banneux-nd.be\/it\/orari-delle-funzioni-religiose\/\" target=\"_blank\" rel=\"noopener\">Orari delle funzioni religiose <\/a>.<\/p>\n<p><img loading=\"lazy\" decoding=\"async\" class=\"alignleft size-full wp-image-7932\" src=\"https:\/\/test.banneux-nd.be\/wp-content\/uploads\/2018\/05\/Accueil-confessions-PF.jpg\" alt=\"\" width=\"1200\" height=\"803\" srcset=\"https:\/\/test.banneux-nd.be\/wp-content\/uploads\/2018\/05\/Accueil-confessions-PF.jpg 1200w, https:\/\/test.banneux-nd.be\/wp-content\/uploads\/2018\/05\/Accueil-confessions-PF-300x201.jpg 300w, https:\/\/test.banneux-nd.be\/wp-content\/uploads\/2018\/05\/Accueil-confessions-PF-768x514.jpg 768w, https:\/\/test.banneux-nd.be\/wp-content\/uploads\/2018\/05\/Accueil-confessions-PF-1024x685.jpg 1024w\" sizes=\"(max-width: 1200px) 100vw, 1200px\" \/><\/p>\n","protected":false},"excerpt":{"rendered":"<p>Accogliere il perdono di Dio con il sacramento della confessione o della riconciliazione\u00a0 pu\u00f2 costituire un momento del pellegrinaggio che si compie a Banneux. Ges\u00f9 stesso ha sorpreso -ed anche scandalizzato- alcuni di coloro che lo ascoltavano, nel momento della remissione dei peccati. All&#8217;inizio del Vangelo di Marco si legge di quattro barellieri che portano a Ges\u00f9 una persona paralizzata; essi non pongono alcuna domanda poich\u00e9 la richiesta \u00e8 implicita: &#8220;Che quest&#8217;uomo possa alzarsi e camminare!&#8221;. Ma Ges\u00f9 risponde in modo apparentemente sconcertante: &#8220;Figliolo, ti sono rimessi i tuoi peccati\u00a0&#8220;(Marco 2, 1-12). Il significato \u00e8 questo: c&#8217;\u00e8 una paralisi interiore pi\u00f9 grave della limitazione fisica; la nostra capacit\u00e0 di amare pu\u00f2 risentire di una sorta di paralisi, quella di non&hellip;<\/p>\n","protected":false},"author":2,"featured_media":0,"parent":0,"menu_order":0,"comment_status":"closed","ping_status":"closed","template":"","meta":{"advgb_blocks_editor_width":"","advgb_blocks_columns_visual_guide":"","footnotes":""},"class_list":["post-6718","page","type-page","status-publish","hentry"],"yoast_head":"<!-- This site is optimized with the Yoast SEO plugin v25.6 - https:\/\/yoast.com\/wordpress\/plugins\/seo\/ -->\n<title>Il Sacramento della riconciliazione - Banneux Notre-Dame<\/title>\n<meta name=\"robots\" content=\"index, follow, max-snippet:-1, max-image-preview:large, max-video-preview:-1\" \/>\n<link rel=\"canonical\" href=\"https:\/\/test.banneux-nd.be\/it\/il-sacramento-della-riconciliazione\/\" \/>\n<meta property=\"og:locale\" content=\"it_IT\" \/>\n<meta property=\"og:type\" content=\"article\" \/>\n<meta property=\"og:title\" content=\"Il Sacramento della riconciliazione - Banneux Notre-Dame\" \/>\n<meta property=\"og:description\" content=\"Accogliere il perdono di Dio con il sacramento della confessione o della riconciliazione\u00a0 pu\u00f2 costituire un momento del pellegrinaggio che si compie a Banneux. Ges\u00f9 stesso ha sorpreso -ed anche scandalizzato- alcuni di coloro che lo ascoltavano, nel momento della remissione dei peccati. All&#8217;inizio del Vangelo di Marco si legge di quattro barellieri che portano a Ges\u00f9 una persona paralizzata; essi non pongono alcuna domanda poich\u00e9 la richiesta \u00e8 implicita: &#8220;Che quest&#8217;uomo possa alzarsi e camminare!&#8221;. Ma Ges\u00f9 risponde in modo apparentemente sconcertante: &#8220;Figliolo, ti sono rimessi i tuoi peccati\u00a0&#8220;(Marco 2, 1-12). Il significato \u00e8 questo: c&#8217;\u00e8 una paralisi interiore pi\u00f9 grave della limitazione fisica; la nostra capacit\u00e0 di amare pu\u00f2 risentire di una sorta di paralisi, quella di non&hellip;\" \/>\n<meta property=\"og:url\" content=\"https:\/\/test.banneux-nd.be\/it\/il-sacramento-della-riconciliazione\/\" \/>\n<meta property=\"og:site_name\" content=\"Banneux Notre-Dame\" \/>\n<meta property=\"article:publisher\" content=\"https:\/\/www.facebook.com\/NDBanneux\/\" \/>\n<meta property=\"article:modified_time\" content=\"2018-05-18T22:25:13+00:00\" \/>\n<meta property=\"og:image\" content=\"https:\/\/test.banneux-nd.be\/wp-content\/uploads\/2018\/05\/Confession.jpg\" \/>\n<meta name=\"twitter:card\" content=\"summary_large_image\" \/>\n<meta name=\"twitter:label1\" content=\"Tempo di lettura stimato\" \/>\n\t<meta name=\"twitter:data1\" content=\"1 minuto\" \/>\n<script type=\"application\/ld+json\" class=\"yoast-schema-graph\">{\"@context\":\"https:\/\/schema.org\",\"@graph\":[{\"@type\":\"WebPage\",\"@id\":\"https:\/\/test.banneux-nd.be\/it\/il-sacramento-della-riconciliazione\/\",\"url\":\"https:\/\/test.banneux-nd.be\/it\/il-sacramento-della-riconciliazione\/\",\"name\":\"Il Sacramento della riconciliazione - Banneux Notre-Dame\",\"isPartOf\":{\"@id\":\"https:\/\/test.banneux-nd.be\/it\/#website\"},\"primaryImageOfPage\":{\"@id\":\"https:\/\/test.banneux-nd.be\/it\/il-sacramento-della-riconciliazione\/#primaryimage\"},\"image\":{\"@id\":\"https:\/\/test.banneux-nd.be\/it\/il-sacramento-della-riconciliazione\/#primaryimage\"},\"thumbnailUrl\":\"https:\/\/test.banneux-nd.be\/wp-content\/uploads\/2018\/05\/Confession.jpg\",\"datePublished\":\"2018-04-11T10:34:42+00:00\",\"dateModified\":\"2018-05-18T22:25:13+00:00\",\"breadcrumb\":{\"@id\":\"https:\/\/test.banneux-nd.be\/it\/il-sacramento-della-riconciliazione\/#breadcrumb\"},\"inLanguage\":\"it-IT\",\"potentialAction\":[{\"@type\":\"ReadAction\",\"target\":[\"https:\/\/test.banneux-nd.be\/it\/il-sacramento-della-riconciliazione\/\"]}]},{\"@type\":\"ImageObject\",\"inLanguage\":\"it-IT\",\"@id\":\"https:\/\/test.banneux-nd.be\/it\/il-sacramento-della-riconciliazione\/#primaryimage\",\"url\":\"https:\/\/test.banneux-nd.be\/wp-content\/uploads\/2018\/05\/Confession.jpg\",\"contentUrl\":\"https:\/\/test.banneux-nd.be\/wp-content\/uploads\/2018\/05\/Confession.jpg\"},{\"@type\":\"BreadcrumbList\",\"@id\":\"https:\/\/test.banneux-nd.be\/it\/il-sacramento-della-riconciliazione\/#breadcrumb\",\"itemListElement\":[{\"@type\":\"ListItem\",\"position\":1,\"name\":\"Accueil\",\"item\":\"https:\/\/test.banneux-nd.be\/it\/\"},{\"@type\":\"ListItem\",\"position\":2,\"name\":\"Il Sacramento della riconciliazione\"}]},{\"@type\":\"WebSite\",\"@id\":\"https:\/\/test.banneux-nd.be\/it\/#website\",\"url\":\"https:\/\/test.banneux-nd.be\/it\/\",\"name\":\"Banneux Notre-Dame\",\"description\":\"Sanctuaire de la Vierge des Pauvres (Belgique)\",\"potentialAction\":[{\"@type\":\"SearchAction\",\"target\":{\"@type\":\"EntryPoint\",\"urlTemplate\":\"https:\/\/test.banneux-nd.be\/it\/?s={search_term_string}\"},\"query-input\":{\"@type\":\"PropertyValueSpecification\",\"valueRequired\":true,\"valueName\":\"search_term_string\"}}],\"inLanguage\":\"it-IT\"}]}<\/script>\n<!-- \/ Yoast SEO plugin. -->","yoast_head_json":{"title":"Il Sacramento della riconciliazione - Banneux Notre-Dame","robots":{"index":"index","follow":"follow","max-snippet":"max-snippet:-1","max-image-preview":"max-image-preview:large","max-video-preview":"max-video-preview:-1"},"canonical":"https:\/\/test.banneux-nd.be\/it\/il-sacramento-della-riconciliazione\/","og_locale":"it_IT","og_type":"article","og_title":"Il Sacramento della riconciliazione - Banneux Notre-Dame","og_description":"Accogliere il perdono di Dio con il sacramento della confessione o della riconciliazione\u00a0 pu\u00f2 costituire un momento del pellegrinaggio che si compie a Banneux. Ges\u00f9 stesso ha sorpreso -ed anche scandalizzato- alcuni di coloro che lo ascoltavano, nel momento della remissione dei peccati. All&#8217;inizio del Vangelo di Marco si legge di quattro barellieri che portano a Ges\u00f9 una persona paralizzata; essi non pongono alcuna domanda poich\u00e9 la richiesta \u00e8 implicita: &#8220;Che quest&#8217;uomo possa alzarsi e camminare!&#8221;. Ma Ges\u00f9 risponde in modo apparentemente sconcertante: &#8220;Figliolo, ti sono rimessi i tuoi peccati\u00a0&#8220;(Marco 2, 1-12). Il significato \u00e8 questo: c&#8217;\u00e8 una paralisi interiore pi\u00f9 grave della limitazione fisica; la nostra capacit\u00e0 di amare pu\u00f2 risentire di una sorta di paralisi, quella di non&hellip;","og_url":"https:\/\/test.banneux-nd.be\/it\/il-sacramento-della-riconciliazione\/","og_site_name":"Banneux Notre-Dame","article_publisher":"https:\/\/www.facebook.com\/NDBanneux\/","article_modified_time":"2018-05-18T22:25:13+00:00","og_image":[{"url":"https:\/\/test.banneux-nd.be\/wp-content\/uploads\/2018\/05\/Confession.jpg","type":"","width":"","height":""}],"twitter_card":"summary_large_image","twitter_misc":{"Tempo di lettura stimato":"1 minuto"},"schema":{"@context":"https:\/\/schema.org","@graph":[{"@type":"WebPage","@id":"https:\/\/test.banneux-nd.be\/it\/il-sacramento-della-riconciliazione\/","url":"https:\/\/test.banneux-nd.be\/it\/il-sacramento-della-riconciliazione\/","name":"Il Sacramento della riconciliazione - Banneux Notre-Dame","isPartOf":{"@id":"https:\/\/test.banneux-nd.be\/it\/#website"},"primaryImageOfPage":{"@id":"https:\/\/test.banneux-nd.be\/it\/il-sacramento-della-riconciliazione\/#primaryimage"},"image":{"@id":"https:\/\/test.banneux-nd.be\/it\/il-sacramento-della-riconciliazione\/#primaryimage"},"thumbnailUrl":"https:\/\/test.banneux-nd.be\/wp-content\/uploads\/2018\/05\/Confession.jpg","datePublished":"2018-04-11T10:34:42+00:00","dateModified":"2018-05-18T22:25:13+00:00","breadcrumb":{"@id":"https:\/\/test.banneux-nd.be\/it\/il-sacramento-della-riconciliazione\/#breadcrumb"},"inLanguage":"it-IT","potentialAction":[{"@type":"ReadAction","target":["https:\/\/test.banneux-nd.be\/it\/il-sacramento-della-riconciliazione\/"]}]},{"@type":"ImageObject","inLanguage":"it-IT","@id":"https:\/\/test.banneux-nd.be\/it\/il-sacramento-della-riconciliazione\/#primaryimage","url":"https:\/\/test.banneux-nd.be\/wp-content\/uploads\/2018\/05\/Confession.jpg","contentUrl":"https:\/\/test.banneux-nd.be\/wp-content\/uploads\/2018\/05\/Confession.jpg"},{"@type":"BreadcrumbList","@id":"https:\/\/test.banneux-nd.be\/it\/il-sacramento-della-riconciliazione\/#breadcrumb","itemListElement":[{"@type":"ListItem","position":1,"name":"Accueil","item":"https:\/\/test.banneux-nd.be\/it\/"},{"@type":"ListItem","position":2,"name":"Il Sacramento della riconciliazione"}]},{"@type":"WebSite","@id":"https:\/\/test.banneux-nd.be\/it\/#website","url":"https:\/\/test.banneux-nd.be\/it\/","name":"Banneux Notre-Dame","description":"Sanctuaire de la Vierge des Pauvres (Belgique)","potentialAction":[{"@type":"SearchAction","target":{"@type":"EntryPoint","urlTemplate":"https:\/\/test.banneux-nd.be\/it\/?s={search_term_string}"},"query-input":{"@type":"PropertyValueSpecification","valueRequired":true,"valueName":"search_term_string"}}],"inLanguage":"it-IT"}]}},"coauthors":[],"author_meta":{"author_link":"https:\/\/test.banneux-nd.be\/it\/author\/adminfr\/","display_name":"adminFR"},"relative_dates":{"created":"Pubblicato 8 anni fa","modified":"Aggiornato 8 anni fa"},"absolute_dates":{"created":"Pubblicato il 11 Aprile 2018","modified":"Aggiornato il 19 Maggio 2018"},"absolute_dates_time":{"created":"Pubblicato il 11 Aprile 2018 12 h 34 min","modified":"Aggiornato il 19 Maggio 2018 0 h 25 min"},"featured_img_caption":"","featured_img":false,"series_order":"","_links":{"self":[{"href":"https:\/\/test.banneux-nd.be\/it\/wp-json\/wp\/v2\/pages\/6718"}],"collection":[{"href":"https:\/\/test.banneux-nd.be\/it\/wp-json\/wp\/v2\/pages"}],"about":[{"href":"https:\/\/test.banneux-nd.be\/it\/wp-json\/wp\/v2\/types\/page"}],"author":[{"embeddable":true,"href":"https:\/\/test.banneux-nd.be\/it\/wp-json\/wp\/v2\/users\/2"}],"replies":[{"embeddable":true,"href":"https:\/\/test.banneux-nd.be\/it\/wp-json\/wp\/v2\/comments?post=6718"}],"version-history":[{"count":0,"href":"https:\/\/test.banneux-nd.be\/it\/wp-json\/wp\/v2\/pages\/6718\/revisions"}],"wp:attachment":[{"href":"https:\/\/test.banneux-nd.be\/it\/wp-json\/wp\/v2\/media?parent=6718"}],"curies":[{"name":"wp","href":"https:\/\/api.w.org\/{rel}","templated":true}]}}