{"id":6719,"date":"2018-04-11T13:09:04","date_gmt":"2018-04-11T11:09:04","guid":{"rendered":"http:\/\/wwwwp2.banneux-nd.be\/adorazione-del-santissimo-sacramento\/"},"modified":"2018-05-06T22:20:22","modified_gmt":"2018-05-06T20:20:22","slug":"adorazione","status":"publish","type":"page","link":"https:\/\/test.banneux-nd.be\/it\/adorazione\/","title":{"rendered":"Adorazione del Santissimo Sacramento"},"content":{"rendered":"<p><img loading=\"lazy\" decoding=\"async\" class=\"aligncenter wp-image-6582 size-full\" src=\"https:\/\/test.banneux-nd.be\/wp-content\/uploads\/2018\/04\/2015-10-10-Banneux-Paix-86-Copie.jpg\" alt=\"\" width=\"1197\" height=\"810\" \/><\/p>\n<p style=\"text-align: justify;\"><em>&#8220;Questa sorgente \u00e8 per tutte le nazioni&#8221;<\/em>\u00a0disse Maria\u00a0 a Mariette il 19 gennaio 1933. L\u2019allusione al battesimo cristiano \u00e8 assai chiara. &#8220;Tutte le nazioni&#8221; sono chiamate a formare il popolo di Dio, unito dalla proclamazione del Vangelo\u00a0 e dal battesimo.<\/p>\n<p style=\"text-align: justify;\">Il 30 gennaio del 1933, dunque lo stesso anno delle apparizioni a Banneux, Adolf Hitler ed il suo partito nazionalista conquistarono il potere in Germania: una ideologia mortifera incancrenisce alcune nazioni e porta alla catastrofe della seconda guerra mondiale. la pari dignit\u00e0 delle nazioni e dei popoli \u00e8 negata.<\/p>\n<p style=\"text-align: justify;\">Dopo la guerra, il cappellano Georges Jacob si rende promotore consapevole del carattere internazionale di Banneux. Il messaggio della Vergine dei Poveri invita a pregare incessantemente (con perseveranza) per la pacificazione tra le nazioni e l&#8217;unit\u00e0 di intenti europea. In ci\u00f2 il cancelliere tedesco, Konrad Adenauer, \u00e8 un alleato prezioso e partecipe.<\/p>\n<p style=\"text-align: justify;\">La <strong>Cappella dedicata a San Michele ed a Santa Giovanna d&#8217;Arco<\/strong> \u00e8, dal 1960, luogo di preghiera dedicata ad invocare pace e giustizia nel mondo.<\/p>\n<p style=\"text-align: justify;\">Durante l&#8217;intera stagione dei Pellegrinaggi questa Cappella \u00e8 luogo di adorazione silenziosa; occhi fissi su Ges\u00f9, Principe della Pace, coloro lo che desiderano\u00a0 possono pregare per le popolazioni afflitte dalle guerre, provate da miserie ed ingiustizie, per invocare la fraternit\u00e0 tra gli uomini.<\/p>\n<p style=\"text-align: justify;\"><strong>L&#8217;adorazione silenziosa si svolge, tutti i giorni, tra le ore 9.00 e le 17.30:<\/strong><\/p>\n<ul style=\"text-align: justify;\">\n<li>durante la stagione dei pellegrinaggi presso la Cappella San Michele;<\/li>\n<li>negli altri periodi dell&#8217;anno presso la Cappella della Croce.<\/li>\n<\/ul>\n<p style=\"text-align: justify;\"><strong><em>Vergine dei Poveri, salva le nazioni!<\/em><\/strong><\/p>\n<p style=\"text-align: justify;\">&#8220;<em>Ed ecco una gran folla che nessun uomo poteva noverare, di tutte le nazioni e trib\u00f9 e popoli e lingue, che stava davanti al trono e davanti all\u2019Agnello, vestiti di vesti bianche e con delle palme in mano.\u00a0E gridavano con gran voce dicendo: <\/em>La salvezza appartiene all\u2019Iddio nostro il quale siede sul trono, ed all\u2019Agnello<em>.\u00a0E tutti\u2026 si prostrarono \u2026 ed adorarono Iddio&#8221;<\/em>\u00a0(Apocalisse 7, 9-11).<\/p>\n","protected":false},"excerpt":{"rendered":"<p>&#8220;Questa sorgente \u00e8 per tutte le nazioni&#8221;\u00a0disse Maria\u00a0 a Mariette il 19 gennaio 1933. L\u2019allusione al battesimo cristiano \u00e8 assai chiara. &#8220;Tutte le nazioni&#8221; sono chiamate a formare il popolo di Dio, unito dalla proclamazione del Vangelo\u00a0 e dal battesimo. Il 30 gennaio del 1933, dunque lo stesso anno delle apparizioni a Banneux, Adolf Hitler ed il suo partito nazionalista conquistarono il potere in Germania: una ideologia mortifera incancrenisce alcune nazioni e porta alla catastrofe della seconda guerra mondiale. la pari dignit\u00e0 delle nazioni e dei popoli \u00e8 negata. Dopo la guerra, il cappellano Georges Jacob si rende promotore consapevole del carattere internazionale di Banneux. Il messaggio della Vergine dei Poveri invita a pregare incessantemente (con perseveranza) per la pacificazione&hellip;<\/p>\n","protected":false},"author":2,"featured_media":0,"parent":0,"menu_order":0,"comment_status":"closed","ping_status":"closed","template":"","meta":{"advgb_blocks_editor_width":"","advgb_blocks_columns_visual_guide":"","footnotes":""},"class_list":["post-6719","page","type-page","status-publish","hentry"],"yoast_head":"<!-- This site is optimized with the Yoast SEO plugin v25.6 - https:\/\/yoast.com\/wordpress\/plugins\/seo\/ -->\n<title>Adorazione del Santissimo Sacramento - Banneux Notre-Dame<\/title>\n<meta name=\"robots\" content=\"index, follow, max-snippet:-1, max-image-preview:large, max-video-preview:-1\" \/>\n<link rel=\"canonical\" href=\"https:\/\/test.banneux-nd.be\/it\/adorazione\/\" \/>\n<meta property=\"og:locale\" content=\"it_IT\" \/>\n<meta property=\"og:type\" content=\"article\" \/>\n<meta property=\"og:title\" content=\"Adorazione del Santissimo Sacramento - Banneux Notre-Dame\" \/>\n<meta property=\"og:description\" content=\"&#8220;Questa sorgente \u00e8 per tutte le nazioni&#8221;\u00a0disse Maria\u00a0 a Mariette il 19 gennaio 1933. L\u2019allusione al battesimo cristiano \u00e8 assai chiara. &#8220;Tutte le nazioni&#8221; sono chiamate a formare il popolo di Dio, unito dalla proclamazione del Vangelo\u00a0 e dal battesimo. Il 30 gennaio del 1933, dunque lo stesso anno delle apparizioni a Banneux, Adolf Hitler ed il suo partito nazionalista conquistarono il potere in Germania: una ideologia mortifera incancrenisce alcune nazioni e porta alla catastrofe della seconda guerra mondiale. la pari dignit\u00e0 delle nazioni e dei popoli \u00e8 negata. Dopo la guerra, il cappellano Georges Jacob si rende promotore consapevole del carattere internazionale di Banneux. Il messaggio della Vergine dei Poveri invita a pregare incessantemente (con perseveranza) per la pacificazione&hellip;\" \/>\n<meta property=\"og:url\" content=\"https:\/\/test.banneux-nd.be\/it\/adorazione\/\" \/>\n<meta property=\"og:site_name\" content=\"Banneux Notre-Dame\" \/>\n<meta property=\"article:publisher\" content=\"https:\/\/www.facebook.com\/NDBanneux\/\" \/>\n<meta property=\"article:modified_time\" content=\"2018-05-06T20:20:22+00:00\" \/>\n<meta property=\"og:image\" content=\"https:\/\/test.banneux-nd.be\/wp-content\/uploads\/2018\/04\/2015-10-10-Banneux-Paix-86-Copie.jpg\" \/>\n<meta name=\"twitter:card\" content=\"summary_large_image\" \/>\n<meta name=\"twitter:label1\" content=\"Tempo di lettura stimato\" \/>\n\t<meta name=\"twitter:data1\" content=\"2 minuti\" \/>\n<script type=\"application\/ld+json\" class=\"yoast-schema-graph\">{\"@context\":\"https:\/\/schema.org\",\"@graph\":[{\"@type\":\"WebPage\",\"@id\":\"https:\/\/test.banneux-nd.be\/it\/adorazione\/\",\"url\":\"https:\/\/test.banneux-nd.be\/it\/adorazione\/\",\"name\":\"Adorazione del Santissimo Sacramento - Banneux Notre-Dame\",\"isPartOf\":{\"@id\":\"https:\/\/test.banneux-nd.be\/it\/#website\"},\"primaryImageOfPage\":{\"@id\":\"https:\/\/test.banneux-nd.be\/it\/adorazione\/#primaryimage\"},\"image\":{\"@id\":\"https:\/\/test.banneux-nd.be\/it\/adorazione\/#primaryimage\"},\"thumbnailUrl\":\"https:\/\/test.banneux-nd.be\/wp-content\/uploads\/2018\/04\/2015-10-10-Banneux-Paix-86-Copie.jpg\",\"datePublished\":\"2018-04-11T11:09:04+00:00\",\"dateModified\":\"2018-05-06T20:20:22+00:00\",\"breadcrumb\":{\"@id\":\"https:\/\/test.banneux-nd.be\/it\/adorazione\/#breadcrumb\"},\"inLanguage\":\"it-IT\",\"potentialAction\":[{\"@type\":\"ReadAction\",\"target\":[\"https:\/\/test.banneux-nd.be\/it\/adorazione\/\"]}]},{\"@type\":\"ImageObject\",\"inLanguage\":\"it-IT\",\"@id\":\"https:\/\/test.banneux-nd.be\/it\/adorazione\/#primaryimage\",\"url\":\"https:\/\/test.banneux-nd.be\/wp-content\/uploads\/2018\/04\/2015-10-10-Banneux-Paix-86-Copie.jpg\",\"contentUrl\":\"https:\/\/test.banneux-nd.be\/wp-content\/uploads\/2018\/04\/2015-10-10-Banneux-Paix-86-Copie.jpg\"},{\"@type\":\"BreadcrumbList\",\"@id\":\"https:\/\/test.banneux-nd.be\/it\/adorazione\/#breadcrumb\",\"itemListElement\":[{\"@type\":\"ListItem\",\"position\":1,\"name\":\"Accueil\",\"item\":\"https:\/\/test.banneux-nd.be\/it\/\"},{\"@type\":\"ListItem\",\"position\":2,\"name\":\"Adorazione del Santissimo Sacramento\"}]},{\"@type\":\"WebSite\",\"@id\":\"https:\/\/test.banneux-nd.be\/it\/#website\",\"url\":\"https:\/\/test.banneux-nd.be\/it\/\",\"name\":\"Banneux Notre-Dame\",\"description\":\"Sanctuaire de la Vierge des Pauvres (Belgique)\",\"potentialAction\":[{\"@type\":\"SearchAction\",\"target\":{\"@type\":\"EntryPoint\",\"urlTemplate\":\"https:\/\/test.banneux-nd.be\/it\/?s={search_term_string}\"},\"query-input\":{\"@type\":\"PropertyValueSpecification\",\"valueRequired\":true,\"valueName\":\"search_term_string\"}}],\"inLanguage\":\"it-IT\"}]}<\/script>\n<!-- \/ Yoast SEO plugin. -->","yoast_head_json":{"title":"Adorazione del Santissimo Sacramento - Banneux Notre-Dame","robots":{"index":"index","follow":"follow","max-snippet":"max-snippet:-1","max-image-preview":"max-image-preview:large","max-video-preview":"max-video-preview:-1"},"canonical":"https:\/\/test.banneux-nd.be\/it\/adorazione\/","og_locale":"it_IT","og_type":"article","og_title":"Adorazione del Santissimo Sacramento - Banneux Notre-Dame","og_description":"&#8220;Questa sorgente \u00e8 per tutte le nazioni&#8221;\u00a0disse Maria\u00a0 a Mariette il 19 gennaio 1933. L\u2019allusione al battesimo cristiano \u00e8 assai chiara. &#8220;Tutte le nazioni&#8221; sono chiamate a formare il popolo di Dio, unito dalla proclamazione del Vangelo\u00a0 e dal battesimo. Il 30 gennaio del 1933, dunque lo stesso anno delle apparizioni a Banneux, Adolf Hitler ed il suo partito nazionalista conquistarono il potere in Germania: una ideologia mortifera incancrenisce alcune nazioni e porta alla catastrofe della seconda guerra mondiale. la pari dignit\u00e0 delle nazioni e dei popoli \u00e8 negata. Dopo la guerra, il cappellano Georges Jacob si rende promotore consapevole del carattere internazionale di Banneux. Il messaggio della Vergine dei Poveri invita a pregare incessantemente (con perseveranza) per la pacificazione&hellip;","og_url":"https:\/\/test.banneux-nd.be\/it\/adorazione\/","og_site_name":"Banneux Notre-Dame","article_publisher":"https:\/\/www.facebook.com\/NDBanneux\/","article_modified_time":"2018-05-06T20:20:22+00:00","og_image":[{"url":"https:\/\/test.banneux-nd.be\/wp-content\/uploads\/2018\/04\/2015-10-10-Banneux-Paix-86-Copie.jpg","type":"","width":"","height":""}],"twitter_card":"summary_large_image","twitter_misc":{"Tempo di lettura stimato":"2 minuti"},"schema":{"@context":"https:\/\/schema.org","@graph":[{"@type":"WebPage","@id":"https:\/\/test.banneux-nd.be\/it\/adorazione\/","url":"https:\/\/test.banneux-nd.be\/it\/adorazione\/","name":"Adorazione del Santissimo Sacramento - Banneux Notre-Dame","isPartOf":{"@id":"https:\/\/test.banneux-nd.be\/it\/#website"},"primaryImageOfPage":{"@id":"https:\/\/test.banneux-nd.be\/it\/adorazione\/#primaryimage"},"image":{"@id":"https:\/\/test.banneux-nd.be\/it\/adorazione\/#primaryimage"},"thumbnailUrl":"https:\/\/test.banneux-nd.be\/wp-content\/uploads\/2018\/04\/2015-10-10-Banneux-Paix-86-Copie.jpg","datePublished":"2018-04-11T11:09:04+00:00","dateModified":"2018-05-06T20:20:22+00:00","breadcrumb":{"@id":"https:\/\/test.banneux-nd.be\/it\/adorazione\/#breadcrumb"},"inLanguage":"it-IT","potentialAction":[{"@type":"ReadAction","target":["https:\/\/test.banneux-nd.be\/it\/adorazione\/"]}]},{"@type":"ImageObject","inLanguage":"it-IT","@id":"https:\/\/test.banneux-nd.be\/it\/adorazione\/#primaryimage","url":"https:\/\/test.banneux-nd.be\/wp-content\/uploads\/2018\/04\/2015-10-10-Banneux-Paix-86-Copie.jpg","contentUrl":"https:\/\/test.banneux-nd.be\/wp-content\/uploads\/2018\/04\/2015-10-10-Banneux-Paix-86-Copie.jpg"},{"@type":"BreadcrumbList","@id":"https:\/\/test.banneux-nd.be\/it\/adorazione\/#breadcrumb","itemListElement":[{"@type":"ListItem","position":1,"name":"Accueil","item":"https:\/\/test.banneux-nd.be\/it\/"},{"@type":"ListItem","position":2,"name":"Adorazione del Santissimo Sacramento"}]},{"@type":"WebSite","@id":"https:\/\/test.banneux-nd.be\/it\/#website","url":"https:\/\/test.banneux-nd.be\/it\/","name":"Banneux Notre-Dame","description":"Sanctuaire de la Vierge des Pauvres (Belgique)","potentialAction":[{"@type":"SearchAction","target":{"@type":"EntryPoint","urlTemplate":"https:\/\/test.banneux-nd.be\/it\/?s={search_term_string}"},"query-input":{"@type":"PropertyValueSpecification","valueRequired":true,"valueName":"search_term_string"}}],"inLanguage":"it-IT"}]}},"coauthors":[],"author_meta":{"author_link":"https:\/\/test.banneux-nd.be\/it\/author\/adminfr\/","display_name":"adminFR"},"relative_dates":{"created":"Pubblicato 8 anni fa","modified":"Aggiornato 8 anni fa"},"absolute_dates":{"created":"Pubblicato il 11 Aprile 2018","modified":"Aggiornato il 6 Maggio 2018"},"absolute_dates_time":{"created":"Pubblicato il 11 Aprile 2018 13 h 09 min","modified":"Aggiornato il 6 Maggio 2018 22 h 20 min"},"featured_img_caption":"","featured_img":false,"series_order":"","_links":{"self":[{"href":"https:\/\/test.banneux-nd.be\/it\/wp-json\/wp\/v2\/pages\/6719"}],"collection":[{"href":"https:\/\/test.banneux-nd.be\/it\/wp-json\/wp\/v2\/pages"}],"about":[{"href":"https:\/\/test.banneux-nd.be\/it\/wp-json\/wp\/v2\/types\/page"}],"author":[{"embeddable":true,"href":"https:\/\/test.banneux-nd.be\/it\/wp-json\/wp\/v2\/users\/2"}],"replies":[{"embeddable":true,"href":"https:\/\/test.banneux-nd.be\/it\/wp-json\/wp\/v2\/comments?post=6719"}],"version-history":[{"count":0,"href":"https:\/\/test.banneux-nd.be\/it\/wp-json\/wp\/v2\/pages\/6719\/revisions"}],"wp:attachment":[{"href":"https:\/\/test.banneux-nd.be\/it\/wp-json\/wp\/v2\/media?parent=6719"}],"curies":[{"name":"wp","href":"https:\/\/api.w.org\/{rel}","templated":true}]}}