{"id":4225,"date":"2015-07-20T08:56:23","date_gmt":"2015-07-20T06:56:23","guid":{"rendered":"http:\/\/wwwwp2.banneux-nd.be\/banneux-notre-dame\/plattegrond\/petite-chapelle-des-apparitions\/"},"modified":"2018-04-28T22:42:18","modified_gmt":"2018-04-28T20:42:18","slug":"de-verschijningskapel","status":"publish","type":"page","link":"https:\/\/test.banneux-nd.be\/nl\/de-verschijningskapel\/","title":{"rendered":"De Verschijningskapel"},"content":{"rendered":"<p><img loading=\"lazy\" decoding=\"async\" class=\"alignleft size-thumbnail wp-image-6772\" src=\"https:\/\/test.banneux-nd.be\/wp-content\/uploads\/2018\/04\/Chapelle-des-Apparitions-1-PF.jpg\" alt=\"\" width=\"150\" height=\"150\" \/><\/p>\n<p style=\"text-align: justify;\">Op 20 januari 1933 vraagt Mariette: &#8220;<em>Wat verlangt u, Mooie Dame?<\/em>&#8221; De Mooie Dame antwoordt: &#8220;<em>Ik zou een kleine kapel willen<\/em>.&#8221;<\/p>\n<p style=\"text-align: justify;\">Op 11 april 1933 worden stappen ondernomen bij de gemeente Louveign\u00e9 stappen, om te bouwen op de nog te verwerven grond.<\/p>\n<p style=\"text-align: justify;\">Na gunstig advies van de hoofdinspecteur wordt de toestemming op de achttiende van dezelfde maand verleend.<\/p>\n<p style=\"text-align: justify;\">Op 16 mei 1933 wordt de eerste schop in de grond gestoken. Op Hemelvaartsdag 25 mei 1933 wordt de eerste steen gelegd van de verschijningskapel. Mariette Beco plaatst het herdenkingsdocument in een loden tijdcapsule in deze eerste steen. Alles wordt dan verzegeld met de hulp van de heer en mevrouw Beco. De volgende tekst staat op deze eerste steen: <em>La premi\u00e8re pierre de cette chapelle\u00a0a \u00e9t\u00e9 pos\u00e9e le 25 mai 1933, jour de l\u2019Ascension de N[otre].S[eigneur].J[esus].C[hrist].<\/em> (&#8220;<em>De eerste steen van deze kapel werd gelegd op 25 mei 1933, Hemelvaartsdag van O[nze].H[eer].J[ezus].C[hristus]<\/em>.&#8221;)<\/p>\n<p style=\"text-align: justify;\">29 mei 1933: De grond van de verschijningskapel wordt door de heer en mevrouw Beco verkocht aan de a.s.b.l. <em>Les P\u00e8lerinages Caritas<\/em>. De architecten Marcel Caron, A. Lecomte en Robert Toussaint maken een ontwerp voor de verschijningskapel.<\/p>\n<p style=\"text-align: justify;\">Op Maria Hemelvaart, 15 augustus 1933, zegent de deken van Sprimont, E.H. Borgerhof, de kapel en de klok. In de winter van 1960-1961 werd de verschijningskapel aan de achterkant aangepast en verlengd. De ontstane ruimte maakt het voor priesters gemakkelijker om toegang te krijgen tot de sacristie\u00ebn, die ook aanzienlijk zijn vergroot.<\/p>\n<p><img loading=\"lazy\" decoding=\"async\" class=\"alignright wp-image-6777 size-medium\" src=\"https:\/\/test.banneux-nd.be\/wp-content\/uploads\/2018\/04\/Chapelle-des-Apparitions-2-PF.jpg\" alt=\"\" width=\"246\" height=\"300\" srcset=\"https:\/\/test.banneux-nd.be\/wp-content\/uploads\/2018\/04\/Chapelle-des-Apparitions-2-PF.jpg 983w, https:\/\/test.banneux-nd.be\/wp-content\/uploads\/2018\/04\/Chapelle-des-Apparitions-2-PF-246x300.jpg 246w, https:\/\/test.banneux-nd.be\/wp-content\/uploads\/2018\/04\/Chapelle-des-Apparitions-2-PF-768x938.jpg 768w, https:\/\/test.banneux-nd.be\/wp-content\/uploads\/2018\/04\/Chapelle-des-Apparitions-2-PF-839x1024.jpg 839w\" sizes=\"(max-width: 246px) 100vw, 246px\" \/><\/p>\n<p style=\"text-align: justify;\">In 1993, op de 60<sup>ste<\/sup> verjaardag van de verschijningen, wordt het plein voor de verschijningskapel vergroot en de straatzijde wordt bepland om de ingetogen sfeer verder te stimuleren. Begin 1995 wordt de mogelijkheid aangebrand om voor de kapel kaarsen te laten branden.<\/p>\n","protected":false},"excerpt":{"rendered":"<p>Op 20 januari 1933 vraagt Mariette: &#8220;Wat verlangt u, Mooie Dame?&#8221; De Mooie Dame antwoordt: &#8220;Ik zou een kleine kapel willen.&#8221; Op 11 april 1933 worden stappen ondernomen bij de gemeente Louveign\u00e9 stappen, om te bouwen op de nog te verwerven grond. Na gunstig advies van de hoofdinspecteur wordt de toestemming op de achttiende van dezelfde maand verleend. Op 16 mei 1933 wordt de eerste schop in de grond gestoken. Op Hemelvaartsdag 25 mei 1933 wordt de eerste steen gelegd van de verschijningskapel. Mariette Beco plaatst het herdenkingsdocument in een loden tijdcapsule in deze eerste steen. Alles wordt dan verzegeld met de hulp van de heer en mevrouw Beco. De volgende tekst staat op deze eerste steen: La premi\u00e8re pierre&hellip;<\/p>\n","protected":false},"author":2,"featured_media":0,"parent":0,"menu_order":0,"comment_status":"closed","ping_status":"closed","template":"","meta":{"advgb_blocks_editor_width":"","advgb_blocks_columns_visual_guide":"","footnotes":""},"class_list":["post-4225","page","type-page","status-publish","hentry"],"yoast_head":"<!-- This site is optimized with the Yoast SEO plugin v25.6 - https:\/\/yoast.com\/wordpress\/plugins\/seo\/ -->\n<title>De Verschijningskapel - Banneux Notre-Dame<\/title>\n<meta name=\"robots\" content=\"index, follow, max-snippet:-1, max-image-preview:large, max-video-preview:-1\" \/>\n<link rel=\"canonical\" href=\"https:\/\/test.banneux-nd.be\/nl\/de-verschijningskapel\/\" \/>\n<meta property=\"og:locale\" content=\"nl_NL\" \/>\n<meta property=\"og:type\" content=\"article\" \/>\n<meta property=\"og:title\" content=\"De Verschijningskapel - Banneux Notre-Dame\" \/>\n<meta property=\"og:description\" content=\"Op 20 januari 1933 vraagt Mariette: &#8220;Wat verlangt u, Mooie Dame?&#8221; De Mooie Dame antwoordt: &#8220;Ik zou een kleine kapel willen.&#8221; Op 11 april 1933 worden stappen ondernomen bij de gemeente Louveign\u00e9 stappen, om te bouwen op de nog te verwerven grond. Na gunstig advies van de hoofdinspecteur wordt de toestemming op de achttiende van dezelfde maand verleend. Op 16 mei 1933 wordt de eerste schop in de grond gestoken. Op Hemelvaartsdag 25 mei 1933 wordt de eerste steen gelegd van de verschijningskapel. Mariette Beco plaatst het herdenkingsdocument in een loden tijdcapsule in deze eerste steen. Alles wordt dan verzegeld met de hulp van de heer en mevrouw Beco. De volgende tekst staat op deze eerste steen: La premi\u00e8re pierre&hellip;\" \/>\n<meta property=\"og:url\" content=\"https:\/\/test.banneux-nd.be\/nl\/de-verschijningskapel\/\" \/>\n<meta property=\"og:site_name\" content=\"Banneux Notre-Dame\" \/>\n<meta property=\"article:publisher\" content=\"https:\/\/www.facebook.com\/NDBanneux\/\" \/>\n<meta property=\"article:modified_time\" content=\"2018-04-28T20:42:18+00:00\" \/>\n<meta property=\"og:image\" content=\"https:\/\/test.banneux-nd.be\/wp-content\/uploads\/2018\/04\/Chapelle-des-Apparitions-1-PF.jpg\" \/>\n<meta name=\"twitter:card\" content=\"summary_large_image\" \/>\n<meta name=\"twitter:label1\" content=\"Est. reading time\" \/>\n\t<meta name=\"twitter:data1\" content=\"1 minute\" \/>\n<script type=\"application\/ld+json\" class=\"yoast-schema-graph\">{\"@context\":\"https:\/\/schema.org\",\"@graph\":[{\"@type\":\"WebPage\",\"@id\":\"https:\/\/test.banneux-nd.be\/nl\/de-verschijningskapel\/\",\"url\":\"https:\/\/test.banneux-nd.be\/nl\/de-verschijningskapel\/\",\"name\":\"De Verschijningskapel - Banneux Notre-Dame\",\"isPartOf\":{\"@id\":\"https:\/\/test.banneux-nd.be\/nl\/#website\"},\"primaryImageOfPage\":{\"@id\":\"https:\/\/test.banneux-nd.be\/nl\/de-verschijningskapel\/#primaryimage\"},\"image\":{\"@id\":\"https:\/\/test.banneux-nd.be\/nl\/de-verschijningskapel\/#primaryimage\"},\"thumbnailUrl\":\"https:\/\/test.banneux-nd.be\/wp-content\/uploads\/2018\/04\/Chapelle-des-Apparitions-1-PF.jpg\",\"datePublished\":\"2015-07-20T06:56:23+00:00\",\"dateModified\":\"2018-04-28T20:42:18+00:00\",\"breadcrumb\":{\"@id\":\"https:\/\/test.banneux-nd.be\/nl\/de-verschijningskapel\/#breadcrumb\"},\"inLanguage\":\"nl-NL\",\"potentialAction\":[{\"@type\":\"ReadAction\",\"target\":[\"https:\/\/test.banneux-nd.be\/nl\/de-verschijningskapel\/\"]}]},{\"@type\":\"ImageObject\",\"inLanguage\":\"nl-NL\",\"@id\":\"https:\/\/test.banneux-nd.be\/nl\/de-verschijningskapel\/#primaryimage\",\"url\":\"https:\/\/test.banneux-nd.be\/wp-content\/uploads\/2018\/04\/Chapelle-des-Apparitions-1-PF.jpg\",\"contentUrl\":\"https:\/\/test.banneux-nd.be\/wp-content\/uploads\/2018\/04\/Chapelle-des-Apparitions-1-PF.jpg\"},{\"@type\":\"BreadcrumbList\",\"@id\":\"https:\/\/test.banneux-nd.be\/nl\/de-verschijningskapel\/#breadcrumb\",\"itemListElement\":[{\"@type\":\"ListItem\",\"position\":1,\"name\":\"Accueil\",\"item\":\"https:\/\/test.banneux-nd.be\/nl\/\"},{\"@type\":\"ListItem\",\"position\":2,\"name\":\"De Verschijningskapel\"}]},{\"@type\":\"WebSite\",\"@id\":\"https:\/\/test.banneux-nd.be\/nl\/#website\",\"url\":\"https:\/\/test.banneux-nd.be\/nl\/\",\"name\":\"Banneux Notre-Dame\",\"description\":\"Sanctuaire de la Vierge des Pauvres (Belgique)\",\"potentialAction\":[{\"@type\":\"SearchAction\",\"target\":{\"@type\":\"EntryPoint\",\"urlTemplate\":\"https:\/\/test.banneux-nd.be\/nl\/?s={search_term_string}\"},\"query-input\":{\"@type\":\"PropertyValueSpecification\",\"valueRequired\":true,\"valueName\":\"search_term_string\"}}],\"inLanguage\":\"nl-NL\"}]}<\/script>\n<!-- \/ Yoast SEO plugin. -->","yoast_head_json":{"title":"De Verschijningskapel - Banneux Notre-Dame","robots":{"index":"index","follow":"follow","max-snippet":"max-snippet:-1","max-image-preview":"max-image-preview:large","max-video-preview":"max-video-preview:-1"},"canonical":"https:\/\/test.banneux-nd.be\/nl\/de-verschijningskapel\/","og_locale":"nl_NL","og_type":"article","og_title":"De Verschijningskapel - Banneux Notre-Dame","og_description":"Op 20 januari 1933 vraagt Mariette: &#8220;Wat verlangt u, Mooie Dame?&#8221; De Mooie Dame antwoordt: &#8220;Ik zou een kleine kapel willen.&#8221; Op 11 april 1933 worden stappen ondernomen bij de gemeente Louveign\u00e9 stappen, om te bouwen op de nog te verwerven grond. Na gunstig advies van de hoofdinspecteur wordt de toestemming op de achttiende van dezelfde maand verleend. Op 16 mei 1933 wordt de eerste schop in de grond gestoken. Op Hemelvaartsdag 25 mei 1933 wordt de eerste steen gelegd van de verschijningskapel. Mariette Beco plaatst het herdenkingsdocument in een loden tijdcapsule in deze eerste steen. Alles wordt dan verzegeld met de hulp van de heer en mevrouw Beco. De volgende tekst staat op deze eerste steen: La premi\u00e8re pierre&hellip;","og_url":"https:\/\/test.banneux-nd.be\/nl\/de-verschijningskapel\/","og_site_name":"Banneux Notre-Dame","article_publisher":"https:\/\/www.facebook.com\/NDBanneux\/","article_modified_time":"2018-04-28T20:42:18+00:00","og_image":[{"url":"https:\/\/test.banneux-nd.be\/wp-content\/uploads\/2018\/04\/Chapelle-des-Apparitions-1-PF.jpg","type":"","width":"","height":""}],"twitter_card":"summary_large_image","twitter_misc":{"Est. reading time":"1 minute"},"schema":{"@context":"https:\/\/schema.org","@graph":[{"@type":"WebPage","@id":"https:\/\/test.banneux-nd.be\/nl\/de-verschijningskapel\/","url":"https:\/\/test.banneux-nd.be\/nl\/de-verschijningskapel\/","name":"De Verschijningskapel - Banneux Notre-Dame","isPartOf":{"@id":"https:\/\/test.banneux-nd.be\/nl\/#website"},"primaryImageOfPage":{"@id":"https:\/\/test.banneux-nd.be\/nl\/de-verschijningskapel\/#primaryimage"},"image":{"@id":"https:\/\/test.banneux-nd.be\/nl\/de-verschijningskapel\/#primaryimage"},"thumbnailUrl":"https:\/\/test.banneux-nd.be\/wp-content\/uploads\/2018\/04\/Chapelle-des-Apparitions-1-PF.jpg","datePublished":"2015-07-20T06:56:23+00:00","dateModified":"2018-04-28T20:42:18+00:00","breadcrumb":{"@id":"https:\/\/test.banneux-nd.be\/nl\/de-verschijningskapel\/#breadcrumb"},"inLanguage":"nl-NL","potentialAction":[{"@type":"ReadAction","target":["https:\/\/test.banneux-nd.be\/nl\/de-verschijningskapel\/"]}]},{"@type":"ImageObject","inLanguage":"nl-NL","@id":"https:\/\/test.banneux-nd.be\/nl\/de-verschijningskapel\/#primaryimage","url":"https:\/\/test.banneux-nd.be\/wp-content\/uploads\/2018\/04\/Chapelle-des-Apparitions-1-PF.jpg","contentUrl":"https:\/\/test.banneux-nd.be\/wp-content\/uploads\/2018\/04\/Chapelle-des-Apparitions-1-PF.jpg"},{"@type":"BreadcrumbList","@id":"https:\/\/test.banneux-nd.be\/nl\/de-verschijningskapel\/#breadcrumb","itemListElement":[{"@type":"ListItem","position":1,"name":"Accueil","item":"https:\/\/test.banneux-nd.be\/nl\/"},{"@type":"ListItem","position":2,"name":"De Verschijningskapel"}]},{"@type":"WebSite","@id":"https:\/\/test.banneux-nd.be\/nl\/#website","url":"https:\/\/test.banneux-nd.be\/nl\/","name":"Banneux Notre-Dame","description":"Sanctuaire de la Vierge des Pauvres (Belgique)","potentialAction":[{"@type":"SearchAction","target":{"@type":"EntryPoint","urlTemplate":"https:\/\/test.banneux-nd.be\/nl\/?s={search_term_string}"},"query-input":{"@type":"PropertyValueSpecification","valueRequired":true,"valueName":"search_term_string"}}],"inLanguage":"nl-NL"}]}},"coauthors":[],"author_meta":{"author_link":"https:\/\/test.banneux-nd.be\/nl\/author\/adminfr\/","display_name":"adminFR"},"relative_dates":{"created":"Geplaatst 11 years geleden","modified":"Bijgewerkt 8 years geleden"},"absolute_dates":{"created":"Geplaatst op 20 July 2015","modified":"Bijgewerkt op 28 April 2018"},"absolute_dates_time":{"created":"Geplaatst op 20 July 2015 8 h 56 min","modified":"Bijgewerkt op 28 April 2018 22 h 42 min"},"featured_img_caption":"","featured_img":false,"series_order":"","_links":{"self":[{"href":"https:\/\/test.banneux-nd.be\/nl\/wp-json\/wp\/v2\/pages\/4225"}],"collection":[{"href":"https:\/\/test.banneux-nd.be\/nl\/wp-json\/wp\/v2\/pages"}],"about":[{"href":"https:\/\/test.banneux-nd.be\/nl\/wp-json\/wp\/v2\/types\/page"}],"author":[{"embeddable":true,"href":"https:\/\/test.banneux-nd.be\/nl\/wp-json\/wp\/v2\/users\/2"}],"replies":[{"embeddable":true,"href":"https:\/\/test.banneux-nd.be\/nl\/wp-json\/wp\/v2\/comments?post=4225"}],"version-history":[{"count":0,"href":"https:\/\/test.banneux-nd.be\/nl\/wp-json\/wp\/v2\/pages\/4225\/revisions"}],"wp:attachment":[{"href":"https:\/\/test.banneux-nd.be\/nl\/wp-json\/wp\/v2\/media?parent=4225"}],"curies":[{"name":"wp","href":"https:\/\/api.w.org\/{rel}","templated":true}]}}