{"id":15866,"date":"2021-09-09T13:33:26","date_gmt":"2021-09-09T11:33:26","guid":{"rendered":"https:\/\/banneux-nd.be\/harmonogram-obchodow\/"},"modified":"2023-05-25T12:09:17","modified_gmt":"2023-05-25T10:09:17","slug":"harmonogram-obchodow","status":"publish","type":"page","link":"https:\/\/test.banneux-nd.be\/pl\/harmonogram-obchodow\/","title":{"rendered":"Harmonogram obchod\u00f3w"},"content":{"rendered":"\n<p class=\"has-text-align-center\"><\/p>\n\n\n\n<h3 class=\"wp-block-heading advgb-dyn-f5323415\"><strong>Msze \u015bw. w j\u0119zyku francuskim (od maja do po\u0142owy pa\u017adziernika)<\/strong><\/h3>\n\n\n\n<p class=\"has-text-align-center\"><\/p>\n\n\n\n<p><strong>Msze niedzielne<\/strong> :<\/p>\n\n\n\n<ul class=\"wp-block-list\">\n<li>sobota o 16.00<\/li>\n\n\n\n<li>Niedziela w godz. 8:30 &#8211; 11:15 &#8211; 16:00<\/li>\n\n\n\n<li>Masa<em> mi\u0119dzynarodowy<\/em> o 10:30<\/li>\n<\/ul>\n\n\n\n<p><strong>W tygodniu : <\/strong><\/p>\n\n\n\n<ul class=\"wp-block-list\">\n<li>od poniedzia\u0142ku do soboty 8:00 &#8211; 11:30 &#8211; 16:00<\/li>\n<\/ul>\n\n\n\n<p><strong>B\u0142ogos\u0142awie\u0144stwo chorych<\/strong><\/p>\n\n\n\n<ul class=\"wp-block-list\">\n<li>Codziennie opr\u00f3cz pi\u0105tku o godz.<\/li>\n<\/ul>\n\n\n\n<p><strong>Cze\u015b\u0107<\/strong><\/p>\n\n\n\n<ul class=\"wp-block-list\">\n<li>Ca\u0142y dzie\u0144 w kaplicy Saint-Michel-et-Sainte-Jeanne-d&#8217;Arc<\/li>\n<\/ul>\n\n\n\n<p><strong>Spowied\u017a<\/strong><\/p>\n\n\n\n<ul class=\"wp-block-list\">\n<li>Od poniedzia\u0142ku do czwartku: 10:00-12:00 i 14:00-16:00 w recepcji spowiedzi (nr 5 na mapie)<\/li>\n\n\n\n<li>Pi\u0105tek: skontaktuj si\u0119 ze schroniskiem Cur\u00e9 d&#8217;Ars<\/li>\n\n\n\n<li>Sobota i niedziela: w pobli\u017cu kaplicy Marie M\u00e9diatrice od 15:00 do 16:00<\/li>\n<\/ul>\n\n\n\n<p><strong>R\u00f3\u017caniec<\/strong><\/p>\n\n\n\n<ul class=\"wp-block-list\">\n<li>Ka\u017cdego wieczoru o 19:00 w Kaplicy Naj\u015bwi\u0119tszego Sakramentu<\/li>\n<\/ul>\n\n\n\n<p class=\"has-text-align-center\"><strong><a href=\"https:\/\/test.banneux-nd.be\/pl\/calendrier\/\" target=\"_blank\" rel=\"noopener noreferrer\">Kalendarz<\/a><\/strong><\/p>\n\n\n\n<p class=\"has-text-align-center\"><strong>Istnieje mo\u017cliwo\u015b\u0107 zorganizowania innych uroczysto\u015bci<br>na \u017cyczenie dla Twojej grupy<\/strong><\/p>\n\n\n\n<h3 class=\"wp-block-heading advgb-dyn-805f13be\"><strong>Msze \u015bw. w j\u0119zyku francuskim (po\u0142owa pa\u017adziernika pod koniec kwietnia)<\/strong><\/h3>\n\n\n\n<p class=\"has-text-align-center\"><\/p>\n\n\n\n<p><strong>Msze niedzielne<\/strong> :<\/p>\n\n\n\n<ul class=\"wp-block-list\">\n<li>sobota o 16.00<\/li>\n\n\n\n<li>Niedziela w godz. 8:30 &#8211; 11:15 &#8211; 16:00<\/li>\n<\/ul>\n\n\n\n<p><strong>W tygodniu : <\/strong><\/p>\n\n\n\n<ul class=\"wp-block-list\">\n<li><strong>od poniedzia\u0142ku do soboty<\/strong> 8:00 &#8211; 11:30 &#8211; 16:00<\/li>\n<\/ul>\n\n\n\n<p><strong>Cze\u015b\u0107<\/strong><\/p>\n\n\n\n<ul class=\"wp-block-list\">\n<li><strong>Ca\u0142y dzie\u0144<\/strong> w kaplicy krzy\u017ca<\/li>\n<\/ul>\n\n\n\n<p><strong>Spowied\u017a<\/strong><\/p>\n\n\n\n<ul class=\"wp-block-list\">\n<li>Od poniedzia\u0142ku do pi\u0105tku: 10:00-12:00 i 14:00-16:00 Skontaktuj si\u0119 ze schroniskiem Cur\u00e9 d&#8217;Ars<\/li>\n\n\n\n<li>Sobota i niedziela: w pobli\u017cu kaplicy Marie M\u00e9diatrice od 15:00 do 16:00<\/li>\n<\/ul>\n\n\n\n<p><strong>R\u00f3\u017caniec<\/strong><\/p>\n\n\n\n<ul class=\"wp-block-list\">\n<li>Ka\u017cdego wieczoru o 19:00 w Kaplicy Naj\u015bwi\u0119tszego Sakramentu<\/li>\n<\/ul>\n\n\n\n<p class=\"has-text-align-center\"><strong>Istnieje mo\u017cliwo\u015b\u0107 zorganizowania innych uroczysto\u015bci<br>na \u017cyczenie dla Twojej grupy!<\/strong><\/p>\n\n\n","protected":false},"excerpt":{"rendered":"<p>Msze \u015bw. w j\u0119zyku francuskim (od maja do po\u0142owy pa\u017adziernika) Msze niedzielne : W tygodniu : B\u0142ogos\u0142awie\u0144stwo chorych Cze\u015b\u0107 Spowied\u017a R\u00f3\u017caniec Kalendarz Istnieje mo\u017cliwo\u015b\u0107 zorganizowania innych uroczysto\u015bcina \u017cyczenie dla Twojej grupy Msze \u015bw. w j\u0119zyku francuskim (po\u0142owa pa\u017adziernika pod koniec kwietnia) Msze niedzielne : W tygodniu : Cze\u015b\u0107 Spowied\u017a R\u00f3\u017caniec Istnieje mo\u017cliwo\u015b\u0107 zorganizowania innych uroczysto\u015bcina \u017cyczenie dla Twojej grupy!<\/p>\n","protected":false},"author":10,"featured_media":0,"parent":0,"menu_order":0,"comment_status":"closed","ping_status":"closed","template":"","meta":{"advgb_blocks_editor_width":"","advgb_blocks_columns_visual_guide":"","footnotes":""},"class_list":["post-15866","page","type-page","status-publish","hentry"],"yoast_head":"<!-- This site is optimized with the Yoast SEO plugin v25.6 - https:\/\/yoast.com\/wordpress\/plugins\/seo\/ -->\n<title>Harmonogram obchod\u00f3w - Banneux Notre-Dame<\/title>\n<meta name=\"description\" content=\"Niepewno\u015b\u0107 wci\u0105\u017c wisi nad sezonem pielgrzymek. Postanowili\u015bmy jednak wznowi\u0107 Msze \u015bw. twarz\u0105 w twarz od 1 maja 2021 r.\" \/>\n<meta name=\"robots\" content=\"index, follow, max-snippet:-1, max-image-preview:large, max-video-preview:-1\" \/>\n<link rel=\"canonical\" href=\"https:\/\/test.banneux-nd.be\/pl\/harmonogram-obchodow\/\" \/>\n<meta property=\"og:locale\" content=\"pl_PL\" \/>\n<meta property=\"og:type\" content=\"article\" \/>\n<meta property=\"og:title\" content=\"Harmonogram obchod\u00f3w - Banneux Notre-Dame\" \/>\n<meta property=\"og:description\" content=\"Niepewno\u015b\u0107 wci\u0105\u017c wisi nad sezonem pielgrzymek. Postanowili\u015bmy jednak wznowi\u0107 Msze \u015bw. twarz\u0105 w twarz od 1 maja 2021 r.\" \/>\n<meta property=\"og:url\" content=\"https:\/\/test.banneux-nd.be\/pl\/harmonogram-obchodow\/\" \/>\n<meta property=\"og:site_name\" content=\"Banneux Notre-Dame\" \/>\n<meta property=\"article:publisher\" content=\"https:\/\/www.facebook.com\/NDBanneux\/\" \/>\n<meta property=\"article:modified_time\" content=\"2023-05-25T10:09:17+00:00\" \/>\n<meta name=\"twitter:card\" content=\"summary_large_image\" \/>\n<meta name=\"twitter:label1\" content=\"Est. reading time\" \/>\n\t<meta name=\"twitter:data1\" content=\"1 minute\" \/>\n<script type=\"application\/ld+json\" class=\"yoast-schema-graph\">{\"@context\":\"https:\/\/schema.org\",\"@graph\":[{\"@type\":\"WebPage\",\"@id\":\"https:\/\/test.banneux-nd.be\/pl\/harmonogram-obchodow\/\",\"url\":\"https:\/\/test.banneux-nd.be\/pl\/harmonogram-obchodow\/\",\"name\":\"Harmonogram obchod\u00f3w - Banneux Notre-Dame\",\"isPartOf\":{\"@id\":\"https:\/\/test.banneux-nd.be\/pl\/#website\"},\"datePublished\":\"2021-09-09T11:33:26+00:00\",\"dateModified\":\"2023-05-25T10:09:17+00:00\",\"description\":\"Niepewno\u015b\u0107 wci\u0105\u017c wisi nad sezonem pielgrzymek. Postanowili\u015bmy jednak wznowi\u0107 Msze \u015bw. twarz\u0105 w twarz od 1 maja 2021 r.\",\"breadcrumb\":{\"@id\":\"https:\/\/test.banneux-nd.be\/pl\/harmonogram-obchodow\/#breadcrumb\"},\"inLanguage\":\"pl-PL\",\"potentialAction\":[{\"@type\":\"ReadAction\",\"target\":[\"https:\/\/test.banneux-nd.be\/pl\/harmonogram-obchodow\/\"]}]},{\"@type\":\"BreadcrumbList\",\"@id\":\"https:\/\/test.banneux-nd.be\/pl\/harmonogram-obchodow\/#breadcrumb\",\"itemListElement\":[{\"@type\":\"ListItem\",\"position\":1,\"name\":\"Accueil\",\"item\":\"https:\/\/test.banneux-nd.be\/pl\/\"},{\"@type\":\"ListItem\",\"position\":2,\"name\":\"Harmonogram obchod\u00f3w\"}]},{\"@type\":\"WebSite\",\"@id\":\"https:\/\/test.banneux-nd.be\/pl\/#website\",\"url\":\"https:\/\/test.banneux-nd.be\/pl\/\",\"name\":\"Banneux Notre-Dame\",\"description\":\"Sanctuaire de la Vierge des Pauvres (Belgique)\",\"potentialAction\":[{\"@type\":\"SearchAction\",\"target\":{\"@type\":\"EntryPoint\",\"urlTemplate\":\"https:\/\/test.banneux-nd.be\/pl\/?s={search_term_string}\"},\"query-input\":{\"@type\":\"PropertyValueSpecification\",\"valueRequired\":true,\"valueName\":\"search_term_string\"}}],\"inLanguage\":\"pl-PL\"}]}<\/script>\n<!-- \/ Yoast SEO plugin. -->","yoast_head_json":{"title":"Harmonogram obchod\u00f3w - Banneux Notre-Dame","description":"Niepewno\u015b\u0107 wci\u0105\u017c wisi nad sezonem pielgrzymek. Postanowili\u015bmy jednak wznowi\u0107 Msze \u015bw. twarz\u0105 w twarz od 1 maja 2021 r.","robots":{"index":"index","follow":"follow","max-snippet":"max-snippet:-1","max-image-preview":"max-image-preview:large","max-video-preview":"max-video-preview:-1"},"canonical":"https:\/\/test.banneux-nd.be\/pl\/harmonogram-obchodow\/","og_locale":"pl_PL","og_type":"article","og_title":"Harmonogram obchod\u00f3w - Banneux Notre-Dame","og_description":"Niepewno\u015b\u0107 wci\u0105\u017c wisi nad sezonem pielgrzymek. Postanowili\u015bmy jednak wznowi\u0107 Msze \u015bw. twarz\u0105 w twarz od 1 maja 2021 r.","og_url":"https:\/\/test.banneux-nd.be\/pl\/harmonogram-obchodow\/","og_site_name":"Banneux Notre-Dame","article_publisher":"https:\/\/www.facebook.com\/NDBanneux\/","article_modified_time":"2023-05-25T10:09:17+00:00","twitter_card":"summary_large_image","twitter_misc":{"Est. reading time":"1 minute"},"schema":{"@context":"https:\/\/schema.org","@graph":[{"@type":"WebPage","@id":"https:\/\/test.banneux-nd.be\/pl\/harmonogram-obchodow\/","url":"https:\/\/test.banneux-nd.be\/pl\/harmonogram-obchodow\/","name":"Harmonogram obchod\u00f3w - Banneux Notre-Dame","isPartOf":{"@id":"https:\/\/test.banneux-nd.be\/pl\/#website"},"datePublished":"2021-09-09T11:33:26+00:00","dateModified":"2023-05-25T10:09:17+00:00","description":"Niepewno\u015b\u0107 wci\u0105\u017c wisi nad sezonem pielgrzymek. Postanowili\u015bmy jednak wznowi\u0107 Msze \u015bw. twarz\u0105 w twarz od 1 maja 2021 r.","breadcrumb":{"@id":"https:\/\/test.banneux-nd.be\/pl\/harmonogram-obchodow\/#breadcrumb"},"inLanguage":"pl-PL","potentialAction":[{"@type":"ReadAction","target":["https:\/\/test.banneux-nd.be\/pl\/harmonogram-obchodow\/"]}]},{"@type":"BreadcrumbList","@id":"https:\/\/test.banneux-nd.be\/pl\/harmonogram-obchodow\/#breadcrumb","itemListElement":[{"@type":"ListItem","position":1,"name":"Accueil","item":"https:\/\/test.banneux-nd.be\/pl\/"},{"@type":"ListItem","position":2,"name":"Harmonogram obchod\u00f3w"}]},{"@type":"WebSite","@id":"https:\/\/test.banneux-nd.be\/pl\/#website","url":"https:\/\/test.banneux-nd.be\/pl\/","name":"Banneux Notre-Dame","description":"Sanctuaire de la Vierge des Pauvres (Belgique)","potentialAction":[{"@type":"SearchAction","target":{"@type":"EntryPoint","urlTemplate":"https:\/\/test.banneux-nd.be\/pl\/?s={search_term_string}"},"query-input":{"@type":"PropertyValueSpecification","valueRequired":true,"valueName":"search_term_string"}}],"inLanguage":"pl-PL"}]}},"coauthors":[],"author_meta":{"author_link":"https:\/\/test.banneux-nd.be\/pl\/author\/sanctuaire\/","display_name":"Fabian Delarbre"},"relative_dates":{"created":"Opublikowano 5 years temu","modified":"Zaktualizowano 3 years temu"},"absolute_dates":{"created":"Opublikowano 9 September 2021","modified":"Zaktualizowano 25 May 2023"},"absolute_dates_time":{"created":"Opublikowano 9 September 2021 13 h 33 min","modified":"Zaktualizowano 25 May 2023 12 h 09 min"},"featured_img_caption":"","featured_img":false,"series_order":"","_links":{"self":[{"href":"https:\/\/test.banneux-nd.be\/pl\/wp-json\/wp\/v2\/pages\/15866"}],"collection":[{"href":"https:\/\/test.banneux-nd.be\/pl\/wp-json\/wp\/v2\/pages"}],"about":[{"href":"https:\/\/test.banneux-nd.be\/pl\/wp-json\/wp\/v2\/types\/page"}],"author":[{"embeddable":true,"href":"https:\/\/test.banneux-nd.be\/pl\/wp-json\/wp\/v2\/users\/10"}],"replies":[{"embeddable":true,"href":"https:\/\/test.banneux-nd.be\/pl\/wp-json\/wp\/v2\/comments?post=15866"}],"version-history":[{"count":3,"href":"https:\/\/test.banneux-nd.be\/pl\/wp-json\/wp\/v2\/pages\/15866\/revisions"}],"predecessor-version":[{"id":17419,"href":"https:\/\/test.banneux-nd.be\/pl\/wp-json\/wp\/v2\/pages\/15866\/revisions\/17419"}],"wp:attachment":[{"href":"https:\/\/test.banneux-nd.be\/pl\/wp-json\/wp\/v2\/media?parent=15866"}],"curies":[{"name":"wp","href":"https:\/\/api.w.org\/{rel}","templated":true}]}}