{"id":4346,"date":"2018-02-10T19:27:02","date_gmt":"2018-02-10T18:27:02","guid":{"rendered":"http:\/\/wwwwp2.banneux-nd.be\/?page_id=4346"},"modified":"2024-04-18T18:21:47","modified_gmt":"2024-04-18T16:21:47","slug":"calendrier","status":"publish","type":"page","link":"https:\/\/test.banneux-nd.be\/pl\/calendrier\/","title":{"rendered":"Calendrier 2024"},"content":{"rendered":"\r\n<h2 style=\"text-align: center;\">Calendrier 2024<\/h2>\r\n<h3 style=\"text-align: center;\"><span style=\"color: #0000ff;\"><strong>Lundi 15 janvier\u00a0 &#8211;\u00a0 Anniversaire 1<sup>\u00e8re<\/sup> Apparition<\/strong><\/span><\/h3>\r\n<p>8h30\u00a0 \u00a0 \u00a0 \u00a0 \u00a0 \u00a0 \u00a0Messe en fran\u00e7ais<\/p>\r\n<p>11H30\u00a0 \u00a0 \u00a0 \u00a0 \u00a0 \u00a0Messe en fran\u00e7ais<\/p>\r\n<p><strong>15H00\u00a0\u00a0\u00a0\u00a0\u00a0\u00a0\u00a0 Veill\u00e9e mariale et salut (en 3 langues)<\/strong><\/p>\r\n<p><strong>16H00 \u00a0\u00a0\u00a0\u00a0\u00a0\u00a0 Messe internationale<\/strong><\/p>\r\n<p><strong>19H00 \u00a0\u00a0\u00a0\u00a0\u00a0\u00a0 Rosaire avec procession \u00e0 la source<\/strong><\/p>\r\n<p>&nbsp;<\/p>\r\n<h3 style=\"text-align: center;\"><span style=\"color: #0000ff;\"><strong>Jeudi 18 janvier &#8211; Anniversaire 2<sup>\u00e8me<\/sup> Apparition<\/strong><\/span><\/h3>\r\n<p>8h00\u00a0 \u00a0 \u00a0 \u00a0 \u00a0 \u00a0 \u00a0Messe en fran\u00e7ais<\/p>\r\n<p>11h30\u00a0 \u00a0 \u00a0 \u00a0 \u00a0 \u00a0 Messe en fran\u00e7ais<\/p>\r\n<p><strong>15H00\u00a0\u00a0\u00a0\u00a0\u00a0\u00a0\u00a0 Veill\u00e9e mariale et salut (en 3 langues)<\/strong><\/p>\r\n<p>16h00\u00a0 \u00a0 \u00a0 \u00a0 \u00a0 \u00a0Messe en fran\u00e7ais<\/p>\r\n<p><strong>19H00 \u00a0\u00a0\u00a0\u00a0\u00a0\u00a0 Rosaire avec procession \u00e0 la source<\/strong><\/p>\r\n<p>&nbsp;<\/p>\r\n<h3 style=\"text-align: center;\"><span style=\"color: #0000ff;\"><strong>Vendredi 19 janvier &#8211; Anniversaire 3<sup>\u00e8me<\/sup> Apparition<\/strong><\/span><\/h3>\r\n<p>8h00\u00a0 \u00a0 \u00a0 \u00a0 \u00a0 \u00a0 \u00a0Messe en fran\u00e7ais<\/p>\r\n<p>11h30\u00a0 \u00a0 \u00a0 \u00a0 \u00a0 \u00a0 Messe en fran\u00e7ais<\/p>\r\n<p><strong>15H00\u00a0\u00a0\u00a0\u00a0\u00a0\u00a0\u00a0 Veill\u00e9e mariale et salut (en 3 langues)<\/strong><\/p>\r\n<p>16h00\u00a0 \u00a0 \u00a0 \u00a0 \u00a0 \u00a0Messe en fran\u00e7ais<\/p>\r\n<p><strong>19H00 \u00a0\u00a0\u00a0\u00a0\u00a0\u00a0 Rosaire avec procession \u00e0 la source<\/strong><\/p>\r\n<p>&nbsp;<\/p>\r\n<h3 style=\"text-align: center;\"><span style=\"color: #0000ff;\"><strong>Samedi 20 janvier &#8211; Anniversaire 4<sup>\u00e8me<\/sup> Apparition<\/strong><\/span><\/h3>\r\n<p>8h00\u00a0 \u00a0 \u00a0 \u00a0 \u00a0 \u00a0 \u00a0Messe en fran\u00e7ais<\/p>\r\n<p>11h30\u00a0 \u00a0 \u00a0 \u00a0 \u00a0 \u00a0 Messe en fran\u00e7ais<\/p>\r\n<p><strong>15H00\u00a0\u00a0\u00a0\u00a0\u00a0\u00a0\u00a0 Veill\u00e9e mariale et salut (en 3 langues)<\/strong><\/p>\r\n<p>16h00\u00a0 \u00a0 \u00a0 \u00a0 \u00a0 \u00a0Messe en fran\u00e7ais<\/p>\r\n<p><strong>19H00 \u00a0\u00a0\u00a0\u00a0\u00a0\u00a0 Rosaire avec procession \u00e0 la source<\/strong><\/p>\r\n<p>&nbsp;<\/p>\r\n<h3 style=\"text-align: center;\"><span style=\"color: #0000ff;\"><strong>Dimanche 11 f\u00e9vrier &#8211; Anniversaire 5<sup>\u00e8me<\/sup> Apparition <br \/>Journ\u00e9e mondiale des malades<\/strong><\/span><\/h3>\r\n<p>8h30\u00a0 \u00a0 \u00a0 \u00a0 \u00a0 \u00a0 \u00a0 Messe en fran\u00e7ais<\/p>\r\n<p><strong>11h15\u00a0 \u00a0 \u00a0 \u00a0 \u00a0 \u00a0Messe internationale<\/strong><\/p>\r\n<p><strong>15H00\u00a0\u00a0\u00a0\u00a0\u00a0\u00a0\u00a0 B\u00e9n\u00e9diction des malades (en 3 langues)<\/strong><\/p>\r\n<p>16h00\u00a0 \u00a0 \u00a0 \u00a0 \u00a0 \u00a0 Messe en fran\u00e7ais<\/p>\r\n<p><strong>19H00 \u00a0\u00a0\u00a0\u00a0\u00a0\u00a0 Rosaire avec procession \u00e0 la source<\/strong><\/p>\r\n<p>&nbsp;<\/p>\r\n<h3 style=\"text-align: center;\"><span style=\"color: #0000ff;\"><strong>Mercredi\u00a0 14\u00a0 f\u00e9vrier \u2013 Mercredi des Cendres<\/strong><\/span><\/h3>\r\n<p>8h00 \u2013 11h30 \u2013 16h\u00a0\u00a0\u00a0\u00a0\u00a0\u00a0\u00a0\u00a0\u00a0 Messe en fran\u00e7ais et imposition des Cendres<\/p>\r\n<p>19h00\u00a0\u00a0\u00a0\u00a0\u00a0\u00a0\u00a0\u00a0\u00a0\u00a0 Rosaire<\/p>\r\n<p>&nbsp;<\/p>\r\n<h3 style=\"text-align: center;\"><span style=\"color: #0000ff;\"><strong>Jeudi 15 f\u00e9vrier &#8211; Anniversaire 6<sup>\u00e8me<\/sup> Apparition<\/strong><\/span><\/h3>\r\n<p>8h00\u00a0 \u00a0 \u00a0 \u00a0 \u00a0 \u00a0 \u00a0Messe en fran\u00e7ais<\/p>\r\n<p>11h30\u00a0 \u00a0 \u00a0 \u00a0 \u00a0 \u00a0 Messe en fran\u00e7ais<\/p>\r\n<p><strong>15H00\u00a0\u00a0\u00a0\u00a0\u00a0\u00a0\u00a0 Veill\u00e9e mariale et salut (en 3 langues)<\/strong><\/p>\r\n<p>16h00\u00a0 \u00a0 \u00a0 \u00a0 \u00a0 \u00a0 Messe en fran\u00e7ais<\/p>\r\n<p><strong>19H00 \u00a0\u00a0\u00a0\u00a0\u00a0\u00a0 Rosaire avec procession \u00e0 la source<\/strong><\/p>\r\n<p>&nbsp;<\/p>\r\n<h3 style=\"text-align: center;\"><span style=\"color: #0000ff;\"><strong>Mardi 20 f\u00e9vrier &#8211; Anniversaire 7<sup>\u00e8me<\/sup> Apparition<\/strong><\/span><\/h3>\r\n<p>8h00\u00a0 \u00a0 \u00a0 \u00a0 \u00a0 \u00a0 \u00a0Messe en fran\u00e7ais<\/p>\r\n<p>11h30\u00a0 \u00a0 \u00a0 \u00a0 \u00a0 \u00a0 Messe en fran\u00e7ais<\/p>\r\n<p><strong>15H00\u00a0\u00a0\u00a0\u00a0\u00a0\u00a0\u00a0 Veill\u00e9e mariale et salut (en 3 langues)<\/strong><\/p>\r\n<p>16h00\u00a0 \u00a0 \u00a0 \u00a0 \u00a0 \u00a0Messe en fran\u00e7ais<\/p>\r\n<p><strong>19H00 \u00a0\u00a0\u00a0\u00a0\u00a0\u00a0 Rosaire avec procession \u00e0 la source<\/strong><\/p>\r\n<p>&nbsp;<\/p>\r\n<h3 style=\"text-align: center;\"><span style=\"color: #0000ff;\"><strong>Samedi 2 mars &#8211; Anniversaire 8<sup>\u00e8me<\/sup> Apparition<\/strong><\/span><\/h3>\r\n<p>8h00\u00a0 \u00a0 \u00a0 \u00a0 \u00a0 \u00a0 \u00a0 \u00a0Messe en fran\u00e7ais<\/p>\r\n<p><strong>10H30\u00a0 \u00a0 \u00a0 \u00a0 \u00a0 Messe internationale<\/strong><\/p>\r\n<p><strong>15H00\u00a0 \u00a0 \u00a0 \u00a0 \u00a0 \u00a0Veill\u00e9e mariale et salut\u00a0 (en 3 langues)<\/strong><\/p>\r\n<p><strong>16H00\u00a0 \u00a0 \u00a0 \u00a0 \u00a0 \u00a0Messe en fran\u00e7ais pr\u00e9sid\u00e9e par l\u2019abb\u00e9 Palm, Recteur<\/strong><\/p>\r\n<p><strong>19H00\u00a0 \u00a0 \u00a0 \u00a0 \u00a0 \u00a0 Rosaire avec procession \u00e0 la source<\/strong><\/p>\r\n<p>&nbsp;<\/p>\r\n<h3 style=\"text-align: center;\"><span style=\"color: #0000ff;\"><strong>Dimanche 24 mars &#8211; Dimanche des Rameaux<\/strong><\/span><\/h3>\r\n<p>8H30\u00a0 \u00a0 \u00a0 \u00a0 B\u00e9n\u00e9diction des Rameaux et Messe (en fran\u00e7ais)<\/p>\r\n<p>11H15\u00a0 \u00a0 \u00a0 \u00a0 B\u00e9n\u00e9diction des Rameaux et Messe (en fran\u00e7ais)<\/p>\r\n<p><strong>15H00\u00a0 \u00a0 \u00a0Pri\u00e8re mariale et salut (en 3 langues)<\/strong><\/p>\r\n<p>16H00\u00a0 \u00a0 \u00a0 B\u00e9n\u00e9diction des Rameaux et Messe (en fran\u00e7ais).<\/p>\r\n<p>19H00\u00a0 \u00a0 \u00a0 Rosaire<\/p>\r\n<h3 style=\"text-align: center;\"><span style=\"color: #0000ff;\"><strong>Jeudi 28 mars &#8211; Jeudi Saint<\/strong><\/span><\/h3>\r\n<p>18H00\u00a0\u00a0\u00a0\u00a0\u00a0\u00a0\u00a0 C\u00e9l\u00e9bration de la Derni\u00e8re C\u00e8ne suivie d&#8217;un temps d&#8217;adoration<\/p>\r\n<p>\u00a0\u00a0\u00a0\u00a0\u00a0\u00a0\u00a0\u00a0\u00a0 Confessions de 9H30 \u00e0 12H et de 14H \u00e0 16H30 \u00e0 l\u2019Accueil-confession<\/p>\r\n<h3>\u00a0<\/h3>\r\n<h3 style=\"text-align: center;\"><span style=\"color: #0000ff;\"><strong>Vendredi 29 mars &#8211; Vendredi Saint<\/strong><\/span><\/h3>\r\n<p>15H00\u00a0\u00a0\u00a0\u00a0\u00a0\u00a0\u00a0\u00a0\u00a0\u00a0\u00a0\u00a0\u00a0\u00a0\u00a0\u00a0 Chemins de Croix ( \u00e0 l\u2019ext\u00e9rieur et \u00e0 l\u2019int\u00e9rieur)<\/p>\r\n<p>18H00\u00a0\u00a0\u00a0\u00a0\u00a0\u00a0\u00a0\u00a0\u00a0\u00a0\u00a0\u00a0\u00a0\u00a0\u00a0\u00a0 Office de la Passion<\/p>\r\n<p>\u00a0\u00a0\u00a0\u00a0\u00a0\u00a0\u00a0\u00a0\u00a0 Confessions de 9H30 \u00e0 12H et de 14H \u00e0 16H30 \u00e0 l\u2019Accueil-confession<\/p>\r\n<p>&nbsp;<\/p>\r\n<h3 style=\"text-align: center;\"><span style=\"color: #0000ff;\"><strong>Samedi 30 mars &#8211; Vigile Pascale<\/strong><\/span><\/h3>\r\n<p>18H00 : \u00a0\u00a0\u00a0 Vigile Pascale<\/p>\r\n<p><em>Attention pas de messe \u00e0 16H\u00a0!<\/em><\/p>\r\n<p>\u00a0\u00a0\u00a0\u00a0\u00a0\u00a0\u00a0\u00a0\u00a0 Confessions de 9H30 \u00e0 12H et de 14H \u00e0 16H30 \u00e0 l\u2019Accueil-confession<\/p>\r\n<p>&nbsp;<\/p>\r\n<h3 style=\"text-align: center;\"><span style=\"color: #0000ff;\"><strong>Dimanche 31 mars &#8211; P\u00e2ques<\/strong><\/span><\/h3>\r\n<p>8H30\u00a0 \u00a0 \u00a0 \u00a0 \u00a0Messe de la R\u00e9surrection en fran\u00e7ais<\/p>\r\n<p>11H15\u00a0 \u00a0 \u00a0 \u00a0 \u00a0Messe de la R\u00e9surrection en fran\u00e7ais<\/p>\r\n<p><strong>15H00\u00a0 \u00a0 \u00a0Pri\u00e8re mariale et salut (<\/strong><strong>en 3 langues<\/strong><strong>)\u00a0 <\/strong><\/p>\r\n<p>16H00\u00a0 \u00a0 \u00a0 \u00a0Messe de la R\u00e9surrection en fran\u00e7ais<\/p>\r\n<p>19H00\u00a0 \u00a0 \u00a0 \u00a0Rosaire<\/p>\r\n<p>\u00a0\u00a0\u00a0\u00a0\u00a0\u00a0\u00a0\u00a0\u00a0 Confessions de 14h \u00e0 16h30 \u00e0 l\u2019Accueil-confession<\/p>\r\n<p>&nbsp;<\/p>\r\n<h3 style=\"text-align: center;\"><span style=\"color: #0000ff;\"><strong>Lundi 1 avril &#8211; Lundi de P\u00e2ques<\/strong><\/span><\/h3>\r\n<p>8H30\u00a0 \u00a0 \u00a0 \u00a0 Messe en fran\u00e7ais<\/p>\r\n<p>11H15\u00a0 \u00a0 \u00a0 \u00a0 Messe en fran\u00e7ais<\/p>\r\n<p>16H00\u00a0 \u00a0 \u00a0 Messe en Fran\u00e7ais<\/p>\r\n<p>19H00\u00a0 \u00a0 \u00a0 Rosaire<\/p>\r\n<p><strong>Pas de confessions<\/strong><\/p>\r\n<p><strong>\u00a0<\/strong><\/p>\r\n<h3 style=\"text-align: center;\"><span style=\"color: #0000ff;\"><strong>Dimanche 7 avril &#8211; Dimanche de la Mis\u00e9ricorde divine<\/strong><\/span><\/h3>\r\n<p>8H30\u00a0 \u00a0 \u00a0 \u00a0Messe en fran\u00e7ais<\/p>\r\n<p>11H15\u00a0 \u00a0 \u00a0 \u00a0Messe en fran\u00e7ais<\/p>\r\n<p><strong>15H00\u00a0 \u00a0 Pri\u00e8re mariale et salut (<\/strong><strong>en 3 langues<\/strong><strong>)\u00a0 <\/strong><\/p>\r\n<p>\u00a016H00\u00a0 \u00a0 Messe en fran\u00e7ais<\/p>\r\n<p>19H00\u00a0 \u00a0 \u00a0Rosaire<\/p>\r\n<h3 style=\"text-align: center;\"><span style=\"color: #0000ff;\"><strong>Lundi 8 avril &#8211; Annonciation<\/strong><\/span><\/h3>\r\n<p>8h00\u00a0 \u00a0 \u00a0 \u00a0 \u00a0Messe en fran\u00e7ais<\/p>\r\n<p>11h30\u00a0\u00a0\u00a0\u00a0\u00a0\u00a0\u00a0 Messe en fran\u00e7ais<\/p>\r\n<p><strong>15H00\u00a0 \u00a0 \u00a0Pri\u00e8re mariale et salut (en 3 langues)<\/strong><\/p>\r\n<p>16h00\u00a0\u00a0\u00a0\u00a0\u00a0\u00a0\u00a0 Messe en fran\u00e7ais<\/p>\r\n<p><strong>19H00\u00a0 \u00a0 \u00a0Rosaire<\/strong><\/p>\r\n<p>&nbsp;<\/p>\r\n<h3 style=\"text-align: center;\"><span style=\"color: #0000ff;\"><strong>Mercredi 1<sup>er<\/sup> Mai \u2013 Ouverture de la Saison des p\u00e8lerinages<\/strong><\/span><\/h3>\r\n<p>Mardi de 20h \u00e0 22h : Soir\u00e9e d\u2019adoration<\/p>\r\n<p>8H30\u00a0 \u00a0 \u00a0 \u00a0 \u00a0 Messe en fran\u00e7ais<\/p>\r\n<p>9H30\u00a0 \u00a0 \u00a0 \u00a0 \u00a0 Messe en allemand<\/p>\r\n<p><strong>10H30 \u00a0\u00a0\u00a0\u00a0 Messe internationale pr\u00e9sid\u00e9e par Mgr Delville, \u00e9v\u00eaque de Li\u00e8ge\u00a0 <\/strong><\/p>\r\n<p>11H15\u00a0 \u00a0 \u00a0 \u00a0 \u00a0 Messe en fran\u00e7ais<\/p>\r\n<p><strong>15H00\u00a0\u00a0\u00a0\u00a0\u00a0 B\u00e9n\u00e9diction des malades (international)<\/strong><\/p>\r\n<p>16H00\u00a0 \u00a0 \u00a0 \u00a0 Messe en fran\u00e7ais<\/p>\r\n<p>19H00\u00a0 \u00a0 \u00a0 \u00a0 Rosaire<\/p>\r\n<p><strong>20H00\u00a0 \u00a0 \u00a0Procession aux flambeaux (international)<\/strong><\/p>\r\n<p>&nbsp;<\/p>\r\n<h3 style=\"text-align: center;\"><span style=\"color: #0000ff;\"><strong>Jeudi 9 mai &#8211; F\u00eate de l\u2019Ascension<\/strong><\/span><\/h3>\r\n<p>8H30\u00a0 \u00a0 \u00a0 \u00a0 \u00a0Messe en fran\u00e7ais<\/p>\r\n<p><strong>11H15\u00a0 \u00a0 \u00a0 \u00a0Messe internationale <\/strong><\/p>\r\n<p><strong>15H00\u00a0 \u00a0 \u00a0B\u00e9n\u00e9diction des malades (international)<\/strong><\/p>\r\n<p>16H00\u00a0 \u00a0 \u00a0 \u00a0Messe en fran\u00e7ais<\/p>\r\n<p>19H00\u00a0 \u00a0 \u00a0 \u00a0Rosaire<\/p>\r\n<p><strong>\u00a0<\/strong><\/p>\r\n<h3 style=\"text-align: center;\"><span style=\"color: #0000ff;\"><strong>Dimanche 19 mai &#8211; F\u00eate de la Pentec\u00f4te<\/strong><\/span><\/h3>\r\n<p>8H30\u00a0 \u00a0 \u00a0 \u00a0 \u00a0Messe en fran\u00e7ais<\/p>\r\n<p>9H30\u00a0 \u00a0 \u00a0 \u00a0 \u00a0Messe en allemand<\/p>\r\n<p><strong>10H30\u00a0 \u00a0 \u00a0Messe internationale <\/strong><\/p>\r\n<p>11H15\u00a0 \u00a0 \u00a0 \u00a0 \u00a0Messe en fran\u00e7ais<\/p>\r\n<p><strong>15H00\u00a0 \u00a0 \u00a0B\u00e9n\u00e9diction des malades (international)<\/strong><\/p>\r\n<p>16H00\u00a0 \u00a0 \u00a0 \u00a0Messe en fran\u00e7ais<\/p>\r\n<p>19H00\u00a0 \u00a0 \u00a0 \u00a0Rosaire<\/p>\r\n<p>&nbsp;<\/p>\r\n<h3 style=\"text-align: center;\"><span style=\"color: #0000ff;\"><strong>Lundi\u00a0 <\/strong><strong>20 mai<\/strong><strong>\u2013 Lundi de Pentec\u00f4te \u2013 F\u00eate de Marie, M\u00e8re de l\u2019\u00c9glise<\/strong><\/span><\/h3>\r\n<p>8H00\u00a0 \u00a0 \u00a0 Messe en fran\u00e7ais<\/p>\r\n<p>10H30\u00a0 \u00a0 \u00a0Messe en allemand<\/p>\r\n<p>11H00\u00a0 \u00a0 \u00a0Messe en n\u00e9erlandais<\/p>\r\n<p>11H30\u00a0 \u00a0 \u00a0 Messe en fran\u00e7ais<\/p>\r\n<p><strong>15H00\u00a0 \u00a0B\u00e9n\u00e9diction des malades (international)<\/strong><\/p>\r\n<p>16H00\u00a0 \u00a0 \u00a0Messe en fran\u00e7ais<\/p>\r\n<p>19H00\u00a0 \u00a0 \u00a0Rosaire<\/p>\r\n<h3 style=\"text-align: center;\"><span style=\"color: #0000ff;\"><strong>Dimanche 2 juin \u2013 F\u00eate-Dieu<\/strong><\/span><\/h3>\r\n<p>8H30\u00a0 \u00a0 \u00a0 \u00a0Messe en fran\u00e7ais<\/p>\r\n<p>9H30\u00a0 \u00a0 \u00a0 \u00a0Messe en allemand<\/p>\r\n<p><strong>10H30\u00a0 \u00a0Messe internationale<\/strong><\/p>\r\n<p>11H15\u00a0 \u00a0 \u00a0 Messe en fran\u00e7ais<\/p>\r\n<p style=\"text-align: justify;\"><strong>14H00\u00a0 Procession du Saint-Sacrement dans le Sanctuaire suivie de <\/strong><strong>la B\u00e9n\u00e9diction des malades (international)<\/strong><\/p>\r\n<p>16H00\u00a0 \u00a0 \u00a0Messe en fran\u00e7ais<\/p>\r\n<p>19H00\u00a0 \u00a0 \u00a0Rosaire<\/p>\r\n<h3 style=\"text-align: center;\"><span style=\"color: #0000ff;\"><strong>Jeudi 15 ao\u00fbt \u2013 F\u00eate de l\u2019Assomption<\/strong><\/span><\/h3>\r\n<p>Mercredi de 20h \u00e0 22h : Soir\u00e9e d\u2019adoration<\/p>\r\n<p>8H30\u00a0 \u00a0 \u00a0 Messe en fran\u00e7ais<\/p>\r\n<p style=\"text-align: justify;\"><strong>10h30\u00a0 \u00a0Messe internationale pr\u00e9sid\u00e9e par Mgr Delville avec la participation de la chorale Kristo Bolingo<\/strong><\/p>\r\n<p>11H15\u00a0 \u00a0 \u00a0 Messe en fran\u00e7ais<\/p>\r\n<p><strong>15H00\u00a0 \u00a0B\u00e9n\u00e9diction des malades (international)<\/strong><\/p>\r\n<p>16H00\u00a0 \u00a0 \u00a0Messe en fran\u00e7ais<\/p>\r\n<p><strong>20H00\u00a0 Procession mariale aux flambeaux (international)<\/strong><\/p>\r\n<p>&nbsp;<\/p>\r\n<h3 style=\"text-align: center;\"><span style=\"color: #0000ff;\"><strong>Du 15 au 31 ao\u00fbt<\/strong><\/span><\/h3>\r\n<p>15 jours de pri\u00e8re avec Marie<\/p>\r\n<p>&nbsp;<\/p>\r\n<h3 style=\"text-align: center;\"><span style=\"color: #0000ff;\"><strong>Samedi 31 ao\u00fbt \u2013 F\u00eate Marie M\u00e9diatrice<\/strong><\/span><\/h3>\r\n<h3 style=\"text-align: center;\"><span style=\"color: #0000ff;\"><strong>Journ\u00e9e jubilaire du 75<sup>\u00e8me<\/sup> anniversaire de la reconnaissance des Apparitions<\/strong><\/span><\/h3>\r\n<p>8H00\u00a0 \u00a0 \u00a0 Messe en fran\u00e7ais<\/p>\r\n<p><strong>10H30\u00a0 \u00a0Messe internationale pr\u00e9sid\u00e9e par Mgr Luc Terlinden, archev\u00eaque de Malines-Bruxelles<\/strong><\/p>\r\n<p><strong>15H00\u00a0 \u00a0B\u00e9n\u00e9diction des malades (international)<\/strong><\/p>\r\n<p>16H00\u00a0 \u00a0 \u00a0Messe en fran\u00e7ais.<\/p>\r\n<p><strong>20H00\u00a0 Procession mariale aux flambeaux (international)<\/strong><\/p>\r\n<p>&nbsp;<\/p>\r\n<h3 style=\"text-align: center;\"><span style=\"color: #0000ff;\"><strong>Dimanche 13 octobre \u2013 Cl\u00f4ture de la Saison des P\u00e8lerinages<\/strong><\/span><\/h3>\r\n<p>8h30\u00a0 \u00a0 \u00a0 Messe en fran\u00e7ais<\/p>\r\n<p><strong>10h30\u00a0 \u00a0Messe internationale<\/strong><\/p>\r\n<p><strong>15h00\u00a0 B\u00e9n\u00e9diction des malades (international)<\/strong><\/p>\r\n<p><strong>16h00\u00a0 Messe en fran\u00e7ais pr\u00e9sid\u00e9e par l\u2019abb\u00e9 Palm, recteur<\/strong><\/p>\r\n<p>19h00\u00a0 \u00a0 Rosaire<\/p>\r\n<h3 style=\"text-align: center;\"><span style=\"color: #0000ff;\"><strong>Vendredi 1<sup>er<\/sup> novembre &#8211; Toussaint<\/strong><\/span><\/h3>\r\n<p>Messe en fran\u00e7ais \u00e0 8h30 &#8211; 11h15 &#8211; 16h<\/p>\r\n<p>&nbsp;<\/p>\r\n<h3 style=\"text-align: center;\"><span style=\"color: #0000ff;\"><strong>Samedi 2 novembre &#8211; Journ\u00e9e de pri\u00e8re pour les d\u00e9funts<\/strong><\/span><\/h3>\r\n<p>Messe en fran\u00e7ais \u00e0 8h00 &#8211; 11h30 &#8211; 16h<\/p>\r\n<p>&nbsp;<\/p>\r\n<h3 style=\"text-align: center;\"><span style=\"color: #0000ff;\"><strong>Samedi 16 et dimanche 17 novembre \u2013 7<sup>\u00e8me<\/sup> Journ\u00e9e mondiale des Pauvres<\/strong><\/span><\/h3>\r\n<p>Programme \u00e0 pr\u00e9ciser<\/p>\r\n<h3 style=\"text-align: center;\"><span style=\"color: #0000ff;\"><strong>Dimanche 24 novembre &#8211; Christ Roi<\/strong><\/span><\/h3>\r\n<p>Messe en fran\u00e7ais \u00e0 8h30 &#8211; 11h15 &#8211; 16h<\/p>\r\n<p>&nbsp;<\/p>\r\n<h3 style=\"text-align: center;\"><span style=\"color: #0000ff;\"><strong>Lundi 9 d\u00e9cembre \u2013 F\u00eate de l\u2019Immacul\u00e9e Conception<\/strong><\/span><\/h3>\r\n<p><strong>\u00a0<\/strong>8h00 &#8211; 11h30 \u00a0\u00a0\u00a0 Messe en fran\u00e7ais<\/p>\r\n<p><strong>15H00\u00a0 \u00a0 \u00a0Veill\u00e9e mariale et salut (en 3 langues)<\/strong><\/p>\r\n<p>16h00 \u00a0\u00a0\u00a0\u00a0\u00a0\u00a0 Messe en fran\u00e7ais<\/p>\r\n<p><strong>\u00a0<\/strong><\/p>\r\n<h3 style=\"text-align: center;\"><span style=\"color: #0000ff;\"><strong>Mardi 24 d\u00e9cembre \u2013 F\u00eate de la Nativit\u00e9<\/strong><\/span><\/h3>\r\n<p><strong>\u00a0<\/strong><strong>18h00\u00a0 \u00a0 \u00a0Eucharistie festive<\/strong><\/p>\r\n<p><strong>\u00a0<\/strong><strong><em>Attention pas de messe \u00e0 16h !<\/em><\/strong><\/p>\r\n<p><strong>\u00a0<\/strong><\/p>\r\n<h3 style=\"text-align: center;\"><span style=\"color: #0000ff;\"><strong>Mercredi 25 d\u00e9cembre &#8211; No\u00ebl<\/strong><\/span><\/h3>\r\n<p><strong>\u00a0<\/strong>8H30\u00a0 \u00a0 \u00a0 Messe de No\u00ebl en fran\u00e7ais<\/p>\r\n<p>11H15\u00a0 \u00a0 \u00a0 \u00a0Messe de No\u00ebl en fran\u00e7ais<\/p>\r\n<p>16H00\u00a0 \u00a0 \u00a0Messe de No\u00ebl en fran\u00e7ais<\/p>\r\n<p>19H00\u00a0 \u00a0 \u00a0Rosaire<\/p>\r\n\r\n\r\n","protected":false},"excerpt":{"rendered":"","protected":false},"author":4,"featured_media":0,"parent":0,"menu_order":0,"comment_status":"closed","ping_status":"closed","template":"","meta":{"advgb_blocks_editor_width":"","advgb_blocks_columns_visual_guide":"","footnotes":""},"class_list":["post-4346","page","type-page","status-publish","hentry"],"yoast_head":"<!-- This site is optimized with the Yoast SEO plugin v25.6 - https:\/\/yoast.com\/wordpress\/plugins\/seo\/ -->\n<title>Calendrier 2024 - Banneux Notre-Dame<\/title>\n<meta name=\"robots\" content=\"index, follow, max-snippet:-1, max-image-preview:large, max-video-preview:-1\" \/>\n<link rel=\"canonical\" href=\"https:\/\/test.banneux-nd.be\/pl\/calendrier\/\" \/>\n<meta property=\"og:locale\" content=\"pl_PL\" \/>\n<meta property=\"og:type\" content=\"article\" \/>\n<meta property=\"og:title\" content=\"Calendrier 2024 - Banneux Notre-Dame\" \/>\n<meta property=\"og:url\" content=\"https:\/\/test.banneux-nd.be\/pl\/calendrier\/\" \/>\n<meta property=\"og:site_name\" content=\"Banneux Notre-Dame\" \/>\n<meta property=\"article:publisher\" content=\"https:\/\/www.facebook.com\/NDBanneux\/\" \/>\n<meta property=\"article:modified_time\" content=\"2024-04-18T16:21:47+00:00\" \/>\n<meta name=\"twitter:card\" content=\"summary_large_image\" \/>\n<meta name=\"twitter:label1\" content=\"Est. reading time\" \/>\n\t<meta name=\"twitter:data1\" content=\"6 minutes\" \/>\n<script type=\"application\/ld+json\" class=\"yoast-schema-graph\">{\"@context\":\"https:\/\/schema.org\",\"@graph\":[{\"@type\":\"WebPage\",\"@id\":\"https:\/\/test.banneux-nd.be\/pl\/calendrier\/\",\"url\":\"https:\/\/test.banneux-nd.be\/pl\/calendrier\/\",\"name\":\"Calendrier 2024 - Banneux Notre-Dame\",\"isPartOf\":{\"@id\":\"https:\/\/test.banneux-nd.be\/pl\/#website\"},\"datePublished\":\"2018-02-10T18:27:02+00:00\",\"dateModified\":\"2024-04-18T16:21:47+00:00\",\"breadcrumb\":{\"@id\":\"https:\/\/test.banneux-nd.be\/pl\/calendrier\/#breadcrumb\"},\"inLanguage\":\"pl-PL\",\"potentialAction\":[{\"@type\":\"ReadAction\",\"target\":[\"https:\/\/test.banneux-nd.be\/pl\/calendrier\/\"]}]},{\"@type\":\"BreadcrumbList\",\"@id\":\"https:\/\/test.banneux-nd.be\/pl\/calendrier\/#breadcrumb\",\"itemListElement\":[{\"@type\":\"ListItem\",\"position\":1,\"name\":\"Accueil\",\"item\":\"https:\/\/test.banneux-nd.be\/pl\/\"},{\"@type\":\"ListItem\",\"position\":2,\"name\":\"Calendrier 2024\"}]},{\"@type\":\"WebSite\",\"@id\":\"https:\/\/test.banneux-nd.be\/pl\/#website\",\"url\":\"https:\/\/test.banneux-nd.be\/pl\/\",\"name\":\"Banneux Notre-Dame\",\"description\":\"Sanctuaire de la Vierge des Pauvres (Belgique)\",\"potentialAction\":[{\"@type\":\"SearchAction\",\"target\":{\"@type\":\"EntryPoint\",\"urlTemplate\":\"https:\/\/test.banneux-nd.be\/pl\/?s={search_term_string}\"},\"query-input\":{\"@type\":\"PropertyValueSpecification\",\"valueRequired\":true,\"valueName\":\"search_term_string\"}}],\"inLanguage\":\"pl-PL\"}]}<\/script>\n<!-- \/ Yoast SEO plugin. -->","yoast_head_json":{"title":"Calendrier 2024 - Banneux Notre-Dame","robots":{"index":"index","follow":"follow","max-snippet":"max-snippet:-1","max-image-preview":"max-image-preview:large","max-video-preview":"max-video-preview:-1"},"canonical":"https:\/\/test.banneux-nd.be\/pl\/calendrier\/","og_locale":"pl_PL","og_type":"article","og_title":"Calendrier 2024 - Banneux Notre-Dame","og_url":"https:\/\/test.banneux-nd.be\/pl\/calendrier\/","og_site_name":"Banneux Notre-Dame","article_publisher":"https:\/\/www.facebook.com\/NDBanneux\/","article_modified_time":"2024-04-18T16:21:47+00:00","twitter_card":"summary_large_image","twitter_misc":{"Est. reading time":"6 minutes"},"schema":{"@context":"https:\/\/schema.org","@graph":[{"@type":"WebPage","@id":"https:\/\/test.banneux-nd.be\/pl\/calendrier\/","url":"https:\/\/test.banneux-nd.be\/pl\/calendrier\/","name":"Calendrier 2024 - Banneux Notre-Dame","isPartOf":{"@id":"https:\/\/test.banneux-nd.be\/pl\/#website"},"datePublished":"2018-02-10T18:27:02+00:00","dateModified":"2024-04-18T16:21:47+00:00","breadcrumb":{"@id":"https:\/\/test.banneux-nd.be\/pl\/calendrier\/#breadcrumb"},"inLanguage":"pl-PL","potentialAction":[{"@type":"ReadAction","target":["https:\/\/test.banneux-nd.be\/pl\/calendrier\/"]}]},{"@type":"BreadcrumbList","@id":"https:\/\/test.banneux-nd.be\/pl\/calendrier\/#breadcrumb","itemListElement":[{"@type":"ListItem","position":1,"name":"Accueil","item":"https:\/\/test.banneux-nd.be\/pl\/"},{"@type":"ListItem","position":2,"name":"Calendrier 2024"}]},{"@type":"WebSite","@id":"https:\/\/test.banneux-nd.be\/pl\/#website","url":"https:\/\/test.banneux-nd.be\/pl\/","name":"Banneux Notre-Dame","description":"Sanctuaire de la Vierge des Pauvres (Belgique)","potentialAction":[{"@type":"SearchAction","target":{"@type":"EntryPoint","urlTemplate":"https:\/\/test.banneux-nd.be\/pl\/?s={search_term_string}"},"query-input":{"@type":"PropertyValueSpecification","valueRequired":true,"valueName":"search_term_string"}}],"inLanguage":"pl-PL"}]}},"coauthors":[],"author_meta":{"author_link":"https:\/\/test.banneux-nd.be\/pl\/author\/dreusdeille\/","display_name":"Anne-Elisabeth N\u00e8ve"},"relative_dates":{"created":"Opublikowano 8 years temu","modified":"Zaktualizowano 2 years temu"},"absolute_dates":{"created":"Opublikowano 10 February 2018","modified":"Zaktualizowano 18 April 2024"},"absolute_dates_time":{"created":"Opublikowano 10 February 2018 19 h 27 min","modified":"Zaktualizowano 18 April 2024 18 h 21 min"},"featured_img_caption":"","featured_img":false,"series_order":"","_links":{"self":[{"href":"https:\/\/test.banneux-nd.be\/pl\/wp-json\/wp\/v2\/pages\/4346"}],"collection":[{"href":"https:\/\/test.banneux-nd.be\/pl\/wp-json\/wp\/v2\/pages"}],"about":[{"href":"https:\/\/test.banneux-nd.be\/pl\/wp-json\/wp\/v2\/types\/page"}],"author":[{"embeddable":true,"href":"https:\/\/test.banneux-nd.be\/pl\/wp-json\/wp\/v2\/users\/4"}],"replies":[{"embeddable":true,"href":"https:\/\/test.banneux-nd.be\/pl\/wp-json\/wp\/v2\/comments?post=4346"}],"version-history":[{"count":129,"href":"https:\/\/test.banneux-nd.be\/pl\/wp-json\/wp\/v2\/pages\/4346\/revisions"}],"predecessor-version":[{"id":18418,"href":"https:\/\/test.banneux-nd.be\/pl\/wp-json\/wp\/v2\/pages\/4346\/revisions\/18418"}],"wp:attachment":[{"href":"https:\/\/test.banneux-nd.be\/pl\/wp-json\/wp\/v2\/media?parent=4346"}],"curies":[{"name":"wp","href":"https:\/\/api.w.org\/{rel}","templated":true}]}}