{"id":4388,"date":"2018-02-10T20:04:28","date_gmt":"2018-02-10T19:04:28","guid":{"rendered":"http:\/\/wwwwp2.banneux-nd.be\/?page_id=4388"},"modified":"2021-04-15T15:32:16","modified_gmt":"2021-04-15T13:32:16","slug":"demander-priere","status":"publish","type":"page","link":"https:\/\/test.banneux-nd.be\/pl\/demander-priere\/","title":{"rendered":"Confier une intention de pri\u00e8re"},"content":{"rendered":"<p>Si vous souhaitez que la Vierge des Pauvres soit pri\u00e9e \u00e0 une intention qui vous est ch\u00e8re, remplissez le formulaire ci-dessous et cliquez sur le bouton &#8220;Envoyer&#8221;.<\/p>\n<p>*=zone obligatoire<\/p>\n","protected":false},"excerpt":{"rendered":"<p>Si vous souhaitez que la Vierge des Pauvres soit pri\u00e9e \u00e0 une intention qui vous est ch\u00e8re, remplissez le formulaire ci-dessous et cliquez sur le bouton &#8220;Envoyer&#8221;. *=zone obligatoire<\/p>\n","protected":false},"author":4,"featured_media":0,"parent":0,"menu_order":0,"comment_status":"closed","ping_status":"closed","template":"","meta":{"advgb_blocks_editor_width":"","advgb_blocks_columns_visual_guide":"","footnotes":""},"class_list":["post-4388","page","type-page","status-publish","hentry"],"yoast_head":"<!-- This site is optimized with the Yoast SEO plugin v25.6 - https:\/\/yoast.com\/wordpress\/plugins\/seo\/ -->\n<title>Confier une intention de pri\u00e8re - Banneux Notre-Dame<\/title>\n<meta name=\"description\" content=\"Si vous souhaitez que la Vierge des Pauvres soit pri\u00e9e \u00e0 une intention qui vous est ch\u00e8re, remplissez le formulaire ci-dessous !\" \/>\n<meta name=\"robots\" content=\"index, follow, max-snippet:-1, max-image-preview:large, max-video-preview:-1\" \/>\n<link rel=\"canonical\" href=\"https:\/\/test.banneux-nd.be\/pl\/demander-priere\/\" \/>\n<meta property=\"og:locale\" content=\"pl_PL\" \/>\n<meta property=\"og:type\" content=\"article\" \/>\n<meta property=\"og:title\" content=\"Confier une intention de pri\u00e8re - Banneux Notre-Dame\" \/>\n<meta property=\"og:description\" content=\"Si vous souhaitez que la Vierge des Pauvres soit pri\u00e9e \u00e0 une intention qui vous est ch\u00e8re, remplissez le formulaire ci-dessous !\" \/>\n<meta property=\"og:url\" content=\"https:\/\/test.banneux-nd.be\/pl\/demander-priere\/\" \/>\n<meta property=\"og:site_name\" content=\"Banneux Notre-Dame\" \/>\n<meta property=\"article:publisher\" content=\"https:\/\/www.facebook.com\/NDBanneux\/\" \/>\n<meta property=\"article:modified_time\" content=\"2021-04-15T13:32:16+00:00\" \/>\n<meta name=\"twitter:card\" content=\"summary_large_image\" \/>\n<script type=\"application\/ld+json\" class=\"yoast-schema-graph\">{\"@context\":\"https:\/\/schema.org\",\"@graph\":[{\"@type\":\"WebPage\",\"@id\":\"https:\/\/test.banneux-nd.be\/pl\/demander-priere\/\",\"url\":\"https:\/\/test.banneux-nd.be\/pl\/demander-priere\/\",\"name\":\"Confier une intention de pri\u00e8re - Banneux Notre-Dame\",\"isPartOf\":{\"@id\":\"https:\/\/test.banneux-nd.be\/pl\/#website\"},\"datePublished\":\"2018-02-10T19:04:28+00:00\",\"dateModified\":\"2021-04-15T13:32:16+00:00\",\"description\":\"Si vous souhaitez que la Vierge des Pauvres soit pri\u00e9e \u00e0 une intention qui vous est ch\u00e8re, remplissez le formulaire ci-dessous !\",\"breadcrumb\":{\"@id\":\"https:\/\/test.banneux-nd.be\/pl\/demander-priere\/#breadcrumb\"},\"inLanguage\":\"pl-PL\",\"potentialAction\":[{\"@type\":\"ReadAction\",\"target\":[\"https:\/\/test.banneux-nd.be\/pl\/demander-priere\/\"]}]},{\"@type\":\"BreadcrumbList\",\"@id\":\"https:\/\/test.banneux-nd.be\/pl\/demander-priere\/#breadcrumb\",\"itemListElement\":[{\"@type\":\"ListItem\",\"position\":1,\"name\":\"Accueil\",\"item\":\"https:\/\/test.banneux-nd.be\/pl\/\"},{\"@type\":\"ListItem\",\"position\":2,\"name\":\"Confier une intention de pri\u00e8re\"}]},{\"@type\":\"WebSite\",\"@id\":\"https:\/\/test.banneux-nd.be\/pl\/#website\",\"url\":\"https:\/\/test.banneux-nd.be\/pl\/\",\"name\":\"Banneux Notre-Dame\",\"description\":\"Sanctuaire de la Vierge des Pauvres (Belgique)\",\"potentialAction\":[{\"@type\":\"SearchAction\",\"target\":{\"@type\":\"EntryPoint\",\"urlTemplate\":\"https:\/\/test.banneux-nd.be\/pl\/?s={search_term_string}\"},\"query-input\":{\"@type\":\"PropertyValueSpecification\",\"valueRequired\":true,\"valueName\":\"search_term_string\"}}],\"inLanguage\":\"pl-PL\"}]}<\/script>\n<!-- \/ Yoast SEO plugin. -->","yoast_head_json":{"title":"Confier une intention de pri\u00e8re - Banneux Notre-Dame","description":"Si vous souhaitez que la Vierge des Pauvres soit pri\u00e9e \u00e0 une intention qui vous est ch\u00e8re, remplissez le formulaire ci-dessous !","robots":{"index":"index","follow":"follow","max-snippet":"max-snippet:-1","max-image-preview":"max-image-preview:large","max-video-preview":"max-video-preview:-1"},"canonical":"https:\/\/test.banneux-nd.be\/pl\/demander-priere\/","og_locale":"pl_PL","og_type":"article","og_title":"Confier une intention de pri\u00e8re - Banneux Notre-Dame","og_description":"Si vous souhaitez que la Vierge des Pauvres soit pri\u00e9e \u00e0 une intention qui vous est ch\u00e8re, remplissez le formulaire ci-dessous !","og_url":"https:\/\/test.banneux-nd.be\/pl\/demander-priere\/","og_site_name":"Banneux Notre-Dame","article_publisher":"https:\/\/www.facebook.com\/NDBanneux\/","article_modified_time":"2021-04-15T13:32:16+00:00","twitter_card":"summary_large_image","schema":{"@context":"https:\/\/schema.org","@graph":[{"@type":"WebPage","@id":"https:\/\/test.banneux-nd.be\/pl\/demander-priere\/","url":"https:\/\/test.banneux-nd.be\/pl\/demander-priere\/","name":"Confier une intention de pri\u00e8re - Banneux Notre-Dame","isPartOf":{"@id":"https:\/\/test.banneux-nd.be\/pl\/#website"},"datePublished":"2018-02-10T19:04:28+00:00","dateModified":"2021-04-15T13:32:16+00:00","description":"Si vous souhaitez que la Vierge des Pauvres soit pri\u00e9e \u00e0 une intention qui vous est ch\u00e8re, remplissez le formulaire ci-dessous !","breadcrumb":{"@id":"https:\/\/test.banneux-nd.be\/pl\/demander-priere\/#breadcrumb"},"inLanguage":"pl-PL","potentialAction":[{"@type":"ReadAction","target":["https:\/\/test.banneux-nd.be\/pl\/demander-priere\/"]}]},{"@type":"BreadcrumbList","@id":"https:\/\/test.banneux-nd.be\/pl\/demander-priere\/#breadcrumb","itemListElement":[{"@type":"ListItem","position":1,"name":"Accueil","item":"https:\/\/test.banneux-nd.be\/pl\/"},{"@type":"ListItem","position":2,"name":"Confier une intention de pri\u00e8re"}]},{"@type":"WebSite","@id":"https:\/\/test.banneux-nd.be\/pl\/#website","url":"https:\/\/test.banneux-nd.be\/pl\/","name":"Banneux Notre-Dame","description":"Sanctuaire de la Vierge des Pauvres (Belgique)","potentialAction":[{"@type":"SearchAction","target":{"@type":"EntryPoint","urlTemplate":"https:\/\/test.banneux-nd.be\/pl\/?s={search_term_string}"},"query-input":{"@type":"PropertyValueSpecification","valueRequired":true,"valueName":"search_term_string"}}],"inLanguage":"pl-PL"}]}},"coauthors":[],"author_meta":{"author_link":"https:\/\/test.banneux-nd.be\/pl\/author\/dreusdeille\/","display_name":"Anne-Elisabeth N\u00e8ve"},"relative_dates":{"created":"Posted 8 years ago","modified":"Updated 5 years ago"},"absolute_dates":{"created":"Posted on 10 February 2018","modified":"Updated on 15 April 2021"},"absolute_dates_time":{"created":"Posted on 10 February 2018 20 h 04 min","modified":"Updated on 15 April 2021 15 h 32 min"},"featured_img_caption":"","featured_img":false,"series_order":"","_links":{"self":[{"href":"https:\/\/test.banneux-nd.be\/pl\/wp-json\/wp\/v2\/pages\/4388"}],"collection":[{"href":"https:\/\/test.banneux-nd.be\/pl\/wp-json\/wp\/v2\/pages"}],"about":[{"href":"https:\/\/test.banneux-nd.be\/pl\/wp-json\/wp\/v2\/types\/page"}],"author":[{"embeddable":true,"href":"https:\/\/test.banneux-nd.be\/pl\/wp-json\/wp\/v2\/users\/4"}],"replies":[{"embeddable":true,"href":"https:\/\/test.banneux-nd.be\/pl\/wp-json\/wp\/v2\/comments?post=4388"}],"version-history":[{"count":5,"href":"https:\/\/test.banneux-nd.be\/pl\/wp-json\/wp\/v2\/pages\/4388\/revisions"}],"predecessor-version":[{"id":15331,"href":"https:\/\/test.banneux-nd.be\/pl\/wp-json\/wp\/v2\/pages\/4388\/revisions\/15331"}],"wp:attachment":[{"href":"https:\/\/test.banneux-nd.be\/pl\/wp-json\/wp\/v2\/media?parent=4388"}],"curies":[{"name":"wp","href":"https:\/\/api.w.org\/{rel}","templated":true}]}}