{"id":8939,"date":"2018-06-17T19:44:31","date_gmt":"2018-06-17T17:44:31","guid":{"rendered":"http:\/\/www.banneux-nd.be\/?page_id=8939"},"modified":"2024-01-23T21:02:50","modified_gmt":"2024-01-23T20:02:50","slug":"theme-annee","status":"publish","type":"page","link":"https:\/\/test.banneux-nd.be\/pl\/theme-annee\/","title":{"rendered":"Th\u00e8me d&#8217;ann\u00e9e 2024"},"content":{"rendered":"<p><img loading=\"lazy\" decoding=\"async\" class=\"aligncenter size-medium wp-image-8943\" src=\"https:\/\/test.banneux-nd.be\/wp-content\/uploads\/2018\/06\/Chemin-dessin-NB-2.tif\" alt=\"\" width=\"1\" height=\"1\" \/><\/p>\n<p><img loading=\"lazy\" decoding=\"async\" class=\"aligncenter wp-image-18227\" src=\"https:\/\/test.banneux-nd.be\/wp-content\/uploads\/2024\/01\/Theme_Annee_2024-1024x1024.png\" alt=\"\" width=\"269\" height=\"269\" srcset=\"https:\/\/test.banneux-nd.be\/wp-content\/uploads\/2024\/01\/Theme_Annee_2024-1024x1024.png 1024w, https:\/\/test.banneux-nd.be\/wp-content\/uploads\/2024\/01\/Theme_Annee_2024-300x300.png 300w, https:\/\/test.banneux-nd.be\/wp-content\/uploads\/2024\/01\/Theme_Annee_2024-150x150.png 150w, https:\/\/test.banneux-nd.be\/wp-content\/uploads\/2024\/01\/Theme_Annee_2024-768x768.png 768w, https:\/\/test.banneux-nd.be\/wp-content\/uploads\/2024\/01\/Theme_Annee_2024.png 1039w\" sizes=\"(max-width: 269px) 100vw, 269px\" \/><\/p>\n<h2 style=\"text-align: center;\"><span style=\"color: #0000ff; font-family: 'comic sans ms', sans-serif;\">Ensemble, sous ton voile de tendresse<\/span><\/h2>\n<h3><strong>Bienvenus \u00e0 la maison <\/strong><\/h3>\n<p style=\"text-align: justify;\">J\u2019\u00e9cris ces quelques lignes bien au chaud, dans mon bureau. Dehors, il fait un froid de canard qui rappelle l\u2019hiver 1933. Oui, quand le Vierge des Pauvres appara\u00eet dans le jardin des Beco, le paysage est fig\u00e9 sous la neige et la glace.<\/p>\n<p style=\"text-align: justify;\">A l\u2019approche des grands froids, nos pens\u00e9es vont vers ceux qui vivent dans la rue et qui n\u2019ont pas de toit au-dessus de la t\u00eate. \u00ab\u00a0<em>Il faut des places suppl\u00e9mentaires dans les refuges. Personne ne doit dormir dehors.\u00a0<\/em>\u00bb L\u2019initiative de nombreux bourgmestres doit \u00eatre salu\u00e9e. Et j\u2019admire ceux qui s\u2019engagent dans les foyers d\u2019h\u00e9bergement ou qui se battent pour sortir les SDF de la rue. Comment ne pas penser \u00e0 la campagne de l\u2019Avent, o\u00f9 l\u2019association \u00ab\u00a0Vivre Ensemble\u00a0\u00bb nous a sensibilis\u00e9s au droit au logement\u00a0?<\/p>\n<p style=\"text-align: justify;\">Le soir du 15 janvier 1933, Mariette se tient \u00e0 la fen\u00eatre. Dehors, il fait noir et froid. La grande s\u0153ur guette le retour de son fr\u00e8re. Pourtant ce n\u2019est pas Julien qui arrive dans le jardin, mais une belle dame rayonnante de lumi\u00e8re. Elle ne frappe pas \u00e0 la porte pour entrer chez les Beco. Elle fait un signe de la main, appelant Mariette \u00e0 la rejoindre dehors. Et l\u2019enfant n\u2019a qu\u2019une seule envie\u00a0: r\u00e9pondre \u00e0 l\u2019appel. Elle ne craint ni l\u2019obscurit\u00e9, ni le froid. L\u2019accueil de la Belle Dame est tellement chaleureux, qu\u2019elle d\u00e9sire se tenir en sa pr\u00e9sence le plus longtemps possible. Quand, apr\u00e8s le 7<sup>i\u00e8me<\/sup> apparition, Mariette pleure, on l\u2019interroge sur ses larmes\u00a0:\u00a0\u00ab\u00a0<em>Elle est partie trop vite\u00a0!<\/em>\u00a0\u00bb<\/p>\n<p style=\"text-align: justify;\">\u00ab\u00a0<em>Je d\u00e9sirerais une petite chapelle.<\/em>\u00a0\u00bb Ce d\u00e9sir de la Vierge des Pauvres a \u00e9t\u00e9 r\u00e9alis\u00e9 en un temps record. Les Beco vivaient \u00e0 l\u2019\u00e9cart et n\u2019avaient pas de voisins. A partir du 15 ao\u00fbt 1933, la Vierge des Pauvres est leur premi\u00e8re voisine. Et la petite chapelle des apparitions devient rapidement un lieu tr\u00e8s fr\u00e9quent\u00e9 dans le dioc\u00e8se de Li\u00e8ge, une \u00ab\u00a0bonne adresse\u00a0\u00bb, car dor\u00e9navant, les p\u00e8lerins savent o\u00f9 et \u00e0 qui s\u2019adresser avec leurs joies et leurs peines, ou tout simplement comme \u00e7a\u00a0!<\/p>\n<p style=\"text-align: justify;\">Il m\u2019est arriv\u00e9 une fois de saluer un p\u00e8lerin que je n\u2019avais pas vu depuis un certain temps en lui disant\u00a0: \u00ab\u00a0<em>Bienvenue \u00e0 la maison\u00a0!<\/em>\u00a0\u00bb Avec un grand sourire, il m\u2019a r\u00e9pondu\u00a0: \u00ab\u00a0<em>C\u2019est exactement ce que j\u2019ai ressenti en saluant la Vierge \u00e0 la chapelle des apparitions.<\/em> \u2018Je reviens \u00e0 la maison\u2019.\u00a0\u00bb<\/p>\n<p style=\"text-align: justify;\">Le cardinal Meisner \u00e9tait orphelin de p\u00e8re. Sa m\u00e8re a d\u00fb travailler tr\u00e8s dur pour \u00e9lever ses trois gar\u00e7ons et rentrait parfois tard. Quand l\u2019a\u00een\u00e9 rentrait de l\u2019apprentissage, il trouvait ses deux petits fr\u00e8res pench\u00e9s sur leurs devoirs scolaires. Alors, il disait souvent\u00a0: \u00ab\u00a0<em>Il n\u2019y a encore personne ici\u00a0?<\/em>\u00a0\u00bb Les deux jeunes fr\u00e8res \u00e9taient bien l\u00e0, mais il manquait la m\u00e8re. Elle \u00e9tait l\u2019\u00e2me du foyer\u00a0! Il en va de m\u00eame avec Marie. Elle est bel et bien pr\u00e9sente sept jours sur sept et vingt-quatre heures sur vingt-quatre. Elle est l\u2019\u00e2me de Banneux, toujours accessible pour ses enfants. Elle se fait un plaisir de nous accueillir, personnellement, en famille, en groupe, malades ou bienportants, et de toutes les nations.<\/p>\n<p style=\"text-align: justify;\">\u00ab\u00a0<em>Voici tes enfants, Vierge des Pauvres, tu nous a fait signe de venir, tu viens r\u00e9chauffer nos c\u0153urs de pauvres avec la douceur de ton sourire\u00a0!<\/em>\u00a0\u00bb<\/p>\n<p style=\"text-align: justify;\">A tous, une bonne ann\u00e9e de p\u00e8lerinages\u00a0!<\/p>\n<p style=\"text-align: right;\">Abb\u00e9 Leo Palm,<br \/>\nRecteur<\/p>\n<hr \/>\n","protected":false},"excerpt":{"rendered":"<p>Ensemble, sous ton voile de tendresse Bienvenus \u00e0 la maison J\u2019\u00e9cris ces quelques lignes bien au chaud, dans mon bureau. Dehors, il fait un froid de canard qui rappelle l\u2019hiver 1933. Oui, quand le Vierge des Pauvres appara\u00eet dans le jardin des Beco, le paysage est fig\u00e9 sous la neige et la glace. A l\u2019approche des grands froids, nos pens\u00e9es vont vers ceux qui vivent dans la rue et qui n\u2019ont pas de toit au-dessus de la t\u00eate. \u00ab\u00a0Il faut des places suppl\u00e9mentaires dans les refuges. Personne ne doit dormir dehors.\u00a0\u00bb L\u2019initiative de nombreux bourgmestres doit \u00eatre salu\u00e9e. Et j\u2019admire ceux qui s\u2019engagent dans les foyers d\u2019h\u00e9bergement ou qui se battent pour sortir les SDF de la rue. Comment ne&hellip;<\/p>\n","protected":false},"author":4,"featured_media":0,"parent":0,"menu_order":0,"comment_status":"closed","ping_status":"closed","template":"","meta":{"advgb_blocks_editor_width":"","advgb_blocks_columns_visual_guide":"","footnotes":""},"class_list":["post-8939","page","type-page","status-publish","hentry"],"yoast_head":"<!-- This site is optimized with the Yoast SEO plugin v25.6 - https:\/\/yoast.com\/wordpress\/plugins\/seo\/ -->\n<title>Th\u00e8me d&#039;ann\u00e9e 2024 - Banneux Notre-Dame<\/title>\n<meta name=\"robots\" content=\"index, follow, max-snippet:-1, max-image-preview:large, max-video-preview:-1\" \/>\n<link rel=\"canonical\" href=\"https:\/\/test.banneux-nd.be\/pl\/theme-annee\/\" \/>\n<meta property=\"og:locale\" content=\"pl_PL\" \/>\n<meta property=\"og:type\" content=\"article\" \/>\n<meta property=\"og:title\" content=\"Th\u00e8me d&#039;ann\u00e9e 2024 - Banneux Notre-Dame\" \/>\n<meta property=\"og:description\" content=\"Ensemble, sous ton voile de tendresse Bienvenus \u00e0 la maison J\u2019\u00e9cris ces quelques lignes bien au chaud, dans mon bureau. Dehors, il fait un froid de canard qui rappelle l\u2019hiver 1933. Oui, quand le Vierge des Pauvres appara\u00eet dans le jardin des Beco, le paysage est fig\u00e9 sous la neige et la glace. A l\u2019approche des grands froids, nos pens\u00e9es vont vers ceux qui vivent dans la rue et qui n\u2019ont pas de toit au-dessus de la t\u00eate. \u00ab\u00a0Il faut des places suppl\u00e9mentaires dans les refuges. Personne ne doit dormir dehors.\u00a0\u00bb L\u2019initiative de nombreux bourgmestres doit \u00eatre salu\u00e9e. Et j\u2019admire ceux qui s\u2019engagent dans les foyers d\u2019h\u00e9bergement ou qui se battent pour sortir les SDF de la rue. Comment ne&hellip;\" \/>\n<meta property=\"og:url\" content=\"https:\/\/test.banneux-nd.be\/pl\/theme-annee\/\" \/>\n<meta property=\"og:site_name\" content=\"Banneux Notre-Dame\" \/>\n<meta property=\"article:publisher\" content=\"https:\/\/www.facebook.com\/NDBanneux\/\" \/>\n<meta property=\"article:modified_time\" content=\"2024-01-23T20:02:50+00:00\" \/>\n<meta property=\"og:image\" content=\"https:\/\/test.banneux-nd.be\/wp-content\/uploads\/2018\/06\/Chemin-dessin-NB-2.tif\" \/>\n<meta name=\"twitter:card\" content=\"summary_large_image\" \/>\n<meta name=\"twitter:label1\" content=\"Est. reading time\" \/>\n\t<meta name=\"twitter:data1\" content=\"4 minutes\" \/>\n<script type=\"application\/ld+json\" class=\"yoast-schema-graph\">{\"@context\":\"https:\/\/schema.org\",\"@graph\":[{\"@type\":\"WebPage\",\"@id\":\"https:\/\/test.banneux-nd.be\/pl\/theme-annee\/\",\"url\":\"https:\/\/test.banneux-nd.be\/pl\/theme-annee\/\",\"name\":\"Th\u00e8me d'ann\u00e9e 2024 - Banneux Notre-Dame\",\"isPartOf\":{\"@id\":\"https:\/\/test.banneux-nd.be\/pl\/#website\"},\"primaryImageOfPage\":{\"@id\":\"https:\/\/test.banneux-nd.be\/pl\/theme-annee\/#primaryimage\"},\"image\":{\"@id\":\"https:\/\/test.banneux-nd.be\/pl\/theme-annee\/#primaryimage\"},\"thumbnailUrl\":\"https:\/\/test.banneux-nd.be\/wp-content\/uploads\/2018\/06\/Chemin-dessin-NB-2.tif\",\"datePublished\":\"2018-06-17T17:44:31+00:00\",\"dateModified\":\"2024-01-23T20:02:50+00:00\",\"breadcrumb\":{\"@id\":\"https:\/\/test.banneux-nd.be\/pl\/theme-annee\/#breadcrumb\"},\"inLanguage\":\"pl-PL\",\"potentialAction\":[{\"@type\":\"ReadAction\",\"target\":[\"https:\/\/test.banneux-nd.be\/pl\/theme-annee\/\"]}]},{\"@type\":\"ImageObject\",\"inLanguage\":\"pl-PL\",\"@id\":\"https:\/\/test.banneux-nd.be\/pl\/theme-annee\/#primaryimage\",\"url\":\"https:\/\/test.banneux-nd.be\/wp-content\/uploads\/2018\/06\/Chemin-dessin-NB-2.tif\",\"contentUrl\":\"https:\/\/test.banneux-nd.be\/wp-content\/uploads\/2018\/06\/Chemin-dessin-NB-2.tif\"},{\"@type\":\"BreadcrumbList\",\"@id\":\"https:\/\/test.banneux-nd.be\/pl\/theme-annee\/#breadcrumb\",\"itemListElement\":[{\"@type\":\"ListItem\",\"position\":1,\"name\":\"Accueil\",\"item\":\"https:\/\/test.banneux-nd.be\/pl\/\"},{\"@type\":\"ListItem\",\"position\":2,\"name\":\"Th\u00e8me d&rsquo;ann\u00e9e 2024\"}]},{\"@type\":\"WebSite\",\"@id\":\"https:\/\/test.banneux-nd.be\/pl\/#website\",\"url\":\"https:\/\/test.banneux-nd.be\/pl\/\",\"name\":\"Banneux Notre-Dame\",\"description\":\"Sanctuaire de la Vierge des Pauvres (Belgique)\",\"potentialAction\":[{\"@type\":\"SearchAction\",\"target\":{\"@type\":\"EntryPoint\",\"urlTemplate\":\"https:\/\/test.banneux-nd.be\/pl\/?s={search_term_string}\"},\"query-input\":{\"@type\":\"PropertyValueSpecification\",\"valueRequired\":true,\"valueName\":\"search_term_string\"}}],\"inLanguage\":\"pl-PL\"}]}<\/script>\n<!-- \/ Yoast SEO plugin. -->","yoast_head_json":{"title":"Th\u00e8me d'ann\u00e9e 2024 - Banneux Notre-Dame","robots":{"index":"index","follow":"follow","max-snippet":"max-snippet:-1","max-image-preview":"max-image-preview:large","max-video-preview":"max-video-preview:-1"},"canonical":"https:\/\/test.banneux-nd.be\/pl\/theme-annee\/","og_locale":"pl_PL","og_type":"article","og_title":"Th\u00e8me d'ann\u00e9e 2024 - Banneux Notre-Dame","og_description":"Ensemble, sous ton voile de tendresse Bienvenus \u00e0 la maison J\u2019\u00e9cris ces quelques lignes bien au chaud, dans mon bureau. Dehors, il fait un froid de canard qui rappelle l\u2019hiver 1933. Oui, quand le Vierge des Pauvres appara\u00eet dans le jardin des Beco, le paysage est fig\u00e9 sous la neige et la glace. A l\u2019approche des grands froids, nos pens\u00e9es vont vers ceux qui vivent dans la rue et qui n\u2019ont pas de toit au-dessus de la t\u00eate. \u00ab\u00a0Il faut des places suppl\u00e9mentaires dans les refuges. Personne ne doit dormir dehors.\u00a0\u00bb L\u2019initiative de nombreux bourgmestres doit \u00eatre salu\u00e9e. Et j\u2019admire ceux qui s\u2019engagent dans les foyers d\u2019h\u00e9bergement ou qui se battent pour sortir les SDF de la rue. Comment ne&hellip;","og_url":"https:\/\/test.banneux-nd.be\/pl\/theme-annee\/","og_site_name":"Banneux Notre-Dame","article_publisher":"https:\/\/www.facebook.com\/NDBanneux\/","article_modified_time":"2024-01-23T20:02:50+00:00","og_image":[{"url":"https:\/\/test.banneux-nd.be\/wp-content\/uploads\/2018\/06\/Chemin-dessin-NB-2.tif","type":"","width":"","height":""}],"twitter_card":"summary_large_image","twitter_misc":{"Est. reading time":"4 minutes"},"schema":{"@context":"https:\/\/schema.org","@graph":[{"@type":"WebPage","@id":"https:\/\/test.banneux-nd.be\/pl\/theme-annee\/","url":"https:\/\/test.banneux-nd.be\/pl\/theme-annee\/","name":"Th\u00e8me d'ann\u00e9e 2024 - Banneux Notre-Dame","isPartOf":{"@id":"https:\/\/test.banneux-nd.be\/pl\/#website"},"primaryImageOfPage":{"@id":"https:\/\/test.banneux-nd.be\/pl\/theme-annee\/#primaryimage"},"image":{"@id":"https:\/\/test.banneux-nd.be\/pl\/theme-annee\/#primaryimage"},"thumbnailUrl":"https:\/\/test.banneux-nd.be\/wp-content\/uploads\/2018\/06\/Chemin-dessin-NB-2.tif","datePublished":"2018-06-17T17:44:31+00:00","dateModified":"2024-01-23T20:02:50+00:00","breadcrumb":{"@id":"https:\/\/test.banneux-nd.be\/pl\/theme-annee\/#breadcrumb"},"inLanguage":"pl-PL","potentialAction":[{"@type":"ReadAction","target":["https:\/\/test.banneux-nd.be\/pl\/theme-annee\/"]}]},{"@type":"ImageObject","inLanguage":"pl-PL","@id":"https:\/\/test.banneux-nd.be\/pl\/theme-annee\/#primaryimage","url":"https:\/\/test.banneux-nd.be\/wp-content\/uploads\/2018\/06\/Chemin-dessin-NB-2.tif","contentUrl":"https:\/\/test.banneux-nd.be\/wp-content\/uploads\/2018\/06\/Chemin-dessin-NB-2.tif"},{"@type":"BreadcrumbList","@id":"https:\/\/test.banneux-nd.be\/pl\/theme-annee\/#breadcrumb","itemListElement":[{"@type":"ListItem","position":1,"name":"Accueil","item":"https:\/\/test.banneux-nd.be\/pl\/"},{"@type":"ListItem","position":2,"name":"Th\u00e8me d&rsquo;ann\u00e9e 2024"}]},{"@type":"WebSite","@id":"https:\/\/test.banneux-nd.be\/pl\/#website","url":"https:\/\/test.banneux-nd.be\/pl\/","name":"Banneux Notre-Dame","description":"Sanctuaire de la Vierge des Pauvres (Belgique)","potentialAction":[{"@type":"SearchAction","target":{"@type":"EntryPoint","urlTemplate":"https:\/\/test.banneux-nd.be\/pl\/?s={search_term_string}"},"query-input":{"@type":"PropertyValueSpecification","valueRequired":true,"valueName":"search_term_string"}}],"inLanguage":"pl-PL"}]}},"coauthors":[],"author_meta":{"author_link":"https:\/\/test.banneux-nd.be\/pl\/author\/dreusdeille\/","display_name":"Anne-Elisabeth N\u00e8ve"},"relative_dates":{"created":"Posted 8 years ago","modified":"Updated 2 years ago"},"absolute_dates":{"created":"Posted on 17 June 2018","modified":"Updated on 23 January 2024"},"absolute_dates_time":{"created":"Posted on 17 June 2018 19 h 44 min","modified":"Updated on 23 January 2024 21 h 02 min"},"featured_img_caption":"","featured_img":false,"series_order":"","_links":{"self":[{"href":"https:\/\/test.banneux-nd.be\/pl\/wp-json\/wp\/v2\/pages\/8939"}],"collection":[{"href":"https:\/\/test.banneux-nd.be\/pl\/wp-json\/wp\/v2\/pages"}],"about":[{"href":"https:\/\/test.banneux-nd.be\/pl\/wp-json\/wp\/v2\/types\/page"}],"author":[{"embeddable":true,"href":"https:\/\/test.banneux-nd.be\/pl\/wp-json\/wp\/v2\/users\/4"}],"replies":[{"embeddable":true,"href":"https:\/\/test.banneux-nd.be\/pl\/wp-json\/wp\/v2\/comments?post=8939"}],"version-history":[{"count":31,"href":"https:\/\/test.banneux-nd.be\/pl\/wp-json\/wp\/v2\/pages\/8939\/revisions"}],"predecessor-version":[{"id":18275,"href":"https:\/\/test.banneux-nd.be\/pl\/wp-json\/wp\/v2\/pages\/8939\/revisions\/18275"}],"wp:attachment":[{"href":"https:\/\/test.banneux-nd.be\/pl\/wp-json\/wp\/v2\/media?parent=8939"}],"curies":[{"name":"wp","href":"https:\/\/api.w.org\/{rel}","templated":true}]}}