{"id":95,"date":"2015-07-20T08:58:06","date_gmt":"2015-07-20T06:58:06","guid":{"rendered":"http:\/\/wwwwp.banneux-nd.be\/revue\/"},"modified":"2021-02-23T23:41:13","modified_gmt":"2021-02-23T22:41:13","slug":"revue","status":"publish","type":"page","link":"https:\/\/test.banneux-nd.be\/pl\/revue\/","title":{"rendered":"Revue et publications"},"content":{"rendered":"<!--[fluid]--><!--{content}--><!--[html]--><style><\/style><div class=\"bd-tagstyles  additional-class-2059691036 bd-page-width \"><div class=\"bd-container-inner bd-content-element\"><!--{content}--><p style=\"text-align: justify;\"><strong><img loading=\"lazy\" decoding=\"async\" class=\"wp-image-13338 alignleft\" src=\"https:\/\/test.banneux-nd.be\/wp-content\/uploads\/2020\/05\/IMG_20200112_0006-725x1024.jpg\" alt=\"\" width=\"356\" height=\"503\" srcset=\"https:\/\/test.banneux-nd.be\/wp-content\/uploads\/2020\/05\/IMG_20200112_0006-725x1024.jpg 725w, https:\/\/test.banneux-nd.be\/wp-content\/uploads\/2020\/05\/IMG_20200112_0006-213x300.jpg 213w, https:\/\/test.banneux-nd.be\/wp-content\/uploads\/2020\/05\/IMG_20200112_0006-768x1084.jpg 768w\" sizes=\"(max-width: 356px) 100vw, 356px\" \/>D\u00e9sirez-vous vous ressourcer et rester en lien avec le sanctuaire ? Le sanctuaire de Banneux publie une revue trimestrielle de 32 pages en plusieurs langues, dont le fran\u00e7ais.<\/strong><\/p>\n<p style=\"text-align: justify;\">Publication officielle du Sanctuaire de Banneux Notre-Dame, la revue para\u00eet tous les trimestres, pour vous donner toutes les informations sur la vie du Sanctuaire mais aussi pour vous aider \u00e0 entrer toujours plus profond\u00e9ment dans le Message de la Vierge des Pauvres et nourrir votre m\u00e9ditation.<\/p>\n<p class=\"rtejustify\" style=\"text-align: justify;\">Riche en articles de r\u00e9flexion spirituelle et agr\u00e9ment\u00e9e de t\u00e9moignages, la revue cr\u00e9e, par son lectorat, une communaut\u00e9 vivante et en lien avec le Sanctuaire.<\/p>\n<p style=\"text-align: justify;\">Vous pouvez commander un abonnement annuel, demander une revue de d\u00e9couverte gratuite, offrir un abonnement \u00e0 un(e) missionnaire ou \u00e0 un(e) ami(e).<\/p>\n<p style=\"text-align: center;\"><strong>Conditions d'abonnement<\/strong><\/p>\n<p style=\"text-align: justify;\"><strong>L\u2019abonnement ordinaire s\u2019\u00e9l\u00e8ve \u00e0 17\u20ac et l\u2019abonnement de soutien s\u2019\u00e9l\u00e8ve \u00e0 20\u20ac.<\/strong><\/p>\n<p style=\"text-align: justify;\">Pour effectuer facilement le paiement de votre abonnement, nous vous demandons de bien vouloir nous faire parvenir votre participation :<\/p>\n\n<ul>\n \t<li style=\"text-align: justify;\">soit en cliquant sur le bouton ci-dessous et en effectuant votre paiement en ligne (Bancontact, virement bancaire, carte Visa)<\/li>\n \t<li style=\"text-align: justify;\">soit par un virement sur notre compte : IBAN BE15 0000 0462 0230 \u2013 BIC BPOTBEB1<\/li>\n \t<li style=\"text-align: justify;\">soit en envoyant un ch\u00e8que libell\u00e9 au nom de \u00ab Banneux, la Vierge des Pauvres \u00bb \u00e0 l'adresse suivante&nbsp;: Revue de la Vierge des Pauvres, Rue de l'Esplanade 57 \u2013 BE-4141 - Banneux N.-D. (Sprimont).<\/li>\n<\/ul>\n<p style=\"text-align: justify;\">Votre abonnement commencera au num\u00e9ro du trimestre suivant la r\u00e9ception de votre r\u00e8glement.<\/p>\n<a href=\"\/fr?page_id=13509\" target=\"_blank\" rel=\"noopener noreferrer\"><img loading=\"lazy\" decoding=\"async\" class=\"aligncenter wp-image-13770 size-full\" src=\"https:\/\/test.banneux-nd.be\/wp-content\/uploads\/2020\/08\/Je-paie-en-ligne.gif\" alt=\"\" width=\"454\" height=\"170\"><\/a>\n\n<hr>\n<p style=\"text-align: center;\"><strong>Publications sur Banneux<\/strong><\/p>\n<p class=\"rtejustify\"><strong><em>Banneux \u2013 La Vierge des Pauvres<\/em><\/strong><\/p>\n<p class=\"rtejustify\" style=\"text-align: justify;\">Armand ISNARD de CAT-Productions et son \u00e9quipe ont r\u00e9alis\u00e9, dans la s\u00e9rie \u00ab&nbsp;Lieux Marials&nbsp;\u00bb, un film pour la t\u00e9l\u00e9vision catholique KTO en janvier 2014. Ce documentaire de 52 minutes\/couleur, tourn\u00e9 sur place et enrichi de magnifiques images d\u2019archives et de t\u00e9moignages empreints d\u2019\u00e9motion, raconte l\u2019histoire du Sanctuaire de Banneux et permet de mieux conna\u00eetre Mariette, dont l\u2019existence fut \u00e0 jamais boulevers\u00e9e par les Apparitions.<\/p>\n<p class=\"rtejustify\" style=\"text-align: justify;\">Le DVD est disponible au Bureau Accueil-Info au prix de 21\u20ac.<\/p>\n\n\n<hr>\n<p class=\"rtejustify\"><em><strong>Un moment avec Marie<\/strong><\/em><\/p>\n<p class=\"rtejustify\">B\u00e9n\u00e9dicte QUINET.&nbsp;Coccinelle BD , Durbuy (Belgique)\nParution :&nbsp; septembre 2007.&nbsp;15 pages<\/p>\n<p class=\"rtejustify\">Pour vivre un moment avec Marie en \u00e9coutant son message et en laissant doucement descendre en nous les versets de la Bonne Nouvelle.<\/p>\n\n\n<hr>\n<p class=\"rtejustify\"><em><strong>Banneux, Message pour notre temps<\/strong><\/em><\/p>\nR\u00e9cit d\u00e9taill\u00e9 des apparitions \u2013 Essai de lecture du Message\n<p class=\"rtejustify\">L\u00e9on WUILLAUME, s.j.<\/p>\n<p class=\"rtejustify\">1998,&nbsp;72 pages<\/p>\n\n\n<hr>\n\n<em><strong>La Merveilleuse Histoire de la Vierge de Banneux<\/strong><\/em>\n\nIllustr\u00e9e par Danielle OH, Annonciade\n\nLivre pour enfants,&nbsp;2007, 43 p.\n\n<hr>\n\n<em><strong>Banneux. La Vierge des Pauvres<\/strong><\/em>\n\nAuguste REUL, pr\u00eatre du dioc\u00e8se de Li\u00e8ge\n\nAlbum-synth\u00e8se sur les apparitions et le Sanctuaire\n\n2003, 80 p.\n\n<hr>\n\n<em><strong>La Vierge des Pauvres et la Question sociale<\/strong><\/em>\n\nAuguste REUL, pr\u00eatre du dioc\u00e8se de Li\u00e8ge\n\nLes apparitions resitu\u00e9es dans leur contexte \u00e9conomique et social\n\n2007, 96 p.\n\n<hr><!--{\/content}--><\/div><\/div><!--[\/html]--><!--{\/content}--><!--[\/fluid]-->\n","protected":false},"excerpt":{"rendered":"","protected":false},"author":2,"featured_media":0,"parent":0,"menu_order":0,"comment_status":"closed","ping_status":"closed","template":"","meta":{"advgb_blocks_editor_width":"","advgb_blocks_columns_visual_guide":"","footnotes":""},"class_list":["post-95","page","type-page","status-publish","hentry"],"yoast_head":"<!-- This site is optimized with the Yoast SEO plugin v25.6 - https:\/\/yoast.com\/wordpress\/plugins\/seo\/ -->\n<title>Revue et publications - Banneux Notre-Dame<\/title>\n<meta name=\"robots\" content=\"index, follow, max-snippet:-1, max-image-preview:large, max-video-preview:-1\" \/>\n<link rel=\"canonical\" href=\"https:\/\/test.banneux-nd.be\/pl\/revue\/\" \/>\n<meta property=\"og:locale\" content=\"pl_PL\" \/>\n<meta property=\"og:type\" content=\"article\" \/>\n<meta property=\"og:title\" content=\"Revue et publications - Banneux Notre-Dame\" \/>\n<meta property=\"og:url\" content=\"https:\/\/test.banneux-nd.be\/pl\/revue\/\" \/>\n<meta property=\"og:site_name\" content=\"Banneux Notre-Dame\" \/>\n<meta property=\"article:publisher\" content=\"https:\/\/www.facebook.com\/NDBanneux\/\" \/>\n<meta property=\"article:modified_time\" content=\"2021-02-23T22:41:13+00:00\" \/>\n<meta property=\"og:image\" content=\"https:\/\/test.banneux-nd.be\/wp-content\/uploads\/2020\/05\/IMG_20200112_0006-725x1024.jpg\" \/>\n<meta name=\"twitter:card\" content=\"summary_large_image\" \/>\n<meta name=\"twitter:label1\" content=\"Est. reading time\" \/>\n\t<meta name=\"twitter:data1\" content=\"2 minutes\" \/>\n<script type=\"application\/ld+json\" class=\"yoast-schema-graph\">{\"@context\":\"https:\/\/schema.org\",\"@graph\":[{\"@type\":\"WebPage\",\"@id\":\"https:\/\/test.banneux-nd.be\/pl\/revue\/\",\"url\":\"https:\/\/test.banneux-nd.be\/pl\/revue\/\",\"name\":\"Revue et publications - Banneux Notre-Dame\",\"isPartOf\":{\"@id\":\"https:\/\/test.banneux-nd.be\/pl\/#website\"},\"primaryImageOfPage\":{\"@id\":\"https:\/\/test.banneux-nd.be\/pl\/revue\/#primaryimage\"},\"image\":{\"@id\":\"https:\/\/test.banneux-nd.be\/pl\/revue\/#primaryimage\"},\"thumbnailUrl\":\"https:\/\/test.banneux-nd.be\/wp-content\/uploads\/2020\/05\/IMG_20200112_0006-725x1024.jpg\",\"datePublished\":\"2015-07-20T06:58:06+00:00\",\"dateModified\":\"2021-02-23T22:41:13+00:00\",\"breadcrumb\":{\"@id\":\"https:\/\/test.banneux-nd.be\/pl\/revue\/#breadcrumb\"},\"inLanguage\":\"pl-PL\",\"potentialAction\":[{\"@type\":\"ReadAction\",\"target\":[\"https:\/\/test.banneux-nd.be\/pl\/revue\/\"]}]},{\"@type\":\"ImageObject\",\"inLanguage\":\"pl-PL\",\"@id\":\"https:\/\/test.banneux-nd.be\/pl\/revue\/#primaryimage\",\"url\":\"https:\/\/test.banneux-nd.be\/wp-content\/uploads\/2020\/05\/IMG_20200112_0006-725x1024.jpg\",\"contentUrl\":\"https:\/\/test.banneux-nd.be\/wp-content\/uploads\/2020\/05\/IMG_20200112_0006-725x1024.jpg\"},{\"@type\":\"BreadcrumbList\",\"@id\":\"https:\/\/test.banneux-nd.be\/pl\/revue\/#breadcrumb\",\"itemListElement\":[{\"@type\":\"ListItem\",\"position\":1,\"name\":\"Accueil\",\"item\":\"https:\/\/test.banneux-nd.be\/pl\/\"},{\"@type\":\"ListItem\",\"position\":2,\"name\":\"Revue et publications\"}]},{\"@type\":\"WebSite\",\"@id\":\"https:\/\/test.banneux-nd.be\/pl\/#website\",\"url\":\"https:\/\/test.banneux-nd.be\/pl\/\",\"name\":\"Banneux Notre-Dame\",\"description\":\"Sanctuaire de la Vierge des Pauvres (Belgique)\",\"potentialAction\":[{\"@type\":\"SearchAction\",\"target\":{\"@type\":\"EntryPoint\",\"urlTemplate\":\"https:\/\/test.banneux-nd.be\/pl\/?s={search_term_string}\"},\"query-input\":{\"@type\":\"PropertyValueSpecification\",\"valueRequired\":true,\"valueName\":\"search_term_string\"}}],\"inLanguage\":\"pl-PL\"}]}<\/script>\n<!-- \/ Yoast SEO plugin. -->","yoast_head_json":{"title":"Revue et publications - Banneux Notre-Dame","robots":{"index":"index","follow":"follow","max-snippet":"max-snippet:-1","max-image-preview":"max-image-preview:large","max-video-preview":"max-video-preview:-1"},"canonical":"https:\/\/test.banneux-nd.be\/pl\/revue\/","og_locale":"pl_PL","og_type":"article","og_title":"Revue et publications - Banneux Notre-Dame","og_url":"https:\/\/test.banneux-nd.be\/pl\/revue\/","og_site_name":"Banneux Notre-Dame","article_publisher":"https:\/\/www.facebook.com\/NDBanneux\/","article_modified_time":"2021-02-23T22:41:13+00:00","og_image":[{"url":"https:\/\/test.banneux-nd.be\/wp-content\/uploads\/2020\/05\/IMG_20200112_0006-725x1024.jpg","type":"","width":"","height":""}],"twitter_card":"summary_large_image","twitter_misc":{"Est. reading time":"2 minutes"},"schema":{"@context":"https:\/\/schema.org","@graph":[{"@type":"WebPage","@id":"https:\/\/test.banneux-nd.be\/pl\/revue\/","url":"https:\/\/test.banneux-nd.be\/pl\/revue\/","name":"Revue et publications - Banneux Notre-Dame","isPartOf":{"@id":"https:\/\/test.banneux-nd.be\/pl\/#website"},"primaryImageOfPage":{"@id":"https:\/\/test.banneux-nd.be\/pl\/revue\/#primaryimage"},"image":{"@id":"https:\/\/test.banneux-nd.be\/pl\/revue\/#primaryimage"},"thumbnailUrl":"https:\/\/test.banneux-nd.be\/wp-content\/uploads\/2020\/05\/IMG_20200112_0006-725x1024.jpg","datePublished":"2015-07-20T06:58:06+00:00","dateModified":"2021-02-23T22:41:13+00:00","breadcrumb":{"@id":"https:\/\/test.banneux-nd.be\/pl\/revue\/#breadcrumb"},"inLanguage":"pl-PL","potentialAction":[{"@type":"ReadAction","target":["https:\/\/test.banneux-nd.be\/pl\/revue\/"]}]},{"@type":"ImageObject","inLanguage":"pl-PL","@id":"https:\/\/test.banneux-nd.be\/pl\/revue\/#primaryimage","url":"https:\/\/test.banneux-nd.be\/wp-content\/uploads\/2020\/05\/IMG_20200112_0006-725x1024.jpg","contentUrl":"https:\/\/test.banneux-nd.be\/wp-content\/uploads\/2020\/05\/IMG_20200112_0006-725x1024.jpg"},{"@type":"BreadcrumbList","@id":"https:\/\/test.banneux-nd.be\/pl\/revue\/#breadcrumb","itemListElement":[{"@type":"ListItem","position":1,"name":"Accueil","item":"https:\/\/test.banneux-nd.be\/pl\/"},{"@type":"ListItem","position":2,"name":"Revue et publications"}]},{"@type":"WebSite","@id":"https:\/\/test.banneux-nd.be\/pl\/#website","url":"https:\/\/test.banneux-nd.be\/pl\/","name":"Banneux Notre-Dame","description":"Sanctuaire de la Vierge des Pauvres (Belgique)","potentialAction":[{"@type":"SearchAction","target":{"@type":"EntryPoint","urlTemplate":"https:\/\/test.banneux-nd.be\/pl\/?s={search_term_string}"},"query-input":{"@type":"PropertyValueSpecification","valueRequired":true,"valueName":"search_term_string"}}],"inLanguage":"pl-PL"}]}},"coauthors":[],"author_meta":{"author_link":"https:\/\/test.banneux-nd.be\/pl\/author\/adminfr\/","display_name":"adminFR"},"relative_dates":{"created":"Opublikowano 11 years temu","modified":"Zaktualizowano 5 years temu"},"absolute_dates":{"created":"Opublikowano 20 July 2015","modified":"Zaktualizowano 23 February 2021"},"absolute_dates_time":{"created":"Opublikowano 20 July 2015 8 h 58 min","modified":"Zaktualizowano 23 February 2021 23 h 41 min"},"featured_img_caption":"","featured_img":false,"series_order":"","_links":{"self":[{"href":"https:\/\/test.banneux-nd.be\/pl\/wp-json\/wp\/v2\/pages\/95"}],"collection":[{"href":"https:\/\/test.banneux-nd.be\/pl\/wp-json\/wp\/v2\/pages"}],"about":[{"href":"https:\/\/test.banneux-nd.be\/pl\/wp-json\/wp\/v2\/types\/page"}],"author":[{"embeddable":true,"href":"https:\/\/test.banneux-nd.be\/pl\/wp-json\/wp\/v2\/users\/2"}],"replies":[{"embeddable":true,"href":"https:\/\/test.banneux-nd.be\/pl\/wp-json\/wp\/v2\/comments?post=95"}],"version-history":[{"count":7,"href":"https:\/\/test.banneux-nd.be\/pl\/wp-json\/wp\/v2\/pages\/95\/revisions"}],"predecessor-version":[{"id":14417,"href":"https:\/\/test.banneux-nd.be\/pl\/wp-json\/wp\/v2\/pages\/95\/revisions\/14417"}],"wp:attachment":[{"href":"https:\/\/test.banneux-nd.be\/pl\/wp-json\/wp\/v2\/media?parent=95"}],"curies":[{"name":"wp","href":"https:\/\/api.w.org\/{rel}","templated":true}]}}